{"id":945,"date":"2020-03-24T18:17:17","date_gmt":"2020-03-24T17:17:17","guid":{"rendered":"https:\/\/hallelux.se\/hallelux-weckman\/"},"modified":"2022-01-03T10:33:30","modified_gmt":"2022-01-03T09:33:30","slug":"hallelux-weckman","status":"publish","type":"page","link":"https:\/\/hallelux.se\/pl\/hallelux-weckman\/","title":{"rendered":"HalleLux \u2013 Weckman"},"content":{"rendered":"\n\n\t<section class=\"section\" id=\"section_265216435\">\n\t\t<div class=\"section-bg fill\" >\n\t\t\t\t\t\t\t\t\t<div class=\"section-bg-overlay absolute fill\"><\/div>\n\t\t\t\n\n\t\t<\/div>\n\n\t\t\n\n\t\t<div class=\"section-content relative\">\n\t\t\t\n\n<div class=\"row row-large\"  id=\"row-568039024\">\n\n\n\t<div id=\"col-399021534\" class=\"col medium-6 small-12 large-6\"  >\n\t\t\t\t<div class=\"col-inner\"  >\n\t\t\t\n\t\t\t\n\n\t<div class=\"img has-hover x md-x lg-x y md-y lg-y\" id=\"image_127726393\">\n\t\t\t\t\t\t\t\t<div class=\"img-inner dark\" >\n\t\t\t<img loading=\"lazy\" decoding=\"async\" width=\"1020\" height=\"1020\" src=\"https:\/\/hallelux.se\/wp-content\/uploads\/2020\/01\/weckman_high-1024x1024.jpg\" class=\"attachment-large size-large\" alt=\"\" srcset=\"https:\/\/hallelux.se\/wp-content\/uploads\/2020\/01\/weckman_high-1024x1024.jpg 1024w, https:\/\/hallelux.se\/wp-content\/uploads\/2020\/01\/weckman_high-300x300.jpg 300w, https:\/\/hallelux.se\/wp-content\/uploads\/2020\/01\/weckman_high-150x150.jpg 150w, https:\/\/hallelux.se\/wp-content\/uploads\/2020\/01\/weckman_high-768x768.jpg 768w, https:\/\/hallelux.se\/wp-content\/uploads\/2020\/01\/weckman_high-1536x1536.jpg 1536w, https:\/\/hallelux.se\/wp-content\/uploads\/2020\/01\/weckman_high.jpg 1800w\" sizes=\"auto, (max-width: 1020px) 100vw, 1020px\" \/>\t\t\t\t\t\t\n\t\t\t\t\t<\/div>\n\t\t\t\t\t\t\t\t\n<style>\n#image_127726393 {\n  width: 100%;\n}\n<\/style>\n\t<\/div>\n\t\n\n\n\t\t<\/div>\n\t\t\t\t\t<\/div>\n\n\t\n\n\t<div id=\"col-283541460\" class=\"col medium-6 small-12 large-6\"  >\n\t\t\t\t<div class=\"col-inner text-left\"  >\n\t\t\t\n\t\t\t\n\n<h1>Weckman \u2013 Powierzchnie otwarte na \u015bwiat\u0142o dzienne GRP (Glass reinforced Plastic)<\/h1>\n\n<p>Halle ju\u017c od d\u0142ugiego czasu prowadzi wsp\u00f3\u0142prac\u0119 z firm\u0105 Weckman i ju\u017c od lat 60-tych firma nasza dostarcza powierzchni otwartych na \u015bwiat\u0142o dzienne do ich system\u00f3w konstrukcyjnych na terenie ca\u0142ej Europy.<\/p>\n\n<p>Je\u017celi Pa\u0144stwo nie znajd\u0105 swojego profilu w poni\u017cszej tabeli, prosimy nas o tym poinformowa\u0107, a my b\u0119dziemy mogli sprawdzi\u0107, czy mo\u017ce ju\u017c teraz go mamy, albo czy nowe narz\u0119dzie do profilowania mamy zamiar opracowa\u0107.<\/p>\n\n<p>Mo\u017cna uzyska\u0107 nast\u0119puj\u0105ce profile:<\/p>\n\n<ul>\n<li>Ze zbrojenie\/m kw. 375 g \/ 450 g \/ 900 g \/ 1200 g<\/li>\n<li>Barwione na dowolny kolor z palety RAL<\/li>\n<li>Z ochron\u0105 przed kondesacj\u0105 pary wodnej<\/li>\n<\/ul>\n\n\t\t<\/div>\n\t\t\t\t\t<\/div>\n\n\t\n\n<\/div>\n\n\t\t<\/div>\n\n\t\t\n<style>\n#section_265216435 {\n  padding-top: 60px;\n  padding-bottom: 60px;\n  background-color: rgb(193, 193, 193);\n}\n#section_265216435 .section-bg-overlay {\n  background-color: rgba(255, 255, 255, 0.85);\n}\n<\/style>\n\t<\/section>\n\t\n<div class=\"accordion\">\n\n\t<div id=\"accordion-3445856071\" class=\"accordion-item\">\n\t\t<a id=\"accordion-3445856071-label\" class=\"accordion-title plain\" href=\"#accordion-item-w-1\/1064-nr-kat.-wc\" aria-expanded=\"false\" aria-controls=\"accordion-3445856071-content\">\n\t\t\t<button class=\"toggle\" aria-label=\"Prze\u0142\u0105cznik\"><i class=\"icon-angle-down\" aria-hidden=\"true\"><\/i><\/button>\n\t\t\t<span>W-1\/1064 Nr kat. WC<\/span>\n\t\t<\/a>\n\t\t<div id=\"accordion-3445856071-content\" class=\"accordion-inner\" aria-labelledby=\"accordion-3445856071-label\">\n\t\t\t\n\n\t<div class=\"img has-hover x md-x lg-x y md-y lg-y\" id=\"image_1514296897\">\n\t\t\t\t\t\t\t\t<div class=\"img-inner dark\" >\n\t\t\t<img loading=\"lazy\" decoding=\"async\" width=\"1020\" height=\"714\" src=\"https:\/\/hallelux.se\/wp-content\/uploads\/2020\/01\/WC-1-1024x717.png\" class=\"attachment-large size-large\" alt=\"\" srcset=\"https:\/\/hallelux.se\/wp-content\/uploads\/2020\/01\/WC-1-1024x717.png 1024w, https:\/\/hallelux.se\/wp-content\/uploads\/2020\/01\/WC-1-300x210.png 300w, https:\/\/hallelux.se\/wp-content\/uploads\/2020\/01\/WC-1-768x538.png 768w, https:\/\/hallelux.se\/wp-content\/uploads\/2020\/01\/WC-1.png 1266w\" sizes=\"auto, (max-width: 1020px) 100vw, 1020px\" \/>\t\t\t\t\t\t\n\t\t\t\t\t<\/div>\n\t\t\t\t\t\t\t\t\n<style>\n#image_1514296897 {\n  width: 100%;\n}\n<\/style>\n\t<\/div>\n\t\n\n\n\t\t<\/div>\n\t<\/div>\n\t\n\t<div id=\"accordion-316964315\" class=\"accordion-item\">\n\t\t<a id=\"accordion-316964315-label\" class=\"accordion-title plain\" href=\"#accordion-item-w-2\/1150-nr-kat.-wh\" aria-expanded=\"false\" aria-controls=\"accordion-316964315-content\">\n\t\t\t<button class=\"toggle\" aria-label=\"Prze\u0142\u0105cznik\"><i class=\"icon-angle-down\" aria-hidden=\"true\"><\/i><\/button>\n\t\t\t<span>W-2\/1150 Nr kat. WH<\/span>\n\t\t<\/a>\n\t\t<div id=\"accordion-316964315-content\" class=\"accordion-inner\" aria-labelledby=\"accordion-316964315-label\">\n\t\t\t\n\n\t<div class=\"img has-hover x md-x lg-x y md-y lg-y\" id=\"image_2099756688\">\n\t\t\t\t\t\t\t\t<div class=\"img-inner dark\" >\n\t\t\t<img loading=\"lazy\" decoding=\"async\" width=\"1020\" height=\"716\" src=\"https:\/\/hallelux.se\/wp-content\/uploads\/2020\/01\/WH-1024x719.png\" class=\"attachment-large size-large\" alt=\"\" srcset=\"https:\/\/hallelux.se\/wp-content\/uploads\/2020\/01\/WH-1024x719.png 1024w, https:\/\/hallelux.se\/wp-content\/uploads\/2020\/01\/WH-300x211.png 300w, https:\/\/hallelux.se\/wp-content\/uploads\/2020\/01\/WH-768x539.png 768w, https:\/\/hallelux.se\/wp-content\/uploads\/2020\/01\/WH.png 1251w\" sizes=\"auto, (max-width: 1020px) 100vw, 1020px\" \/>\t\t\t\t\t\t\n\t\t\t\t\t<\/div>\n\t\t\t\t\t\t\t\t\n<style>\n#image_2099756688 {\n  width: 100%;\n}\n<\/style>\n\t<\/div>\n\t\n\n\n\t\t<\/div>\n\t<\/div>\n\t\n\t<div id=\"accordion-2553752264\" class=\"accordion-item\">\n\t\t<a id=\"accordion-2553752264-label\" class=\"accordion-title plain\" href=\"#accordion-item-w-15\/1134-nr-kat.-wb\" aria-expanded=\"false\" aria-controls=\"accordion-2553752264-content\">\n\t\t\t<button class=\"toggle\" aria-label=\"Prze\u0142\u0105cznik\"><i class=\"icon-angle-down\" aria-hidden=\"true\"><\/i><\/button>\n\t\t\t<span>W-15\/1134 Nr kat. WB<\/span>\n\t\t<\/a>\n\t\t<div id=\"accordion-2553752264-content\" class=\"accordion-inner\" aria-labelledby=\"accordion-2553752264-label\">\n\t\t\t\n\n\t<div class=\"img has-hover x md-x lg-x y md-y lg-y\" id=\"image_1958606455\">\n\t\t\t\t\t\t\t\t<div class=\"img-inner dark\" >\n\t\t\t<img loading=\"lazy\" decoding=\"async\" width=\"1020\" height=\"717\" src=\"https:\/\/hallelux.se\/wp-content\/uploads\/2020\/01\/WB-1024x720.png\" class=\"attachment-large size-large\" alt=\"\" srcset=\"https:\/\/hallelux.se\/wp-content\/uploads\/2020\/01\/WB-1024x720.png 1024w, https:\/\/hallelux.se\/wp-content\/uploads\/2020\/01\/WB-300x211.png 300w, https:\/\/hallelux.se\/wp-content\/uploads\/2020\/01\/WB-768x540.png 768w, https:\/\/hallelux.se\/wp-content\/uploads\/2020\/01\/WB.png 1248w\" sizes=\"auto, (max-width: 1020px) 100vw, 1020px\" \/>\t\t\t\t\t\t\n\t\t\t\t\t<\/div>\n\t\t\t\t\t\t\t\t\n<style>\n#image_1958606455 {\n  width: 100%;\n}\n<\/style>\n\t<\/div>\n\t\n\n\n\t\t<\/div>\n\t<\/div>\n\t\n\t<div id=\"accordion-2546913212\" class=\"accordion-item\">\n\t\t<a id=\"accordion-2546913212-label\" class=\"accordion-title plain\" href=\"#accordion-item-w-20\/1080-nr-kat.-wd\" aria-expanded=\"false\" aria-controls=\"accordion-2546913212-content\">\n\t\t\t<button class=\"toggle\" aria-label=\"Prze\u0142\u0105cznik\"><i class=\"icon-angle-down\" aria-hidden=\"true\"><\/i><\/button>\n\t\t\t<span>W-20\/1080 Nr kat. WD<\/span>\n\t\t<\/a>\n\t\t<div id=\"accordion-2546913212-content\" class=\"accordion-inner\" aria-labelledby=\"accordion-2546913212-label\">\n\t\t\t\n\n\t<div class=\"img has-hover x md-x lg-x y md-y lg-y\" id=\"image_1146308561\">\n\t\t\t\t\t\t\t\t<div class=\"img-inner dark\" >\n\t\t\t<img loading=\"lazy\" decoding=\"async\" width=\"1020\" height=\"709\" src=\"https:\/\/hallelux.se\/wp-content\/uploads\/2020\/01\/WD-1024x712.png\" class=\"attachment-large size-large\" alt=\"\" srcset=\"https:\/\/hallelux.se\/wp-content\/uploads\/2020\/01\/WD-1024x712.png 1024w, https:\/\/hallelux.se\/wp-content\/uploads\/2020\/01\/WD-300x209.png 300w, https:\/\/hallelux.se\/wp-content\/uploads\/2020\/01\/WD-768x534.png 768w, https:\/\/hallelux.se\/wp-content\/uploads\/2020\/01\/WD.png 1261w\" sizes=\"auto, (max-width: 1020px) 100vw, 1020px\" \/>\t\t\t\t\t\t\n\t\t\t\t\t<\/div>\n\t\t\t\t\t\t\t\t\n<style>\n#image_1146308561 {\n  width: 100%;\n}\n<\/style>\n\t<\/div>\n\t\n\n\n\t\t<\/div>\n\t<\/div>\n\t\n\t<div id=\"accordion-3842157446\" class=\"accordion-item\">\n\t\t<a id=\"accordion-3842157446-label\" class=\"accordion-title plain\" href=\"#accordion-item-w-20\/1100-nr-kat.-wk\" aria-expanded=\"false\" aria-controls=\"accordion-3842157446-content\">\n\t\t\t<button class=\"toggle\" aria-label=\"Prze\u0142\u0105cznik\"><i class=\"icon-angle-down\" aria-hidden=\"true\"><\/i><\/button>\n\t\t\t<span>W-20\/1100 Nr kat. WK<\/span>\n\t\t<\/a>\n\t\t<div id=\"accordion-3842157446-content\" class=\"accordion-inner\" aria-labelledby=\"accordion-3842157446-label\">\n\t\t\t\n\n\t<div class=\"img has-hover x md-x lg-x y md-y lg-y\" id=\"image_116820414\">\n\t\t\t\t\t\t\t\t<div class=\"img-inner dark\" >\n\t\t\t<img loading=\"lazy\" decoding=\"async\" width=\"1020\" height=\"710\" src=\"https:\/\/hallelux.se\/wp-content\/uploads\/2020\/01\/WK-1024x713.png\" class=\"attachment-large size-large\" alt=\"\" srcset=\"https:\/\/hallelux.se\/wp-content\/uploads\/2020\/01\/WK-1024x713.png 1024w, https:\/\/hallelux.se\/wp-content\/uploads\/2020\/01\/WK-300x209.png 300w, https:\/\/hallelux.se\/wp-content\/uploads\/2020\/01\/WK-768x535.png 768w, https:\/\/hallelux.se\/wp-content\/uploads\/2020\/01\/WK.png 1255w\" sizes=\"auto, (max-width: 1020px) 100vw, 1020px\" \/>\t\t\t\t\t\t\n\t\t\t\t\t<\/div>\n\t\t\t\t\t\t\t\t\n<style>\n#image_116820414 {\n  width: 100%;\n}\n<\/style>\n\t<\/div>\n\t\n\n\n\t\t<\/div>\n\t<\/div>\n\t\n\t<div id=\"accordion-154748247\" class=\"accordion-item\">\n\t\t<a id=\"accordion-154748247-label\" class=\"accordion-title plain\" href=\"#accordion-item-w-20r\/1100-nr-kat.-wl\" aria-expanded=\"false\" aria-controls=\"accordion-154748247-content\">\n\t\t\t<button class=\"toggle\" aria-label=\"Prze\u0142\u0105cznik\"><i class=\"icon-angle-down\" aria-hidden=\"true\"><\/i><\/button>\n\t\t\t<span>W-20R\/1100 Nr kat. WL<\/span>\n\t\t<\/a>\n\t\t<div id=\"accordion-154748247-content\" class=\"accordion-inner\" aria-labelledby=\"accordion-154748247-label\">\n\t\t\t\n\n\t<div class=\"img has-hover x md-x lg-x y md-y lg-y\" id=\"image_208148757\">\n\t\t\t\t\t\t\t\t<div class=\"img-inner dark\" >\n\t\t\t<img loading=\"lazy\" decoding=\"async\" width=\"1020\" height=\"715\" src=\"https:\/\/hallelux.se\/wp-content\/uploads\/2020\/01\/WL-1024x718.png\" class=\"attachment-large size-large\" alt=\"\" srcset=\"https:\/\/hallelux.se\/wp-content\/uploads\/2020\/01\/WL-1024x718.png 1024w, https:\/\/hallelux.se\/wp-content\/uploads\/2020\/01\/WL-300x210.png 300w, https:\/\/hallelux.se\/wp-content\/uploads\/2020\/01\/WL-768x538.png 768w, https:\/\/hallelux.se\/wp-content\/uploads\/2020\/01\/WL.png 1251w\" sizes=\"auto, (max-width: 1020px) 100vw, 1020px\" \/>\t\t\t\t\t\t\n\t\t\t\t\t<\/div>\n\t\t\t\t\t\t\t\t\n<style>\n#image_208148757 {\n  width: 100%;\n}\n<\/style>\n\t<\/div>\n\t\n\n\n\t\t<\/div>\n\t<\/div>\n\t\n\t<div id=\"accordion-780845382\" class=\"accordion-item\">\n\t\t<a id=\"accordion-780845382-label\" class=\"accordion-title plain\" href=\"#accordion-item-w-35\/1060-nr-kat.-we\" aria-expanded=\"false\" aria-controls=\"accordion-780845382-content\">\n\t\t\t<button class=\"toggle\" aria-label=\"Prze\u0142\u0105cznik\"><i class=\"icon-angle-down\" aria-hidden=\"true\"><\/i><\/button>\n\t\t\t<span>W-35\/1060 Nr kat. WE<\/span>\n\t\t<\/a>\n\t\t<div id=\"accordion-780845382-content\" class=\"accordion-inner\" aria-labelledby=\"accordion-780845382-label\">\n\t\t\t\n\n\t<div class=\"img has-hover x md-x lg-x y md-y lg-y\" id=\"image_1061517155\">\n\t\t\t\t\t\t\t\t<div class=\"img-inner dark\" >\n\t\t\t<img loading=\"lazy\" decoding=\"async\" width=\"1020\" height=\"719\" src=\"https:\/\/hallelux.se\/wp-content\/uploads\/2020\/01\/WE-1024x722.png\" class=\"attachment-large size-large\" alt=\"\" srcset=\"https:\/\/hallelux.se\/wp-content\/uploads\/2020\/01\/WE-1024x722.png 1024w, https:\/\/hallelux.se\/wp-content\/uploads\/2020\/01\/WE-300x211.png 300w, https:\/\/hallelux.se\/wp-content\/uploads\/2020\/01\/WE-768x541.png 768w, https:\/\/hallelux.se\/wp-content\/uploads\/2020\/01\/WE.png 1250w\" sizes=\"auto, (max-width: 1020px) 100vw, 1020px\" \/>\t\t\t\t\t\t\n\t\t\t\t\t<\/div>\n\t\t\t\t\t\t\t\t\n<style>\n#image_1061517155 {\n  width: 100%;\n}\n<\/style>\n\t<\/div>\n\t\n\n\n\t\t<\/div>\n\t<\/div>\n\t\n\t<div id=\"accordion-2127794557\" class=\"accordion-item\">\n\t\t<a id=\"accordion-2127794557-label\" class=\"accordion-title plain\" href=\"#accordion-item-w-42\/1050-nr-kat.-wf\" aria-expanded=\"false\" aria-controls=\"accordion-2127794557-content\">\n\t\t\t<button class=\"toggle\" aria-label=\"Prze\u0142\u0105cznik\"><i class=\"icon-angle-down\" aria-hidden=\"true\"><\/i><\/button>\n\t\t\t<span>W-42\/1050 Nr kat. WF<\/span>\n\t\t<\/a>\n\t\t<div id=\"accordion-2127794557-content\" class=\"accordion-inner\" aria-labelledby=\"accordion-2127794557-label\">\n\t\t\t\n\n\t<div class=\"img has-hover x md-x lg-x y md-y lg-y\" id=\"image_719994077\">\n\t\t\t\t\t\t\t\t<div class=\"img-inner dark\" >\n\t\t\t<img loading=\"lazy\" decoding=\"async\" width=\"1020\" height=\"715\" src=\"https:\/\/hallelux.se\/wp-content\/uploads\/2020\/01\/WF-1024x718.png\" class=\"attachment-large size-large\" alt=\"\" srcset=\"https:\/\/hallelux.se\/wp-content\/uploads\/2020\/01\/WF-1024x718.png 1024w, https:\/\/hallelux.se\/wp-content\/uploads\/2020\/01\/WF-300x210.png 300w, https:\/\/hallelux.se\/wp-content\/uploads\/2020\/01\/WF-768x539.png 768w, https:\/\/hallelux.se\/wp-content\/uploads\/2020\/01\/WF.png 1249w\" sizes=\"auto, (max-width: 1020px) 100vw, 1020px\" \/>\t\t\t\t\t\t\n\t\t\t\t\t<\/div>\n\t\t\t\t\t\t\t\t\n<style>\n#image_719994077 {\n  width: 100%;\n}\n<\/style>\n\t<\/div>\n\t\n\n\n\t\t<\/div>\n\t<\/div>\n\t\n\t<div id=\"accordion-4151589815\" class=\"accordion-item\">\n\t\t<a id=\"accordion-4151589815-label\" class=\"accordion-title plain\" href=\"#accordion-item-w-45\/900-nr-kat.-wg\" aria-expanded=\"false\" aria-controls=\"accordion-4151589815-content\">\n\t\t\t<button class=\"toggle\" aria-label=\"Prze\u0142\u0105cznik\"><i class=\"icon-angle-down\" aria-hidden=\"true\"><\/i><\/button>\n\t\t\t<span>W-45\/900 Nr kat. WG<\/span>\n\t\t<\/a>\n\t\t<div id=\"accordion-4151589815-content\" class=\"accordion-inner\" aria-labelledby=\"accordion-4151589815-label\">\n\t\t\t\n\n\t<div class=\"img has-hover x md-x lg-x y md-y lg-y\" id=\"image_2013286065\">\n\t\t\t\t\t\t\t\t<div class=\"img-inner dark\" >\n\t\t\t<img loading=\"lazy\" decoding=\"async\" width=\"1020\" height=\"712\" src=\"https:\/\/hallelux.se\/wp-content\/uploads\/2020\/01\/WG-1024x715.png\" class=\"attachment-large size-large\" alt=\"\" srcset=\"https:\/\/hallelux.se\/wp-content\/uploads\/2020\/01\/WG-1024x715.png 1024w, https:\/\/hallelux.se\/wp-content\/uploads\/2020\/01\/WG-300x210.png 300w, https:\/\/hallelux.se\/wp-content\/uploads\/2020\/01\/WG-768x537.png 768w, https:\/\/hallelux.se\/wp-content\/uploads\/2020\/01\/WG.png 1251w\" sizes=\"auto, (max-width: 1020px) 100vw, 1020px\" \/>\t\t\t\t\t\t\n\t\t\t\t\t<\/div>\n\t\t\t\t\t\t\t\t\n<style>\n#image_2013286065 {\n  width: 100%;\n}\n<\/style>\n\t<\/div>\n\t\n\n\n\t\t<\/div>\n\t<\/div>\n\t\n\t<div id=\"accordion-2852584444\" class=\"accordion-item\">\n\t\t<a id=\"accordion-2852584444-label\" class=\"accordion-title plain\" href=\"#accordion-item-w-45r\/900-nr-kat.-wi\" aria-expanded=\"false\" aria-controls=\"accordion-2852584444-content\">\n\t\t\t<button class=\"toggle\" aria-label=\"Prze\u0142\u0105cznik\"><i class=\"icon-angle-down\" aria-hidden=\"true\"><\/i><\/button>\n\t\t\t<span>W-45R\/900 Nr kat. WI<\/span>\n\t\t<\/a>\n\t\t<div id=\"accordion-2852584444-content\" class=\"accordion-inner\" aria-labelledby=\"accordion-2852584444-label\">\n\t\t\t\n\n\t<div class=\"img has-hover x md-x lg-x y md-y lg-y\" id=\"image_723463963\">\n\t\t\t\t\t\t\t\t<div class=\"img-inner dark\" >\n\t\t\t<img loading=\"lazy\" decoding=\"async\" width=\"1020\" height=\"715\" src=\"https:\/\/hallelux.se\/wp-content\/uploads\/2020\/01\/WI-1024x718.png\" class=\"attachment-large size-large\" alt=\"\" srcset=\"https:\/\/hallelux.se\/wp-content\/uploads\/2020\/01\/WI-1024x718.png 1024w, https:\/\/hallelux.se\/wp-content\/uploads\/2020\/01\/WI-300x210.png 300w, https:\/\/hallelux.se\/wp-content\/uploads\/2020\/01\/WI-768x539.png 768w, https:\/\/hallelux.se\/wp-content\/uploads\/2020\/01\/WI.png 1250w\" sizes=\"auto, (max-width: 1020px) 100vw, 1020px\" \/>\t\t\t\t\t\t\n\t\t\t\t\t<\/div>\n\t\t\t\t\t\t\t\t\n<style>\n#image_723463963 {\n  width: 100%;\n}\n<\/style>\n\t<\/div>\n\t\n\n\n\t\t<\/div>\n\t<\/div>\n\t\n\t<div id=\"accordion-1470701088\" class=\"accordion-item\">\n\t\t<a id=\"accordion-1470701088-label\" class=\"accordion-title plain\" href=\"#accordion-item-w-45er\/1000-nr-kat.-ws\" aria-expanded=\"false\" aria-controls=\"accordion-1470701088-content\">\n\t\t\t<button class=\"toggle\" aria-label=\"Prze\u0142\u0105cznik\"><i class=\"icon-angle-down\" aria-hidden=\"true\"><\/i><\/button>\n\t\t\t<span>W-45ER\/1000 Nr kat. WS<\/span>\n\t\t<\/a>\n\t\t<div id=\"accordion-1470701088-content\" class=\"accordion-inner\" aria-labelledby=\"accordion-1470701088-label\">\n\t\t\t\n\n\t<div class=\"img has-hover x md-x lg-x y md-y lg-y\" id=\"image_127311479\">\n\t\t\t\t\t\t\t\t<div class=\"img-inner dark\" >\n\t\t\t<img loading=\"lazy\" decoding=\"async\" width=\"1020\" height=\"710\" src=\"https:\/\/hallelux.se\/wp-content\/uploads\/2020\/01\/WS-1024x713.png\" class=\"attachment-large size-large\" alt=\"\" srcset=\"https:\/\/hallelux.se\/wp-content\/uploads\/2020\/01\/WS-1024x713.png 1024w, https:\/\/hallelux.se\/wp-content\/uploads\/2020\/01\/WS-300x209.png 300w, https:\/\/hallelux.se\/wp-content\/uploads\/2020\/01\/WS-768x535.png 768w, https:\/\/hallelux.se\/wp-content\/uploads\/2020\/01\/WS.png 1259w\" sizes=\"auto, (max-width: 1020px) 100vw, 1020px\" \/>\t\t\t\t\t\t\n\t\t\t\t\t<\/div>\n\t\t\t\t\t\t\t\t\n<style>\n#image_127311479 {\n  width: 100%;\n}\n<\/style>\n\t<\/div>\n\t\n\n\n\t\t<\/div>\n\t<\/div>\n\t\n\t<div id=\"accordion-2936882228\" class=\"accordion-item\">\n\t\t<a id=\"accordion-2936882228-label\" class=\"accordion-title plain\" href=\"#accordion-item-w-45ja\/900-nr-kat.-wm\" aria-expanded=\"false\" aria-controls=\"accordion-2936882228-content\">\n\t\t\t<button class=\"toggle\" aria-label=\"Prze\u0142\u0105cznik\"><i class=\"icon-angle-down\" aria-hidden=\"true\"><\/i><\/button>\n\t\t\t<span>W-45JA\/900 Nr kat. WM<\/span>\n\t\t<\/a>\n\t\t<div id=\"accordion-2936882228-content\" class=\"accordion-inner\" aria-labelledby=\"accordion-2936882228-label\">\n\t\t\t\n\n\t<div class=\"img has-hover x md-x lg-x y md-y lg-y\" id=\"image_64482649\">\n\t\t\t\t\t\t\t\t<div class=\"img-inner dark\" >\n\t\t\t<img loading=\"lazy\" decoding=\"async\" width=\"1020\" height=\"714\" src=\"https:\/\/hallelux.se\/wp-content\/uploads\/2020\/01\/WM-1024x717.png\" class=\"attachment-large size-large\" alt=\"\" srcset=\"https:\/\/hallelux.se\/wp-content\/uploads\/2020\/01\/WM-1024x717.png 1024w, https:\/\/hallelux.se\/wp-content\/uploads\/2020\/01\/WM-300x210.png 300w, https:\/\/hallelux.se\/wp-content\/uploads\/2020\/01\/WM-768x538.png 768w, https:\/\/hallelux.se\/wp-content\/uploads\/2020\/01\/WM.png 1258w\" sizes=\"auto, (max-width: 1020px) 100vw, 1020px\" \/>\t\t\t\t\t\t\n\t\t\t\t\t<\/div>\n\t\t\t\t\t\t\t\t\n<style>\n#image_64482649 {\n  width: 100%;\n}\n<\/style>\n\t<\/div>\n\t\n\n\n\t\t<\/div>\n\t<\/div>\n\t\n\t<div id=\"accordion-1724033622\" class=\"accordion-item\">\n\t\t<a id=\"accordion-1724033622-label\" class=\"accordion-title plain\" href=\"#accordion-item-w-45jr\/900-nr-kat.-wj\" aria-expanded=\"false\" aria-controls=\"accordion-1724033622-content\">\n\t\t\t<button class=\"toggle\" aria-label=\"Prze\u0142\u0105cznik\"><i class=\"icon-angle-down\" aria-hidden=\"true\"><\/i><\/button>\n\t\t\t<span>W-45JR\/900 Nr kat. WJ<\/span>\n\t\t<\/a>\n\t\t<div id=\"accordion-1724033622-content\" class=\"accordion-inner\" aria-labelledby=\"accordion-1724033622-label\">\n\t\t\t\n\n\t<div class=\"img has-hover x md-x lg-x y md-y lg-y\" id=\"image_295580658\">\n\t\t\t\t\t\t\t\t<div class=\"img-inner dark\" >\n\t\t\t<img loading=\"lazy\" decoding=\"async\" width=\"1020\" height=\"717\" src=\"https:\/\/hallelux.se\/wp-content\/uploads\/2020\/01\/WJ-1024x720.png\" class=\"attachment-large size-large\" alt=\"\" srcset=\"https:\/\/hallelux.se\/wp-content\/uploads\/2020\/01\/WJ-1024x720.png 1024w, https:\/\/hallelux.se\/wp-content\/uploads\/2020\/01\/WJ-300x211.png 300w, https:\/\/hallelux.se\/wp-content\/uploads\/2020\/01\/WJ-768x540.png 768w, https:\/\/hallelux.se\/wp-content\/uploads\/2020\/01\/WJ.png 1249w\" sizes=\"auto, (max-width: 1020px) 100vw, 1020px\" \/>\t\t\t\t\t\t\n\t\t\t\t\t<\/div>\n\t\t\t\t\t\t\t\t\n<style>\n#image_295580658 {\n  width: 100%;\n}\n<\/style>\n\t<\/div>\n\t\n\n\n\t\t<\/div>\n\t<\/div>\n\t\n\t<div id=\"accordion-1231673671\" class=\"accordion-item\">\n\t\t<a id=\"accordion-1231673671-label\" class=\"accordion-title plain\" href=\"#accordion-item-poliw\u0119glan-polisol-przezroczysty-\/-opalizuj\u0104cy-\/-przydymiony\" aria-expanded=\"false\" aria-controls=\"accordion-1231673671-content\">\n\t\t\t<button class=\"toggle\" aria-label=\"Prze\u0142\u0105cznik\"><i class=\"icon-angle-down\" aria-hidden=\"true\"><\/i><\/button>\n\t\t\t<span>Poliw\u0119glan Polisol PRZEZROCZYSTY \/ OPALIZUJ\u0104CY \/ PRZYDYMIONY<\/span>\n\t\t<\/a>\n\t\t<div id=\"accordion-1231673671-content\" class=\"accordion-inner\" aria-labelledby=\"accordion-1231673671-label\">\n\t\t\t\n\n\t<div class=\"img has-hover x md-x lg-x y md-y lg-y\" id=\"image_2001808412\">\n\t\t\t\t\t\t\t\t<div class=\"img-inner dark\" >\n\t\t\t<img loading=\"lazy\" decoding=\"async\" width=\"927\" height=\"674\" src=\"https:\/\/hallelux.se\/wp-content\/uploads\/2020\/01\/Polysol.png\" class=\"attachment-large size-large\" alt=\"\" srcset=\"https:\/\/hallelux.se\/wp-content\/uploads\/2020\/01\/Polysol.png 927w, https:\/\/hallelux.se\/wp-content\/uploads\/2020\/01\/Polysol-300x218.png 300w, https:\/\/hallelux.se\/wp-content\/uploads\/2020\/01\/Polysol-768x558.png 768w\" sizes=\"auto, (max-width: 927px) 100vw, 927px\" \/>\t\t\t\t\t\t\n\t\t\t\t\t<\/div>\n\t\t\t\t\t\t\t\t\n<style>\n#image_2001808412 {\n  width: 100%;\n}\n<\/style>\n\t<\/div>\n\t\n\n\n\t\t<\/div>\n\t<\/div>\n\t\n\n<\/div>\n<div class=\"is-divider divider clearfix\" style=\"height:30px;background-color:rgba(0, 0, 0, 0);\"><\/div>\n\n\n<div class=\"wpcf7 no-js\" id=\"wpcf7-f6-o1\" lang=\"sv-SE\" dir=\"ltr\" data-wpcf7-id=\"6\">\n<div class=\"screen-reader-response\"><p role=\"status\" aria-live=\"polite\" aria-atomic=\"true\"><\/p> <ul><\/ul><\/div>\n<form action=\"\/pl\/wp-json\/wp\/v2\/pages\/945#wpcf7-f6-o1\" method=\"post\" class=\"wpcf7-form init\" aria-label=\"Kontaktformul\u00e4r\" novalidate=\"novalidate\" data-status=\"init\">\n<fieldset class=\"hidden-fields-container\"><input type=\"hidden\" name=\"_wpcf7\" value=\"6\" \/><input type=\"hidden\" name=\"_wpcf7_version\" value=\"6.1.5\" \/><input type=\"hidden\" name=\"_wpcf7_locale\" value=\"sv_SE\" \/><input type=\"hidden\" name=\"_wpcf7_unit_tag\" value=\"wpcf7-f6-o1\" \/><input type=\"hidden\" name=\"_wpcf7_container_post\" value=\"0\" \/><input type=\"hidden\" name=\"_wpcf7_posted_data_hash\" value=\"\" \/><input type=\"hidden\" name=\"_wpcf7_recaptcha_response\" value=\"\" \/>\n<\/fieldset>\n<p><label> Your Name<br \/>\n<span class=\"wpcf7-form-control-wrap\" data-name=\"your-name\"><input size=\"40\" maxlength=\"400\" class=\"wpcf7-form-control wpcf7-text wpcf7-validates-as-required\" aria-required=\"true\" aria-invalid=\"false\" value=\"\" type=\"text\" name=\"your-name\" \/><\/span> <\/label>\n<\/p>\n<p><label> Your Email Address<br \/>\n<span class=\"wpcf7-form-control-wrap\" data-name=\"your-email\"><input size=\"40\" maxlength=\"400\" class=\"wpcf7-form-control wpcf7-email wpcf7-validates-as-required wpcf7-text wpcf7-validates-as-email\" aria-required=\"true\" aria-invalid=\"false\" value=\"\" type=\"email\" name=\"your-email\" \/><\/span> <\/label>\n<\/p>\n<p><label> Your Message<br \/>\n<span class=\"wpcf7-form-control-wrap\" data-name=\"your-message\"><textarea cols=\"40\" rows=\"10\" maxlength=\"2000\" class=\"wpcf7-form-control wpcf7-textarea wpcf7-validates-as-required\" aria-required=\"true\" aria-invalid=\"false\" name=\"your-message\"><\/textarea><\/span> <\/label>\n<\/p>\n<p><input class=\"wpcf7-form-control wpcf7-submit has-spinner\" type=\"submit\" value=\"Send message\" \/>\n<\/p><div class=\"wpcf7-response-output\" aria-hidden=\"true\"><\/div>\n<\/form>\n<\/div>\n\n\n\n","protected":false},"excerpt":{"rendered":"","protected":false},"author":1,"featured_media":0,"parent":0,"menu_order":0,"comment_status":"closed","ping_status":"closed","template":"","meta":{"footnotes":""},"class_list":["post-945","page","type-page","status-publish","hentry"],"_links":{"self":[{"href":"https:\/\/hallelux.se\/pl\/wp-json\/wp\/v2\/pages\/945","targetHints":{"allow":["GET"]}}],"collection":[{"href":"https:\/\/hallelux.se\/pl\/wp-json\/wp\/v2\/pages"}],"about":[{"href":"https:\/\/hallelux.se\/pl\/wp-json\/wp\/v2\/types\/page"}],"author":[{"embeddable":true,"href":"https:\/\/hallelux.se\/pl\/wp-json\/wp\/v2\/users\/1"}],"replies":[{"embeddable":true,"href":"https:\/\/hallelux.se\/pl\/wp-json\/wp\/v2\/comments?post=945"}],"version-history":[{"count":0,"href":"https:\/\/hallelux.se\/pl\/wp-json\/wp\/v2\/pages\/945\/revisions"}],"wp:attachment":[{"href":"https:\/\/hallelux.se\/pl\/wp-json\/wp\/v2\/media?parent=945"}],"curies":[{"name":"wp","href":"https:\/\/api.w.org\/{rel}","templated":true}]}}