{"id":943,"date":"2020-03-24T18:17:17","date_gmt":"2020-03-24T17:17:17","guid":{"rendered":"https:\/\/hallelux.se\/hallelux-tata-steel\/"},"modified":"2022-01-03T10:28:08","modified_gmt":"2022-01-03T09:28:08","slug":"hallelux-tata-steel","status":"publish","type":"page","link":"https:\/\/hallelux.se\/pl\/hallelux-tata-steel\/","title":{"rendered":"HalleLux \u2013 Tata Steel"},"content":{"rendered":"\n\n\t<section class=\"section\" id=\"section_970763963\">\n\t\t<div class=\"section-bg fill\" >\n\t\t\t\t\t\t\t\t\t<div class=\"section-bg-overlay absolute fill\"><\/div>\n\t\t\t\n\n\t\t<\/div>\n\n\t\t\n\n\t\t<div class=\"section-content relative\">\n\t\t\t\n\n<div class=\"row row-large\"  id=\"row-990866670\">\n\n\n\t<div id=\"col-564902643\" class=\"col medium-6 small-12 large-6\"  >\n\t\t\t\t<div class=\"col-inner\"  >\n\t\t\t\n\t\t\t\n\n\t<div class=\"img has-hover x md-x lg-x y md-y lg-y\" id=\"image_1994909045\">\n\t\t\t\t\t\t\t\t<div class=\"img-inner dark\" >\n\t\t\t<img loading=\"lazy\" decoding=\"async\" width=\"1020\" height=\"1020\" src=\"https:\/\/hallelux.se\/wp-content\/uploads\/2020\/01\/tata-steel_high-1024x1024.jpg\" class=\"attachment-large size-large\" alt=\"\" srcset=\"https:\/\/hallelux.se\/wp-content\/uploads\/2020\/01\/tata-steel_high-1024x1024.jpg 1024w, https:\/\/hallelux.se\/wp-content\/uploads\/2020\/01\/tata-steel_high-300x300.jpg 300w, https:\/\/hallelux.se\/wp-content\/uploads\/2020\/01\/tata-steel_high-150x150.jpg 150w, https:\/\/hallelux.se\/wp-content\/uploads\/2020\/01\/tata-steel_high-768x768.jpg 768w, https:\/\/hallelux.se\/wp-content\/uploads\/2020\/01\/tata-steel_high-1536x1536.jpg 1536w, https:\/\/hallelux.se\/wp-content\/uploads\/2020\/01\/tata-steel_high.jpg 1800w\" sizes=\"auto, (max-width: 1020px) 100vw, 1020px\" \/>\t\t\t\t\t\t\n\t\t\t\t\t<\/div>\n\t\t\t\t\t\t\t\t\n<style>\n#image_1994909045 {\n  width: 100%;\n}\n<\/style>\n\t<\/div>\n\t\n\n\n\t\t<\/div>\n\t\t\t\t\t<\/div>\n\n\t\n\n\t<div id=\"col-2069069213\" class=\"col medium-6 small-12 large-6\"  >\n\t\t\t\t<div class=\"col-inner text-left\"  >\n\t\t\t\n\t\t\t\n\n<h1>Tata Steel \u2013 Powierzchnie otwarte na \u015bwiat\u0142o dzienne GRP (Glass reinforced Plastic)<\/h1>\n\n<p>Halle ju\u017c od d\u0142ugiego czasu prowadzi wsp\u00f3\u0142prac\u0119 z firm\u0105 Tata Steel i ju\u017c od lat 60-tych firma nasza dostarcza powierzchni otwartych na \u015bwiat\u0142o dzienne do ich system\u00f3w konstrukcyjnych na terenie ca\u0142ej Europy.<\/p>\n\n<p>Je\u017celi Pa\u0144stwo nie znajd\u0105 swojego profilu w poni\u017cszej tabeli, prosimy nas o tym poinformowa\u0107, a my b\u0119dziemy mogli sprawdzi\u0107, czy mo\u017ce ju\u017c teraz go mamy, albo czy nowe narz\u0119dzie do profilowania mamy zamiar opracowa\u0107.<\/p>\n\n<p>Mo\u017cna uzyska\u0107 nast\u0119puj\u0105ce profile:<\/p>\n\n<ul>\n<li>Ze zbrojenie\/m kw. 375 g \/ 450 g \/ 900 g \/ 1200 g<\/li>\n<li>Barwione na dowolny kolor z palety RAL<\/li>\n<li>Z ochron\u0105 przed kondesacj\u0105 pary wodnej<\/li>\n<\/ul>\n\n\t\t<\/div>\n\t\t\t\t\t<\/div>\n\n\t\n\n<\/div>\n\n\t\t<\/div>\n\n\t\t\n<style>\n#section_970763963 {\n  padding-top: 60px;\n  padding-bottom: 60px;\n  background-color: rgb(193, 193, 193);\n}\n#section_970763963 .section-bg-overlay {\n  background-color: rgba(255, 255, 255, 0.85);\n}\n<\/style>\n\t<\/section>\n\t\n<div class=\"accordion\">\n\n\t<div id=\"accordion-304604874\" class=\"accordion-item\">\n\t\t<a id=\"accordion-304604874-label\" class=\"accordion-title plain\" href=\"#accordion-item-sinus-18\/990-nr-kat.-wc\" aria-expanded=\"false\" aria-controls=\"accordion-304604874-content\">\n\t\t\t<button class=\"toggle\" aria-label=\"Prze\u0142\u0105cznik\"><i class=\"icon-angle-down\" aria-hidden=\"true\"><\/i><\/button>\n\t\t\t<span>Sinus 18\/990 Nr kat. WC<\/span>\n\t\t<\/a>\n\t\t<div id=\"accordion-304604874-content\" class=\"accordion-inner\" aria-labelledby=\"accordion-304604874-label\">\n\t\t\t\n\n\t<div class=\"img has-hover x md-x lg-x y md-y lg-y\" id=\"image_1682869989\">\n\t\t\t\t\t\t\t\t<div class=\"img-inner dark\" >\n\t\t\t<img loading=\"lazy\" decoding=\"async\" width=\"1020\" height=\"714\" src=\"https:\/\/hallelux.se\/wp-content\/uploads\/2020\/01\/WC-2-1024x717.png\" class=\"attachment-large size-large\" alt=\"\" srcset=\"https:\/\/hallelux.se\/wp-content\/uploads\/2020\/01\/WC-2-1024x717.png 1024w, https:\/\/hallelux.se\/wp-content\/uploads\/2020\/01\/WC-2-300x210.png 300w, https:\/\/hallelux.se\/wp-content\/uploads\/2020\/01\/WC-2-768x538.png 768w, https:\/\/hallelux.se\/wp-content\/uploads\/2020\/01\/WC-2.png 1266w\" sizes=\"auto, (max-width: 1020px) 100vw, 1020px\" \/>\t\t\t\t\t\t\n\t\t\t\t\t<\/div>\n\t\t\t\t\t\t\t\t\n<style>\n#image_1682869989 {\n  width: 100%;\n}\n<\/style>\n\t<\/div>\n\t\n\n\n\t\t<\/div>\n\t<\/div>\n\t\n\t<div id=\"accordion-3686451998\" class=\"accordion-item\">\n\t\t<a id=\"accordion-3686451998-label\" class=\"accordion-title plain\" href=\"#accordion-item-sinus-27\/1000-nr-kat.-tu\" aria-expanded=\"false\" aria-controls=\"accordion-3686451998-content\">\n\t\t\t<button class=\"toggle\" aria-label=\"Prze\u0142\u0105cznik\"><i class=\"icon-angle-down\" aria-hidden=\"true\"><\/i><\/button>\n\t\t\t<span>Sinus 27\/1000 Nr kat. TU<\/span>\n\t\t<\/a>\n\t\t<div id=\"accordion-3686451998-content\" class=\"accordion-inner\" aria-labelledby=\"accordion-3686451998-label\">\n\t\t\t\n\n\t<div class=\"img has-hover x md-x lg-x y md-y lg-y\" id=\"image_858271319\">\n\t\t\t\t\t\t\t\t<div class=\"img-inner dark\" >\n\t\t\t<img loading=\"lazy\" decoding=\"async\" width=\"1020\" height=\"725\" src=\"https:\/\/hallelux.se\/wp-content\/uploads\/2020\/01\/TU-1024x728.png\" class=\"attachment-large size-large\" alt=\"\" srcset=\"https:\/\/hallelux.se\/wp-content\/uploads\/2020\/01\/TU-1024x728.png 1024w, https:\/\/hallelux.se\/wp-content\/uploads\/2020\/01\/TU-300x213.png 300w, https:\/\/hallelux.se\/wp-content\/uploads\/2020\/01\/TU-768x546.png 768w, https:\/\/hallelux.se\/wp-content\/uploads\/2020\/01\/TU.png 1278w\" sizes=\"auto, (max-width: 1020px) 100vw, 1020px\" \/>\t\t\t\t\t\t\n\t\t\t\t\t<\/div>\n\t\t\t\t\t\t\t\t\n<style>\n#image_858271319 {\n  width: 100%;\n}\n<\/style>\n\t<\/div>\n\t\n\n\n\t\t<\/div>\n\t<\/div>\n\t\n\t<div id=\"accordion-693994531\" class=\"accordion-item\">\n\t\t<a id=\"accordion-693994531-label\" class=\"accordion-title plain\" href=\"#accordion-item-sinus-45\/900-nr-kat.-ol\" aria-expanded=\"false\" aria-controls=\"accordion-693994531-content\">\n\t\t\t<button class=\"toggle\" aria-label=\"Prze\u0142\u0105cznik\"><i class=\"icon-angle-down\" aria-hidden=\"true\"><\/i><\/button>\n\t\t\t<span>Sinus 45\/900 Nr kat. OL<\/span>\n\t\t<\/a>\n\t\t<div id=\"accordion-693994531-content\" class=\"accordion-inner\" aria-labelledby=\"accordion-693994531-label\">\n\t\t\t\n\n\t<div class=\"img has-hover x md-x lg-x y md-y lg-y\" id=\"image_778805845\">\n\t\t\t\t\t\t\t\t<div class=\"img-inner dark\" >\n\t\t\t<img loading=\"lazy\" decoding=\"async\" width=\"1020\" height=\"713\" src=\"https:\/\/hallelux.se\/wp-content\/uploads\/2020\/01\/OL-2-1024x716.png\" class=\"attachment-large size-large\" alt=\"\" srcset=\"https:\/\/hallelux.se\/wp-content\/uploads\/2020\/01\/OL-2-1024x716.png 1024w, https:\/\/hallelux.se\/wp-content\/uploads\/2020\/01\/OL-2-300x210.png 300w, https:\/\/hallelux.se\/wp-content\/uploads\/2020\/01\/OL-2-768x537.png 768w, https:\/\/hallelux.se\/wp-content\/uploads\/2020\/01\/OL-2.png 1270w\" sizes=\"auto, (max-width: 1020px) 100vw, 1020px\" \/>\t\t\t\t\t\t\n\t\t\t\t\t<\/div>\n\t\t\t\t\t\t\t\t\n<style>\n#image_778805845 {\n  width: 100%;\n}\n<\/style>\n\t<\/div>\n\t\n\n\n\t\t<\/div>\n\t<\/div>\n\t\n\t<div id=\"accordion-940546155\" class=\"accordion-item\">\n\t\t<a id=\"accordion-940546155-label\" class=\"accordion-title plain\" href=\"#accordion-item-op-18-nr-kat.-oe\" aria-expanded=\"false\" aria-controls=\"accordion-940546155-content\">\n\t\t\t<button class=\"toggle\" aria-label=\"Prze\u0142\u0105cznik\"><i class=\"icon-angle-down\" aria-hidden=\"true\"><\/i><\/button>\n\t\t\t<span>OP 18 Nr kat. OE<\/span>\n\t\t<\/a>\n\t\t<div id=\"accordion-940546155-content\" class=\"accordion-inner\" aria-labelledby=\"accordion-940546155-label\">\n\t\t\t\n\n\t<div class=\"img has-hover x md-x lg-x y md-y lg-y\" id=\"image_790315114\">\n\t\t\t\t\t\t\t\t<div class=\"img-inner dark\" >\n\t\t\t<img loading=\"lazy\" decoding=\"async\" width=\"1020\" height=\"718\" src=\"https:\/\/hallelux.se\/wp-content\/uploads\/2020\/01\/OE-1024x721.png\" class=\"attachment-large size-large\" alt=\"\" srcset=\"https:\/\/hallelux.se\/wp-content\/uploads\/2020\/01\/OE-1024x721.png 1024w, https:\/\/hallelux.se\/wp-content\/uploads\/2020\/01\/OE-300x211.png 300w, https:\/\/hallelux.se\/wp-content\/uploads\/2020\/01\/OE-768x540.png 768w, https:\/\/hallelux.se\/wp-content\/uploads\/2020\/01\/OE.png 1252w\" sizes=\"auto, (max-width: 1020px) 100vw, 1020px\" \/>\t\t\t\t\t\t\n\t\t\t\t\t<\/div>\n\t\t\t\t\t\t\t\t\n<style>\n#image_790315114 {\n  width: 100%;\n}\n<\/style>\n\t<\/div>\n\t\n\n\n\t\t<\/div>\n\t<\/div>\n\t\n\t<div id=\"accordion-3930408394\" class=\"accordion-item\">\n\t\t<a id=\"accordion-3930408394-label\" class=\"accordion-title plain\" href=\"#accordion-item-op-20-nr-kat.-ok\" aria-expanded=\"false\" aria-controls=\"accordion-3930408394-content\">\n\t\t\t<button class=\"toggle\" aria-label=\"Prze\u0142\u0105cznik\"><i class=\"icon-angle-down\" aria-hidden=\"true\"><\/i><\/button>\n\t\t\t<span>OP 20 Nr kat. OK<\/span>\n\t\t<\/a>\n\t\t<div id=\"accordion-3930408394-content\" class=\"accordion-inner\" aria-labelledby=\"accordion-3930408394-label\">\n\t\t\t\n\n\t<div class=\"img has-hover x md-x lg-x y md-y lg-y\" id=\"image_1758627254\">\n\t\t\t\t\t\t\t\t<div class=\"img-inner dark\" >\n\t\t\t<img loading=\"lazy\" decoding=\"async\" width=\"1020\" height=\"713\" src=\"https:\/\/hallelux.se\/wp-content\/uploads\/2020\/01\/OK-1024x716.png\" class=\"attachment-large size-large\" alt=\"\" srcset=\"https:\/\/hallelux.se\/wp-content\/uploads\/2020\/01\/OK-1024x716.png 1024w, https:\/\/hallelux.se\/wp-content\/uploads\/2020\/01\/OK-300x210.png 300w, https:\/\/hallelux.se\/wp-content\/uploads\/2020\/01\/OK-768x537.png 768w, https:\/\/hallelux.se\/wp-content\/uploads\/2020\/01\/OK.png 1252w\" sizes=\"auto, (max-width: 1020px) 100vw, 1020px\" \/>\t\t\t\t\t\t\n\t\t\t\t\t<\/div>\n\t\t\t\t\t\t\t\t\n<style>\n#image_1758627254 {\n  width: 100%;\n}\n<\/style>\n\t<\/div>\n\t\n\n\n\t\t<\/div>\n\t<\/div>\n\t\n\t<div id=\"accordion-2278706049\" class=\"accordion-item\">\n\t\t<a id=\"accordion-2278706049-label\" class=\"accordion-title plain\" href=\"#accordion-item-op-30-nr-kat.-of\" aria-expanded=\"false\" aria-controls=\"accordion-2278706049-content\">\n\t\t\t<button class=\"toggle\" aria-label=\"Prze\u0142\u0105cznik\"><i class=\"icon-angle-down\" aria-hidden=\"true\"><\/i><\/button>\n\t\t\t<span>OP 30 Nr kat. OF<\/span>\n\t\t<\/a>\n\t\t<div id=\"accordion-2278706049-content\" class=\"accordion-inner\" aria-labelledby=\"accordion-2278706049-label\">\n\t\t\t\n\n\t<div class=\"img has-hover x md-x lg-x y md-y lg-y\" id=\"image_638203472\">\n\t\t\t\t\t\t\t\t<div class=\"img-inner dark\" >\n\t\t\t<img loading=\"lazy\" decoding=\"async\" width=\"1020\" height=\"714\" src=\"https:\/\/hallelux.se\/wp-content\/uploads\/2020\/01\/OF-1024x717.png\" class=\"attachment-large size-large\" alt=\"\" srcset=\"https:\/\/hallelux.se\/wp-content\/uploads\/2020\/01\/OF-1024x717.png 1024w, https:\/\/hallelux.se\/wp-content\/uploads\/2020\/01\/OF-300x210.png 300w, https:\/\/hallelux.se\/wp-content\/uploads\/2020\/01\/OF-768x538.png 768w, https:\/\/hallelux.se\/wp-content\/uploads\/2020\/01\/OF.png 1249w\" sizes=\"auto, (max-width: 1020px) 100vw, 1020px\" \/>\t\t\t\t\t\t\n\t\t\t\t\t<\/div>\n\t\t\t\t\t\t\t\t\n<style>\n#image_638203472 {\n  width: 100%;\n}\n<\/style>\n\t<\/div>\n\t\n\n\n\t\t<\/div>\n\t<\/div>\n\t\n\t<div id=\"accordion-3845665908\" class=\"accordion-item\">\n\t\t<a id=\"accordion-3845665908-label\" class=\"accordion-title plain\" href=\"#accordion-item-op-45-nr-kat.-og\" aria-expanded=\"false\" aria-controls=\"accordion-3845665908-content\">\n\t\t\t<button class=\"toggle\" aria-label=\"Prze\u0142\u0105cznik\"><i class=\"icon-angle-down\" aria-hidden=\"true\"><\/i><\/button>\n\t\t\t<span>OP 45 Nr kat. OG<\/span>\n\t\t<\/a>\n\t\t<div id=\"accordion-3845665908-content\" class=\"accordion-inner\" aria-labelledby=\"accordion-3845665908-label\">\n\t\t\t\n\n\t<div class=\"img has-hover x md-x lg-x y md-y lg-y\" id=\"image_129223763\">\n\t\t\t\t\t\t\t\t<div class=\"img-inner dark\" >\n\t\t\t<img loading=\"lazy\" decoding=\"async\" width=\"1020\" height=\"716\" src=\"https:\/\/hallelux.se\/wp-content\/uploads\/2020\/01\/OG-1024x719.png\" class=\"attachment-large size-large\" alt=\"\" srcset=\"https:\/\/hallelux.se\/wp-content\/uploads\/2020\/01\/OG-1024x719.png 1024w, https:\/\/hallelux.se\/wp-content\/uploads\/2020\/01\/OG-300x211.png 300w, https:\/\/hallelux.se\/wp-content\/uploads\/2020\/01\/OG-768x539.png 768w, https:\/\/hallelux.se\/wp-content\/uploads\/2020\/01\/OG.png 1250w\" sizes=\"auto, (max-width: 1020px) 100vw, 1020px\" \/>\t\t\t\t\t\t\n\t\t\t\t\t<\/div>\n\t\t\t\t\t\t\t\t\n<style>\n#image_129223763 {\n  width: 100%;\n}\n<\/style>\n\t<\/div>\n\t\n\n\n\t\t<\/div>\n\t<\/div>\n\t\n\t<div id=\"accordion-3692421073\" class=\"accordion-item\">\n\t\t<a id=\"accordion-3692421073-label\" class=\"accordion-title plain\" href=\"#accordion-item-ovp-45-sinus-nr-kat.-ol\" aria-expanded=\"false\" aria-controls=\"accordion-3692421073-content\">\n\t\t\t<button class=\"toggle\" aria-label=\"Prze\u0142\u0105cznik\"><i class=\"icon-angle-down\" aria-hidden=\"true\"><\/i><\/button>\n\t\t\t<span>OVP 45 Sinus Nr kat. OL<\/span>\n\t\t<\/a>\n\t\t<div id=\"accordion-3692421073-content\" class=\"accordion-inner\" aria-labelledby=\"accordion-3692421073-label\">\n\t\t\t\n\n\t<div class=\"img has-hover x md-x lg-x y md-y lg-y\" id=\"image_1187128439\">\n\t\t\t\t\t\t\t\t<div class=\"img-inner dark\" >\n\t\t\t<img loading=\"lazy\" decoding=\"async\" width=\"1020\" height=\"713\" src=\"https:\/\/hallelux.se\/wp-content\/uploads\/2020\/01\/OL-3-1024x716.png\" class=\"attachment-large size-large\" alt=\"\" srcset=\"https:\/\/hallelux.se\/wp-content\/uploads\/2020\/01\/OL-3-1024x716.png 1024w, https:\/\/hallelux.se\/wp-content\/uploads\/2020\/01\/OL-3-300x210.png 300w, https:\/\/hallelux.se\/wp-content\/uploads\/2020\/01\/OL-3-768x537.png 768w, https:\/\/hallelux.se\/wp-content\/uploads\/2020\/01\/OL-3.png 1270w\" sizes=\"auto, (max-width: 1020px) 100vw, 1020px\" \/>\t\t\t\t\t\t\n\t\t\t\t\t<\/div>\n\t\t\t\t\t\t\t\t\n<style>\n#image_1187128439 {\n  width: 100%;\n}\n<\/style>\n\t<\/div>\n\t\n\n\n\t\t<\/div>\n\t<\/div>\n\t\n\t<div id=\"accordion-1878898503\" class=\"accordion-item\">\n\t\t<a id=\"accordion-1878898503-label\" class=\"accordion-title plain\" href=\"#accordion-item-trapes-19-(t-19)-nr-kat.-ti\" aria-expanded=\"false\" aria-controls=\"accordion-1878898503-content\">\n\t\t\t<button class=\"toggle\" aria-label=\"Prze\u0142\u0105cznik\"><i class=\"icon-angle-down\" aria-hidden=\"true\"><\/i><\/button>\n\t\t\t<span>Trapes 19 (T 19) Nr kat. TI<\/span>\n\t\t<\/a>\n\t\t<div id=\"accordion-1878898503-content\" class=\"accordion-inner\" aria-labelledby=\"accordion-1878898503-label\">\n\t\t\t\n\n\t<div class=\"img has-hover x md-x lg-x y md-y lg-y\" id=\"image_1257148068\">\n\t\t\t\t\t\t\t\t<div class=\"img-inner dark\" >\n\t\t\t<img loading=\"lazy\" decoding=\"async\" width=\"1020\" height=\"715\" src=\"https:\/\/hallelux.se\/wp-content\/uploads\/2020\/01\/TI-1024x718.png\" class=\"attachment-large size-large\" alt=\"\" srcset=\"https:\/\/hallelux.se\/wp-content\/uploads\/2020\/01\/TI-1024x718.png 1024w, https:\/\/hallelux.se\/wp-content\/uploads\/2020\/01\/TI-300x210.png 300w, https:\/\/hallelux.se\/wp-content\/uploads\/2020\/01\/TI-768x538.png 768w, https:\/\/hallelux.se\/wp-content\/uploads\/2020\/01\/TI.png 1247w\" sizes=\"auto, (max-width: 1020px) 100vw, 1020px\" \/>\t\t\t\t\t\t\n\t\t\t\t\t<\/div>\n\t\t\t\t\t\t\t\t\n<style>\n#image_1257148068 {\n  width: 100%;\n}\n<\/style>\n\t<\/div>\n\t\n\n\n\t\t<\/div>\n\t<\/div>\n\t\n\t<div id=\"accordion-4279871793\" class=\"accordion-item\">\n\t\t<a id=\"accordion-4279871793-label\" class=\"accordion-title plain\" href=\"#accordion-item-trapes-30-(t-30)-nr-kat.-tl\" aria-expanded=\"false\" aria-controls=\"accordion-4279871793-content\">\n\t\t\t<button class=\"toggle\" aria-label=\"Prze\u0142\u0105cznik\"><i class=\"icon-angle-down\" aria-hidden=\"true\"><\/i><\/button>\n\t\t\t<span>Trapes 30 (T 30) Nr kat. TL<\/span>\n\t\t<\/a>\n\t\t<div id=\"accordion-4279871793-content\" class=\"accordion-inner\" aria-labelledby=\"accordion-4279871793-label\">\n\t\t\t\n\n\t<div class=\"img has-hover x md-x lg-x y md-y lg-y\" id=\"image_1554680770\">\n\t\t\t\t\t\t\t\t<div class=\"img-inner dark\" >\n\t\t\t<img loading=\"lazy\" decoding=\"async\" width=\"1020\" height=\"715\" src=\"https:\/\/hallelux.se\/wp-content\/uploads\/2020\/01\/TL-1024x718.png\" class=\"attachment-large size-large\" alt=\"\" srcset=\"https:\/\/hallelux.se\/wp-content\/uploads\/2020\/01\/TL-1024x718.png 1024w, https:\/\/hallelux.se\/wp-content\/uploads\/2020\/01\/TL-300x210.png 300w, https:\/\/hallelux.se\/wp-content\/uploads\/2020\/01\/TL-768x539.png 768w, https:\/\/hallelux.se\/wp-content\/uploads\/2020\/01\/TL.png 1252w\" sizes=\"auto, (max-width: 1020px) 100vw, 1020px\" \/>\t\t\t\t\t\t\n\t\t\t\t\t<\/div>\n\t\t\t\t\t\t\t\t\n<style>\n#image_1554680770 {\n  width: 100%;\n}\n<\/style>\n\t<\/div>\n\t\n\n\n\t\t<\/div>\n\t<\/div>\n\t\n\t<div id=\"accordion-1576019579\" class=\"accordion-item\">\n\t\t<a id=\"accordion-1576019579-label\" class=\"accordion-title plain\" href=\"#accordion-item-trapes-45-(t-45)-nr-kat.-ts\" aria-expanded=\"false\" aria-controls=\"accordion-1576019579-content\">\n\t\t\t<button class=\"toggle\" aria-label=\"Prze\u0142\u0105cznik\"><i class=\"icon-angle-down\" aria-hidden=\"true\"><\/i><\/button>\n\t\t\t<span>Trapes 45 (T 45) Nr kat. TS<\/span>\n\t\t<\/a>\n\t\t<div id=\"accordion-1576019579-content\" class=\"accordion-inner\" aria-labelledby=\"accordion-1576019579-label\">\n\t\t\t\n\n\t<div class=\"img has-hover x md-x lg-x y md-y lg-y\" id=\"image_1969250984\">\n\t\t\t\t\t\t\t\t<div class=\"img-inner dark\" >\n\t\t\t<img loading=\"lazy\" decoding=\"async\" width=\"1020\" height=\"715\" src=\"https:\/\/hallelux.se\/wp-content\/uploads\/2020\/01\/TS-1024x718.png\" class=\"attachment-large size-large\" alt=\"\" srcset=\"https:\/\/hallelux.se\/wp-content\/uploads\/2020\/01\/TS-1024x718.png 1024w, https:\/\/hallelux.se\/wp-content\/uploads\/2020\/01\/TS-300x210.png 300w, https:\/\/hallelux.se\/wp-content\/uploads\/2020\/01\/TS-768x538.png 768w, https:\/\/hallelux.se\/wp-content\/uploads\/2020\/01\/TS.png 1248w\" sizes=\"auto, (max-width: 1020px) 100vw, 1020px\" \/>\t\t\t\t\t\t\n\t\t\t\t\t<\/div>\n\t\t\t\t\t\t\t\t\n<style>\n#image_1969250984 {\n  width: 100%;\n}\n<\/style>\n\t<\/div>\n\t\n\n\n\t\t<\/div>\n\t<\/div>\n\t\n\t<div id=\"accordion-2753181300\" class=\"accordion-item\">\n\t\t<a id=\"accordion-2753181300-label\" class=\"accordion-title plain\" href=\"#accordion-item-sab-45\/900-nr-kat.-ot\" aria-expanded=\"false\" aria-controls=\"accordion-2753181300-content\">\n\t\t\t<button class=\"toggle\" aria-label=\"Prze\u0142\u0105cznik\"><i class=\"icon-angle-down\" aria-hidden=\"true\"><\/i><\/button>\n\t\t\t<span>SAB 45\/900 Nr kat. OT<\/span>\n\t\t<\/a>\n\t\t<div id=\"accordion-2753181300-content\" class=\"accordion-inner\" aria-labelledby=\"accordion-2753181300-label\">\n\t\t\t\n\n\t<div class=\"img has-hover x md-x lg-x y md-y lg-y\" id=\"image_1633870731\">\n\t\t\t\t\t\t\t\t<div class=\"img-inner dark\" >\n\t\t\t<img loading=\"lazy\" decoding=\"async\" width=\"1020\" height=\"713\" src=\"https:\/\/hallelux.se\/wp-content\/uploads\/2020\/01\/OT-1024x716.png\" class=\"attachment-large size-large\" alt=\"\" srcset=\"https:\/\/hallelux.se\/wp-content\/uploads\/2020\/01\/OT-1024x716.png 1024w, https:\/\/hallelux.se\/wp-content\/uploads\/2020\/01\/OT-300x210.png 300w, https:\/\/hallelux.se\/wp-content\/uploads\/2020\/01\/OT-768x537.png 768w, https:\/\/hallelux.se\/wp-content\/uploads\/2020\/01\/OT.png 1251w\" sizes=\"auto, (max-width: 1020px) 100vw, 1020px\" \/>\t\t\t\t\t\t\n\t\t\t\t\t<\/div>\n\t\t\t\t\t\t\t\t\n<style>\n#image_1633870731 {\n  width: 100%;\n}\n<\/style>\n\t<\/div>\n\t\n\n\n\t\t<\/div>\n\t<\/div>\n\t\n\t<div id=\"accordion-2015358159\" class=\"accordion-item\">\n\t\t<a id=\"accordion-2015358159-label\" class=\"accordion-title plain\" href=\"#accordion-item-sab-70r\/800-nr-kat.-os\" aria-expanded=\"false\" aria-controls=\"accordion-2015358159-content\">\n\t\t\t<button class=\"toggle\" aria-label=\"Prze\u0142\u0105cznik\"><i class=\"icon-angle-down\" aria-hidden=\"true\"><\/i><\/button>\n\t\t\t<span>SAB 70R\/800 Nr kat. OS<\/span>\n\t\t<\/a>\n\t\t<div id=\"accordion-2015358159-content\" class=\"accordion-inner\" aria-labelledby=\"accordion-2015358159-label\">\n\t\t\t\n\n\t<div class=\"img has-hover x md-x lg-x y md-y lg-y\" id=\"image_1181733643\">\n\t\t\t\t\t\t\t\t<div class=\"img-inner dark\" >\n\t\t\t<img loading=\"lazy\" decoding=\"async\" width=\"1020\" height=\"717\" src=\"https:\/\/hallelux.se\/wp-content\/uploads\/2020\/01\/OS-1024x720.png\" class=\"attachment-large size-large\" alt=\"\" srcset=\"https:\/\/hallelux.se\/wp-content\/uploads\/2020\/01\/OS-1024x720.png 1024w, https:\/\/hallelux.se\/wp-content\/uploads\/2020\/01\/OS-300x211.png 300w, https:\/\/hallelux.se\/wp-content\/uploads\/2020\/01\/OS-768x540.png 768w, https:\/\/hallelux.se\/wp-content\/uploads\/2020\/01\/OS.png 1251w\" sizes=\"auto, (max-width: 1020px) 100vw, 1020px\" \/>\t\t\t\t\t\t\n\t\t\t\t\t<\/div>\n\t\t\t\t\t\t\t\t\n<style>\n#image_1181733643 {\n  width: 100%;\n}\n<\/style>\n\t<\/div>\n\t\n\n\n\t\t<\/div>\n\t<\/div>\n\t\n\t<div id=\"accordion-1302413654\" class=\"accordion-item\">\n\t\t<a id=\"accordion-1302413654-label\" class=\"accordion-title plain\" href=\"#accordion-item-poliw\u0119glan-polisol-przezroczysty-\/-opalizuj\u0104cy-\/-przydymiony\" aria-expanded=\"false\" aria-controls=\"accordion-1302413654-content\">\n\t\t\t<button class=\"toggle\" aria-label=\"Prze\u0142\u0105cznik\"><i class=\"icon-angle-down\" aria-hidden=\"true\"><\/i><\/button>\n\t\t\t<span>Poliw\u0119glan Polisol PRZEZROCZYSTY \/ OPALIZUJ\u0104CY \/ PRZYDYMIONY<\/span>\n\t\t<\/a>\n\t\t<div id=\"accordion-1302413654-content\" class=\"accordion-inner\" aria-labelledby=\"accordion-1302413654-label\">\n\t\t\t\n\n\t<div class=\"img has-hover x md-x lg-x y md-y lg-y\" id=\"image_1937783230\">\n\t\t\t\t\t\t\t\t<div class=\"img-inner dark\" >\n\t\t\t<img loading=\"lazy\" decoding=\"async\" width=\"927\" height=\"674\" src=\"https:\/\/hallelux.se\/wp-content\/uploads\/2020\/01\/Polysol.png\" class=\"attachment-large size-large\" alt=\"\" srcset=\"https:\/\/hallelux.se\/wp-content\/uploads\/2020\/01\/Polysol.png 927w, https:\/\/hallelux.se\/wp-content\/uploads\/2020\/01\/Polysol-300x218.png 300w, https:\/\/hallelux.se\/wp-content\/uploads\/2020\/01\/Polysol-768x558.png 768w\" sizes=\"auto, (max-width: 927px) 100vw, 927px\" \/>\t\t\t\t\t\t\n\t\t\t\t\t<\/div>\n\t\t\t\t\t\t\t\t\n<style>\n#image_1937783230 {\n  width: 100%;\n}\n<\/style>\n\t<\/div>\n\t\n\n\n\t\t<\/div>\n\t<\/div>\n\t\n\n<\/div>\n<div class=\"is-divider divider clearfix\" style=\"height:30px;background-color:rgba(0, 0, 0, 0);\"><\/div>\n\n\n<div class=\"wpcf7 no-js\" id=\"wpcf7-f6-o1\" lang=\"sv-SE\" dir=\"ltr\" data-wpcf7-id=\"6\">\n<div class=\"screen-reader-response\"><p role=\"status\" aria-live=\"polite\" aria-atomic=\"true\"><\/p> <ul><\/ul><\/div>\n<form action=\"\/pl\/wp-json\/wp\/v2\/pages\/943#wpcf7-f6-o1\" method=\"post\" class=\"wpcf7-form init\" aria-label=\"Kontaktformul\u00e4r\" novalidate=\"novalidate\" data-status=\"init\">\n<fieldset class=\"hidden-fields-container\"><input type=\"hidden\" name=\"_wpcf7\" value=\"6\" \/><input type=\"hidden\" name=\"_wpcf7_version\" value=\"6.1.5\" \/><input type=\"hidden\" name=\"_wpcf7_locale\" value=\"sv_SE\" \/><input type=\"hidden\" name=\"_wpcf7_unit_tag\" value=\"wpcf7-f6-o1\" \/><input type=\"hidden\" name=\"_wpcf7_container_post\" value=\"0\" \/><input type=\"hidden\" name=\"_wpcf7_posted_data_hash\" value=\"\" \/><input type=\"hidden\" name=\"_wpcf7_recaptcha_response\" value=\"\" \/>\n<\/fieldset>\n<p><label> Your Name<br \/>\n<span class=\"wpcf7-form-control-wrap\" data-name=\"your-name\"><input size=\"40\" maxlength=\"400\" class=\"wpcf7-form-control wpcf7-text wpcf7-validates-as-required\" aria-required=\"true\" aria-invalid=\"false\" value=\"\" type=\"text\" name=\"your-name\" \/><\/span> <\/label>\n<\/p>\n<p><label> Your Email Address<br \/>\n<span class=\"wpcf7-form-control-wrap\" data-name=\"your-email\"><input size=\"40\" maxlength=\"400\" class=\"wpcf7-form-control wpcf7-email wpcf7-validates-as-required wpcf7-text wpcf7-validates-as-email\" aria-required=\"true\" aria-invalid=\"false\" value=\"\" type=\"email\" name=\"your-email\" \/><\/span> <\/label>\n<\/p>\n<p><label> Your Message<br \/>\n<span class=\"wpcf7-form-control-wrap\" data-name=\"your-message\"><textarea cols=\"40\" rows=\"10\" maxlength=\"2000\" class=\"wpcf7-form-control wpcf7-textarea wpcf7-validates-as-required\" aria-required=\"true\" aria-invalid=\"false\" name=\"your-message\"><\/textarea><\/span> <\/label>\n<\/p>\n<p><input class=\"wpcf7-form-control wpcf7-submit has-spinner\" type=\"submit\" value=\"Send message\" \/>\n<\/p><div class=\"wpcf7-response-output\" aria-hidden=\"true\"><\/div>\n<\/form>\n<\/div>\n\n\n\n","protected":false},"excerpt":{"rendered":"","protected":false},"author":1,"featured_media":0,"parent":0,"menu_order":0,"comment_status":"closed","ping_status":"closed","template":"","meta":{"footnotes":""},"class_list":["post-943","page","type-page","status-publish","hentry"],"_links":{"self":[{"href":"https:\/\/hallelux.se\/pl\/wp-json\/wp\/v2\/pages\/943","targetHints":{"allow":["GET"]}}],"collection":[{"href":"https:\/\/hallelux.se\/pl\/wp-json\/wp\/v2\/pages"}],"about":[{"href":"https:\/\/hallelux.se\/pl\/wp-json\/wp\/v2\/types\/page"}],"author":[{"embeddable":true,"href":"https:\/\/hallelux.se\/pl\/wp-json\/wp\/v2\/users\/1"}],"replies":[{"embeddable":true,"href":"https:\/\/hallelux.se\/pl\/wp-json\/wp\/v2\/comments?post=943"}],"version-history":[{"count":0,"href":"https:\/\/hallelux.se\/pl\/wp-json\/wp\/v2\/pages\/943\/revisions"}],"wp:attachment":[{"href":"https:\/\/hallelux.se\/pl\/wp-json\/wp\/v2\/media?parent=943"}],"curies":[{"name":"wp","href":"https:\/\/api.w.org\/{rel}","templated":true}]}}