{"id":941,"date":"2020-03-24T18:17:16","date_gmt":"2020-03-24T17:17:16","guid":{"rendered":"https:\/\/hallelux.se\/hallelux-rukki\/"},"modified":"2022-01-03T10:24:05","modified_gmt":"2022-01-03T09:24:05","slug":"hallelux-rukki","status":"publish","type":"page","link":"https:\/\/hallelux.se\/pl\/hallelux-rukki\/","title":{"rendered":"HalleLux \u2013 Rukki"},"content":{"rendered":"\n\n\t<section class=\"section\" id=\"section_1863668924\">\n\t\t<div class=\"section-bg fill\" >\n\t\t\t\t\t\t\t\t\t<div class=\"section-bg-overlay absolute fill\"><\/div>\n\t\t\t\n\n\t\t<\/div>\n\n\t\t\n\n\t\t<div class=\"section-content relative\">\n\t\t\t\n\n<div class=\"row row-large\"  id=\"row-1292140364\">\n\n\n\t<div id=\"col-1033562655\" class=\"col medium-6 small-12 large-6\"  >\n\t\t\t\t<div class=\"col-inner\"  >\n\t\t\t\n\t\t\t\n\n\t<div class=\"img has-hover x md-x lg-x y md-y lg-y\" id=\"image_968293165\">\n\t\t\t\t\t\t\t\t<div class=\"img-inner dark\" >\n\t\t\t<img loading=\"lazy\" decoding=\"async\" width=\"1020\" height=\"1020\" src=\"https:\/\/hallelux.se\/wp-content\/uploads\/2020\/01\/ruukki_bild_halle_high-1024x1024.jpg\" class=\"attachment-large size-large\" alt=\"\" srcset=\"https:\/\/hallelux.se\/wp-content\/uploads\/2020\/01\/ruukki_bild_halle_high-1024x1024.jpg 1024w, https:\/\/hallelux.se\/wp-content\/uploads\/2020\/01\/ruukki_bild_halle_high-300x300.jpg 300w, https:\/\/hallelux.se\/wp-content\/uploads\/2020\/01\/ruukki_bild_halle_high-150x150.jpg 150w, https:\/\/hallelux.se\/wp-content\/uploads\/2020\/01\/ruukki_bild_halle_high-768x768.jpg 768w, https:\/\/hallelux.se\/wp-content\/uploads\/2020\/01\/ruukki_bild_halle_high-1536x1536.jpg 1536w, https:\/\/hallelux.se\/wp-content\/uploads\/2020\/01\/ruukki_bild_halle_high.jpg 1800w\" sizes=\"auto, (max-width: 1020px) 100vw, 1020px\" \/>\t\t\t\t\t\t\n\t\t\t\t\t<\/div>\n\t\t\t\t\t\t\t\t\n<style>\n#image_968293165 {\n  width: 100%;\n}\n<\/style>\n\t<\/div>\n\t\n\n\n\t\t<\/div>\n\t\t\t\t\t<\/div>\n\n\t\n\n\t<div id=\"col-707766957\" class=\"col medium-6 small-12 large-6\"  >\n\t\t\t\t<div class=\"col-inner text-left\"  >\n\t\t\t\n\t\t\t\n\n<h1>Ruukki \u2013 Powierzchnie otwarte na \u015bwiat\u0142o dzienne GRP (Glass reinforced Plastic)<\/h1>\n\n<p>Halle ju\u017c od d\u0142ugiego czasu prowadzi wsp\u00f3\u0142prac\u0119 z firm\u0105 Ruukki i ju\u017c od lat 60-tych firma nasza dostarcza powierzchni otwartych na \u015bwiat\u0142o dzienne do ich system\u00f3w konstrukcyjnych na terenie ca\u0142ej Europy.<\/p>\n\n<p>Je\u017celi Pa\u0144stwo nie znajd\u0105 swojego profilu w poni\u017cszej tabeli, prosimy nas o tym poinformowa\u0107, a my b\u0119dziemy mogli sprawdzi\u0107, czy mo\u017ce ju\u017c teraz go mamy, albo czy nowe narz\u0119dzie do profilowania mamy zamiar opracowa\u0107.<\/p>\n\n<p>Mo\u017cna uzyska\u0107 nast\u0119puj\u0105ce profile:<\/p>\n\n<ul>\n<li>Ze zbrojenie\/m kw. 375 g \/ 450 g \/ 900 g \/ 1200 g<\/li>\n<li>Barwione na dowolny kolor z palety RAL<\/li>\n<li>Z ochron\u0105 przed kondesacj\u0105 pary wodnej<\/li>\n<\/ul>\n\n\t\t<\/div>\n\t\t\t\t\t<\/div>\n\n\t\n\n<\/div>\n\n\t\t<\/div>\n\n\t\t\n<style>\n#section_1863668924 {\n  padding-top: 60px;\n  padding-bottom: 60px;\n  background-color: rgb(193, 193, 193);\n}\n#section_1863668924 .section-bg-overlay {\n  background-color: rgba(255, 255, 255, 0.85);\n}\n<\/style>\n\t<\/section>\n\t\n<div class=\"accordion\">\n\n\t<div id=\"accordion-936754937\" class=\"accordion-item\">\n\t\t<a id=\"accordion-936754937-label\" class=\"accordion-title plain\" href=\"#accordion-item-ra6t-15-115-nr-kat.-ra\" aria-expanded=\"false\" aria-controls=\"accordion-936754937-content\">\n\t\t\t<button class=\"toggle\" aria-label=\"Prze\u0142\u0105cznik\"><i class=\"icon-angle-down\" aria-hidden=\"true\"><\/i><\/button>\n\t\t\t<span>RA6T 15-115 Nr kat. RA<\/span>\n\t\t<\/a>\n\t\t<div id=\"accordion-936754937-content\" class=\"accordion-inner\" aria-labelledby=\"accordion-936754937-label\">\n\t\t\t\n\n\t<div class=\"img has-hover x md-x lg-x y md-y lg-y\" id=\"image_1545945135\">\n\t\t\t\t\t\t\t\t<div class=\"img-inner dark\" >\n\t\t\t<img loading=\"lazy\" decoding=\"async\" width=\"1020\" height=\"714\" src=\"https:\/\/hallelux.se\/wp-content\/uploads\/2020\/01\/RA-1024x717.png\" class=\"attachment-large size-large\" alt=\"\" srcset=\"https:\/\/hallelux.se\/wp-content\/uploads\/2020\/01\/RA-1024x717.png 1024w, https:\/\/hallelux.se\/wp-content\/uploads\/2020\/01\/RA-300x210.png 300w, https:\/\/hallelux.se\/wp-content\/uploads\/2020\/01\/RA-768x538.png 768w, https:\/\/hallelux.se\/wp-content\/uploads\/2020\/01\/RA.png 1250w\" sizes=\"auto, (max-width: 1020px) 100vw, 1020px\" \/>\t\t\t\t\t\t\n\t\t\t\t\t<\/div>\n\t\t\t\t\t\t\t\t\n<style>\n#image_1545945135 {\n  width: 100%;\n}\n<\/style>\n\t<\/div>\n\t\n\n\n\t\t<\/div>\n\t<\/div>\n\t\n\t<div id=\"accordion-3959019175\" class=\"accordion-item\">\n\t\t<a id=\"accordion-3959019175-label\" class=\"accordion-title plain\" href=\"#accordion-item-ra6t-18-92-nr-kat.-ro\" aria-expanded=\"false\" aria-controls=\"accordion-3959019175-content\">\n\t\t\t<button class=\"toggle\" aria-label=\"Prze\u0142\u0105cznik\"><i class=\"icon-angle-down\" aria-hidden=\"true\"><\/i><\/button>\n\t\t\t<span>RA6T 18-92 Nr kat. RO<\/span>\n\t\t<\/a>\n\t\t<div id=\"accordion-3959019175-content\" class=\"accordion-inner\" aria-labelledby=\"accordion-3959019175-label\">\n\t\t\t\n\n\t<div class=\"img has-hover x md-x lg-x y md-y lg-y\" id=\"image_1275816783\">\n\t\t\t\t\t\t\t\t<div class=\"img-inner dark\" >\n\t\t\t<img loading=\"lazy\" decoding=\"async\" width=\"1020\" height=\"716\" src=\"https:\/\/hallelux.se\/wp-content\/uploads\/2020\/01\/RO-1024x719.png\" class=\"attachment-large size-large\" alt=\"\" srcset=\"https:\/\/hallelux.se\/wp-content\/uploads\/2020\/01\/RO-1024x719.png 1024w, https:\/\/hallelux.se\/wp-content\/uploads\/2020\/01\/RO-300x211.png 300w, https:\/\/hallelux.se\/wp-content\/uploads\/2020\/01\/RO-768x539.png 768w, https:\/\/hallelux.se\/wp-content\/uploads\/2020\/01\/RO.png 1248w\" sizes=\"auto, (max-width: 1020px) 100vw, 1020px\" \/>\t\t\t\t\t\t\n\t\t\t\t\t<\/div>\n\t\t\t\t\t\t\t\t\n<style>\n#image_1275816783 {\n  width: 100%;\n}\n<\/style>\n\t<\/div>\n\t\n\n\n\t\t<\/div>\n\t<\/div>\n\t\n\t<div id=\"accordion-2956528893\" class=\"accordion-item\">\n\t\t<a id=\"accordion-2956528893-label\" class=\"accordion-title plain\" href=\"#accordion-item-ra6t-19-20-nr-kat.-rc\" aria-expanded=\"false\" aria-controls=\"accordion-2956528893-content\">\n\t\t\t<button class=\"toggle\" aria-label=\"Prze\u0142\u0105cznik\"><i class=\"icon-angle-down\" aria-hidden=\"true\"><\/i><\/button>\n\t\t\t<span>RA6T 19-20 Nr kat. RC<\/span>\n\t\t<\/a>\n\t\t<div id=\"accordion-2956528893-content\" class=\"accordion-inner\" aria-labelledby=\"accordion-2956528893-label\">\n\t\t\t\n\n\t<div class=\"img has-hover x md-x lg-x y md-y lg-y\" id=\"image_2051865793\">\n\t\t\t\t\t\t\t\t<div class=\"img-inner dark\" >\n\t\t\t<img loading=\"lazy\" decoding=\"async\" width=\"1020\" height=\"714\" src=\"https:\/\/hallelux.se\/wp-content\/uploads\/2020\/01\/RC-1024x717.png\" class=\"attachment-large size-large\" alt=\"\" srcset=\"https:\/\/hallelux.se\/wp-content\/uploads\/2020\/01\/RC-1024x717.png 1024w, https:\/\/hallelux.se\/wp-content\/uploads\/2020\/01\/RC-300x210.png 300w, https:\/\/hallelux.se\/wp-content\/uploads\/2020\/01\/RC-768x538.png 768w, https:\/\/hallelux.se\/wp-content\/uploads\/2020\/01\/RC.png 1247w\" sizes=\"auto, (max-width: 1020px) 100vw, 1020px\" \/>\t\t\t\t\t\t\n\t\t\t\t\t<\/div>\n\t\t\t\t\t\t\t\t\n<style>\n#image_2051865793 {\n  width: 100%;\n}\n<\/style>\n\t<\/div>\n\t\n\n\n\t\t<\/div>\n\t<\/div>\n\t\n\t<div id=\"accordion-1258235189\" class=\"accordion-item\">\n\t\t<a id=\"accordion-1258235189-label\" class=\"accordion-title plain\" href=\"#accordion-item-ra6t-20-30-nr-kat.-rd\" aria-expanded=\"false\" aria-controls=\"accordion-1258235189-content\">\n\t\t\t<button class=\"toggle\" aria-label=\"Prze\u0142\u0105cznik\"><i class=\"icon-angle-down\" aria-hidden=\"true\"><\/i><\/button>\n\t\t\t<span>RA6T 20-30 Nr kat. RD<\/span>\n\t\t<\/a>\n\t\t<div id=\"accordion-1258235189-content\" class=\"accordion-inner\" aria-labelledby=\"accordion-1258235189-label\">\n\t\t\t\n\n\t<div class=\"img has-hover x md-x lg-x y md-y lg-y\" id=\"image_1000861081\">\n\t\t\t\t\t\t\t\t<div class=\"img-inner dark\" >\n\t\t\t<img loading=\"lazy\" decoding=\"async\" width=\"1020\" height=\"714\" src=\"https:\/\/hallelux.se\/wp-content\/uploads\/2020\/01\/RD-1024x717.png\" class=\"attachment-large size-large\" alt=\"\" srcset=\"https:\/\/hallelux.se\/wp-content\/uploads\/2020\/01\/RD-1024x717.png 1024w, https:\/\/hallelux.se\/wp-content\/uploads\/2020\/01\/RD-300x210.png 300w, https:\/\/hallelux.se\/wp-content\/uploads\/2020\/01\/RD-768x538.png 768w, https:\/\/hallelux.se\/wp-content\/uploads\/2020\/01\/RD.png 1249w\" sizes=\"auto, (max-width: 1020px) 100vw, 1020px\" \/>\t\t\t\t\t\t\n\t\t\t\t\t<\/div>\n\t\t\t\t\t\t\t\t\n<style>\n#image_1000861081 {\n  width: 100%;\n}\n<\/style>\n\t<\/div>\n\t\n\n\n\t\t<\/div>\n\t<\/div>\n\t\n\t<div id=\"accordion-3487340926\" class=\"accordion-item\">\n\t\t<a id=\"accordion-3487340926-label\" class=\"accordion-title plain\" href=\"#accordion-item-ra6t-20-42-sw-nr-kat.-re\" aria-expanded=\"false\" aria-controls=\"accordion-3487340926-content\">\n\t\t\t<button class=\"toggle\" aria-label=\"Prze\u0142\u0105cznik\"><i class=\"icon-angle-down\" aria-hidden=\"true\"><\/i><\/button>\n\t\t\t<span>RA6T 20-42 SW Nr kat. RE<\/span>\n\t\t<\/a>\n\t\t<div id=\"accordion-3487340926-content\" class=\"accordion-inner\" aria-labelledby=\"accordion-3487340926-label\">\n\t\t\t\n\n\t<div class=\"img has-hover x md-x lg-x y md-y lg-y\" id=\"image_204694981\">\n\t\t\t\t\t\t\t\t<div class=\"img-inner dark\" >\n\t\t\t<img loading=\"lazy\" decoding=\"async\" width=\"1020\" height=\"719\" src=\"https:\/\/hallelux.se\/wp-content\/uploads\/2020\/01\/RE-1024x722.png\" class=\"attachment-large size-large\" alt=\"\" srcset=\"https:\/\/hallelux.se\/wp-content\/uploads\/2020\/01\/RE-1024x722.png 1024w, https:\/\/hallelux.se\/wp-content\/uploads\/2020\/01\/RE-300x212.png 300w, https:\/\/hallelux.se\/wp-content\/uploads\/2020\/01\/RE-768x541.png 768w, https:\/\/hallelux.se\/wp-content\/uploads\/2020\/01\/RE.png 1251w\" sizes=\"auto, (max-width: 1020px) 100vw, 1020px\" \/>\t\t\t\t\t\t\n\t\t\t\t\t<\/div>\n\t\t\t\t\t\t\t\t\n<style>\n#image_204694981 {\n  width: 100%;\n}\n<\/style>\n\t<\/div>\n\t\n\n\n\t\t<\/div>\n\t<\/div>\n\t\n\t<div id=\"accordion-1528280497\" class=\"accordion-item\">\n\t\t<a id=\"accordion-1528280497-label\" class=\"accordion-title plain\" href=\"#accordion-item-ra6t-35-25-nr-kat.-rf\" aria-expanded=\"false\" aria-controls=\"accordion-1528280497-content\">\n\t\t\t<button class=\"toggle\" aria-label=\"Prze\u0142\u0105cznik\"><i class=\"icon-angle-down\" aria-hidden=\"true\"><\/i><\/button>\n\t\t\t<span>RA6T 35-25 Nr kat. RF<\/span>\n\t\t<\/a>\n\t\t<div id=\"accordion-1528280497-content\" class=\"accordion-inner\" aria-labelledby=\"accordion-1528280497-label\">\n\t\t\t\n\n\t<div class=\"img has-hover x md-x lg-x y md-y lg-y\" id=\"image_1071519434\">\n\t\t\t\t\t\t\t\t<div class=\"img-inner dark\" >\n\t\t\t<img loading=\"lazy\" decoding=\"async\" width=\"1020\" height=\"715\" src=\"https:\/\/hallelux.se\/wp-content\/uploads\/2020\/01\/RF-1024x718.png\" class=\"attachment-large size-large\" alt=\"\" srcset=\"https:\/\/hallelux.se\/wp-content\/uploads\/2020\/01\/RF-1024x718.png 1024w, https:\/\/hallelux.se\/wp-content\/uploads\/2020\/01\/RF-300x210.png 300w, https:\/\/hallelux.se\/wp-content\/uploads\/2020\/01\/RF-768x539.png 768w, https:\/\/hallelux.se\/wp-content\/uploads\/2020\/01\/RF.png 1252w\" sizes=\"auto, (max-width: 1020px) 100vw, 1020px\" \/>\t\t\t\t\t\t\n\t\t\t\t\t<\/div>\n\t\t\t\t\t\t\t\t\n<style>\n#image_1071519434 {\n  width: 100%;\n}\n<\/style>\n\t<\/div>\n\t\n\n\n\t\t<\/div>\n\t<\/div>\n\t\n\t<div id=\"accordion-3412211420\" class=\"accordion-item\">\n\t\t<a id=\"accordion-3412211420-label\" class=\"accordion-title plain\" href=\"#accordion-item-ra6t-45-30-e-nr-kat.-rg\" aria-expanded=\"false\" aria-controls=\"accordion-3412211420-content\">\n\t\t\t<button class=\"toggle\" aria-label=\"Prze\u0142\u0105cznik\"><i class=\"icon-angle-down\" aria-hidden=\"true\"><\/i><\/button>\n\t\t\t<span>RA6T 45-30 E Nr kat. RG<\/span>\n\t\t<\/a>\n\t\t<div id=\"accordion-3412211420-content\" class=\"accordion-inner\" aria-labelledby=\"accordion-3412211420-label\">\n\t\t\t\n\n\t<div class=\"img has-hover x md-x lg-x y md-y lg-y\" id=\"image_1022297238\">\n\t\t\t\t\t\t\t\t<div class=\"img-inner dark\" >\n\t\t\t<img loading=\"lazy\" decoding=\"async\" width=\"1020\" height=\"712\" src=\"https:\/\/hallelux.se\/wp-content\/uploads\/2020\/01\/RG-1024x715.png\" class=\"attachment-large size-large\" alt=\"\" srcset=\"https:\/\/hallelux.se\/wp-content\/uploads\/2020\/01\/RG-1024x715.png 1024w, https:\/\/hallelux.se\/wp-content\/uploads\/2020\/01\/RG-300x209.png 300w, https:\/\/hallelux.se\/wp-content\/uploads\/2020\/01\/RG-768x536.png 768w, https:\/\/hallelux.se\/wp-content\/uploads\/2020\/01\/RG.png 1253w\" sizes=\"auto, (max-width: 1020px) 100vw, 1020px\" \/>\t\t\t\t\t\t\n\t\t\t\t\t<\/div>\n\t\t\t\t\t\t\t\t\n<style>\n#image_1022297238 {\n  width: 100%;\n}\n<\/style>\n\t<\/div>\n\t\n\n\n\t\t<\/div>\n\t<\/div>\n\t\n\t<div id=\"accordion-2885865305\" class=\"accordion-item\">\n\t\t<a id=\"accordion-2885865305-label\" class=\"accordion-title plain\" href=\"#accordion-item-ra6t-45-95-e-1025-nr-kat.-rk\" aria-expanded=\"false\" aria-controls=\"accordion-2885865305-content\">\n\t\t\t<button class=\"toggle\" aria-label=\"Prze\u0142\u0105cznik\"><i class=\"icon-angle-down\" aria-hidden=\"true\"><\/i><\/button>\n\t\t\t<span>RA6T 45-95 E-1025 Nr kat. RK<\/span>\n\t\t<\/a>\n\t\t<div id=\"accordion-2885865305-content\" class=\"accordion-inner\" aria-labelledby=\"accordion-2885865305-label\">\n\t\t\t\n\n\t<div class=\"img has-hover x md-x lg-x y md-y lg-y\" id=\"image_1924793157\">\n\t\t\t\t\t\t\t\t<div class=\"img-inner dark\" >\n\t\t\t<img loading=\"lazy\" decoding=\"async\" width=\"1020\" height=\"715\" src=\"https:\/\/hallelux.se\/wp-content\/uploads\/2020\/01\/RK-1024x718.png\" class=\"attachment-large size-large\" alt=\"\" srcset=\"https:\/\/hallelux.se\/wp-content\/uploads\/2020\/01\/RK-1024x718.png 1024w, https:\/\/hallelux.se\/wp-content\/uploads\/2020\/01\/RK-300x210.png 300w, https:\/\/hallelux.se\/wp-content\/uploads\/2020\/01\/RK-768x538.png 768w, https:\/\/hallelux.se\/wp-content\/uploads\/2020\/01\/RK.png 1250w\" sizes=\"auto, (max-width: 1020px) 100vw, 1020px\" \/>\t\t\t\t\t\t\n\t\t\t\t\t<\/div>\n\t\t\t\t\t\t\t\t\n<style>\n#image_1924793157 {\n  width: 100%;\n}\n<\/style>\n\t<\/div>\n\t\n\n\n\t\t<\/div>\n\t<\/div>\n\t\n\t<div id=\"accordion-4029520771\" class=\"accordion-item\">\n\t\t<a id=\"accordion-4029520771-label\" class=\"accordion-title plain\" href=\"#accordion-item-ra6t-45-30-(t45-30(60)-905)-nr-kat.-rl\" aria-expanded=\"false\" aria-controls=\"accordion-4029520771-content\">\n\t\t\t<button class=\"toggle\" aria-label=\"Prze\u0142\u0105cznik\"><i class=\"icon-angle-down\" aria-hidden=\"true\"><\/i><\/button>\n\t\t\t<span>RA6T 45-30 (T45-30(60)-905) Nr kat. RL<\/span>\n\t\t<\/a>\n\t\t<div id=\"accordion-4029520771-content\" class=\"accordion-inner\" aria-labelledby=\"accordion-4029520771-label\">\n\t\t\t\n\n\t<div class=\"img has-hover x md-x lg-x y md-y lg-y\" id=\"image_915476130\">\n\t\t\t\t\t\t\t\t<div class=\"img-inner dark\" >\n\t\t\t<img loading=\"lazy\" decoding=\"async\" width=\"1020\" height=\"711\" src=\"https:\/\/hallelux.se\/wp-content\/uploads\/2020\/01\/RL-1024x714.png\" class=\"attachment-large size-large\" alt=\"\" srcset=\"https:\/\/hallelux.se\/wp-content\/uploads\/2020\/01\/RL-1024x714.png 1024w, https:\/\/hallelux.se\/wp-content\/uploads\/2020\/01\/RL-300x209.png 300w, https:\/\/hallelux.se\/wp-content\/uploads\/2020\/01\/RL-768x536.png 768w, https:\/\/hallelux.se\/wp-content\/uploads\/2020\/01\/RL.png 1249w\" sizes=\"auto, (max-width: 1020px) 100vw, 1020px\" \/>\t\t\t\t\t\t\n\t\t\t\t\t<\/div>\n\t\t\t\t\t\t\t\t\n<style>\n#image_915476130 {\n  width: 100%;\n}\n<\/style>\n\t<\/div>\n\t\n\n\n\t\t<\/div>\n\t<\/div>\n\t\n\t<div id=\"accordion-2113700935\" class=\"accordion-item\">\n\t\t<a id=\"accordion-2113700935-label\" class=\"accordion-title plain\" href=\"#accordion-item-ra6t-45-30-nr-kat.-rn\" aria-expanded=\"false\" aria-controls=\"accordion-2113700935-content\">\n\t\t\t<button class=\"toggle\" aria-label=\"Prze\u0142\u0105cznik\"><i class=\"icon-angle-down\" aria-hidden=\"true\"><\/i><\/button>\n\t\t\t<span>RA6T 45-30 Nr kat. RN<\/span>\n\t\t<\/a>\n\t\t<div id=\"accordion-2113700935-content\" class=\"accordion-inner\" aria-labelledby=\"accordion-2113700935-label\">\n\t\t\t\n\n\t<div class=\"img has-hover x md-x lg-x y md-y lg-y\" id=\"image_280418151\">\n\t\t\t\t\t\t\t\t<div class=\"img-inner dark\" >\n\t\t\t<img loading=\"lazy\" decoding=\"async\" width=\"1020\" height=\"716\" src=\"https:\/\/hallelux.se\/wp-content\/uploads\/2020\/01\/RN-1-1024x719.png\" class=\"attachment-large size-large\" alt=\"\" srcset=\"https:\/\/hallelux.se\/wp-content\/uploads\/2020\/01\/RN-1-1024x719.png 1024w, https:\/\/hallelux.se\/wp-content\/uploads\/2020\/01\/RN-1-300x211.png 300w, https:\/\/hallelux.se\/wp-content\/uploads\/2020\/01\/RN-1-768x539.png 768w, https:\/\/hallelux.se\/wp-content\/uploads\/2020\/01\/RN-1.png 1268w\" sizes=\"auto, (max-width: 1020px) 100vw, 1020px\" \/>\t\t\t\t\t\t\n\t\t\t\t\t<\/div>\n\t\t\t\t\t\t\t\t\n<style>\n#image_280418151 {\n  width: 100%;\n}\n<\/style>\n\t<\/div>\n\t\n\n\n\t\t<\/div>\n\t<\/div>\n\t\n\t<div id=\"accordion-3638347848\" class=\"accordion-item\">\n\t\t<a id=\"accordion-3638347848-label\" class=\"accordion-title plain\" href=\"#accordion-item-ra6t-70-57l-846-nr-kat.-rr\" aria-expanded=\"false\" aria-controls=\"accordion-3638347848-content\">\n\t\t\t<button class=\"toggle\" aria-label=\"Prze\u0142\u0105cznik\"><i class=\"icon-angle-down\" aria-hidden=\"true\"><\/i><\/button>\n\t\t\t<span>RA6T 70-57L-846 Nr kat. RR<\/span>\n\t\t<\/a>\n\t\t<div id=\"accordion-3638347848-content\" class=\"accordion-inner\" aria-labelledby=\"accordion-3638347848-label\">\n\t\t\t\n\n\t<div class=\"img has-hover x md-x lg-x y md-y lg-y\" id=\"image_589892827\">\n\t\t\t\t\t\t\t\t<div class=\"img-inner dark\" >\n\t\t\t<img loading=\"lazy\" decoding=\"async\" width=\"1020\" height=\"712\" src=\"https:\/\/hallelux.se\/wp-content\/uploads\/2020\/01\/RR-1024x715.png\" class=\"attachment-large size-large\" alt=\"\" srcset=\"https:\/\/hallelux.se\/wp-content\/uploads\/2020\/01\/RR-1024x715.png 1024w, https:\/\/hallelux.se\/wp-content\/uploads\/2020\/01\/RR-300x209.png 300w, https:\/\/hallelux.se\/wp-content\/uploads\/2020\/01\/RR-768x536.png 768w, https:\/\/hallelux.se\/wp-content\/uploads\/2020\/01\/RR.png 1246w\" sizes=\"auto, (max-width: 1020px) 100vw, 1020px\" \/>\t\t\t\t\t\t\n\t\t\t\t\t<\/div>\n\t\t\t\t\t\t\t\t\n<style>\n#image_589892827 {\n  width: 100%;\n}\n<\/style>\n\t<\/div>\n\t\n\n\n\t\t<\/div>\n\t<\/div>\n\t\n\t<div id=\"accordion-3399252753\" class=\"accordion-item\">\n\t\t<a id=\"accordion-3399252753-label\" class=\"accordion-title plain\" href=\"#accordion-item-poliw\u0119glan-polisol-przezroczysty-\/-opalizuj\u0104cy-\/-przydymiony\" aria-expanded=\"false\" aria-controls=\"accordion-3399252753-content\">\n\t\t\t<button class=\"toggle\" aria-label=\"Prze\u0142\u0105cznik\"><i class=\"icon-angle-down\" aria-hidden=\"true\"><\/i><\/button>\n\t\t\t<span>Poliw\u0119glan Polisol PRZEZROCZYSTY \/ OPALIZUJ\u0104CY \/ PRZYDYMIONY<\/span>\n\t\t<\/a>\n\t\t<div id=\"accordion-3399252753-content\" class=\"accordion-inner\" aria-labelledby=\"accordion-3399252753-label\">\n\t\t\t\n\n\t<div class=\"img has-hover x md-x lg-x y md-y lg-y\" id=\"image_452737550\">\n\t\t\t\t\t\t\t\t<div class=\"img-inner dark\" >\n\t\t\t<img loading=\"lazy\" decoding=\"async\" width=\"927\" height=\"674\" src=\"https:\/\/hallelux.se\/wp-content\/uploads\/2020\/01\/Polysol.png\" class=\"attachment-large size-large\" alt=\"\" srcset=\"https:\/\/hallelux.se\/wp-content\/uploads\/2020\/01\/Polysol.png 927w, https:\/\/hallelux.se\/wp-content\/uploads\/2020\/01\/Polysol-300x218.png 300w, https:\/\/hallelux.se\/wp-content\/uploads\/2020\/01\/Polysol-768x558.png 768w\" sizes=\"auto, (max-width: 927px) 100vw, 927px\" \/>\t\t\t\t\t\t\n\t\t\t\t\t<\/div>\n\t\t\t\t\t\t\t\t\n<style>\n#image_452737550 {\n  width: 100%;\n}\n<\/style>\n\t<\/div>\n\t\n\n\n\t\t<\/div>\n\t<\/div>\n\t\n\n<\/div>\n<div class=\"is-divider divider clearfix\" style=\"height:30px;background-color:rgba(0, 0, 0, 0);\"><\/div>\n\n\n<div class=\"wpcf7 no-js\" id=\"wpcf7-f6-o1\" lang=\"sv-SE\" dir=\"ltr\" data-wpcf7-id=\"6\">\n<div class=\"screen-reader-response\"><p role=\"status\" aria-live=\"polite\" aria-atomic=\"true\"><\/p> <ul><\/ul><\/div>\n<form action=\"\/pl\/wp-json\/wp\/v2\/pages\/941#wpcf7-f6-o1\" method=\"post\" class=\"wpcf7-form init\" aria-label=\"Kontaktformul\u00e4r\" novalidate=\"novalidate\" data-status=\"init\">\n<fieldset class=\"hidden-fields-container\"><input type=\"hidden\" name=\"_wpcf7\" value=\"6\" \/><input type=\"hidden\" name=\"_wpcf7_version\" value=\"6.1.5\" \/><input type=\"hidden\" name=\"_wpcf7_locale\" value=\"sv_SE\" \/><input type=\"hidden\" name=\"_wpcf7_unit_tag\" value=\"wpcf7-f6-o1\" \/><input type=\"hidden\" name=\"_wpcf7_container_post\" value=\"0\" \/><input type=\"hidden\" name=\"_wpcf7_posted_data_hash\" value=\"\" \/><input type=\"hidden\" name=\"_wpcf7_recaptcha_response\" value=\"\" \/>\n<\/fieldset>\n<p><label> Your Name<br \/>\n<span class=\"wpcf7-form-control-wrap\" data-name=\"your-name\"><input size=\"40\" maxlength=\"400\" class=\"wpcf7-form-control wpcf7-text wpcf7-validates-as-required\" aria-required=\"true\" aria-invalid=\"false\" value=\"\" type=\"text\" name=\"your-name\" \/><\/span> <\/label>\n<\/p>\n<p><label> Your Email Address<br \/>\n<span class=\"wpcf7-form-control-wrap\" data-name=\"your-email\"><input size=\"40\" maxlength=\"400\" class=\"wpcf7-form-control wpcf7-email wpcf7-validates-as-required wpcf7-text wpcf7-validates-as-email\" aria-required=\"true\" aria-invalid=\"false\" value=\"\" type=\"email\" name=\"your-email\" \/><\/span> <\/label>\n<\/p>\n<p><label> Your Message<br \/>\n<span class=\"wpcf7-form-control-wrap\" data-name=\"your-message\"><textarea cols=\"40\" rows=\"10\" maxlength=\"2000\" class=\"wpcf7-form-control wpcf7-textarea wpcf7-validates-as-required\" aria-required=\"true\" aria-invalid=\"false\" name=\"your-message\"><\/textarea><\/span> <\/label>\n<\/p>\n<p><input class=\"wpcf7-form-control wpcf7-submit has-spinner\" type=\"submit\" value=\"Send message\" \/>\n<\/p><div class=\"wpcf7-response-output\" aria-hidden=\"true\"><\/div>\n<\/form>\n<\/div>\n\n\n\n","protected":false},"excerpt":{"rendered":"","protected":false},"author":1,"featured_media":0,"parent":0,"menu_order":0,"comment_status":"closed","ping_status":"closed","template":"","meta":{"footnotes":""},"class_list":["post-941","page","type-page","status-publish","hentry"],"_links":{"self":[{"href":"https:\/\/hallelux.se\/pl\/wp-json\/wp\/v2\/pages\/941","targetHints":{"allow":["GET"]}}],"collection":[{"href":"https:\/\/hallelux.se\/pl\/wp-json\/wp\/v2\/pages"}],"about":[{"href":"https:\/\/hallelux.se\/pl\/wp-json\/wp\/v2\/types\/page"}],"author":[{"embeddable":true,"href":"https:\/\/hallelux.se\/pl\/wp-json\/wp\/v2\/users\/1"}],"replies":[{"embeddable":true,"href":"https:\/\/hallelux.se\/pl\/wp-json\/wp\/v2\/comments?post=941"}],"version-history":[{"count":0,"href":"https:\/\/hallelux.se\/pl\/wp-json\/wp\/v2\/pages\/941\/revisions"}],"wp:attachment":[{"href":"https:\/\/hallelux.se\/pl\/wp-json\/wp\/v2\/media?parent=941"}],"curies":[{"name":"wp","href":"https:\/\/api.w.org\/{rel}","templated":true}]}}