{"id":933,"date":"2020-03-24T18:17:13","date_gmt":"2020-03-24T17:17:13","guid":{"rendered":"https:\/\/hallelux.se\/hallelux-byggprofiler\/"},"modified":"2022-01-03T09:16:10","modified_gmt":"2022-01-03T08:16:10","slug":"hallelux-byggprofiler","status":"publish","type":"page","link":"https:\/\/hallelux.se\/pl\/hallelux-byggprofiler\/","title":{"rendered":"Hallelux &#8211; Byggprofiler"},"content":{"rendered":"\n\n\t<section class=\"section\" id=\"section_605729565\">\n\t\t<div class=\"section-bg fill\" >\n\t\t\t\t\t\t\t\t\t<div class=\"section-bg-overlay absolute fill\"><\/div>\n\t\t\t\n\n\t\t<\/div>\n\n\t\t\n\n\t\t<div class=\"section-content relative\">\n\t\t\t\n\n<div class=\"row row-large\"  id=\"row-857810086\">\n\n\n\t<div id=\"col-1859715802\" class=\"col medium-6 small-12 large-6\"  >\n\t\t\t\t<div class=\"col-inner\"  >\n\t\t\t\n\t\t\t\n\n\t<div class=\"img has-hover x md-x lg-x y md-y lg-y\" id=\"image_467162123\">\n\t\t\t\t\t\t\t\t<div class=\"img-inner dark\" >\n\t\t\t<img loading=\"lazy\" decoding=\"async\" width=\"1020\" height=\"1020\" src=\"https:\/\/hallelux.se\/wp-content\/uploads\/2020\/01\/byggprofiler_profil_logo_halle-1024x1024.jpg\" class=\"attachment-large size-large\" alt=\"\" srcset=\"https:\/\/hallelux.se\/wp-content\/uploads\/2020\/01\/byggprofiler_profil_logo_halle-1024x1024.jpg 1024w, https:\/\/hallelux.se\/wp-content\/uploads\/2020\/01\/byggprofiler_profil_logo_halle-300x300.jpg 300w, https:\/\/hallelux.se\/wp-content\/uploads\/2020\/01\/byggprofiler_profil_logo_halle-150x150.jpg 150w, https:\/\/hallelux.se\/wp-content\/uploads\/2020\/01\/byggprofiler_profil_logo_halle-768x768.jpg 768w, https:\/\/hallelux.se\/wp-content\/uploads\/2020\/01\/byggprofiler_profil_logo_halle-1536x1536.jpg 1536w, https:\/\/hallelux.se\/wp-content\/uploads\/2020\/01\/byggprofiler_profil_logo_halle.jpg 1800w\" sizes=\"auto, (max-width: 1020px) 100vw, 1020px\" \/>\t\t\t\t\t\t\n\t\t\t\t\t<\/div>\n\t\t\t\t\t\t\t\t\n<style>\n#image_467162123 {\n  width: 100%;\n}\n<\/style>\n\t<\/div>\n\t\n\n\n\t\t<\/div>\n\t\t\t\t\t<\/div>\n\n\t\n\n\t<div id=\"col-1124720379\" class=\"col medium-6 small-12 large-6\"  >\n\t\t\t\t<div class=\"col-inner text-left\"  >\n\t\t\t\n\t\t\t\n\n<h1>Byggprofiler \u2013 Powierzchnie otwarte na \u015bwiat\u0142o dzienne GRP (Glass reinforced Plastic)<\/h1>\n\n<p>Halle ju\u017c od d\u0142ugiego czasu prowadzi wsp\u00f3\u0142prac\u0119 z firm\u0105 Byggprofiler i ju\u017c od lat 60-tych firma nasza dostarcza powierzchni otwartych na \u015bwiat\u0142o dzienne do ich system\u00f3w konstrukcyjnych na terenie ca\u0142ej Europy.<\/p>\n\n<p>Je\u017celi Pa\u0144stwo nie znajd\u0105 swojego profilu w poni\u017cszej tabeli, prosimy nas o tym poinformowa\u0107, a my b\u0119dziemy mogli sprawdzi\u0107, czy mo\u017ce ju\u017c teraz go mamy, albo czy nowe narz\u0119dzie do profilowania mamy zamiar opracowa\u0107.<\/p>\n\n<p>Mo\u017cna uzyska\u0107 nast\u0119puj\u0105ce profile:<\/p>\n\n<ul>\n<li>Ze zbrojenie\/m kw. 375 g \/ 450 g \/ 900 g \/ 1200 g<\/li>\n<li>Barwione na dowolny kolor z palety RAL<\/li>\n<li>Z ochron\u0105 przed kondesacj\u0105 pary wodnej<\/li>\n<\/ul>\n\n\t\t<\/div>\n\t\t\t\t\t<\/div>\n\n\t\n\n<\/div>\n\n\t\t<\/div>\n\n\t\t\n<style>\n#section_605729565 {\n  padding-top: 60px;\n  padding-bottom: 60px;\n  background-color: rgb(193, 193, 193);\n}\n#section_605729565 .section-bg-overlay {\n  background-color: rgba(255, 255, 255, 0.85);\n}\n<\/style>\n\t<\/section>\n\t\n<div class=\"accordion\">\n\n\t<div id=\"accordion-3026350884\" class=\"accordion-item\">\n\t\t<a id=\"accordion-3026350884-label\" class=\"accordion-title plain\" href=\"#accordion-item-fp-18-nr-kat.-en\" aria-expanded=\"false\" aria-controls=\"accordion-3026350884-content\">\n\t\t\t<button class=\"toggle\" aria-label=\"Prze\u0142\u0105cznik\"><i class=\"icon-angle-down\" aria-hidden=\"true\"><\/i><\/button>\n\t\t\t<span>FP 18 Nr kat. EN<\/span>\n\t\t<\/a>\n\t\t<div id=\"accordion-3026350884-content\" class=\"accordion-inner\" aria-labelledby=\"accordion-3026350884-label\">\n\t\t\t\n\n\t<div class=\"img has-hover x md-x lg-x y md-y lg-y\" id=\"image_2120016456\">\n\t\t\t\t\t\t\t\t<div class=\"img-inner dark\" >\n\t\t\t<img loading=\"lazy\" decoding=\"async\" width=\"1020\" height=\"712\" src=\"https:\/\/hallelux.se\/wp-content\/uploads\/2020\/01\/EN-1024x715.png\" class=\"attachment-large size-large\" alt=\"\" srcset=\"https:\/\/hallelux.se\/wp-content\/uploads\/2020\/01\/EN-1024x715.png 1024w, https:\/\/hallelux.se\/wp-content\/uploads\/2020\/01\/EN-300x210.png 300w, https:\/\/hallelux.se\/wp-content\/uploads\/2020\/01\/EN-768x536.png 768w, https:\/\/hallelux.se\/wp-content\/uploads\/2020\/01\/EN.png 1270w\" sizes=\"auto, (max-width: 1020px) 100vw, 1020px\" \/>\t\t\t\t\t\t\n\t\t\t\t\t<\/div>\n\t\t\t\t\t\t\t\t\n<style>\n#image_2120016456 {\n  width: 100%;\n}\n<\/style>\n\t<\/div>\n\t\n\n\n\t\t<\/div>\n\t<\/div>\n\t\n\t<div id=\"accordion-1408661007\" class=\"accordion-item\">\n\t\t<a id=\"accordion-1408661007-label\" class=\"accordion-title plain\" href=\"#accordion-item-fp-35-nr-kat.-br\" aria-expanded=\"false\" aria-controls=\"accordion-1408661007-content\">\n\t\t\t<button class=\"toggle\" aria-label=\"Prze\u0142\u0105cznik\"><i class=\"icon-angle-down\" aria-hidden=\"true\"><\/i><\/button>\n\t\t\t<span>FP 35 Nr kat. BR<\/span>\n\t\t<\/a>\n\t\t<div id=\"accordion-1408661007-content\" class=\"accordion-inner\" aria-labelledby=\"accordion-1408661007-label\">\n\t\t\t\n\n\t<div class=\"img has-hover x md-x lg-x y md-y lg-y\" id=\"image_220846395\">\n\t\t\t\t\t\t\t\t<div class=\"img-inner dark\" >\n\t\t\t<img loading=\"lazy\" decoding=\"async\" width=\"1020\" height=\"715\" src=\"https:\/\/hallelux.se\/wp-content\/uploads\/2020\/01\/BR-1024x718.png\" class=\"attachment-large size-large\" alt=\"\" srcset=\"https:\/\/hallelux.se\/wp-content\/uploads\/2020\/01\/BR-1024x718.png 1024w, https:\/\/hallelux.se\/wp-content\/uploads\/2020\/01\/BR-300x210.png 300w, https:\/\/hallelux.se\/wp-content\/uploads\/2020\/01\/BR-768x538.png 768w, https:\/\/hallelux.se\/wp-content\/uploads\/2020\/01\/BR.png 1264w\" sizes=\"auto, (max-width: 1020px) 100vw, 1020px\" \/>\t\t\t\t\t\t\n\t\t\t\t\t<\/div>\n\t\t\t\t\t\t\t\t\n<style>\n#image_220846395 {\n  width: 100%;\n}\n<\/style>\n\t<\/div>\n\t\n\n\n\t\t<\/div>\n\t<\/div>\n\t\n\t<div id=\"accordion-228641430\" class=\"accordion-item\">\n\t\t<a id=\"accordion-228641430-label\" class=\"accordion-title plain\" href=\"#accordion-item-sinus-18-nr-kat.-sb\" aria-expanded=\"false\" aria-controls=\"accordion-228641430-content\">\n\t\t\t<button class=\"toggle\" aria-label=\"Prze\u0142\u0105cznik\"><i class=\"icon-angle-down\" aria-hidden=\"true\"><\/i><\/button>\n\t\t\t<span>Sinus 18 Nr kat. SB<\/span>\n\t\t<\/a>\n\t\t<div id=\"accordion-228641430-content\" class=\"accordion-inner\" aria-labelledby=\"accordion-228641430-label\">\n\t\t\t\n\n\t<div class=\"img has-hover x md-x lg-x y md-y lg-y\" id=\"image_248025235\">\n\t\t\t\t\t\t\t\t<div class=\"img-inner dark\" >\n\t\t\t<img loading=\"lazy\" decoding=\"async\" width=\"1020\" height=\"721\" src=\"https:\/\/hallelux.se\/wp-content\/uploads\/2020\/01\/SB-1024x724.png\" class=\"attachment-large size-large\" alt=\"\" srcset=\"https:\/\/hallelux.se\/wp-content\/uploads\/2020\/01\/SB-1024x724.png 1024w, https:\/\/hallelux.se\/wp-content\/uploads\/2020\/01\/SB-300x212.png 300w, https:\/\/hallelux.se\/wp-content\/uploads\/2020\/01\/SB-768x543.png 768w, https:\/\/hallelux.se\/wp-content\/uploads\/2020\/01\/SB.png 1260w\" sizes=\"auto, (max-width: 1020px) 100vw, 1020px\" \/>\t\t\t\t\t\t\n\t\t\t\t\t<\/div>\n\t\t\t\t\t\t\t\t\n<style>\n#image_248025235 {\n  width: 100%;\n}\n<\/style>\n\t<\/div>\n\t\n\n\n\t\t<\/div>\n\t<\/div>\n\t\n\t<div id=\"accordion-915579456\" class=\"accordion-item\">\n\t\t<a id=\"accordion-915579456-label\" class=\"accordion-title plain\" href=\"#accordion-item-sinus-45-nr-kat.-ol\" aria-expanded=\"false\" aria-controls=\"accordion-915579456-content\">\n\t\t\t<button class=\"toggle\" aria-label=\"Prze\u0142\u0105cznik\"><i class=\"icon-angle-down\" aria-hidden=\"true\"><\/i><\/button>\n\t\t\t<span>Sinus 45 Nr kat. OL<\/span>\n\t\t<\/a>\n\t\t<div id=\"accordion-915579456-content\" class=\"accordion-inner\" aria-labelledby=\"accordion-915579456-label\">\n\t\t\t\n\n\t<div class=\"img has-hover x md-x lg-x y md-y lg-y\" id=\"image_113699281\">\n\t\t\t\t\t\t\t\t<div class=\"img-inner dark\" >\n\t\t\t<img loading=\"lazy\" decoding=\"async\" width=\"1020\" height=\"713\" src=\"https:\/\/hallelux.se\/wp-content\/uploads\/2020\/01\/OL-1-1024x716.png\" class=\"attachment-large size-large\" alt=\"\" srcset=\"https:\/\/hallelux.se\/wp-content\/uploads\/2020\/01\/OL-1-1024x716.png 1024w, https:\/\/hallelux.se\/wp-content\/uploads\/2020\/01\/OL-1-300x210.png 300w, https:\/\/hallelux.se\/wp-content\/uploads\/2020\/01\/OL-1-768x537.png 768w, https:\/\/hallelux.se\/wp-content\/uploads\/2020\/01\/OL-1.png 1270w\" sizes=\"auto, (max-width: 1020px) 100vw, 1020px\" \/>\t\t\t\t\t\t\n\t\t\t\t\t<\/div>\n\t\t\t\t\t\t\t\t\n<style>\n#image_113699281 {\n  width: 100%;\n}\n<\/style>\n\t<\/div>\n\t\n\n\n\t\t<\/div>\n\t<\/div>\n\t\n\t<div id=\"accordion-317229400\" class=\"accordion-item\">\n\t\t<a id=\"accordion-317229400-label\" class=\"accordion-title plain\" href=\"#accordion-item-tr-18-nr-kat.-em\" aria-expanded=\"false\" aria-controls=\"accordion-317229400-content\">\n\t\t\t<button class=\"toggle\" aria-label=\"Prze\u0142\u0105cznik\"><i class=\"icon-angle-down\" aria-hidden=\"true\"><\/i><\/button>\n\t\t\t<span>TR 18 Nr kat. EM<\/span>\n\t\t<\/a>\n\t\t<div id=\"accordion-317229400-content\" class=\"accordion-inner\" aria-labelledby=\"accordion-317229400-label\">\n\t\t\t\n\n\t<div class=\"img has-hover x md-x lg-x y md-y lg-y\" id=\"image_1058236399\">\n\t\t\t\t\t\t\t\t<div class=\"img-inner dark\" >\n\t\t\t<img loading=\"lazy\" decoding=\"async\" width=\"1020\" height=\"714\" src=\"https:\/\/hallelux.se\/wp-content\/uploads\/2020\/01\/EM-1024x717.png\" class=\"attachment-large size-large\" alt=\"\" srcset=\"https:\/\/hallelux.se\/wp-content\/uploads\/2020\/01\/EM-1024x717.png 1024w, https:\/\/hallelux.se\/wp-content\/uploads\/2020\/01\/EM-300x210.png 300w, https:\/\/hallelux.se\/wp-content\/uploads\/2020\/01\/EM-768x538.png 768w, https:\/\/hallelux.se\/wp-content\/uploads\/2020\/01\/EM.png 1264w\" sizes=\"auto, (max-width: 1020px) 100vw, 1020px\" \/>\t\t\t\t\t\t\n\t\t\t\t\t<\/div>\n\t\t\t\t\t\t\t\t\n<style>\n#image_1058236399 {\n  width: 100%;\n}\n<\/style>\n\t<\/div>\n\t\n\n\n\t\t<\/div>\n\t<\/div>\n\t\n\t<div id=\"accordion-2810645572\" class=\"accordion-item\">\n\t\t<a id=\"accordion-2810645572-label\" class=\"accordion-title plain\" href=\"#accordion-item-tr-20-nr-kat.-ba\" aria-expanded=\"false\" aria-controls=\"accordion-2810645572-content\">\n\t\t\t<button class=\"toggle\" aria-label=\"Prze\u0142\u0105cznik\"><i class=\"icon-angle-down\" aria-hidden=\"true\"><\/i><\/button>\n\t\t\t<span>TR 20 Nr kat. BA<\/span>\n\t\t<\/a>\n\t\t<div id=\"accordion-2810645572-content\" class=\"accordion-inner\" aria-labelledby=\"accordion-2810645572-label\">\n\t\t\t\n\n\t<div class=\"img has-hover x md-x lg-x y md-y lg-y\" id=\"image_267373151\">\n\t\t\t\t\t\t\t\t<div class=\"img-inner dark\" >\n\t\t\t<img loading=\"lazy\" decoding=\"async\" width=\"1020\" height=\"708\" src=\"https:\/\/hallelux.se\/wp-content\/uploads\/2020\/01\/BA-1024x711.png\" class=\"attachment-large size-large\" alt=\"\" srcset=\"https:\/\/hallelux.se\/wp-content\/uploads\/2020\/01\/BA-1024x711.png 1024w, https:\/\/hallelux.se\/wp-content\/uploads\/2020\/01\/BA-300x208.png 300w, https:\/\/hallelux.se\/wp-content\/uploads\/2020\/01\/BA-768x533.png 768w, https:\/\/hallelux.se\/wp-content\/uploads\/2020\/01\/BA.png 1263w\" sizes=\"auto, (max-width: 1020px) 100vw, 1020px\" \/>\t\t\t\t\t\t\n\t\t\t\t\t<\/div>\n\t\t\t\t\t\t\t\t\n<style>\n#image_267373151 {\n  width: 100%;\n}\n<\/style>\n\t<\/div>\n\t\n\n\n\t\t<\/div>\n\t<\/div>\n\t\n\t<div id=\"accordion-2344351642\" class=\"accordion-item\">\n\t\t<a id=\"accordion-2344351642-label\" class=\"accordion-title plain\" href=\"#accordion-item-tr-35-nr-kat.-bd\" aria-expanded=\"false\" aria-controls=\"accordion-2344351642-content\">\n\t\t\t<button class=\"toggle\" aria-label=\"Prze\u0142\u0105cznik\"><i class=\"icon-angle-down\" aria-hidden=\"true\"><\/i><\/button>\n\t\t\t<span>TR 35 Nr kat. BD<\/span>\n\t\t<\/a>\n\t\t<div id=\"accordion-2344351642-content\" class=\"accordion-inner\" aria-labelledby=\"accordion-2344351642-label\">\n\t\t\t\n\n\t<div class=\"img has-hover x md-x lg-x y md-y lg-y\" id=\"image_569990913\">\n\t\t\t\t\t\t\t\t<div class=\"img-inner dark\" >\n\t\t\t<img loading=\"lazy\" decoding=\"async\" width=\"1020\" height=\"711\" src=\"https:\/\/hallelux.se\/wp-content\/uploads\/2020\/01\/BD-1024x714.png\" class=\"attachment-large size-large\" alt=\"\" srcset=\"https:\/\/hallelux.se\/wp-content\/uploads\/2020\/01\/BD-1024x714.png 1024w, https:\/\/hallelux.se\/wp-content\/uploads\/2020\/01\/BD-300x209.png 300w, https:\/\/hallelux.se\/wp-content\/uploads\/2020\/01\/BD-768x535.png 768w, https:\/\/hallelux.se\/wp-content\/uploads\/2020\/01\/BD.png 1267w\" sizes=\"auto, (max-width: 1020px) 100vw, 1020px\" \/>\t\t\t\t\t\t\n\t\t\t\t\t<\/div>\n\t\t\t\t\t\t\t\t\n<style>\n#image_569990913 {\n  width: 100%;\n}\n<\/style>\n\t<\/div>\n\t\n\n\n\t\t<\/div>\n\t<\/div>\n\t\n\t<div id=\"accordion-596852647\" class=\"accordion-item\">\n\t\t<a id=\"accordion-596852647-label\" class=\"accordion-title plain\" href=\"#accordion-item-poliw\u0119glan-polisol-przezroczysty-\/przydymiony-\/-%20opalizuj\u0105cy\" aria-expanded=\"false\" aria-controls=\"accordion-596852647-content\">\n\t\t\t<button class=\"toggle\" aria-label=\"Prze\u0142\u0105cznik\"><i class=\"icon-angle-down\" aria-hidden=\"true\"><\/i><\/button>\n\t\t\t<span>Poliw\u0119glan Polisol przezroczysty \/przydymiony \/  opalizuj\u0105cy<\/span>\n\t\t<\/a>\n\t\t<div id=\"accordion-596852647-content\" class=\"accordion-inner\" aria-labelledby=\"accordion-596852647-label\">\n\t\t\t\n\n\t<div class=\"img has-hover x md-x lg-x y md-y lg-y\" id=\"image_1736137365\">\n\t\t\t\t\t\t\t\t<div class=\"img-inner dark\" >\n\t\t\t<img loading=\"lazy\" decoding=\"async\" width=\"927\" height=\"674\" src=\"https:\/\/hallelux.se\/wp-content\/uploads\/2020\/01\/Polysol.png\" class=\"attachment-large size-large\" alt=\"\" srcset=\"https:\/\/hallelux.se\/wp-content\/uploads\/2020\/01\/Polysol.png 927w, https:\/\/hallelux.se\/wp-content\/uploads\/2020\/01\/Polysol-300x218.png 300w, https:\/\/hallelux.se\/wp-content\/uploads\/2020\/01\/Polysol-768x558.png 768w\" sizes=\"auto, (max-width: 927px) 100vw, 927px\" \/>\t\t\t\t\t\t\n\t\t\t\t\t<\/div>\n\t\t\t\t\t\t\t\t\n<style>\n#image_1736137365 {\n  width: 100%;\n}\n<\/style>\n\t<\/div>\n\t\n\n\n\t\t<\/div>\n\t<\/div>\n\t\n\n<\/div>\n<div class=\"is-divider divider clearfix\" style=\"height:30px;background-color:rgba(0, 0, 0, 0);\"><\/div>\n\n\n<div class=\"wpcf7 no-js\" id=\"wpcf7-f6-o1\" lang=\"sv-SE\" dir=\"ltr\" data-wpcf7-id=\"6\">\n<div class=\"screen-reader-response\"><p role=\"status\" aria-live=\"polite\" aria-atomic=\"true\"><\/p> <ul><\/ul><\/div>\n<form action=\"\/pl\/wp-json\/wp\/v2\/pages\/933#wpcf7-f6-o1\" method=\"post\" class=\"wpcf7-form init\" aria-label=\"Kontaktformul\u00e4r\" novalidate=\"novalidate\" data-status=\"init\">\n<fieldset class=\"hidden-fields-container\"><input type=\"hidden\" name=\"_wpcf7\" value=\"6\" \/><input type=\"hidden\" name=\"_wpcf7_version\" value=\"6.1.5\" \/><input type=\"hidden\" name=\"_wpcf7_locale\" value=\"sv_SE\" \/><input type=\"hidden\" name=\"_wpcf7_unit_tag\" value=\"wpcf7-f6-o1\" \/><input type=\"hidden\" name=\"_wpcf7_container_post\" value=\"0\" \/><input type=\"hidden\" name=\"_wpcf7_posted_data_hash\" value=\"\" \/><input type=\"hidden\" name=\"_wpcf7_recaptcha_response\" value=\"\" \/>\n<\/fieldset>\n<p><label> Your Name<br \/>\n<span class=\"wpcf7-form-control-wrap\" data-name=\"your-name\"><input size=\"40\" maxlength=\"400\" class=\"wpcf7-form-control wpcf7-text wpcf7-validates-as-required\" aria-required=\"true\" aria-invalid=\"false\" value=\"\" type=\"text\" name=\"your-name\" \/><\/span> <\/label>\n<\/p>\n<p><label> Your Email Address<br \/>\n<span class=\"wpcf7-form-control-wrap\" data-name=\"your-email\"><input size=\"40\" maxlength=\"400\" class=\"wpcf7-form-control wpcf7-email wpcf7-validates-as-required wpcf7-text wpcf7-validates-as-email\" aria-required=\"true\" aria-invalid=\"false\" value=\"\" type=\"email\" name=\"your-email\" \/><\/span> <\/label>\n<\/p>\n<p><label> Your Message<br \/>\n<span class=\"wpcf7-form-control-wrap\" data-name=\"your-message\"><textarea cols=\"40\" rows=\"10\" maxlength=\"2000\" class=\"wpcf7-form-control wpcf7-textarea wpcf7-validates-as-required\" aria-required=\"true\" aria-invalid=\"false\" name=\"your-message\"><\/textarea><\/span> <\/label>\n<\/p>\n<p><input class=\"wpcf7-form-control wpcf7-submit has-spinner\" type=\"submit\" value=\"Send message\" \/>\n<\/p><div class=\"wpcf7-response-output\" aria-hidden=\"true\"><\/div>\n<\/form>\n<\/div>\n\n\n\n","protected":false},"excerpt":{"rendered":"","protected":false},"author":1,"featured_media":0,"parent":0,"menu_order":0,"comment_status":"closed","ping_status":"closed","template":"","meta":{"footnotes":""},"class_list":["post-933","page","type-page","status-publish","hentry"],"_links":{"self":[{"href":"https:\/\/hallelux.se\/pl\/wp-json\/wp\/v2\/pages\/933","targetHints":{"allow":["GET"]}}],"collection":[{"href":"https:\/\/hallelux.se\/pl\/wp-json\/wp\/v2\/pages"}],"about":[{"href":"https:\/\/hallelux.se\/pl\/wp-json\/wp\/v2\/types\/page"}],"author":[{"embeddable":true,"href":"https:\/\/hallelux.se\/pl\/wp-json\/wp\/v2\/users\/1"}],"replies":[{"embeddable":true,"href":"https:\/\/hallelux.se\/pl\/wp-json\/wp\/v2\/comments?post=933"}],"version-history":[{"count":0,"href":"https:\/\/hallelux.se\/pl\/wp-json\/wp\/v2\/pages\/933\/revisions"}],"wp:attachment":[{"href":"https:\/\/hallelux.se\/pl\/wp-json\/wp\/v2\/media?parent=933"}],"curies":[{"name":"wp","href":"https:\/\/api.w.org\/{rel}","templated":true}]}}