{"id":931,"date":"2020-03-24T18:17:13","date_gmt":"2020-03-24T17:17:13","guid":{"rendered":"https:\/\/hallelux.se\/hallelux-balexmetal\/"},"modified":"2022-01-03T09:12:08","modified_gmt":"2022-01-03T08:12:08","slug":"hallelux-balexmetal","status":"publish","type":"page","link":"https:\/\/hallelux.se\/pl\/hallelux-balexmetal\/","title":{"rendered":"Hallelux &#8211; BalexMetal"},"content":{"rendered":"\n\n\t<section class=\"section\" id=\"section_175312094\">\n\t\t<div class=\"section-bg fill\" >\n\t\t\t\t\t\t\t\t\t<div class=\"section-bg-overlay absolute fill\"><\/div>\n\t\t\t\n\n\t\t<\/div>\n\n\t\t\n\n\t\t<div class=\"section-content relative\">\n\t\t\t\n\n<div class=\"row row-large\"  id=\"row-886837091\">\n\n\n\t<div id=\"col-441212677\" class=\"col medium-6 small-12 large-6\"  >\n\t\t\t\t<div class=\"col-inner\"  >\n\t\t\t\n\t\t\t\n\n\t<div class=\"img has-hover x md-x lg-x y md-y lg-y\" id=\"image_1385167963\">\n\t\t\t\t\t\t\t\t<div class=\"img-inner dark\" >\n\t\t\t<img loading=\"lazy\" decoding=\"async\" width=\"1020\" height=\"1020\" src=\"https:\/\/hallelux.se\/wp-content\/uploads\/2020\/01\/balex_bild_halle_high-1024x1024.jpg\" class=\"attachment-large size-large\" alt=\"\" srcset=\"https:\/\/hallelux.se\/wp-content\/uploads\/2020\/01\/balex_bild_halle_high-1024x1024.jpg 1024w, https:\/\/hallelux.se\/wp-content\/uploads\/2020\/01\/balex_bild_halle_high-300x300.jpg 300w, https:\/\/hallelux.se\/wp-content\/uploads\/2020\/01\/balex_bild_halle_high-150x150.jpg 150w, https:\/\/hallelux.se\/wp-content\/uploads\/2020\/01\/balex_bild_halle_high-768x768.jpg 768w, https:\/\/hallelux.se\/wp-content\/uploads\/2020\/01\/balex_bild_halle_high-1536x1536.jpg 1536w, https:\/\/hallelux.se\/wp-content\/uploads\/2020\/01\/balex_bild_halle_high.jpg 1800w\" sizes=\"auto, (max-width: 1020px) 100vw, 1020px\" \/>\t\t\t\t\t\t\n\t\t\t\t\t<\/div>\n\t\t\t\t\t\t\t\t\n<style>\n#image_1385167963 {\n  width: 100%;\n}\n<\/style>\n\t<\/div>\n\t\n\n\n\t\t<\/div>\n\t\t\t\t\t<\/div>\n\n\t\n\n\t<div id=\"col-589582875\" class=\"col medium-6 small-12 large-6\"  >\n\t\t\t\t<div class=\"col-inner text-left\"  >\n\t\t\t\n\t\t\t\n\n<h1>BalexMetal \u2013 Powierzchnie otwarte na \u015bwiat\u0142o dzienne GRP (Glass reinforced Plastic)<\/h1>\n\n<p>Halle ju\u017c od d\u0142ugiego czasu prowadzi wsp\u00f3\u0142prac\u0119 z firm\u0105 BalexMetal i ju\u017c od lat 60-tych firma nasza dostarcza powierzchni otwartych na \u015bwiat\u0142o dzienne do ich system\u00f3w konstrukcyjnych na terenie ca\u0142ej Europy.<\/p>\n\n<p>Je\u017celi Pa\u0144stwo nie znajd\u0105 swojego profilu w poni\u017cszej tabeli, prosimy nas o tym poinformowa\u0107, a my b\u0119dziemy mogli sprawdzi\u0107, czy mo\u017ce ju\u017c teraz go mamy, albo czy nowe narz\u0119dzie do profilowania mamy zamiar opracowa\u0107.<\/p>\n\n<p>Mo\u017cna uzyska\u0107 nast\u0119puj\u0105ce profile:<\/p>\n\n<ul>\n<li>Ze zbrojenie\/m kw. 375 g \/ 450 g \/ 900 g \/ 1200 g<\/li>\n<li>Barwione na dowolny kolor z palety RAL<\/li>\n<li>Z ochron\u0105 przed kondesacj\u0105 pary wodnej<\/li>\n<\/ul>\n\n\t\t<\/div>\n\t\t\t\t\t<\/div>\n\n\t\n\n<\/div>\n\n\t\t<\/div>\n\n\t\t\n<style>\n#section_175312094 {\n  padding-top: 60px;\n  padding-bottom: 60px;\n  background-color: rgb(193, 193, 193);\n}\n#section_175312094 .section-bg-overlay {\n  background-color: rgba(255, 255, 255, 0.85);\n}\n<\/style>\n\t<\/section>\n\t\n<div class=\"accordion\">\n\n\t<div id=\"accordion-1650463543\" class=\"accordion-item\">\n\t\t<a id=\"accordion-1650463543-label\" class=\"accordion-title plain\" href=\"#accordion-item-balex-btd-18-%20-%20-nr-kat.-%20-%20-im\" aria-expanded=\"false\" aria-controls=\"accordion-1650463543-content\">\n\t\t\t<button class=\"toggle\" aria-label=\"Prze\u0142\u0105cznik\"><i class=\"icon-angle-down\" aria-hidden=\"true\"><\/i><\/button>\n\t\t\t<span>Balex BTD 18     Nr kat.     IM<\/span>\n\t\t<\/a>\n\t\t<div id=\"accordion-1650463543-content\" class=\"accordion-inner\" aria-labelledby=\"accordion-1650463543-label\">\n\t\t\t\n\n\t<div class=\"img has-hover x md-x lg-x y md-y lg-y\" id=\"image_1170222709\">\n\t\t\t\t\t\t\t\t<div class=\"img-inner dark\" >\n\t\t\t<img loading=\"lazy\" decoding=\"async\" width=\"1020\" height=\"714\" src=\"https:\/\/hallelux.se\/wp-content\/uploads\/2020\/01\/IM-1024x717.png\" class=\"attachment-large size-large\" alt=\"\" srcset=\"https:\/\/hallelux.se\/wp-content\/uploads\/2020\/01\/IM-1024x717.png 1024w, https:\/\/hallelux.se\/wp-content\/uploads\/2020\/01\/IM-300x210.png 300w, https:\/\/hallelux.se\/wp-content\/uploads\/2020\/01\/IM-768x538.png 768w, https:\/\/hallelux.se\/wp-content\/uploads\/2020\/01\/IM.png 1262w\" sizes=\"auto, (max-width: 1020px) 100vw, 1020px\" \/>\t\t\t\t\t\t\n\t\t\t\t\t<\/div>\n\t\t\t\t\t\t\t\t\n<style>\n#image_1170222709 {\n  width: 100%;\n}\n<\/style>\n\t<\/div>\n\t\n\n\t<div class=\"img has-hover x md-x lg-x y md-y lg-y\" id=\"image_515636857\">\n\t\t\t\t\t\t\t\t<div class=\"img-inner dark\" >\n\t\t\t\t\t\t\t\t\t\n\t\t\t\t\t<\/div>\n\t\t\t\t\t\t\t\t\n<style>\n#image_515636857 {\n  width: 100%;\n}\n<\/style>\n\t<\/div>\n\t\n\n\n\t\t<\/div>\n\t<\/div>\n\t\n\t<div id=\"accordion-190104844\" class=\"accordion-item\">\n\t\t<a id=\"accordion-190104844-label\" class=\"accordion-title plain\" href=\"#accordion-item-balex-bp-20-nr-kat.-rm\" aria-expanded=\"false\" aria-controls=\"accordion-190104844-content\">\n\t\t\t<button class=\"toggle\" aria-label=\"Prze\u0142\u0105cznik\"><i class=\"icon-angle-down\" aria-hidden=\"true\"><\/i><\/button>\n\t\t\t<span>Balex BP 20 Nr kat. RM<\/span>\n\t\t<\/a>\n\t\t<div id=\"accordion-190104844-content\" class=\"accordion-inner\" aria-labelledby=\"accordion-190104844-label\">\n\t\t\t\n\n\t<div class=\"img has-hover x md-x lg-x y md-y lg-y\" id=\"image_640488126\">\n\t\t\t\t\t\t\t\t<div class=\"img-inner dark\" >\n\t\t\t<img loading=\"lazy\" decoding=\"async\" width=\"1020\" height=\"212\" src=\"https:\/\/hallelux.se\/wp-content\/uploads\/2020\/01\/RM_neutral-1024x213.png\" class=\"attachment-large size-large\" alt=\"\" srcset=\"https:\/\/hallelux.se\/wp-content\/uploads\/2020\/01\/RM_neutral-1024x213.png 1024w, https:\/\/hallelux.se\/wp-content\/uploads\/2020\/01\/RM_neutral-300x62.png 300w, https:\/\/hallelux.se\/wp-content\/uploads\/2020\/01\/RM_neutral-768x160.png 768w, https:\/\/hallelux.se\/wp-content\/uploads\/2020\/01\/RM_neutral.png 1066w\" sizes=\"auto, (max-width: 1020px) 100vw, 1020px\" \/>\t\t\t\t\t\t\n\t\t\t\t\t<\/div>\n\t\t\t\t\t\t\t\t\n<style>\n#image_640488126 {\n  width: 100%;\n}\n<\/style>\n\t<\/div>\n\t\n\n\t<div class=\"img has-hover x md-x lg-x y md-y lg-y\" id=\"image_303285683\">\n\t\t\t\t\t\t\t\t<div class=\"img-inner dark\" >\n\t\t\t\t\t\t\t\t\t\n\t\t\t\t\t<\/div>\n\t\t\t\t\t\t\t\t\n<style>\n#image_303285683 {\n  width: 100%;\n}\n<\/style>\n\t<\/div>\n\t\n\n\n\t\t<\/div>\n\t<\/div>\n\t\n\t<div id=\"accordion-1215972479\" class=\"accordion-item\">\n\t\t<a id=\"accordion-1215972479-label\" class=\"accordion-title plain\" href=\"#accordion-item-balex-bm-35-nr-kat.-dr\" aria-expanded=\"false\" aria-controls=\"accordion-1215972479-content\">\n\t\t\t<button class=\"toggle\" aria-label=\"Prze\u0142\u0105cznik\"><i class=\"icon-angle-down\" aria-hidden=\"true\"><\/i><\/button>\n\t\t\t<span>Balex BM 35 Nr kat. DR<\/span>\n\t\t<\/a>\n\t\t<div id=\"accordion-1215972479-content\" class=\"accordion-inner\" aria-labelledby=\"accordion-1215972479-label\">\n\t\t\t\n\n\t<div class=\"img has-hover x md-x lg-x y md-y lg-y\" id=\"image_873424905\">\n\t\t\t\t\t\t\t\t<div class=\"img-inner dark\" >\n\t\t\t<img loading=\"lazy\" decoding=\"async\" width=\"1020\" height=\"715\" src=\"https:\/\/hallelux.se\/wp-content\/uploads\/2020\/01\/DR-1024x718.png\" class=\"attachment-large size-large\" alt=\"\" srcset=\"https:\/\/hallelux.se\/wp-content\/uploads\/2020\/01\/DR-1024x718.png 1024w, https:\/\/hallelux.se\/wp-content\/uploads\/2020\/01\/DR-300x210.png 300w, https:\/\/hallelux.se\/wp-content\/uploads\/2020\/01\/DR-768x539.png 768w, https:\/\/hallelux.se\/wp-content\/uploads\/2020\/01\/DR.png 1265w\" sizes=\"auto, (max-width: 1020px) 100vw, 1020px\" \/>\t\t\t\t\t\t\n\t\t\t\t\t<\/div>\n\t\t\t\t\t\t\t\t\n<style>\n#image_873424905 {\n  width: 100%;\n}\n<\/style>\n\t<\/div>\n\t\n\n\t<div class=\"img has-hover x md-x lg-x y md-y lg-y\" id=\"image_298174820\">\n\t\t\t\t\t\t\t\t<div class=\"img-inner dark\" >\n\t\t\t\t\t\t\t\t\t\n\t\t\t\t\t<\/div>\n\t\t\t\t\t\t\t\t\n<style>\n#image_298174820 {\n  width: 100%;\n}\n<\/style>\n\t<\/div>\n\t\n\n\n\t\t<\/div>\n\t<\/div>\n\t\n\t<div id=\"accordion-952772249\" class=\"accordion-item\">\n\t\t<a id=\"accordion-952772249-label\" class=\"accordion-title plain\" href=\"#accordion-item-balex-btd-s-35-nr-kat.-il\" aria-expanded=\"false\" aria-controls=\"accordion-952772249-content\">\n\t\t\t<button class=\"toggle\" aria-label=\"Prze\u0142\u0105cznik\"><i class=\"icon-angle-down\" aria-hidden=\"true\"><\/i><\/button>\n\t\t\t<span>Balex BTD S 35 Nr kat. IL<\/span>\n\t\t<\/a>\n\t\t<div id=\"accordion-952772249-content\" class=\"accordion-inner\" aria-labelledby=\"accordion-952772249-label\">\n\t\t\t\n\n\t<div class=\"img has-hover x md-x lg-x y md-y lg-y\" id=\"image_1362546348\">\n\t\t\t\t\t\t\t\t<div class=\"img-inner dark\" >\n\t\t\t<img loading=\"lazy\" decoding=\"async\" width=\"1020\" height=\"228\" src=\"https:\/\/hallelux.se\/wp-content\/uploads\/2020\/01\/IL_neutral-1024x229.png\" class=\"attachment-large size-large\" alt=\"\" srcset=\"https:\/\/hallelux.se\/wp-content\/uploads\/2020\/01\/IL_neutral-1024x229.png 1024w, https:\/\/hallelux.se\/wp-content\/uploads\/2020\/01\/IL_neutral-300x67.png 300w, https:\/\/hallelux.se\/wp-content\/uploads\/2020\/01\/IL_neutral-768x171.png 768w, https:\/\/hallelux.se\/wp-content\/uploads\/2020\/01\/IL_neutral.png 1048w\" sizes=\"auto, (max-width: 1020px) 100vw, 1020px\" \/>\t\t\t\t\t\t\n\t\t\t\t\t<\/div>\n\t\t\t\t\t\t\t\t\n<style>\n#image_1362546348 {\n  width: 100%;\n}\n<\/style>\n\t<\/div>\n\t\n\n\t<div class=\"img has-hover x md-x lg-x y md-y lg-y\" id=\"image_623038042\">\n\t\t\t\t\t\t\t\t<div class=\"img-inner dark\" >\n\t\t\t\t\t\t\t\t\t\n\t\t\t\t\t<\/div>\n\t\t\t\t\t\t\t\t\n<style>\n#image_623038042 {\n  width: 100%;\n}\n<\/style>\n\t<\/div>\n\t\n\n\n\t\t<\/div>\n\t<\/div>\n\t\n\t<div id=\"accordion-3107785245\" class=\"accordion-item\">\n\t\t<a id=\"accordion-3107785245-label\" class=\"accordion-title plain\" href=\"#accordion-item-balex-btd-45-nr-kat.-ik\" aria-expanded=\"false\" aria-controls=\"accordion-3107785245-content\">\n\t\t\t<button class=\"toggle\" aria-label=\"Prze\u0142\u0105cznik\"><i class=\"icon-angle-down\" aria-hidden=\"true\"><\/i><\/button>\n\t\t\t<span>Balex BTD 45 Nr kat. IK<\/span>\n\t\t<\/a>\n\t\t<div id=\"accordion-3107785245-content\" class=\"accordion-inner\" aria-labelledby=\"accordion-3107785245-label\">\n\t\t\t\n\n\t<div class=\"img has-hover x md-x lg-x y md-y lg-y\" id=\"image_876798136\">\n\t\t\t\t\t\t\t\t<div class=\"img-inner dark\" >\n\t\t\t<img loading=\"lazy\" decoding=\"async\" width=\"994\" height=\"256\" src=\"https:\/\/hallelux.se\/wp-content\/uploads\/2020\/01\/IK_neutral.png\" class=\"attachment-large size-large\" alt=\"\" srcset=\"https:\/\/hallelux.se\/wp-content\/uploads\/2020\/01\/IK_neutral.png 994w, https:\/\/hallelux.se\/wp-content\/uploads\/2020\/01\/IK_neutral-300x77.png 300w, https:\/\/hallelux.se\/wp-content\/uploads\/2020\/01\/IK_neutral-768x198.png 768w\" sizes=\"auto, (max-width: 994px) 100vw, 994px\" \/>\t\t\t\t\t\t\n\t\t\t\t\t<\/div>\n\t\t\t\t\t\t\t\t\n<style>\n#image_876798136 {\n  width: 100%;\n}\n<\/style>\n\t<\/div>\n\t\n\n\t<div class=\"img has-hover x md-x lg-x y md-y lg-y\" id=\"image_1683298725\">\n\t\t\t\t\t\t\t\t<div class=\"img-inner dark\" >\n\t\t\t\t\t\t\t\t\t\n\t\t\t\t\t<\/div>\n\t\t\t\t\t\t\t\t\n<style>\n#image_1683298725 {\n  width: 100%;\n}\n<\/style>\n\t<\/div>\n\t\n\n\n\t\t<\/div>\n\t<\/div>\n\t\n\t<div id=\"accordion-1319978331\" class=\"accordion-item\">\n\t\t<a id=\"accordion-1319978331-label\" class=\"accordion-title plain\" href=\"#accordion-item-poliw\u0119glan-polisol-przezroczysty\/-opalizuj\u0104cy\/-przydymiony\" aria-expanded=\"false\" aria-controls=\"accordion-1319978331-content\">\n\t\t\t<button class=\"toggle\" aria-label=\"Prze\u0142\u0105cznik\"><i class=\"icon-angle-down\" aria-hidden=\"true\"><\/i><\/button>\n\t\t\t<span>Poliw\u0119glan Polisol PRZEZROCZYSTY\/ OPALIZUJ\u0104CY\/ \nPRZYDYMIONY<\/span>\n\t\t<\/a>\n\t\t<div id=\"accordion-1319978331-content\" class=\"accordion-inner\" aria-labelledby=\"accordion-1319978331-label\">\n\t\t\t\n\n\t<div class=\"img has-hover x md-x lg-x y md-y lg-y\" id=\"image_979821304\">\n\t\t\t\t\t\t\t\t<div class=\"img-inner dark\" >\n\t\t\t<img loading=\"lazy\" decoding=\"async\" width=\"927\" height=\"674\" src=\"https:\/\/hallelux.se\/wp-content\/uploads\/2020\/01\/Polysol.png\" class=\"attachment-large size-large\" alt=\"\" srcset=\"https:\/\/hallelux.se\/wp-content\/uploads\/2020\/01\/Polysol.png 927w, https:\/\/hallelux.se\/wp-content\/uploads\/2020\/01\/Polysol-300x218.png 300w, https:\/\/hallelux.se\/wp-content\/uploads\/2020\/01\/Polysol-768x558.png 768w\" sizes=\"auto, (max-width: 927px) 100vw, 927px\" \/>\t\t\t\t\t\t\n\t\t\t\t\t<\/div>\n\t\t\t\t\t\t\t\t\n<style>\n#image_979821304 {\n  width: 100%;\n}\n<\/style>\n\t<\/div>\n\t\n\n\n\t\t<\/div>\n\t<\/div>\n\t\n\n<\/div>\n<div class=\"is-divider divider clearfix\" style=\"height:30px;background-color:rgba(0, 0, 0, 0);\"><\/div>\n\n\n<div class=\"wpcf7 no-js\" id=\"wpcf7-f6-o1\" lang=\"sv-SE\" dir=\"ltr\" data-wpcf7-id=\"6\">\n<div class=\"screen-reader-response\"><p role=\"status\" aria-live=\"polite\" aria-atomic=\"true\"><\/p> <ul><\/ul><\/div>\n<form action=\"\/pl\/wp-json\/wp\/v2\/pages\/931#wpcf7-f6-o1\" method=\"post\" class=\"wpcf7-form init\" aria-label=\"Kontaktformul\u00e4r\" novalidate=\"novalidate\" data-status=\"init\">\n<fieldset class=\"hidden-fields-container\"><input type=\"hidden\" name=\"_wpcf7\" value=\"6\" \/><input type=\"hidden\" name=\"_wpcf7_version\" value=\"6.1.5\" \/><input type=\"hidden\" name=\"_wpcf7_locale\" value=\"sv_SE\" \/><input type=\"hidden\" name=\"_wpcf7_unit_tag\" value=\"wpcf7-f6-o1\" \/><input type=\"hidden\" name=\"_wpcf7_container_post\" value=\"0\" \/><input type=\"hidden\" name=\"_wpcf7_posted_data_hash\" value=\"\" \/><input type=\"hidden\" name=\"_wpcf7_recaptcha_response\" value=\"\" \/>\n<\/fieldset>\n<p><label> Your Name<br \/>\n<span class=\"wpcf7-form-control-wrap\" data-name=\"your-name\"><input size=\"40\" maxlength=\"400\" class=\"wpcf7-form-control wpcf7-text wpcf7-validates-as-required\" aria-required=\"true\" aria-invalid=\"false\" value=\"\" type=\"text\" name=\"your-name\" \/><\/span> <\/label>\n<\/p>\n<p><label> Your Email Address<br \/>\n<span class=\"wpcf7-form-control-wrap\" data-name=\"your-email\"><input size=\"40\" maxlength=\"400\" class=\"wpcf7-form-control wpcf7-email wpcf7-validates-as-required wpcf7-text wpcf7-validates-as-email\" aria-required=\"true\" aria-invalid=\"false\" value=\"\" type=\"email\" name=\"your-email\" \/><\/span> <\/label>\n<\/p>\n<p><label> Your Message<br \/>\n<span class=\"wpcf7-form-control-wrap\" data-name=\"your-message\"><textarea cols=\"40\" rows=\"10\" maxlength=\"2000\" class=\"wpcf7-form-control wpcf7-textarea wpcf7-validates-as-required\" aria-required=\"true\" aria-invalid=\"false\" name=\"your-message\"><\/textarea><\/span> <\/label>\n<\/p>\n<p><input class=\"wpcf7-form-control wpcf7-submit has-spinner\" type=\"submit\" value=\"Send message\" \/>\n<\/p><div class=\"wpcf7-response-output\" aria-hidden=\"true\"><\/div>\n<\/form>\n<\/div>\n\n\n\n","protected":false},"excerpt":{"rendered":"","protected":false},"author":1,"featured_media":0,"parent":0,"menu_order":0,"comment_status":"closed","ping_status":"closed","template":"","meta":{"footnotes":""},"class_list":["post-931","page","type-page","status-publish","hentry"],"_links":{"self":[{"href":"https:\/\/hallelux.se\/pl\/wp-json\/wp\/v2\/pages\/931","targetHints":{"allow":["GET"]}}],"collection":[{"href":"https:\/\/hallelux.se\/pl\/wp-json\/wp\/v2\/pages"}],"about":[{"href":"https:\/\/hallelux.se\/pl\/wp-json\/wp\/v2\/types\/page"}],"author":[{"embeddable":true,"href":"https:\/\/hallelux.se\/pl\/wp-json\/wp\/v2\/users\/1"}],"replies":[{"embeddable":true,"href":"https:\/\/hallelux.se\/pl\/wp-json\/wp\/v2\/comments?post=931"}],"version-history":[{"count":0,"href":"https:\/\/hallelux.se\/pl\/wp-json\/wp\/v2\/pages\/931\/revisions"}],"wp:attachment":[{"href":"https:\/\/hallelux.se\/pl\/wp-json\/wp\/v2\/media?parent=931"}],"curies":[{"name":"wp","href":"https:\/\/api.w.org\/{rel}","templated":true}]}}