{"id":929,"date":"2020-03-24T18:17:12","date_gmt":"2020-03-24T17:17:12","guid":{"rendered":"https:\/\/hallelux.se\/hallelux-areco\/"},"modified":"2022-01-03T09:06:32","modified_gmt":"2022-01-03T08:06:32","slug":"hallelux-areco","status":"publish","type":"page","link":"https:\/\/hallelux.se\/pl\/hallelux-areco\/","title":{"rendered":"Hallelux &#8211; Areco"},"content":{"rendered":"\n\n\t<section class=\"section\" id=\"section_514662793\">\n\t\t<div class=\"section-bg fill\" >\n\t\t\t\t\t\t\t\t\t<div class=\"section-bg-overlay absolute fill\"><\/div>\n\t\t\t\n\n\t\t<\/div>\n\n\t\t\n\n\t\t<div class=\"section-content relative\">\n\t\t\t\n\n<div class=\"row row-large\"  id=\"row-1348599359\">\n\n\n\t<div id=\"col-1780196616\" class=\"col medium-6 small-12 large-6\"  >\n\t\t\t\t<div class=\"col-inner\"  >\n\t\t\t\n\t\t\t\n\n\t<div class=\"img has-hover x md-x lg-x y md-y lg-y\" id=\"image_434498573\">\n\t\t\t\t\t\t\t\t<div class=\"img-inner dark\" >\n\t\t\t<img loading=\"lazy\" decoding=\"async\" width=\"1020\" height=\"1020\" src=\"https:\/\/hallelux.se\/wp-content\/uploads\/2020\/01\/areco_bild_halle_high-1024x1024.jpg\" class=\"attachment-large size-large\" alt=\"\" srcset=\"https:\/\/hallelux.se\/wp-content\/uploads\/2020\/01\/areco_bild_halle_high-1024x1024.jpg 1024w, https:\/\/hallelux.se\/wp-content\/uploads\/2020\/01\/areco_bild_halle_high-300x300.jpg 300w, https:\/\/hallelux.se\/wp-content\/uploads\/2020\/01\/areco_bild_halle_high-150x150.jpg 150w, https:\/\/hallelux.se\/wp-content\/uploads\/2020\/01\/areco_bild_halle_high-768x768.jpg 768w, https:\/\/hallelux.se\/wp-content\/uploads\/2020\/01\/areco_bild_halle_high-1536x1536.jpg 1536w, https:\/\/hallelux.se\/wp-content\/uploads\/2020\/01\/areco_bild_halle_high.jpg 1800w\" sizes=\"auto, (max-width: 1020px) 100vw, 1020px\" \/>\t\t\t\t\t\t\n\t\t\t\t\t<\/div>\n\t\t\t\t\t\t\t\t\n<style>\n#image_434498573 {\n  width: 100%;\n}\n<\/style>\n\t<\/div>\n\t\n\n\n\t\t<\/div>\n\t\t\t\t\t<\/div>\n\n\t\n\n\t<div id=\"col-739350165\" class=\"col medium-6 small-12 large-6\"  >\n\t\t\t\t<div class=\"col-inner text-left\"  >\n\t\t\t\n\t\t\t\n\n<h1>Areco \u2013 Powierzchnie otwarte na \u015bwiat\u0142o dzienne GRP (Glass reinforced Plastic)<\/h1>\n\n<p>Halle ju\u017c od d\u0142ugiego czasu prowadzi wsp\u00f3\u0142prac\u0119 z firm\u0105 Areco i ju\u017c od lat 60-tych firma nasza dostarcza powierzchni otwartych na \u015bwiat\u0142o dzienne do ich system\u00f3w konstrukcyjnych na terenie ca\u0142ej Europy.<\/p>\n\n<p>Je\u017celi Pa\u0144stwo nie znajd\u0105 swojego profilu w poni\u017cszej tabeli, prosimy nas o tym poinformowa\u0107, a my b\u0119dziemy mogli sprawdzi\u0107, czy mo\u017ce ju\u017c teraz go mamy, albo czy nowe narz\u0119dzie do profilowania mamy zamiar opracowa\u0107.<\/p>\n\n<p>Mo\u017cna uzyska\u0107 nast\u0119puj\u0105ce profile:<\/p>\n\n<ul>\n<li>Ze zbrojenie\/m kw. 375 g \/ 450 g \/ 900 g \/ 1200 g<\/li>\n<li>Barwione na dowolny kolor z palety RAL<\/li>\n<li>Z ochron\u0105 przed kondesacj\u0105 pary wodnej<\/li>\n<\/ul>\n\n\t\t<\/div>\n\t\t\t\t\t<\/div>\n\n\t\n\n<\/div>\n\n\t\t<\/div>\n\n\t\t\n<style>\n#section_514662793 {\n  padding-top: 60px;\n  padding-bottom: 60px;\n  background-color: rgb(193, 193, 193);\n}\n#section_514662793 .section-bg-overlay {\n  background-color: rgba(255, 255, 255, 0.85);\n}\n<\/style>\n\t<\/section>\n\t\n<div class=\"accordion\">\n\n\t<div id=\"accordion-2414582474\" class=\"accordion-item\">\n\t\t<a id=\"accordion-2414582474-label\" class=\"accordion-title plain\" href=\"#accordion-item-areco-sinus-18-tak-(dach)-nr-kat.-%20halle-sb\" aria-expanded=\"false\" aria-controls=\"accordion-2414582474-content\">\n\t\t\t<button class=\"toggle\" aria-label=\"Prze\u0142\u0105cznik\"><i class=\"icon-angle-down\" aria-hidden=\"true\"><\/i><\/button>\n\t\t\t<span>Areco Sinus 18 Tak (dach) Nr kat.  Halle SB<\/span>\n\t\t<\/a>\n\t\t<div id=\"accordion-2414582474-content\" class=\"accordion-inner\" aria-labelledby=\"accordion-2414582474-label\">\n\t\t\t\n\n\t<div class=\"img has-hover x md-x lg-x y md-y lg-y\" id=\"image_2022509971\">\n\t\t\t\t\t\t\t\t<div class=\"img-inner dark\" >\n\t\t\t<img loading=\"lazy\" decoding=\"async\" width=\"1020\" height=\"721\" src=\"https:\/\/hallelux.se\/wp-content\/uploads\/2020\/01\/SB-2-1024x724.png\" class=\"attachment-large size-large\" alt=\"\" srcset=\"https:\/\/hallelux.se\/wp-content\/uploads\/2020\/01\/SB-2-1024x724.png 1024w, https:\/\/hallelux.se\/wp-content\/uploads\/2020\/01\/SB-2-300x212.png 300w, https:\/\/hallelux.se\/wp-content\/uploads\/2020\/01\/SB-2-768x543.png 768w, https:\/\/hallelux.se\/wp-content\/uploads\/2020\/01\/SB-2.png 1260w\" sizes=\"auto, (max-width: 1020px) 100vw, 1020px\" \/>\t\t\t\t\t\t\n\t\t\t\t\t<\/div>\n\t\t\t\t\t\t\t\t\n<style>\n#image_2022509971 {\n  width: 100%;\n}\n<\/style>\n\t<\/div>\n\t\n\n\t<div class=\"img has-hover x md-x lg-x y md-y lg-y\" id=\"image_729351578\">\n\t\t\t\t\t\t\t\t<div class=\"img-inner dark\" >\n\t\t\t\t\t\t\t\t\t\n\t\t\t\t\t<\/div>\n\t\t\t\t\t\t\t\t\n<style>\n#image_729351578 {\n  width: 100%;\n}\n<\/style>\n\t<\/div>\n\t\n\n\n\t\t<\/div>\n\t<\/div>\n\t\n\t<div id=\"accordion-2349726976\" class=\"accordion-item\">\n\t\t<a id=\"accordion-2349726976-label\" class=\"accordion-title plain\" href=\"#accordion-item-areco-sinus-18-v\u00e4gg-(\u015bciana)-nr-kat.-wc\" aria-expanded=\"false\" aria-controls=\"accordion-2349726976-content\">\n\t\t\t<button class=\"toggle\" aria-label=\"Prze\u0142\u0105cznik\"><i class=\"icon-angle-down\" aria-hidden=\"true\"><\/i><\/button>\n\t\t\t<span>Areco Sinus 18 V\u00e4gg (\u015bciana) Nr kat. WC<\/span>\n\t\t<\/a>\n\t\t<div id=\"accordion-2349726976-content\" class=\"accordion-inner\" aria-labelledby=\"accordion-2349726976-label\">\n\t\t\t\n\n\t<div class=\"img has-hover x md-x lg-x y md-y lg-y\" id=\"image_974909234\">\n\t\t\t\t\t\t\t\t<div class=\"img-inner dark\" >\n\t\t\t<img loading=\"lazy\" decoding=\"async\" width=\"1020\" height=\"714\" src=\"https:\/\/hallelux.se\/wp-content\/uploads\/2020\/01\/WC-1024x717.png\" class=\"attachment-large size-large\" alt=\"\" srcset=\"https:\/\/hallelux.se\/wp-content\/uploads\/2020\/01\/WC-1024x717.png 1024w, https:\/\/hallelux.se\/wp-content\/uploads\/2020\/01\/WC-300x210.png 300w, https:\/\/hallelux.se\/wp-content\/uploads\/2020\/01\/WC-768x538.png 768w, https:\/\/hallelux.se\/wp-content\/uploads\/2020\/01\/WC.png 1266w\" sizes=\"auto, (max-width: 1020px) 100vw, 1020px\" \/>\t\t\t\t\t\t\n\t\t\t\t\t<\/div>\n\t\t\t\t\t\t\t\t\n<style>\n#image_974909234 {\n  width: 100%;\n}\n<\/style>\n\t<\/div>\n\t\n\n\t<div class=\"img has-hover x md-x lg-x y md-y lg-y\" id=\"image_53173003\">\n\t\t\t\t\t\t\t\t<div class=\"img-inner dark\" >\n\t\t\t\t\t\t\t\t\t\n\t\t\t\t\t<\/div>\n\t\t\t\t\t\t\t\t\n<style>\n#image_53173003 {\n  width: 100%;\n}\n<\/style>\n\t<\/div>\n\t\n\n\n\t\t<\/div>\n\t<\/div>\n\t\n\t<div id=\"accordion-1567953756\" class=\"accordion-item\">\n\t\t<a id=\"accordion-1567953756-label\" class=\"accordion-title plain\" href=\"#accordion-item-areco-tp-18-%20nr-kat.-kx\" aria-expanded=\"false\" aria-controls=\"accordion-1567953756-content\">\n\t\t\t<button class=\"toggle\" aria-label=\"Prze\u0142\u0105cznik\"><i class=\"icon-angle-down\" aria-hidden=\"true\"><\/i><\/button>\n\t\t\t<span>Areco TP 18  Nr kat. KX<\/span>\n\t\t<\/a>\n\t\t<div id=\"accordion-1567953756-content\" class=\"accordion-inner\" aria-labelledby=\"accordion-1567953756-label\">\n\t\t\t\n\n\t<div class=\"img has-hover x md-x lg-x y md-y lg-y\" id=\"image_1800467751\">\n\t\t\t\t\t\t\t\t<div class=\"img-inner dark\" >\n\t\t\t<img loading=\"lazy\" decoding=\"async\" width=\"1020\" height=\"716\" src=\"https:\/\/hallelux.se\/wp-content\/uploads\/2020\/01\/KX-1024x719.png\" class=\"attachment-large size-large\" alt=\"\" srcset=\"https:\/\/hallelux.se\/wp-content\/uploads\/2020\/01\/KX-1024x719.png 1024w, https:\/\/hallelux.se\/wp-content\/uploads\/2020\/01\/KX-300x211.png 300w, https:\/\/hallelux.se\/wp-content\/uploads\/2020\/01\/KX-768x540.png 768w, https:\/\/hallelux.se\/wp-content\/uploads\/2020\/01\/KX.png 1271w\" sizes=\"auto, (max-width: 1020px) 100vw, 1020px\" \/>\t\t\t\t\t\t\n\t\t\t\t\t<\/div>\n\t\t\t\t\t\t\t\t\n<style>\n#image_1800467751 {\n  width: 100%;\n}\n<\/style>\n\t<\/div>\n\t\n\n\t<div class=\"img has-hover x md-x lg-x y md-y lg-y\" id=\"image_2088676601\">\n\t\t\t\t\t\t\t\t<div class=\"img-inner dark\" >\n\t\t\t\t\t\t\t\t\t\n\t\t\t\t\t<\/div>\n\t\t\t\t\t\t\t\t\n<style>\n#image_2088676601 {\n  width: 100%;\n}\n<\/style>\n\t<\/div>\n\t\n\n\n\t\t<\/div>\n\t<\/div>\n\t\n\t<div id=\"accordion-3921788366\" class=\"accordion-item\">\n\t\t<a id=\"accordion-3921788366-label\" class=\"accordion-title plain\" href=\"#accordion-item-areco-vp-18-nr-kat.-??\" aria-expanded=\"false\" aria-controls=\"accordion-3921788366-content\">\n\t\t\t<button class=\"toggle\" aria-label=\"Prze\u0142\u0105cznik\"><i class=\"icon-angle-down\" aria-hidden=\"true\"><\/i><\/button>\n\t\t\t<span>Areco VP 18 Nr kat. ??<\/span>\n\t\t<\/a>\n\t\t<div id=\"accordion-3921788366-content\" class=\"accordion-inner\" aria-labelledby=\"accordion-3921788366-label\">\n\t\t\t\n\n\n\t\t<\/div>\n\t<\/div>\n\t\n\t<div id=\"accordion-2718558307\" class=\"accordion-item\">\n\t\t<a id=\"accordion-2718558307-label\" class=\"accordion-title plain\" href=\"#accordion-item-areco-tp-20-nr-kat.-cc\" aria-expanded=\"false\" aria-controls=\"accordion-2718558307-content\">\n\t\t\t<button class=\"toggle\" aria-label=\"Prze\u0142\u0105cznik\"><i class=\"icon-angle-down\" aria-hidden=\"true\"><\/i><\/button>\n\t\t\t<span>Areco TP 20 Nr kat. CC<\/span>\n\t\t<\/a>\n\t\t<div id=\"accordion-2718558307-content\" class=\"accordion-inner\" aria-labelledby=\"accordion-2718558307-label\">\n\t\t\t\n\n\t<div class=\"img has-hover x md-x lg-x y md-y lg-y\" id=\"image_220637437\">\n\t\t\t\t\t\t\t\t<div class=\"img-inner dark\" >\n\t\t\t<img loading=\"lazy\" decoding=\"async\" width=\"1020\" height=\"706\" src=\"https:\/\/hallelux.se\/wp-content\/uploads\/2020\/01\/CC-1024x709.png\" class=\"attachment-large size-large\" alt=\"\" srcset=\"https:\/\/hallelux.se\/wp-content\/uploads\/2020\/01\/CC-1024x709.png 1024w, https:\/\/hallelux.se\/wp-content\/uploads\/2020\/01\/CC-300x208.png 300w, https:\/\/hallelux.se\/wp-content\/uploads\/2020\/01\/CC-768x532.png 768w, https:\/\/hallelux.se\/wp-content\/uploads\/2020\/01\/CC.png 1273w\" sizes=\"auto, (max-width: 1020px) 100vw, 1020px\" \/>\t\t\t\t\t\t\n\t\t\t\t\t<\/div>\n\t\t\t\t\t\t\t\t\n<style>\n#image_220637437 {\n  width: 100%;\n}\n<\/style>\n\t<\/div>\n\t\n\n\n\t\t<\/div>\n\t<\/div>\n\t\n\t<div id=\"accordion-3425247210\" class=\"accordion-item\">\n\t\t<a id=\"accordion-3425247210-label\" class=\"accordion-title plain\" href=\"#accordion-item-areco-vp-20-nr-kat.-cc\" aria-expanded=\"false\" aria-controls=\"accordion-3425247210-content\">\n\t\t\t<button class=\"toggle\" aria-label=\"Prze\u0142\u0105cznik\"><i class=\"icon-angle-down\" aria-hidden=\"true\"><\/i><\/button>\n\t\t\t<span>Areco VP 20 Nr kat. CC<\/span>\n\t\t<\/a>\n\t\t<div id=\"accordion-3425247210-content\" class=\"accordion-inner\" aria-labelledby=\"accordion-3425247210-label\">\n\t\t\t\n\n\t<div class=\"img has-hover x md-x lg-x y md-y lg-y\" id=\"image_1268219461\">\n\t\t\t\t\t\t\t\t<div class=\"img-inner dark\" >\n\t\t\t<img loading=\"lazy\" decoding=\"async\" width=\"1020\" height=\"706\" src=\"https:\/\/hallelux.se\/wp-content\/uploads\/2020\/01\/CC-1024x709.png\" class=\"attachment-large size-large\" alt=\"\" srcset=\"https:\/\/hallelux.se\/wp-content\/uploads\/2020\/01\/CC-1024x709.png 1024w, https:\/\/hallelux.se\/wp-content\/uploads\/2020\/01\/CC-300x208.png 300w, https:\/\/hallelux.se\/wp-content\/uploads\/2020\/01\/CC-768x532.png 768w, https:\/\/hallelux.se\/wp-content\/uploads\/2020\/01\/CC.png 1273w\" sizes=\"auto, (max-width: 1020px) 100vw, 1020px\" \/>\t\t\t\t\t\t\n\t\t\t\t\t<\/div>\n\t\t\t\t\t\t\t\t\n<style>\n#image_1268219461 {\n  width: 100%;\n}\n<\/style>\n\t<\/div>\n\t\n\n\n\t\t<\/div>\n\t<\/div>\n\t\n\t<div id=\"accordion-1316079945\" class=\"accordion-item\">\n\t\t<a id=\"accordion-1316079945-label\" class=\"accordion-title plain\" href=\"#accordion-item-areco-35-207-nr-kat.-ky\" aria-expanded=\"false\" aria-controls=\"accordion-1316079945-content\">\n\t\t\t<button class=\"toggle\" aria-label=\"Prze\u0142\u0105cznik\"><i class=\"icon-angle-down\" aria-hidden=\"true\"><\/i><\/button>\n\t\t\t<span>Areco 35-207 Nr kat. KY<\/span>\n\t\t<\/a>\n\t\t<div id=\"accordion-1316079945-content\" class=\"accordion-inner\" aria-labelledby=\"accordion-1316079945-label\">\n\t\t\t\n\n\t<div class=\"img has-hover x md-x lg-x y md-y lg-y\" id=\"image_1012377044\">\n\t\t\t\t\t\t\t\t<div class=\"img-inner dark\" >\n\t\t\t<img loading=\"lazy\" decoding=\"async\" width=\"1020\" height=\"708\" src=\"https:\/\/hallelux.se\/wp-content\/uploads\/2020\/01\/KY-1024x711.png\" class=\"attachment-large size-large\" alt=\"\" srcset=\"https:\/\/hallelux.se\/wp-content\/uploads\/2020\/01\/KY-1024x711.png 1024w, https:\/\/hallelux.se\/wp-content\/uploads\/2020\/01\/KY-300x208.png 300w, https:\/\/hallelux.se\/wp-content\/uploads\/2020\/01\/KY-768x533.png 768w, https:\/\/hallelux.se\/wp-content\/uploads\/2020\/01\/KY.png 1288w\" sizes=\"auto, (max-width: 1020px) 100vw, 1020px\" \/>\t\t\t\t\t\t\n\t\t\t\t\t<\/div>\n\t\t\t\t\t\t\t\t\n<style>\n#image_1012377044 {\n  width: 100%;\n}\n<\/style>\n\t<\/div>\n\t\n\n\n\t\t<\/div>\n\t<\/div>\n\t\n\t<div id=\"accordion-3363639692\" class=\"accordion-item\">\n\t\t<a id=\"accordion-3363639692-label\" class=\"accordion-title plain\" href=\"#accordion-item-areco-tp-35-nr-kat.-kw\" aria-expanded=\"false\" aria-controls=\"accordion-3363639692-content\">\n\t\t\t<button class=\"toggle\" aria-label=\"Prze\u0142\u0105cznik\"><i class=\"icon-angle-down\" aria-hidden=\"true\"><\/i><\/button>\n\t\t\t<span>Areco TP 35 Nr kat. KW<\/span>\n\t\t<\/a>\n\t\t<div id=\"accordion-3363639692-content\" class=\"accordion-inner\" aria-labelledby=\"accordion-3363639692-label\">\n\t\t\t\n\n\t<div class=\"img has-hover x md-x lg-x y md-y lg-y\" id=\"image_814489827\">\n\t\t\t\t\t\t\t\t<div class=\"img-inner dark\" >\n\t\t\t<img loading=\"lazy\" decoding=\"async\" width=\"1020\" height=\"715\" src=\"https:\/\/hallelux.se\/wp-content\/uploads\/2020\/01\/KW-1024x718.png\" class=\"attachment-large size-large\" alt=\"\" srcset=\"https:\/\/hallelux.se\/wp-content\/uploads\/2020\/01\/KW-1024x718.png 1024w, https:\/\/hallelux.se\/wp-content\/uploads\/2020\/01\/KW-300x210.png 300w, https:\/\/hallelux.se\/wp-content\/uploads\/2020\/01\/KW-768x538.png 768w, https:\/\/hallelux.se\/wp-content\/uploads\/2020\/01\/KW.png 1264w\" sizes=\"auto, (max-width: 1020px) 100vw, 1020px\" \/>\t\t\t\t\t\t\n\t\t\t\t\t<\/div>\n\t\t\t\t\t\t\t\t\n<style>\n#image_814489827 {\n  width: 100%;\n}\n<\/style>\n\t<\/div>\n\t\n\n\n\t\t<\/div>\n\t<\/div>\n\t\n\t<div id=\"accordion-4271226403\" class=\"accordion-item\">\n\t\t<a id=\"accordion-4271226403-label\" class=\"accordion-title plain\" href=\"#accordion-item-areco-vp-35-nr-kat.-kv\" aria-expanded=\"false\" aria-controls=\"accordion-4271226403-content\">\n\t\t\t<button class=\"toggle\" aria-label=\"Prze\u0142\u0105cznik\"><i class=\"icon-angle-down\" aria-hidden=\"true\"><\/i><\/button>\n\t\t\t<span>Areco VP 35 Nr kat. KV<\/span>\n\t\t<\/a>\n\t\t<div id=\"accordion-4271226403-content\" class=\"accordion-inner\" aria-labelledby=\"accordion-4271226403-label\">\n\t\t\t\n\n\t<div class=\"img has-hover x md-x lg-x y md-y lg-y\" id=\"image_1563061455\">\n\t\t\t\t\t\t\t\t<div class=\"img-inner dark\" >\n\t\t\t<img loading=\"lazy\" decoding=\"async\" width=\"1020\" height=\"720\" src=\"https:\/\/hallelux.se\/wp-content\/uploads\/2020\/01\/KV-1024x723.png\" class=\"attachment-large size-large\" alt=\"\" srcset=\"https:\/\/hallelux.se\/wp-content\/uploads\/2020\/01\/KV-1024x723.png 1024w, https:\/\/hallelux.se\/wp-content\/uploads\/2020\/01\/KV-300x212.png 300w, https:\/\/hallelux.se\/wp-content\/uploads\/2020\/01\/KV-768x542.png 768w, https:\/\/hallelux.se\/wp-content\/uploads\/2020\/01\/KV.png 1258w\" sizes=\"auto, (max-width: 1020px) 100vw, 1020px\" \/>\t\t\t\t\t\t\n\t\t\t\t\t<\/div>\n\t\t\t\t\t\t\t\t\n<style>\n#image_1563061455 {\n  width: 100%;\n}\n<\/style>\n\t<\/div>\n\t\n\n\n\t\t<\/div>\n\t<\/div>\n\t\n\t<div id=\"accordion-2458168939\" class=\"accordion-item\">\n\t\t<a id=\"accordion-2458168939-label\" class=\"accordion-title plain\" href=\"#accordion-item-areco-sinus-45-nr-kat.-ol\" aria-expanded=\"false\" aria-controls=\"accordion-2458168939-content\">\n\t\t\t<button class=\"toggle\" aria-label=\"Prze\u0142\u0105cznik\"><i class=\"icon-angle-down\" aria-hidden=\"true\"><\/i><\/button>\n\t\t\t<span>Areco Sinus 45 Nr kat. OL<\/span>\n\t\t<\/a>\n\t\t<div id=\"accordion-2458168939-content\" class=\"accordion-inner\" aria-labelledby=\"accordion-2458168939-label\">\n\t\t\t\n\n\t<div class=\"img has-hover x md-x lg-x y md-y lg-y\" id=\"image_826616631\">\n\t\t\t\t\t\t\t\t<div class=\"img-inner dark\" >\n\t\t\t<img loading=\"lazy\" decoding=\"async\" width=\"1020\" height=\"713\" src=\"https:\/\/hallelux.se\/wp-content\/uploads\/2020\/01\/OL-1024x716.png\" class=\"attachment-large size-large\" alt=\"\" srcset=\"https:\/\/hallelux.se\/wp-content\/uploads\/2020\/01\/OL-1024x716.png 1024w, https:\/\/hallelux.se\/wp-content\/uploads\/2020\/01\/OL-300x210.png 300w, https:\/\/hallelux.se\/wp-content\/uploads\/2020\/01\/OL-768x537.png 768w, https:\/\/hallelux.se\/wp-content\/uploads\/2020\/01\/OL.png 1270w\" sizes=\"auto, (max-width: 1020px) 100vw, 1020px\" \/>\t\t\t\t\t\t\n\t\t\t\t\t<\/div>\n\t\t\t\t\t\t\t\t\n<style>\n#image_826616631 {\n  width: 100%;\n}\n<\/style>\n\t<\/div>\n\t\n\n\n\t\t<\/div>\n\t<\/div>\n\t\n\t<div id=\"accordion-221556400\" class=\"accordion-item\">\n\t\t<a id=\"accordion-221556400-label\" class=\"accordion-title plain\" href=\"#accordion-item-areco-tp-45-nr-kat.-rn\" aria-expanded=\"false\" aria-controls=\"accordion-221556400-content\">\n\t\t\t<button class=\"toggle\" aria-label=\"Prze\u0142\u0105cznik\"><i class=\"icon-angle-down\" aria-hidden=\"true\"><\/i><\/button>\n\t\t\t<span>Areco TP 45 Nr kat. RN<\/span>\n\t\t<\/a>\n\t\t<div id=\"accordion-221556400-content\" class=\"accordion-inner\" aria-labelledby=\"accordion-221556400-label\">\n\t\t\t\n\n\t<div class=\"img has-hover x md-x lg-x y md-y lg-y\" id=\"image_152732398\">\n\t\t\t\t\t\t\t\t<div class=\"img-inner dark\" >\n\t\t\t<img loading=\"lazy\" decoding=\"async\" width=\"1020\" height=\"716\" src=\"https:\/\/hallelux.se\/wp-content\/uploads\/2020\/01\/RN-1024x719.png\" class=\"attachment-large size-large\" alt=\"\" srcset=\"https:\/\/hallelux.se\/wp-content\/uploads\/2020\/01\/RN-1024x719.png 1024w, https:\/\/hallelux.se\/wp-content\/uploads\/2020\/01\/RN-300x211.png 300w, https:\/\/hallelux.se\/wp-content\/uploads\/2020\/01\/RN-768x539.png 768w, https:\/\/hallelux.se\/wp-content\/uploads\/2020\/01\/RN.png 1268w\" sizes=\"auto, (max-width: 1020px) 100vw, 1020px\" \/>\t\t\t\t\t\t\n\t\t\t\t\t<\/div>\n\t\t\t\t\t\t\t\t\n<style>\n#image_152732398 {\n  width: 100%;\n}\n<\/style>\n\t<\/div>\n\t\n\n\n\t\t<\/div>\n\t<\/div>\n\t\n\t<div id=\"accordion-3307243324\" class=\"accordion-item\">\n\t\t<a id=\"accordion-3307243324-label\" class=\"accordion-title plain\" href=\"#accordion-item-areco-vp-45-nr-kat.-ks\" aria-expanded=\"false\" aria-controls=\"accordion-3307243324-content\">\n\t\t\t<button class=\"toggle\" aria-label=\"Prze\u0142\u0105cznik\"><i class=\"icon-angle-down\" aria-hidden=\"true\"><\/i><\/button>\n\t\t\t<span>Areco VP 45 Nr kat. KS<\/span>\n\t\t<\/a>\n\t\t<div id=\"accordion-3307243324-content\" class=\"accordion-inner\" aria-labelledby=\"accordion-3307243324-label\">\n\t\t\t\n\n\t<div class=\"img has-hover x md-x lg-x y md-y lg-y\" id=\"image_597900534\">\n\t\t\t\t\t\t\t\t<div class=\"img-inner dark\" >\n\t\t\t<img loading=\"lazy\" decoding=\"async\" width=\"1020\" height=\"713\" src=\"https:\/\/hallelux.se\/wp-content\/uploads\/2020\/01\/KS-1024x716.png\" class=\"attachment-large size-large\" alt=\"\" srcset=\"https:\/\/hallelux.se\/wp-content\/uploads\/2020\/01\/KS-1024x716.png 1024w, https:\/\/hallelux.se\/wp-content\/uploads\/2020\/01\/KS-300x210.png 300w, https:\/\/hallelux.se\/wp-content\/uploads\/2020\/01\/KS-768x537.png 768w, https:\/\/hallelux.se\/wp-content\/uploads\/2020\/01\/KS.png 1273w\" sizes=\"auto, (max-width: 1020px) 100vw, 1020px\" \/>\t\t\t\t\t\t\n\t\t\t\t\t<\/div>\n\t\t\t\t\t\t\t\t\n<style>\n#image_597900534 {\n  width: 100%;\n}\n<\/style>\n\t<\/div>\n\t\n\n\n\t\t<\/div>\n\t<\/div>\n\t\n\t<div id=\"accordion-3195796975\" class=\"accordion-item\">\n\t\t<a id=\"accordion-3195796975-label\" class=\"accordion-title plain\" href=\"#accordion-item-polisol-przezroczysty-\/-opalizuj\u0104cy-\/-przydymiony\" aria-expanded=\"false\" aria-controls=\"accordion-3195796975-content\">\n\t\t\t<button class=\"toggle\" aria-label=\"Prze\u0142\u0105cznik\"><i class=\"icon-angle-down\" aria-hidden=\"true\"><\/i><\/button>\n\t\t\t<span>Polisol PRZEZROCZYSTY \/ OPALIZUJ\u0104CY \/ PRZYDYMIONY<\/span>\n\t\t<\/a>\n\t\t<div id=\"accordion-3195796975-content\" class=\"accordion-inner\" aria-labelledby=\"accordion-3195796975-label\">\n\t\t\t\n\n\t<div class=\"img has-hover x md-x lg-x y md-y lg-y\" id=\"image_1923527701\">\n\t\t\t\t\t\t\t\t<div class=\"img-inner dark\" >\n\t\t\t<img loading=\"lazy\" decoding=\"async\" width=\"927\" height=\"674\" src=\"https:\/\/hallelux.se\/wp-content\/uploads\/2020\/01\/Polysol.png\" class=\"attachment-large size-large\" alt=\"\" srcset=\"https:\/\/hallelux.se\/wp-content\/uploads\/2020\/01\/Polysol.png 927w, https:\/\/hallelux.se\/wp-content\/uploads\/2020\/01\/Polysol-300x218.png 300w, https:\/\/hallelux.se\/wp-content\/uploads\/2020\/01\/Polysol-768x558.png 768w\" sizes=\"auto, (max-width: 927px) 100vw, 927px\" \/>\t\t\t\t\t\t\n\t\t\t\t\t<\/div>\n\t\t\t\t\t\t\t\t\n<style>\n#image_1923527701 {\n  width: 100%;\n}\n<\/style>\n\t<\/div>\n\t\n\n\n\t\t<\/div>\n\t<\/div>\n\t\n\n<\/div>\n<div class=\"is-divider divider clearfix\" style=\"height:30px;background-color:rgba(0, 0, 0, 0);\"><\/div>\n\n\n<div class=\"wpcf7 no-js\" id=\"wpcf7-f6-o1\" lang=\"sv-SE\" dir=\"ltr\" data-wpcf7-id=\"6\">\n<div class=\"screen-reader-response\"><p role=\"status\" aria-live=\"polite\" aria-atomic=\"true\"><\/p> <ul><\/ul><\/div>\n<form action=\"\/pl\/wp-json\/wp\/v2\/pages\/929#wpcf7-f6-o1\" method=\"post\" class=\"wpcf7-form init\" aria-label=\"Kontaktformul\u00e4r\" novalidate=\"novalidate\" data-status=\"init\">\n<fieldset class=\"hidden-fields-container\"><input type=\"hidden\" name=\"_wpcf7\" value=\"6\" \/><input type=\"hidden\" name=\"_wpcf7_version\" value=\"6.1.5\" \/><input type=\"hidden\" name=\"_wpcf7_locale\" value=\"sv_SE\" \/><input type=\"hidden\" name=\"_wpcf7_unit_tag\" value=\"wpcf7-f6-o1\" \/><input type=\"hidden\" name=\"_wpcf7_container_post\" value=\"0\" \/><input type=\"hidden\" name=\"_wpcf7_posted_data_hash\" value=\"\" \/><input type=\"hidden\" name=\"_wpcf7_recaptcha_response\" value=\"\" \/>\n<\/fieldset>\n<p><label> Your Name<br \/>\n<span class=\"wpcf7-form-control-wrap\" data-name=\"your-name\"><input size=\"40\" maxlength=\"400\" class=\"wpcf7-form-control wpcf7-text wpcf7-validates-as-required\" aria-required=\"true\" aria-invalid=\"false\" value=\"\" type=\"text\" name=\"your-name\" \/><\/span> <\/label>\n<\/p>\n<p><label> Your Email Address<br \/>\n<span class=\"wpcf7-form-control-wrap\" data-name=\"your-email\"><input size=\"40\" maxlength=\"400\" class=\"wpcf7-form-control wpcf7-email wpcf7-validates-as-required wpcf7-text wpcf7-validates-as-email\" aria-required=\"true\" aria-invalid=\"false\" value=\"\" type=\"email\" name=\"your-email\" \/><\/span> <\/label>\n<\/p>\n<p><label> Your Message<br \/>\n<span class=\"wpcf7-form-control-wrap\" data-name=\"your-message\"><textarea cols=\"40\" rows=\"10\" maxlength=\"2000\" class=\"wpcf7-form-control wpcf7-textarea wpcf7-validates-as-required\" aria-required=\"true\" aria-invalid=\"false\" name=\"your-message\"><\/textarea><\/span> <\/label>\n<\/p>\n<p><input class=\"wpcf7-form-control wpcf7-submit has-spinner\" type=\"submit\" value=\"Send message\" \/>\n<\/p><div class=\"wpcf7-response-output\" aria-hidden=\"true\"><\/div>\n<\/form>\n<\/div>\n\n\n\n","protected":false},"excerpt":{"rendered":"","protected":false},"author":1,"featured_media":0,"parent":0,"menu_order":0,"comment_status":"closed","ping_status":"closed","template":"","meta":{"footnotes":""},"class_list":["post-929","page","type-page","status-publish","hentry"],"_links":{"self":[{"href":"https:\/\/hallelux.se\/pl\/wp-json\/wp\/v2\/pages\/929","targetHints":{"allow":["GET"]}}],"collection":[{"href":"https:\/\/hallelux.se\/pl\/wp-json\/wp\/v2\/pages"}],"about":[{"href":"https:\/\/hallelux.se\/pl\/wp-json\/wp\/v2\/types\/page"}],"author":[{"embeddable":true,"href":"https:\/\/hallelux.se\/pl\/wp-json\/wp\/v2\/users\/1"}],"replies":[{"embeddable":true,"href":"https:\/\/hallelux.se\/pl\/wp-json\/wp\/v2\/comments?post=929"}],"version-history":[{"count":0,"href":"https:\/\/hallelux.se\/pl\/wp-json\/wp\/v2\/pages\/929\/revisions"}],"wp:attachment":[{"href":"https:\/\/hallelux.se\/pl\/wp-json\/wp\/v2\/media?parent=929"}],"curies":[{"name":"wp","href":"https:\/\/api.w.org\/{rel}","templated":true}]}}