{"id":927,"date":"2020-03-24T18:17:12","date_gmt":"2020-03-24T17:17:12","guid":{"rendered":"https:\/\/hallelux.se\/hallelux-arcelormittal\/"},"modified":"2021-12-22T10:20:05","modified_gmt":"2021-12-22T09:20:05","slug":"hallelux-arcelormittal","status":"publish","type":"page","link":"https:\/\/hallelux.se\/pl\/hallelux-arcelormittal\/","title":{"rendered":"Hallelux \u2013 Arcelormittal"},"content":{"rendered":"\n\n\t<section class=\"section\" id=\"section_829131769\">\n\t\t<div class=\"section-bg fill\" >\n\t\t\t\t\t\t\t\t\t<div class=\"section-bg-overlay absolute fill\"><\/div>\n\t\t\t\n\n\t\t<\/div>\n\n\t\t\n\n\t\t<div class=\"section-content relative\">\n\t\t\t\n\n<div class=\"row row-large\"  id=\"row-1758660654\">\n\n\n\t<div id=\"col-746800122\" class=\"col medium-6 small-12 large-6\"  >\n\t\t\t\t<div class=\"col-inner\"  >\n\t\t\t\n\t\t\t\n\n\t<div class=\"img has-hover x md-x lg-x y md-y lg-y\" id=\"image_554823921\">\n\t\t\t\t\t\t\t\t<div class=\"img-inner dark\" >\n\t\t\t<img loading=\"lazy\" decoding=\"async\" width=\"1020\" height=\"1020\" src=\"https:\/\/hallelux.se\/wp-content\/uploads\/2020\/01\/arcelor_bild_halle_high-1024x1024.jpg\" class=\"attachment-large size-large\" alt=\"\" srcset=\"https:\/\/hallelux.se\/wp-content\/uploads\/2020\/01\/arcelor_bild_halle_high-1024x1024.jpg 1024w, https:\/\/hallelux.se\/wp-content\/uploads\/2020\/01\/arcelor_bild_halle_high-300x300.jpg 300w, https:\/\/hallelux.se\/wp-content\/uploads\/2020\/01\/arcelor_bild_halle_high-150x150.jpg 150w, https:\/\/hallelux.se\/wp-content\/uploads\/2020\/01\/arcelor_bild_halle_high-768x768.jpg 768w, https:\/\/hallelux.se\/wp-content\/uploads\/2020\/01\/arcelor_bild_halle_high-1536x1536.jpg 1536w, https:\/\/hallelux.se\/wp-content\/uploads\/2020\/01\/arcelor_bild_halle_high.jpg 1800w\" sizes=\"auto, (max-width: 1020px) 100vw, 1020px\" \/>\t\t\t\t\t\t\n\t\t\t\t\t<\/div>\n\t\t\t\t\t\t\t\t\n<style>\n#image_554823921 {\n  width: 100%;\n}\n<\/style>\n\t<\/div>\n\t\n\n\n\t\t<\/div>\n\t\t\t\t\t<\/div>\n\n\t\n\n\t<div id=\"col-1483222805\" class=\"col medium-6 small-12 large-6\"  >\n\t\t\t\t<div class=\"col-inner text-left\"  >\n\t\t\t\n\t\t\t\n\n<h1>ArcelorMittal \u2013 Powierzchnie otwarte na \u015bwiat\u0142o dzienne GRP (Glass reinforced Plastic)<\/h1>\n\n<p>Halle ju\u017c od d\u0142ugiego czasu prowadzi wsp\u00f3\u0142prac\u0119 z firm\u0105 ArcelorMittal i ju\u017c od lat 60-tych firma nasza dostarcza powierzchni otwartych na \u015bwiat\u0142o dzienne do ich system\u00f3w konstrukcyjnych na terenie ca\u0142ej Europy.<\/p>\n\n<p>Je\u017celi Pa\u0144stwo nie znajd\u0105 swojego profilu w poni\u017cszej tabeli, prosimy nas o tym poinformowa\u0107, a my b\u0119dziemy mogli sprawdzi\u0107, czy mo\u017ce ju\u017c teraz go mamy, albo czy nowe narz\u0119dzie do profilowania mamy zamiar opracowa\u0107.<\/p>\n\n<p>Mo\u017cna uzyska\u0107 nast\u0119puj\u0105ce profile:<\/p>\n\n<ul>\n<li>Ze zbrojenie\/m kw.\u00a0 375 g \/ 450 g \/ 900 g \/ 1200 g<\/li>\n<li>Barwione na dowolny kolor z palety RAL<\/li>\n<li>Z ochron\u0105 przed kondesacj\u0105 pary wodnej<\/li>\n<\/ul>\n\n\t\t<\/div>\n\t\t\t\t\t<\/div>\n\n\t\n\n<\/div>\n\n\t\t<\/div>\n\n\t\t\n<style>\n#section_829131769 {\n  padding-top: 60px;\n  padding-bottom: 60px;\n  background-color: rgb(193, 193, 193);\n}\n#section_829131769 .section-bg-overlay {\n  background-color: rgba(255, 255, 255, 0.85);\n}\n<\/style>\n\t<\/section>\n\t\n<div class=\"accordion\">\n\n\t<div id=\"accordion-2378245356\" class=\"accordion-item\">\n\t\t<a id=\"accordion-2378245356-label\" class=\"accordion-title plain\" href=\"#accordion-item-arcelor-sinus-18-nr-kat.-sb\" aria-expanded=\"false\" aria-controls=\"accordion-2378245356-content\">\n\t\t\t<button class=\"toggle\" aria-label=\"Prze\u0142\u0105cznik\"><i class=\"icon-angle-down\" aria-hidden=\"true\"><\/i><\/button>\n\t\t\t<span>Arcelor Sinus 18 Nr kat. SB<\/span>\n\t\t<\/a>\n\t\t<div id=\"accordion-2378245356-content\" class=\"accordion-inner\" aria-labelledby=\"accordion-2378245356-label\">\n\t\t\t\n\n\t<div class=\"img has-hover x md-x lg-x y md-y lg-y\" id=\"image_664343894\">\n\t\t\t\t\t\t\t\t<div class=\"img-inner dark\" >\n\t\t\t<img loading=\"lazy\" decoding=\"async\" width=\"1020\" height=\"721\" src=\"https:\/\/hallelux.se\/wp-content\/uploads\/2019\/12\/SB-1-pdf-1024x724.jpg\" class=\"attachment-large size-large\" alt=\"\" \/>\t\t\t\t\t\t\n\t\t\t\t\t<\/div>\n\t\t\t\t\t\t\t\t\n<style>\n#image_664343894 {\n  width: 100%;\n}\n<\/style>\n\t<\/div>\n\t\n\n\n\t\t<\/div>\n\t<\/div>\n\t\n\t<div id=\"accordion-934107130\" class=\"accordion-item\">\n\t\t<a id=\"accordion-934107130-label\" class=\"accordion-title plain\" href=\"#accordion-item-arcelor-sinus-27-t-nr-kat.-tu\" aria-expanded=\"false\" aria-controls=\"accordion-934107130-content\">\n\t\t\t<button class=\"toggle\" aria-label=\"Prze\u0142\u0105cznik\"><i class=\"icon-angle-down\" aria-hidden=\"true\"><\/i><\/button>\n\t\t\t<span>Arcelor Sinus 27 T Nr kat. TU<\/span>\n\t\t<\/a>\n\t\t<div id=\"accordion-934107130-content\" class=\"accordion-inner\" aria-labelledby=\"accordion-934107130-label\">\n\t\t\t\n\n\t<div class=\"img has-hover x md-x lg-x y md-y lg-y\" id=\"image_1426253603\">\n\t\t\t\t\t\t\t\t<div class=\"img-inner dark\" >\n\t\t\t<img loading=\"lazy\" decoding=\"async\" width=\"1020\" height=\"721\" src=\"https:\/\/hallelux.se\/wp-content\/uploads\/2019\/12\/TU-Sinus-27-1000-1-pdf-1024x724.jpg\" class=\"attachment-large size-large\" alt=\"\" \/>\t\t\t\t\t\t\n\t\t\t\t\t<\/div>\n\t\t\t\t\t\t\t\t\n<style>\n#image_1426253603 {\n  width: 100%;\n}\n<\/style>\n\t<\/div>\n\t\n\n\n\t\t<\/div>\n\t<\/div>\n\t\n\t<div id=\"accordion-2510678663\" class=\"accordion-item\">\n\t\t<a id=\"accordion-2510678663-label\" class=\"accordion-title plain\" href=\"#accordion-item-arcelor-sinus-27-v-nr-kat.-tu\" aria-expanded=\"false\" aria-controls=\"accordion-2510678663-content\">\n\t\t\t<button class=\"toggle\" aria-label=\"Prze\u0142\u0105cznik\"><i class=\"icon-angle-down\" aria-hidden=\"true\"><\/i><\/button>\n\t\t\t<span>Arcelor Sinus 27 V Nr kat. TU<\/span>\n\t\t<\/a>\n\t\t<div id=\"accordion-2510678663-content\" class=\"accordion-inner\" aria-labelledby=\"accordion-2510678663-label\">\n\t\t\t\n\n\t<div class=\"img has-hover x md-x lg-x y md-y lg-y\" id=\"image_622996101\">\n\t\t\t\t\t\t\t\t<div class=\"img-inner dark\" >\n\t\t\t<img loading=\"lazy\" decoding=\"async\" width=\"1020\" height=\"721\" src=\"https:\/\/hallelux.se\/wp-content\/uploads\/2019\/12\/TU-Sinus-27-1000-2-pdf-1024x724.jpg\" class=\"attachment-large size-large\" alt=\"\" \/>\t\t\t\t\t\t\n\t\t\t\t\t<\/div>\n\t\t\t\t\t\t\t\t\n<style>\n#image_622996101 {\n  width: 100%;\n}\n<\/style>\n\t<\/div>\n\t\n\n\n\t\t<\/div>\n\t<\/div>\n\t\n\t<div id=\"accordion-109992133\" class=\"accordion-item\">\n\t\t<a id=\"accordion-109992133-label\" class=\"accordion-title plain\" href=\"#accordion-item-arcelor-tp-16-nr-kat.-no\" aria-expanded=\"false\" aria-controls=\"accordion-109992133-content\">\n\t\t\t<button class=\"toggle\" aria-label=\"Prze\u0142\u0105cznik\"><i class=\"icon-angle-down\" aria-hidden=\"true\"><\/i><\/button>\n\t\t\t<span>Arcelor TP 16 Nr kat. NO<\/span>\n\t\t<\/a>\n\t\t<div id=\"accordion-109992133-content\" class=\"accordion-inner\" aria-labelledby=\"accordion-109992133-label\">\n\t\t\t\n\n\t<div class=\"img has-hover x md-x lg-x y md-y lg-y\" id=\"image_1861291807\">\n\t\t\t\t\t\t\t\t<div class=\"img-inner dark\" >\n\t\t\t<img loading=\"lazy\" decoding=\"async\" width=\"1020\" height=\"721\" src=\"https:\/\/hallelux.se\/wp-content\/uploads\/2019\/12\/NO-pdf-1024x724.jpg\" class=\"attachment-large size-large\" alt=\"\" \/>\t\t\t\t\t\t\n\t\t\t\t\t<\/div>\n\t\t\t\t\t\t\t\t\n<style>\n#image_1861291807 {\n  width: 100%;\n}\n<\/style>\n\t<\/div>\n\t\n\n\n\t\t<\/div>\n\t<\/div>\n\t\n\t<div id=\"accordion-2663413043\" class=\"accordion-item\">\n\t\t<a id=\"accordion-2663413043-label\" class=\"accordion-title plain\" href=\"#accordion-item-arcelor-tp-18-nr-kat.-eb\" aria-expanded=\"false\" aria-controls=\"accordion-2663413043-content\">\n\t\t\t<button class=\"toggle\" aria-label=\"Prze\u0142\u0105cznik\"><i class=\"icon-angle-down\" aria-hidden=\"true\"><\/i><\/button>\n\t\t\t<span>Arcelor TP 18 Nr kat. EB<\/span>\n\t\t<\/a>\n\t\t<div id=\"accordion-2663413043-content\" class=\"accordion-inner\" aria-labelledby=\"accordion-2663413043-label\">\n\t\t\t\n\n\t<div class=\"img has-hover x md-x lg-x y md-y lg-y\" id=\"image_1770341508\">\n\t\t\t\t\t\t\t\t<div class=\"img-inner dark\" >\n\t\t\t<img loading=\"lazy\" decoding=\"async\" width=\"1020\" height=\"721\" src=\"https:\/\/hallelux.se\/wp-content\/uploads\/2019\/12\/EB-pdf-1024x724.jpg\" class=\"attachment-large size-large\" alt=\"\" \/>\t\t\t\t\t\t\n\t\t\t\t\t<\/div>\n\t\t\t\t\t\t\t\t\n<style>\n#image_1770341508 {\n  width: 100%;\n}\n<\/style>\n\t<\/div>\n\t\n\n\n\t\t<\/div>\n\t<\/div>\n\t\n\t<div id=\"accordion-3675672782\" class=\"accordion-item\">\n\t\t<a id=\"accordion-3675672782-label\" class=\"accordion-title plain\" href=\"#accordion-item-arcelor-tp-20-%20-%20-%20-%20-%20nr-kat.-an\" aria-expanded=\"false\" aria-controls=\"accordion-3675672782-content\">\n\t\t\t<button class=\"toggle\" aria-label=\"Prze\u0142\u0105cznik\"><i class=\"icon-angle-down\" aria-hidden=\"true\"><\/i><\/button>\n\t\t\t<span>Arcelor TP 20          Nr kat. AN<\/span>\n\t\t<\/a>\n\t\t<div id=\"accordion-3675672782-content\" class=\"accordion-inner\" aria-labelledby=\"accordion-3675672782-label\">\n\t\t\t\n\n\t<div class=\"img has-hover x md-x lg-x y md-y lg-y\" id=\"image_2066577938\">\n\t\t\t\t\t\t\t\t<div class=\"img-inner dark\" >\n\t\t\t<img loading=\"lazy\" decoding=\"async\" width=\"1020\" height=\"721\" src=\"https:\/\/hallelux.se\/wp-content\/uploads\/2019\/12\/AN-pdf-1024x724.jpg\" class=\"attachment-large size-large\" alt=\"\" \/>\t\t\t\t\t\t\n\t\t\t\t\t<\/div>\n\t\t\t\t\t\t\t\t\n<style>\n#image_2066577938 {\n  width: 100%;\n}\n<\/style>\n\t<\/div>\n\t\n\n\n\t\t<\/div>\n\t<\/div>\n\t\n\t<div id=\"accordion-4204787754\" class=\"accordion-item\">\n\t\t<a id=\"accordion-4204787754-label\" class=\"accordion-title plain\" href=\"#accordion-item-arcelor-tp-20-ls-nr-kat.-cc\" aria-expanded=\"false\" aria-controls=\"accordion-4204787754-content\">\n\t\t\t<button class=\"toggle\" aria-label=\"Prze\u0142\u0105cznik\"><i class=\"icon-angle-down\" aria-hidden=\"true\"><\/i><\/button>\n\t\t\t<span>Arcelor TP 20 LS Nr kat. CC<\/span>\n\t\t<\/a>\n\t\t<div id=\"accordion-4204787754-content\" class=\"accordion-inner\" aria-labelledby=\"accordion-4204787754-label\">\n\t\t\t\n\n\t<div class=\"img has-hover x md-x lg-x y md-y lg-y\" id=\"image_900250360\">\n\t\t\t\t\t\t\t\t<div class=\"img-inner dark\" >\n\t\t\t<img loading=\"lazy\" decoding=\"async\" width=\"1020\" height=\"721\" src=\"https:\/\/hallelux.se\/wp-content\/uploads\/2019\/12\/CC-pdf-1024x724.jpg\" class=\"attachment-large size-large\" alt=\"\" \/>\t\t\t\t\t\t\n\t\t\t\t\t<\/div>\n\t\t\t\t\t\t\t\t\n<style>\n#image_900250360 {\n  width: 100%;\n}\n<\/style>\n\t<\/div>\n\t\n\n\n\t\t<\/div>\n\t<\/div>\n\t\n\t<div id=\"accordion-1140589449\" class=\"accordion-item\">\n\t\t<a id=\"accordion-1140589449-label\" class=\"accordion-title plain\" href=\"#accordion-item-arcelor-tp-20-ol-nr-kat.-dk\" aria-expanded=\"false\" aria-controls=\"accordion-1140589449-content\">\n\t\t\t<button class=\"toggle\" aria-label=\"Prze\u0142\u0105cznik\"><i class=\"icon-angle-down\" aria-hidden=\"true\"><\/i><\/button>\n\t\t\t<span>Arcelor TP 20 OL Nr kat. DK<\/span>\n\t\t<\/a>\n\t\t<div id=\"accordion-1140589449-content\" class=\"accordion-inner\" aria-labelledby=\"accordion-1140589449-label\">\n\t\t\t\n\n\t<div class=\"img has-hover x md-x lg-x y md-y lg-y\" id=\"image_1502670062\">\n\t\t\t\t\t\t\t\t<div class=\"img-inner dark\" >\n\t\t\t<img loading=\"lazy\" decoding=\"async\" width=\"1020\" height=\"721\" src=\"https:\/\/hallelux.se\/wp-content\/uploads\/2019\/12\/DK-pdf-1024x724.jpg\" class=\"attachment-large size-large\" alt=\"\" \/>\t\t\t\t\t\t\n\t\t\t\t\t<\/div>\n\t\t\t\t\t\t\t\t\n<style>\n#image_1502670062 {\n  width: 100%;\n}\n<\/style>\n\t<\/div>\n\t\n\n\n\t\t<\/div>\n\t<\/div>\n\t\n\t<div id=\"accordion-867195475\" class=\"accordion-item\">\n\t\t<a id=\"accordion-867195475-label\" class=\"accordion-title plain\" href=\"#accordion-item-arcelor-tp-45-nr-kat.-ef\" aria-expanded=\"false\" aria-controls=\"accordion-867195475-content\">\n\t\t\t<button class=\"toggle\" aria-label=\"Prze\u0142\u0105cznik\"><i class=\"icon-angle-down\" aria-hidden=\"true\"><\/i><\/button>\n\t\t\t<span>Arcelor TP 45 Nr kat. EF<\/span>\n\t\t<\/a>\n\t\t<div id=\"accordion-867195475-content\" class=\"accordion-inner\" aria-labelledby=\"accordion-867195475-label\">\n\t\t\t\n\n\t<div class=\"img has-hover x md-x lg-x y md-y lg-y\" id=\"image_293810523\">\n\t\t\t\t\t\t\t\t<div class=\"img-inner dark\" >\n\t\t\t<img loading=\"lazy\" decoding=\"async\" width=\"1020\" height=\"721\" src=\"https:\/\/hallelux.se\/wp-content\/uploads\/2019\/12\/EF-pdf-1024x724.jpg\" class=\"attachment-large size-large\" alt=\"\" \/>\t\t\t\t\t\t\n\t\t\t\t\t<\/div>\n\t\t\t\t\t\t\t\t\n<style>\n#image_293810523 {\n  width: 100%;\n}\n<\/style>\n\t<\/div>\n\t\n\n\n\t\t<\/div>\n\t<\/div>\n\t\n\t<div id=\"accordion-82129735\" class=\"accordion-item\">\n\t\t<a id=\"accordion-82129735-label\" class=\"accordion-title plain\" href=\"#accordion-item-arcelor-vp-30-nr-kat.-ed\" aria-expanded=\"false\" aria-controls=\"accordion-82129735-content\">\n\t\t\t<button class=\"toggle\" aria-label=\"Prze\u0142\u0105cznik\"><i class=\"icon-angle-down\" aria-hidden=\"true\"><\/i><\/button>\n\t\t\t<span>Arcelor VP 30 Nr kat. ED<\/span>\n\t\t<\/a>\n\t\t<div id=\"accordion-82129735-content\" class=\"accordion-inner\" aria-labelledby=\"accordion-82129735-label\">\n\t\t\t\n\n\t<div class=\"img has-hover x md-x lg-x y md-y lg-y\" id=\"image_746894711\">\n\t\t\t\t\t\t\t\t<div class=\"img-inner dark\" >\n\t\t\t<img loading=\"lazy\" decoding=\"async\" width=\"1020\" height=\"721\" src=\"https:\/\/hallelux.se\/wp-content\/uploads\/2019\/12\/ED-pdf-1024x724.jpg\" class=\"attachment-large size-large\" alt=\"\" \/>\t\t\t\t\t\t\n\t\t\t\t\t<\/div>\n\t\t\t\t\t\t\t\t\n<style>\n#image_746894711 {\n  width: 100%;\n}\n<\/style>\n\t<\/div>\n\t\n\n\n\t\t<\/div>\n\t<\/div>\n\t\n\t<div id=\"accordion-3414281572\" class=\"accordion-item\">\n\t\t<a id=\"accordion-3414281572-label\" class=\"accordion-title plain\" href=\"#accordion-item-arcelor-vp-32-b-nr-kat.-am\" aria-expanded=\"false\" aria-controls=\"accordion-3414281572-content\">\n\t\t\t<button class=\"toggle\" aria-label=\"Prze\u0142\u0105cznik\"><i class=\"icon-angle-down\" aria-hidden=\"true\"><\/i><\/button>\n\t\t\t<span>Arcelor VP 32 B Nr kat. AM<\/span>\n\t\t<\/a>\n\t\t<div id=\"accordion-3414281572-content\" class=\"accordion-inner\" aria-labelledby=\"accordion-3414281572-label\">\n\t\t\t\n\n\t<div class=\"img has-hover x md-x lg-x y md-y lg-y\" id=\"image_2063588582\">\n\t\t\t\t\t\t\t\t<div class=\"img-inner dark\" >\n\t\t\t<img loading=\"lazy\" decoding=\"async\" width=\"1020\" height=\"721\" src=\"https:\/\/hallelux.se\/wp-content\/uploads\/2019\/12\/AM-pdf-1024x724.jpg\" class=\"attachment-large size-large\" alt=\"\" \/>\t\t\t\t\t\t\n\t\t\t\t\t<\/div>\n\t\t\t\t\t\t\t\t\n<style>\n#image_2063588582 {\n  width: 100%;\n}\n<\/style>\n\t<\/div>\n\t\n\n\n\t\t<\/div>\n\t<\/div>\n\t\n\n<\/div>\n<div class=\"is-divider divider clearfix\" ><\/div>\n\n<div class=\"accordion\">\n\n\t<div id=\"accordion-1874506795\" class=\"accordion-item\">\n\t\t<a id=\"accordion-1874506795-label\" class=\"accordion-title plain\" href=\"#accordion-item-poliw\u0119glan-polisol-przezroczysty-\/-opalizuj\u0104cy-\/-przydymiony\" aria-expanded=\"false\" aria-controls=\"accordion-1874506795-content\">\n\t\t\t<button class=\"toggle\" aria-label=\"Prze\u0142\u0105cznik\"><i class=\"icon-angle-down\" aria-hidden=\"true\"><\/i><\/button>\n\t\t\t<span>Poliw\u0119glan Polisol PRZEZROCZYSTY \/ OPALIZUJ\u0104CY \/ PRZYDYMIONY<\/span>\n\t\t<\/a>\n\t\t<div id=\"accordion-1874506795-content\" class=\"accordion-inner\" aria-labelledby=\"accordion-1874506795-label\">\n\t\t\t\n\n\t<div class=\"img has-hover x md-x lg-x y md-y lg-y\" id=\"image_1912442321\">\n\t\t\t\t\t\t\t\t<div class=\"img-inner dark\" >\n\t\t\t<img loading=\"lazy\" decoding=\"async\" width=\"1020\" height=\"721\" src=\"https:\/\/hallelux.se\/wp-content\/uploads\/2019\/12\/Halle-Polysol-profil-pdf-1024x724.jpg\" class=\"attachment-large size-large\" alt=\"\" \/>\t\t\t\t\t\t\n\t\t\t\t\t<\/div>\n\t\t\t\t\t\t\t\t\n<style>\n#image_1912442321 {\n  width: 100%;\n}\n<\/style>\n\t<\/div>\n\t\n\n\n\t\t<\/div>\n\t<\/div>\n\t\n\n<\/div>\n<div class=\"is-divider divider clearfix\" style=\"height:30px;background-color:rgba(0, 0, 0, 0);\"><\/div>\n\n\n<div class=\"wpcf7 no-js\" id=\"wpcf7-f6-o1\" lang=\"sv-SE\" dir=\"ltr\" data-wpcf7-id=\"6\">\n<div class=\"screen-reader-response\"><p role=\"status\" aria-live=\"polite\" aria-atomic=\"true\"><\/p> <ul><\/ul><\/div>\n<form action=\"\/pl\/wp-json\/wp\/v2\/pages\/927#wpcf7-f6-o1\" method=\"post\" class=\"wpcf7-form init\" aria-label=\"Kontaktformul\u00e4r\" novalidate=\"novalidate\" data-status=\"init\">\n<fieldset class=\"hidden-fields-container\"><input type=\"hidden\" name=\"_wpcf7\" value=\"6\" \/><input type=\"hidden\" name=\"_wpcf7_version\" value=\"6.1.5\" \/><input type=\"hidden\" name=\"_wpcf7_locale\" value=\"sv_SE\" \/><input type=\"hidden\" name=\"_wpcf7_unit_tag\" value=\"wpcf7-f6-o1\" \/><input type=\"hidden\" name=\"_wpcf7_container_post\" value=\"0\" \/><input type=\"hidden\" name=\"_wpcf7_posted_data_hash\" value=\"\" \/><input type=\"hidden\" name=\"_wpcf7_recaptcha_response\" value=\"\" \/>\n<\/fieldset>\n<p><label> Your Name<br \/>\n<span class=\"wpcf7-form-control-wrap\" data-name=\"your-name\"><input size=\"40\" maxlength=\"400\" class=\"wpcf7-form-control wpcf7-text wpcf7-validates-as-required\" aria-required=\"true\" aria-invalid=\"false\" value=\"\" type=\"text\" name=\"your-name\" \/><\/span> <\/label>\n<\/p>\n<p><label> Your Email Address<br \/>\n<span class=\"wpcf7-form-control-wrap\" data-name=\"your-email\"><input size=\"40\" maxlength=\"400\" class=\"wpcf7-form-control wpcf7-email wpcf7-validates-as-required wpcf7-text wpcf7-validates-as-email\" aria-required=\"true\" aria-invalid=\"false\" value=\"\" type=\"email\" name=\"your-email\" \/><\/span> <\/label>\n<\/p>\n<p><label> Your Message<br \/>\n<span class=\"wpcf7-form-control-wrap\" data-name=\"your-message\"><textarea cols=\"40\" rows=\"10\" maxlength=\"2000\" class=\"wpcf7-form-control wpcf7-textarea wpcf7-validates-as-required\" aria-required=\"true\" aria-invalid=\"false\" name=\"your-message\"><\/textarea><\/span> <\/label>\n<\/p>\n<p><input class=\"wpcf7-form-control wpcf7-submit has-spinner\" type=\"submit\" value=\"Send message\" \/>\n<\/p><div class=\"wpcf7-response-output\" aria-hidden=\"true\"><\/div>\n<\/form>\n<\/div>\n\n\n\n","protected":false},"excerpt":{"rendered":"","protected":false},"author":1,"featured_media":0,"parent":0,"menu_order":0,"comment_status":"closed","ping_status":"closed","template":"","meta":{"footnotes":""},"class_list":["post-927","page","type-page","status-publish","hentry"],"_links":{"self":[{"href":"https:\/\/hallelux.se\/pl\/wp-json\/wp\/v2\/pages\/927","targetHints":{"allow":["GET"]}}],"collection":[{"href":"https:\/\/hallelux.se\/pl\/wp-json\/wp\/v2\/pages"}],"about":[{"href":"https:\/\/hallelux.se\/pl\/wp-json\/wp\/v2\/types\/page"}],"author":[{"embeddable":true,"href":"https:\/\/hallelux.se\/pl\/wp-json\/wp\/v2\/users\/1"}],"replies":[{"embeddable":true,"href":"https:\/\/hallelux.se\/pl\/wp-json\/wp\/v2\/comments?post=927"}],"version-history":[{"count":0,"href":"https:\/\/hallelux.se\/pl\/wp-json\/wp\/v2\/pages\/927\/revisions"}],"wp:attachment":[{"href":"https:\/\/hallelux.se\/pl\/wp-json\/wp\/v2\/media?parent=927"}],"curies":[{"name":"wp","href":"https:\/\/api.w.org\/{rel}","templated":true}]}}