{"id":925,"date":"2020-03-24T18:17:11","date_gmt":"2020-03-24T17:17:11","guid":{"rendered":"https:\/\/hallelux.se\/hallelux-lindab\/"},"modified":"2022-01-03T10:09:26","modified_gmt":"2022-01-03T09:09:26","slug":"hallelux-lindab","status":"publish","type":"page","link":"https:\/\/hallelux.se\/pl\/hallelux-lindab\/","title":{"rendered":"Hallelux \u2013 Lindab"},"content":{"rendered":"\n\n\t<section class=\"section\" id=\"section_1032047175\">\n\t\t<div class=\"section-bg fill\" >\n\t\t\t\t\t\t\t\t\t<div class=\"section-bg-overlay absolute fill\"><\/div>\n\t\t\t\n\n\t\t<\/div>\n\n\t\t\n\n\t\t<div class=\"section-content relative\">\n\t\t\t\n\n<div class=\"row row-large\"  id=\"row-1042169976\">\n\n\n\t<div id=\"col-1149604878\" class=\"col medium-6 small-12 large-6\"  >\n\t\t\t\t<div class=\"col-inner\"  >\n\t\t\t\n\t\t\t\n\n\t<div class=\"img has-hover x md-x lg-x y md-y lg-y\" id=\"image_1361200911\">\n\t\t\t\t\t\t\t\t<div class=\"img-inner dark\" >\n\t\t\t<img loading=\"lazy\" decoding=\"async\" width=\"1020\" height=\"1020\" src=\"https:\/\/hallelux.se\/wp-content\/uploads\/2020\/01\/lindab_bild_halle_1_high-1024x1024.jpg\" class=\"attachment-large size-large\" alt=\"\" srcset=\"https:\/\/hallelux.se\/wp-content\/uploads\/2020\/01\/lindab_bild_halle_1_high-1024x1024.jpg 1024w, https:\/\/hallelux.se\/wp-content\/uploads\/2020\/01\/lindab_bild_halle_1_high-300x300.jpg 300w, https:\/\/hallelux.se\/wp-content\/uploads\/2020\/01\/lindab_bild_halle_1_high-150x150.jpg 150w, https:\/\/hallelux.se\/wp-content\/uploads\/2020\/01\/lindab_bild_halle_1_high-768x768.jpg 768w, https:\/\/hallelux.se\/wp-content\/uploads\/2020\/01\/lindab_bild_halle_1_high-1536x1536.jpg 1536w, https:\/\/hallelux.se\/wp-content\/uploads\/2020\/01\/lindab_bild_halle_1_high.jpg 1800w\" sizes=\"auto, (max-width: 1020px) 100vw, 1020px\" \/>\t\t\t\t\t\t\n\t\t\t\t\t<\/div>\n\t\t\t\t\t\t\t\t\n<style>\n#image_1361200911 {\n  width: 100%;\n}\n<\/style>\n\t<\/div>\n\t\n\n\n\t\t<\/div>\n\t\t\t\t\t<\/div>\n\n\t\n\n\t<div id=\"col-1694109604\" class=\"col medium-6 small-12 large-6\"  >\n\t\t\t\t<div class=\"col-inner text-left\"  >\n\t\t\t\n\t\t\t\n\n<h1>Lindab \u2013 Powierzchnie otwarte na \u015bwiat\u0142o dzienne GRP (Glass reinforced Plastic)<\/h1>\n\n<p>Halle ju\u017c od d\u0142ugiego czasu prowadzi wsp\u00f3\u0142prac\u0119 z firm\u0105 Lindab i ju\u017c od lat 60-tych firma nasza dostarcza powierzchni otwartych na \u015bwiat\u0142o dzienne do ich system\u00f3w konstrukcyjnych na terenie ca\u0142ej Europy.<\/p>\n\n<p>Je\u017celi Pa\u0144stwo nie znajd\u0105 swojego profilu w poni\u017cszej tabeli, prosimy nas o tym poinformowa\u0107, a my b\u0119dziemy mogli sprawdzi\u0107, czy mo\u017ce ju\u017c teraz go mamy, albo czy nowe narz\u0119dzie do profilowania mamy zamiar opracowa\u0107.<\/p>\n\n<p>Mo\u017cna uzyska\u0107 nast\u0119puj\u0105ce profile:<\/p>\n\n<ul>\n<li>Ze zbrojenie\/m kw. 375 g \/ 450 g \/ 900 g \/ 1200 g<\/li>\n<li>Barwione na dowolny kolor z palety RAL<\/li>\n<li>Z ochron\u0105 przed kondesacj\u0105 pary wodnej<\/li>\n<\/ul>\n\n\t\t<\/div>\n\t\t\t\t\t<\/div>\n\n\t\n\n<\/div>\n\n\t\t<\/div>\n\n\t\t\n<style>\n#section_1032047175 {\n  padding-top: 60px;\n  padding-bottom: 60px;\n  background-color: rgb(193, 193, 193);\n}\n#section_1032047175 .section-bg-overlay {\n  background-color: rgba(255, 255, 255, 0.85);\n}\n<\/style>\n\t<\/section>\n\t\n<div class=\"accordion\">\n\n\t<div id=\"accordion-2277458174\" class=\"accordion-item\">\n\t\t<a id=\"accordion-2277458174-label\" class=\"accordion-title plain\" href=\"#accordion-item-lindab-sinus-18-nr-kat.-sb\" aria-expanded=\"false\" aria-controls=\"accordion-2277458174-content\">\n\t\t\t<button class=\"toggle\" aria-label=\"Prze\u0142\u0105cznik\"><i class=\"icon-angle-down\" aria-hidden=\"true\"><\/i><\/button>\n\t\t\t<span>Lindab Sinus 18 Nr kat. SB<\/span>\n\t\t<\/a>\n\t\t<div id=\"accordion-2277458174-content\" class=\"accordion-inner\" aria-labelledby=\"accordion-2277458174-label\">\n\t\t\t\n\n\t<div class=\"img has-hover x md-x lg-x y md-y lg-y\" id=\"image_1614970903\">\n\t\t\t\t\t\t\t\t<div class=\"img-inner dark\" >\n\t\t\t<img loading=\"lazy\" decoding=\"async\" width=\"1020\" height=\"721\" src=\"https:\/\/hallelux.se\/wp-content\/uploads\/2020\/01\/SB-1-1024x724.png\" class=\"attachment-large size-large\" alt=\"\" srcset=\"https:\/\/hallelux.se\/wp-content\/uploads\/2020\/01\/SB-1-1024x724.png 1024w, https:\/\/hallelux.se\/wp-content\/uploads\/2020\/01\/SB-1-300x212.png 300w, https:\/\/hallelux.se\/wp-content\/uploads\/2020\/01\/SB-1-768x543.png 768w, https:\/\/hallelux.se\/wp-content\/uploads\/2020\/01\/SB-1.png 1260w\" sizes=\"auto, (max-width: 1020px) 100vw, 1020px\" \/>\t\t\t\t\t\t\n\t\t\t\t\t<\/div>\n\t\t\t\t\t\t\t\t\n<style>\n#image_1614970903 {\n  width: 100%;\n}\n<\/style>\n\t<\/div>\n\t\n\n\n\t\t<\/div>\n\t<\/div>\n\t\n\t<div id=\"accordion-3938526607\" class=\"accordion-item\">\n\t\t<a id=\"accordion-3938526607-label\" class=\"accordion-title plain\" href=\"#accordion-item-lindab-sinus-26-nr-kat.-cj\" aria-expanded=\"false\" aria-controls=\"accordion-3938526607-content\">\n\t\t\t<button class=\"toggle\" aria-label=\"Prze\u0142\u0105cznik\"><i class=\"icon-angle-down\" aria-hidden=\"true\"><\/i><\/button>\n\t\t\t<span>Lindab Sinus 26 Nr kat. CJ<\/span>\n\t\t<\/a>\n\t\t<div id=\"accordion-3938526607-content\" class=\"accordion-inner\" aria-labelledby=\"accordion-3938526607-label\">\n\t\t\t\n\n\t<div class=\"img has-hover x md-x lg-x y md-y lg-y\" id=\"image_131048668\">\n\t\t\t\t\t\t\t\t<div class=\"img-inner dark\" >\n\t\t\t<img loading=\"lazy\" decoding=\"async\" width=\"1020\" height=\"742\" src=\"https:\/\/hallelux.se\/wp-content\/uploads\/2020\/01\/CJ-1024x745.png\" class=\"attachment-large size-large\" alt=\"\" srcset=\"https:\/\/hallelux.se\/wp-content\/uploads\/2020\/01\/CJ-1024x745.png 1024w, https:\/\/hallelux.se\/wp-content\/uploads\/2020\/01\/CJ-300x218.png 300w, https:\/\/hallelux.se\/wp-content\/uploads\/2020\/01\/CJ-768x558.png 768w, https:\/\/hallelux.se\/wp-content\/uploads\/2020\/01\/CJ.png 1202w\" sizes=\"auto, (max-width: 1020px) 100vw, 1020px\" \/>\t\t\t\t\t\t\n\t\t\t\t\t<\/div>\n\t\t\t\t\t\t\t\t\n<style>\n#image_131048668 {\n  width: 100%;\n}\n<\/style>\n\t<\/div>\n\t\n\n\n\t\t<\/div>\n\t<\/div>\n\t\n\t<div id=\"accordion-1293542250\" class=\"accordion-item\">\n\t\t<a id=\"accordion-1293542250-label\" class=\"accordion-title plain\" href=\"#accordion-item-lindab-llp-20-nr-kat.-cc\" aria-expanded=\"false\" aria-controls=\"accordion-1293542250-content\">\n\t\t\t<button class=\"toggle\" aria-label=\"Prze\u0142\u0105cznik\"><i class=\"icon-angle-down\" aria-hidden=\"true\"><\/i><\/button>\n\t\t\t<span>Lindab LLP 20 Nr kat. CC<\/span>\n\t\t<\/a>\n\t\t<div id=\"accordion-1293542250-content\" class=\"accordion-inner\" aria-labelledby=\"accordion-1293542250-label\">\n\t\t\t\n\n\t<div class=\"img has-hover x md-x lg-x y md-y lg-y\" id=\"image_118953491\">\n\t\t\t\t\t\t\t\t<div class=\"img-inner dark\" >\n\t\t\t<img loading=\"lazy\" decoding=\"async\" width=\"1020\" height=\"706\" src=\"https:\/\/hallelux.se\/wp-content\/uploads\/2020\/01\/CC-1-1024x709.png\" class=\"attachment-large size-large\" alt=\"\" srcset=\"https:\/\/hallelux.se\/wp-content\/uploads\/2020\/01\/CC-1-1024x709.png 1024w, https:\/\/hallelux.se\/wp-content\/uploads\/2020\/01\/CC-1-300x208.png 300w, https:\/\/hallelux.se\/wp-content\/uploads\/2020\/01\/CC-1-768x532.png 768w, https:\/\/hallelux.se\/wp-content\/uploads\/2020\/01\/CC-1.png 1273w\" sizes=\"auto, (max-width: 1020px) 100vw, 1020px\" \/>\t\t\t\t\t\t\n\t\t\t\t\t<\/div>\n\t\t\t\t\t\t\t\t\n<style>\n#image_118953491 {\n  width: 100%;\n}\n<\/style>\n\t<\/div>\n\t\n\n\n\t\t<\/div>\n\t<\/div>\n\t\n\t<div id=\"accordion-1706878066\" class=\"accordion-item\">\n\t\t<a id=\"accordion-1706878066-label\" class=\"accordion-title plain\" href=\"#accordion-item-lindab-ltp-20-nr-kat.-ca\" aria-expanded=\"false\" aria-controls=\"accordion-1706878066-content\">\n\t\t\t<button class=\"toggle\" aria-label=\"Prze\u0142\u0105cznik\"><i class=\"icon-angle-down\" aria-hidden=\"true\"><\/i><\/button>\n\t\t\t<span>Lindab LTP 20 Nr kat. CA<\/span>\n\t\t<\/a>\n\t\t<div id=\"accordion-1706878066-content\" class=\"accordion-inner\" aria-labelledby=\"accordion-1706878066-label\">\n\t\t\t\n\n\t<div class=\"img has-hover x md-x lg-x y md-y lg-y\" id=\"image_34168342\">\n\t\t\t\t\t\t\t\t<div class=\"img-inner dark\" >\n\t\t\t<img loading=\"lazy\" decoding=\"async\" width=\"1020\" height=\"715\" src=\"https:\/\/hallelux.se\/wp-content\/uploads\/2020\/01\/CA-1024x718.png\" class=\"attachment-large size-large\" alt=\"\" srcset=\"https:\/\/hallelux.se\/wp-content\/uploads\/2020\/01\/CA-1024x718.png 1024w, https:\/\/hallelux.se\/wp-content\/uploads\/2020\/01\/CA-300x210.png 300w, https:\/\/hallelux.se\/wp-content\/uploads\/2020\/01\/CA-768x538.png 768w, https:\/\/hallelux.se\/wp-content\/uploads\/2020\/01\/CA.png 1251w\" sizes=\"auto, (max-width: 1020px) 100vw, 1020px\" \/>\t\t\t\t\t\t\n\t\t\t\t\t<\/div>\n\t\t\t\t\t\t\t\t\n<style>\n#image_34168342 {\n  width: 100%;\n}\n<\/style>\n\t<\/div>\n\t\n\n\n\t\t<\/div>\n\t<\/div>\n\t\n\t<div id=\"accordion-1627499534\" class=\"accordion-item\">\n\t\t<a id=\"accordion-1627499534-label\" class=\"accordion-title plain\" href=\"#accordion-item-lindab-lvp-20-nr-kat.-cd\" aria-expanded=\"false\" aria-controls=\"accordion-1627499534-content\">\n\t\t\t<button class=\"toggle\" aria-label=\"Prze\u0142\u0105cznik\"><i class=\"icon-angle-down\" aria-hidden=\"true\"><\/i><\/button>\n\t\t\t<span>Lindab LVP 20 Nr kat. CD<\/span>\n\t\t<\/a>\n\t\t<div id=\"accordion-1627499534-content\" class=\"accordion-inner\" aria-labelledby=\"accordion-1627499534-label\">\n\t\t\t\n\n\t<div class=\"img has-hover x md-x lg-x y md-y lg-y\" id=\"image_1758385977\">\n\t\t\t\t\t\t\t\t<div class=\"img-inner dark\" >\n\t\t\t<img loading=\"lazy\" decoding=\"async\" width=\"1020\" height=\"714\" src=\"https:\/\/hallelux.se\/wp-content\/uploads\/2020\/01\/CD-1024x717.png\" class=\"attachment-large size-large\" alt=\"\" srcset=\"https:\/\/hallelux.se\/wp-content\/uploads\/2020\/01\/CD-1024x717.png 1024w, https:\/\/hallelux.se\/wp-content\/uploads\/2020\/01\/CD-300x210.png 300w, https:\/\/hallelux.se\/wp-content\/uploads\/2020\/01\/CD-768x538.png 768w, https:\/\/hallelux.se\/wp-content\/uploads\/2020\/01\/CD.png 1249w\" sizes=\"auto, (max-width: 1020px) 100vw, 1020px\" \/>\t\t\t\t\t\t\n\t\t\t\t\t<\/div>\n\t\t\t\t\t\t\t\t\n<style>\n#image_1758385977 {\n  width: 100%;\n}\n<\/style>\n\t<\/div>\n\t\n\n\n\t\t<\/div>\n\t<\/div>\n\t\n\t<div id=\"accordion-3925059341\" class=\"accordion-item\">\n\t\t<a id=\"accordion-3925059341-label\" class=\"accordion-title plain\" href=\"#accordion-item-lindab-lv-30-nr-kat.-ce\" aria-expanded=\"false\" aria-controls=\"accordion-3925059341-content\">\n\t\t\t<button class=\"toggle\" aria-label=\"Prze\u0142\u0105cznik\"><i class=\"icon-angle-down\" aria-hidden=\"true\"><\/i><\/button>\n\t\t\t<span>Lindab LV 30 Nr kat. CE<\/span>\n\t\t<\/a>\n\t\t<div id=\"accordion-3925059341-content\" class=\"accordion-inner\" aria-labelledby=\"accordion-3925059341-label\">\n\t\t\t\n\n\t<div class=\"img has-hover x md-x lg-x y md-y lg-y\" id=\"image_1949945833\">\n\t\t\t\t\t\t\t\t<div class=\"img-inner dark\" >\n\t\t\t<img loading=\"lazy\" decoding=\"async\" width=\"1020\" height=\"721\" src=\"https:\/\/hallelux.se\/wp-content\/uploads\/2020\/01\/CE-1024x724.png\" class=\"attachment-large size-large\" alt=\"\" srcset=\"https:\/\/hallelux.se\/wp-content\/uploads\/2020\/01\/CE-1024x724.png 1024w, https:\/\/hallelux.se\/wp-content\/uploads\/2020\/01\/CE-300x212.png 300w, https:\/\/hallelux.se\/wp-content\/uploads\/2020\/01\/CE-768x543.png 768w, https:\/\/hallelux.se\/wp-content\/uploads\/2020\/01\/CE.png 1251w\" sizes=\"auto, (max-width: 1020px) 100vw, 1020px\" \/>\t\t\t\t\t\t\n\t\t\t\t\t<\/div>\n\t\t\t\t\t\t\t\t\n<style>\n#image_1949945833 {\n  width: 100%;\n}\n<\/style>\n\t<\/div>\n\t\n\n\n\t\t<\/div>\n\t<\/div>\n\t\n\t<div id=\"accordion-4170874414\" class=\"accordion-item\">\n\t\t<a id=\"accordion-4170874414-label\" class=\"accordion-title plain\" href=\"#accordion-item-lindab-tr-35-nr-kat.-be\" aria-expanded=\"false\" aria-controls=\"accordion-4170874414-content\">\n\t\t\t<button class=\"toggle\" aria-label=\"Prze\u0142\u0105cznik\"><i class=\"icon-angle-down\" aria-hidden=\"true\"><\/i><\/button>\n\t\t\t<span>Lindab TR 35 Nr kat. BE<\/span>\n\t\t<\/a>\n\t\t<div id=\"accordion-4170874414-content\" class=\"accordion-inner\" aria-labelledby=\"accordion-4170874414-label\">\n\t\t\t\n\n\t<div class=\"img has-hover x md-x lg-x y md-y lg-y\" id=\"image_1642318104\">\n\t\t\t\t\t\t\t\t<div class=\"img-inner dark\" >\n\t\t\t<img loading=\"lazy\" decoding=\"async\" width=\"1020\" height=\"716\" src=\"https:\/\/hallelux.se\/wp-content\/uploads\/2020\/01\/BE-1024x719.png\" class=\"attachment-large size-large\" alt=\"\" srcset=\"https:\/\/hallelux.se\/wp-content\/uploads\/2020\/01\/BE-1024x719.png 1024w, https:\/\/hallelux.se\/wp-content\/uploads\/2020\/01\/BE-300x211.png 300w, https:\/\/hallelux.se\/wp-content\/uploads\/2020\/01\/BE-768x539.png 768w, https:\/\/hallelux.se\/wp-content\/uploads\/2020\/01\/BE.png 1246w\" sizes=\"auto, (max-width: 1020px) 100vw, 1020px\" \/>\t\t\t\t\t\t\n\t\t\t\t\t<\/div>\n\t\t\t\t\t\t\t\t\n<style>\n#image_1642318104 {\n  width: 100%;\n}\n<\/style>\n\t<\/div>\n\t\n\n\n\t\t<\/div>\n\t<\/div>\n\t\n\t<div id=\"accordion-2608797869\" class=\"accordion-item\">\n\t\t<a id=\"accordion-2608797869-label\" class=\"accordion-title plain\" href=\"#accordion-item-lindab-ltp-45-150-nr-kat.-cf\" aria-expanded=\"false\" aria-controls=\"accordion-2608797869-content\">\n\t\t\t<button class=\"toggle\" aria-label=\"Prze\u0142\u0105cznik\"><i class=\"icon-angle-down\" aria-hidden=\"true\"><\/i><\/button>\n\t\t\t<span>Lindab LTP 45-150 Nr kat. CF<\/span>\n\t\t<\/a>\n\t\t<div id=\"accordion-2608797869-content\" class=\"accordion-inner\" aria-labelledby=\"accordion-2608797869-label\">\n\t\t\t\n\n\t<div class=\"img has-hover x md-x lg-x y md-y lg-y\" id=\"image_272851602\">\n\t\t\t\t\t\t\t\t<div class=\"img-inner dark\" >\n\t\t\t<img loading=\"lazy\" decoding=\"async\" width=\"1020\" height=\"713\" src=\"https:\/\/hallelux.se\/wp-content\/uploads\/2020\/01\/CF-1024x716.png\" class=\"attachment-large size-large\" alt=\"\" srcset=\"https:\/\/hallelux.se\/wp-content\/uploads\/2020\/01\/CF-1024x716.png 1024w, https:\/\/hallelux.se\/wp-content\/uploads\/2020\/01\/CF-300x210.png 300w, https:\/\/hallelux.se\/wp-content\/uploads\/2020\/01\/CF-768x537.png 768w, https:\/\/hallelux.se\/wp-content\/uploads\/2020\/01\/CF.png 1247w\" sizes=\"auto, (max-width: 1020px) 100vw, 1020px\" \/>\t\t\t\t\t\t\n\t\t\t\t\t<\/div>\n\t\t\t\t\t\t\t\t\n<style>\n#image_272851602 {\n  width: 100%;\n}\n<\/style>\n\t<\/div>\n\t\n\n\n\t\t<\/div>\n\t<\/div>\n\t\n\t<div id=\"accordion-2961703830\" class=\"accordion-item\">\n\t\t<a id=\"accordion-2961703830-label\" class=\"accordion-title plain\" href=\"#accordion-item-lindab-ltp-45-180-nr-kat.-cb\" aria-expanded=\"false\" aria-controls=\"accordion-2961703830-content\">\n\t\t\t<button class=\"toggle\" aria-label=\"Prze\u0142\u0105cznik\"><i class=\"icon-angle-down\" aria-hidden=\"true\"><\/i><\/button>\n\t\t\t<span>Lindab LTP 45-180 Nr kat. CB<\/span>\n\t\t<\/a>\n\t\t<div id=\"accordion-2961703830-content\" class=\"accordion-inner\" aria-labelledby=\"accordion-2961703830-label\">\n\t\t\t\n\n\t<div class=\"img has-hover x md-x lg-x y md-y lg-y\" id=\"image_410428586\">\n\t\t\t\t\t\t\t\t<div class=\"img-inner dark\" >\n\t\t\t<img loading=\"lazy\" decoding=\"async\" width=\"1020\" height=\"717\" src=\"https:\/\/hallelux.se\/wp-content\/uploads\/2020\/01\/CB-1024x720.png\" class=\"attachment-large size-large\" alt=\"\" srcset=\"https:\/\/hallelux.se\/wp-content\/uploads\/2020\/01\/CB-1024x720.png 1024w, https:\/\/hallelux.se\/wp-content\/uploads\/2020\/01\/CB-300x211.png 300w, https:\/\/hallelux.se\/wp-content\/uploads\/2020\/01\/CB-768x540.png 768w, https:\/\/hallelux.se\/wp-content\/uploads\/2020\/01\/CB.png 1249w\" sizes=\"auto, (max-width: 1020px) 100vw, 1020px\" \/>\t\t\t\t\t\t\n\t\t\t\t\t<\/div>\n\t\t\t\t\t\t\t\t\n<style>\n#image_410428586 {\n  width: 100%;\n}\n<\/style>\n\t<\/div>\n\t\n\n\n\t\t<\/div>\n\t<\/div>\n\t\n\t<div id=\"accordion-942172039\" class=\"accordion-item\">\n\t\t<a id=\"accordion-942172039-label\" class=\"accordion-title plain\" href=\"#accordion-item-lindab-lvp-45-nr-kat.-ch\" aria-expanded=\"false\" aria-controls=\"accordion-942172039-content\">\n\t\t\t<button class=\"toggle\" aria-label=\"Prze\u0142\u0105cznik\"><i class=\"icon-angle-down\" aria-hidden=\"true\"><\/i><\/button>\n\t\t\t<span>Lindab LVP 45 Nr kat. CH<\/span>\n\t\t<\/a>\n\t\t<div id=\"accordion-942172039-content\" class=\"accordion-inner\" aria-labelledby=\"accordion-942172039-label\">\n\t\t\t\n\n\t<div class=\"img has-hover x md-x lg-x y md-y lg-y\" id=\"image_66748372\">\n\t\t\t\t\t\t\t\t<div class=\"img-inner dark\" >\n\t\t\t<img loading=\"lazy\" decoding=\"async\" width=\"1020\" height=\"715\" src=\"https:\/\/hallelux.se\/wp-content\/uploads\/2020\/01\/CH-1024x718.png\" class=\"attachment-large size-large\" alt=\"\" srcset=\"https:\/\/hallelux.se\/wp-content\/uploads\/2020\/01\/CH-1024x718.png 1024w, https:\/\/hallelux.se\/wp-content\/uploads\/2020\/01\/CH-300x210.png 300w, https:\/\/hallelux.se\/wp-content\/uploads\/2020\/01\/CH-768x538.png 768w, https:\/\/hallelux.se\/wp-content\/uploads\/2020\/01\/CH.png 1274w\" sizes=\"auto, (max-width: 1020px) 100vw, 1020px\" \/>\t\t\t\t\t\t\n\t\t\t\t\t<\/div>\n\t\t\t\t\t\t\t\t\n<style>\n#image_66748372 {\n  width: 100%;\n}\n<\/style>\n\t<\/div>\n\t\n\n\n\t\t<\/div>\n\t<\/div>\n\t\n\t<div id=\"accordion-3306744638\" class=\"accordion-item\">\n\t\t<a id=\"accordion-3306744638-label\" class=\"accordion-title plain\" href=\"#accordion-item-poliw\u0119glan-polisol-przezroczysty-\/-opalizuj\u0104cy-\/-przydymiony\" aria-expanded=\"false\" aria-controls=\"accordion-3306744638-content\">\n\t\t\t<button class=\"toggle\" aria-label=\"Prze\u0142\u0105cznik\"><i class=\"icon-angle-down\" aria-hidden=\"true\"><\/i><\/button>\n\t\t\t<span>Poliw\u0119glan Polisol PRZEZROCZYSTY \/ OPALIZUJ\u0104CY \/ PRZYDYMIONY<\/span>\n\t\t<\/a>\n\t\t<div id=\"accordion-3306744638-content\" class=\"accordion-inner\" aria-labelledby=\"accordion-3306744638-label\">\n\t\t\t\n\n\t<div class=\"img has-hover x md-x lg-x y md-y lg-y\" id=\"image_2105552044\">\n\t\t\t\t\t\t\t\t<div class=\"img-inner dark\" >\n\t\t\t<img loading=\"lazy\" decoding=\"async\" width=\"927\" height=\"674\" src=\"https:\/\/hallelux.se\/wp-content\/uploads\/2020\/01\/Polysol.png\" class=\"attachment-large size-large\" alt=\"\" srcset=\"https:\/\/hallelux.se\/wp-content\/uploads\/2020\/01\/Polysol.png 927w, https:\/\/hallelux.se\/wp-content\/uploads\/2020\/01\/Polysol-300x218.png 300w, https:\/\/hallelux.se\/wp-content\/uploads\/2020\/01\/Polysol-768x558.png 768w\" sizes=\"auto, (max-width: 927px) 100vw, 927px\" \/>\t\t\t\t\t\t\n\t\t\t\t\t<\/div>\n\t\t\t\t\t\t\t\t\n<style>\n#image_2105552044 {\n  width: 100%;\n}\n<\/style>\n\t<\/div>\n\t\n\n\n\t\t<\/div>\n\t<\/div>\n\t\n\n<\/div>\n<div class=\"is-divider divider clearfix\" style=\"height:30px;background-color:rgba(0, 0, 0, 0);\"><\/div>\n\n\n<div class=\"wpcf7 no-js\" id=\"wpcf7-f6-o1\" lang=\"sv-SE\" dir=\"ltr\" data-wpcf7-id=\"6\">\n<div class=\"screen-reader-response\"><p role=\"status\" aria-live=\"polite\" aria-atomic=\"true\"><\/p> <ul><\/ul><\/div>\n<form action=\"\/pl\/wp-json\/wp\/v2\/pages\/925#wpcf7-f6-o1\" method=\"post\" class=\"wpcf7-form init\" aria-label=\"Kontaktformul\u00e4r\" novalidate=\"novalidate\" data-status=\"init\">\n<fieldset class=\"hidden-fields-container\"><input type=\"hidden\" name=\"_wpcf7\" value=\"6\" \/><input type=\"hidden\" name=\"_wpcf7_version\" value=\"6.1.5\" \/><input type=\"hidden\" name=\"_wpcf7_locale\" value=\"sv_SE\" \/><input type=\"hidden\" name=\"_wpcf7_unit_tag\" value=\"wpcf7-f6-o1\" \/><input type=\"hidden\" name=\"_wpcf7_container_post\" value=\"0\" \/><input type=\"hidden\" name=\"_wpcf7_posted_data_hash\" value=\"\" \/><input type=\"hidden\" name=\"_wpcf7_recaptcha_response\" value=\"\" \/>\n<\/fieldset>\n<p><label> Your Name<br \/>\n<span class=\"wpcf7-form-control-wrap\" data-name=\"your-name\"><input size=\"40\" maxlength=\"400\" class=\"wpcf7-form-control wpcf7-text wpcf7-validates-as-required\" aria-required=\"true\" aria-invalid=\"false\" value=\"\" type=\"text\" name=\"your-name\" \/><\/span> <\/label>\n<\/p>\n<p><label> Your Email Address<br \/>\n<span class=\"wpcf7-form-control-wrap\" data-name=\"your-email\"><input size=\"40\" maxlength=\"400\" class=\"wpcf7-form-control wpcf7-email wpcf7-validates-as-required wpcf7-text wpcf7-validates-as-email\" aria-required=\"true\" aria-invalid=\"false\" value=\"\" type=\"email\" name=\"your-email\" \/><\/span> <\/label>\n<\/p>\n<p><label> Your Message<br \/>\n<span class=\"wpcf7-form-control-wrap\" data-name=\"your-message\"><textarea cols=\"40\" rows=\"10\" maxlength=\"2000\" class=\"wpcf7-form-control wpcf7-textarea wpcf7-validates-as-required\" aria-required=\"true\" aria-invalid=\"false\" name=\"your-message\"><\/textarea><\/span> <\/label>\n<\/p>\n<p><input class=\"wpcf7-form-control wpcf7-submit has-spinner\" type=\"submit\" value=\"Send message\" \/>\n<\/p><div class=\"wpcf7-response-output\" aria-hidden=\"true\"><\/div>\n<\/form>\n<\/div>\n\n\n\n","protected":false},"excerpt":{"rendered":"","protected":false},"author":1,"featured_media":0,"parent":0,"menu_order":0,"comment_status":"closed","ping_status":"closed","template":"","meta":{"footnotes":""},"class_list":["post-925","page","type-page","status-publish","hentry"],"_links":{"self":[{"href":"https:\/\/hallelux.se\/pl\/wp-json\/wp\/v2\/pages\/925","targetHints":{"allow":["GET"]}}],"collection":[{"href":"https:\/\/hallelux.se\/pl\/wp-json\/wp\/v2\/pages"}],"about":[{"href":"https:\/\/hallelux.se\/pl\/wp-json\/wp\/v2\/types\/page"}],"author":[{"embeddable":true,"href":"https:\/\/hallelux.se\/pl\/wp-json\/wp\/v2\/users\/1"}],"replies":[{"embeddable":true,"href":"https:\/\/hallelux.se\/pl\/wp-json\/wp\/v2\/comments?post=925"}],"version-history":[{"count":0,"href":"https:\/\/hallelux.se\/pl\/wp-json\/wp\/v2\/pages\/925\/revisions"}],"wp:attachment":[{"href":"https:\/\/hallelux.se\/pl\/wp-json\/wp\/v2\/media?parent=925"}],"curies":[{"name":"wp","href":"https:\/\/api.w.org\/{rel}","templated":true}]}}