{"id":921,"date":"2020-03-24T18:17:11","date_gmt":"2020-03-24T17:17:11","guid":{"rendered":"https:\/\/hallelux.se\/halleisolux-click-fix\/"},"modified":"2020-03-24T18:17:26","modified_gmt":"2020-03-24T17:17:26","slug":"halleisolux-click-fix","status":"publish","type":"page","link":"https:\/\/hallelux.se\/pl\/halleisolux-click-fix\/","title":{"rendered":"HalleIsolux &#8211; Click-Fix"},"content":{"rendered":"\n\n  <div class=\"banner has-hover has-parallax\" id=\"banner-1193904704\">\n          <div class=\"banner-inner fill\">\n        <div class=\"banner-bg fill\" data-parallax=\"-3\" data-parallax-container=\".banner\" data-parallax-background>\n            <img loading=\"lazy\" decoding=\"async\" width=\"1000\" height=\"1000\" src=\"https:\/\/hallelux.se\/wp-content\/uploads\/2019\/10\/halle-lux-kanalplast-v\u00e4stberga-1.jpg\" class=\"bg attachment-original size-original\" alt=\"\" \/>                                    \n                    <\/div>\n\t\t\n        <div class=\"banner-layers container\">\n            <div class=\"fill banner-link\"><\/div>            \n\n   <div id=\"text-box-53547572\" class=\"text-box banner-layer x50 md-x5 lg-x5 y50 md-y35 lg-y35 res-text\">\n                     <div data-animate=\"fadeInLeft\">           <div class=\"text-box-content text dark\">\n              \n              <div class=\"text-inner text-center\">\n                  \n\n<h2>Halle Isolux<\/h2>\n<p>P\u0142yty kana\u0142owe z tworzyw sztucznych, \u0142\u0105czonych na pi\u00f3ro i wpust za pomoc\u0105 systemu Click-Fix<\/p>\n\n              <\/div>\n           <\/div>\n       <\/div>                     \n<style>\n#text-box-53547572 {\n  width: 80%;\n}\n#text-box-53547572 .text-box-content {\n  font-size: 100%;\n}\n@media (min-width:550px) {\n  #text-box-53547572 {\n    width: 41%;\n  }\n}\n<\/style>\n    <\/div>\n \n\n        <\/div>\n      <\/div>\n\n            \n<style>\n#banner-1193904704 {\n  padding-top: 540px;\n}\n#banner-1193904704 .overlay {\n  background-color: rgba(0, 0, 0, 0.3);\n}\n#banner-1193904704 .banner-bg img {\n  object-position: 52% 33%;\n}\n<\/style>\n  <\/div>\n\n\n<div class=\"row\"  id=\"row-81645494\">\n\n\n\t<div id=\"col-903176364\" class=\"col medium-4 small-12 large-4\"  >\n\t\t\t\t<div class=\"col-inner\"  >\n\t\t\t\n\t\t\t\n\n<p>P\u0142yty typu Halle Isolux s\u0105 produkowane z przezroczystego poliw\u0119glanu, co sprawia, \u017ce nadaj\u0105 si\u0119 one z powodzeniem na powierzchnie otwarte na \u015bwiat\u0142o dzienne zar\u00f3wno w odniesieniu do \u015bcian elewacyjnych, jak i do \u015bcian szczytowych.<\/p>\n<p>Poliw\u0119glan wyr\u00f3\u017cnia si\u0119 ekstremalnie dobr\u0105 udarno\u015bci\u0105 w por\u00f3wnaniu do innych niezbrojonych tworzyw sztucznych, takich jak np. PCV lub akryl.<\/p>\n<p>Dobre w\u0142a\u015bciwo\u015bci udarno\u015bciowe oznaczaj\u0105 nie tylko to, \u017ce materia\u0142 jest odporny na udary, lecz r\u00f3wnie\u017c charakteryzuje si\u0119 tym, \u017ce nie tworz\u0105 si\u0119 p\u0119kni\u0119cia na skutek ruch\u00f3w spowodowanych r\u00f3\u017cnicami temperatur, a tak\u017ce wolne od p\u0119kni\u0119\u0107 s\u0105 obszary przyleg\u0142e do element\u00f3w mocuj\u0105cych.<\/p>\n<p>Rozwi\u0105zania obejmuj\u0105ce p\u0142yty kana\u0142owe z tworzyw sztucznych Isolux wykorzystywane s\u0105 do wykonywania \u015bcian elewacyjnych i szczytowych w stajniach, centrach logistycznych, a tak\u017ce w halach przemys\u0142owych i sportowych. Niska masa w po\u0142\u0105czeniu z wyj\u0105tkowo mocnym i udaroodpornym surowcem z tworzywa sztucznego powoduje, \u017ce p\u0142yty te wytrzymuj\u0105 silne obci\u0105\u017cenia i mog\u0105 by\u0107 z nich wykonywane struktury o du\u017cych rozpi\u0119to\u015bciach. Walory estetyczne p\u0142yt sprawiaj\u0105, \u017ce s\u0105 one odpowiednie i atrakcyjne jako materia\u0142 przeznaczony na du\u017ce powierzchnie<\/p>\n<p>przepuszczaj\u0105ce \u015bwiat\u0142o dzienne.  Co wi\u0119cej, w\u0142a\u015bciwo\u015bci udarno\u015bciowe tych p\u0142yt umo\u017cliwiaj\u0105 ich \u0142atwe wiercenie i ci\u0119cie za pomoc\u0105 zwyk\u0142ych narz\u0119dzi stolarskich.<\/p>\n\n\t\t<\/div>\n\t\t\t\t\t<\/div>\n\n\t\n\n\t<div id=\"col-937107813\" class=\"col medium-8 small-12 large-8\"  >\n\t\t\t\t<div class=\"col-inner\"  >\n\t\t\t\n\t\t\t\n\n<div class=\"row\"  id=\"row-1571185026\">\n\n\n\t<div id=\"col-1026508303\" class=\"col small-12 large-12\"  >\n\t\t\t\t<div class=\"col-inner\"  >\n\t\t\t\n\t\t\t\n\n\t<div class=\"img has-hover x md-x lg-x y md-y lg-y\" id=\"image_733544080\">\n\t\t\t\t\t\t\t\t<div class=\"img-inner image-cover dark\" style=\"padding-top:95%;\">\n\t\t\t<img loading=\"lazy\" decoding=\"async\" width=\"1000\" height=\"1000\" src=\"https:\/\/hallelux.se\/wp-content\/uploads\/2019\/10\/halle-lux-kanalplast-bromma-1.jpg\" class=\"attachment-large size-large\" alt=\"\" srcset=\"https:\/\/hallelux.se\/wp-content\/uploads\/2019\/10\/halle-lux-kanalplast-bromma-1.jpg 1000w, https:\/\/hallelux.se\/wp-content\/uploads\/2019\/10\/halle-lux-kanalplast-bromma-1-150x150.jpg 150w, https:\/\/hallelux.se\/wp-content\/uploads\/2019\/10\/halle-lux-kanalplast-bromma-1-300x300.jpg 300w, https:\/\/hallelux.se\/wp-content\/uploads\/2019\/10\/halle-lux-kanalplast-bromma-1-768x768.jpg 768w\" sizes=\"auto, (max-width: 1000px) 100vw, 1000px\" \/>\t\t\t\t\t\t\n\t\t\t\t\t<\/div>\n\t\t\t\t\t\t\t\t\n<style>\n#image_733544080 {\n  width: 100%;\n}\n<\/style>\n\t<\/div>\n\t\n\n\n\t\t<\/div>\n\t\t\t\t\t<\/div>\n\n\t\n\n<\/div>\n\n\t\t<\/div>\n\t\t\t\t\t<\/div>\n\n\t\n\n<\/div>\n<div class=\"row\"  id=\"row-225405456\">\n\n\n\t<div id=\"col-1511394238\" class=\"col medium-8 small-12 large-8\"  >\n\t\t\t\t<div class=\"col-inner\"  >\n\t\t\t\n\t\t\t\n\n\t<div class=\"img has-hover x md-x lg-x y md-y lg-y\" id=\"image_815130982\">\n\t\t\t\t\t\t\t\t<div class=\"img-inner dark\" >\n\t\t\t<img loading=\"lazy\" decoding=\"async\" width=\"1000\" height=\"1000\" src=\"https:\/\/hallelux.se\/wp-content\/uploads\/2019\/10\/halle-lux-kanalplast-padelhall-2.jpg\" class=\"attachment-large size-large\" alt=\"\" srcset=\"https:\/\/hallelux.se\/wp-content\/uploads\/2019\/10\/halle-lux-kanalplast-padelhall-2.jpg 1000w, https:\/\/hallelux.se\/wp-content\/uploads\/2019\/10\/halle-lux-kanalplast-padelhall-2-150x150.jpg 150w, https:\/\/hallelux.se\/wp-content\/uploads\/2019\/10\/halle-lux-kanalplast-padelhall-2-300x300.jpg 300w, https:\/\/hallelux.se\/wp-content\/uploads\/2019\/10\/halle-lux-kanalplast-padelhall-2-768x768.jpg 768w\" sizes=\"auto, (max-width: 1000px) 100vw, 1000px\" \/>\t\t\t\t\t\t\n\t\t\t\t\t<\/div>\n\t\t\t\t\t\t\t\t\n<style>\n#image_815130982 {\n  width: 100%;\n}\n<\/style>\n\t<\/div>\n\t\n\n\n\t\t<\/div>\n\t\t\t\t\t<\/div>\n\n\t\n\n\t<div id=\"col-1040841979\" class=\"col medium-4 small-12 large-4\"  >\n\t\t\t\t<div class=\"col-inner\"  >\n\t\t\t\n\t\t\t\n\n<p>Chc\u0105 Pa\u0144stwo dowiedzie\u0107 si\u0119 wi\u0119cej na temat systemu \u0142\u0105czenia p\u0142yt Click-Fix? Prosimy wys\u0142a\u0107 do nas wiadomo\u015b\u0107 mailow\u0105 z opisem projektu, a wkr\u00f3tce otrzymaj\u0105 Pa\u0144stwo od nas odpowied\u017a!\u00a0<\/p>\n\n<div class=\"wpcf7 no-js\" id=\"wpcf7-f6-o1\" lang=\"sv-SE\" dir=\"ltr\" data-wpcf7-id=\"6\">\n<div class=\"screen-reader-response\"><p role=\"status\" aria-live=\"polite\" aria-atomic=\"true\"><\/p> <ul><\/ul><\/div>\n<form action=\"\/pl\/wp-json\/wp\/v2\/pages\/921#wpcf7-f6-o1\" method=\"post\" class=\"wpcf7-form init\" aria-label=\"Kontaktformul\u00e4r\" novalidate=\"novalidate\" data-status=\"init\">\n<fieldset class=\"hidden-fields-container\"><input type=\"hidden\" name=\"_wpcf7\" value=\"6\" \/><input type=\"hidden\" name=\"_wpcf7_version\" value=\"6.1.5\" \/><input type=\"hidden\" name=\"_wpcf7_locale\" value=\"sv_SE\" \/><input type=\"hidden\" name=\"_wpcf7_unit_tag\" value=\"wpcf7-f6-o1\" \/><input type=\"hidden\" name=\"_wpcf7_container_post\" value=\"0\" \/><input type=\"hidden\" name=\"_wpcf7_posted_data_hash\" value=\"\" \/><input type=\"hidden\" name=\"_wpcf7_recaptcha_response\" value=\"\" \/>\n<\/fieldset>\n<p><label> Your Name<br \/>\n<span class=\"wpcf7-form-control-wrap\" data-name=\"your-name\"><input size=\"40\" maxlength=\"400\" class=\"wpcf7-form-control wpcf7-text wpcf7-validates-as-required\" aria-required=\"true\" aria-invalid=\"false\" value=\"\" type=\"text\" name=\"your-name\" \/><\/span> <\/label>\n<\/p>\n<p><label> Your Email Address<br \/>\n<span class=\"wpcf7-form-control-wrap\" data-name=\"your-email\"><input size=\"40\" maxlength=\"400\" class=\"wpcf7-form-control wpcf7-email wpcf7-validates-as-required wpcf7-text wpcf7-validates-as-email\" aria-required=\"true\" aria-invalid=\"false\" value=\"\" type=\"email\" name=\"your-email\" \/><\/span> <\/label>\n<\/p>\n<p><label> Your Message<br \/>\n<span class=\"wpcf7-form-control-wrap\" data-name=\"your-message\"><textarea cols=\"40\" rows=\"10\" maxlength=\"2000\" class=\"wpcf7-form-control wpcf7-textarea wpcf7-validates-as-required\" aria-required=\"true\" aria-invalid=\"false\" name=\"your-message\"><\/textarea><\/span> <\/label>\n<\/p>\n<p><input class=\"wpcf7-form-control wpcf7-submit has-spinner\" type=\"submit\" value=\"Send message\" \/>\n<\/p><div class=\"wpcf7-response-output\" aria-hidden=\"true\"><\/div>\n<\/form>\n<\/div>\n\n\n\n\t\t<\/div>\n\t\t\t\t\t<\/div>\n\n\t\n\n<\/div>\n\n","protected":false},"excerpt":{"rendered":"","protected":false},"author":1,"featured_media":0,"parent":0,"menu_order":0,"comment_status":"closed","ping_status":"closed","template":"page-blank.php","meta":{"footnotes":""},"class_list":["post-921","page","type-page","status-publish","hentry"],"_links":{"self":[{"href":"https:\/\/hallelux.se\/pl\/wp-json\/wp\/v2\/pages\/921","targetHints":{"allow":["GET"]}}],"collection":[{"href":"https:\/\/hallelux.se\/pl\/wp-json\/wp\/v2\/pages"}],"about":[{"href":"https:\/\/hallelux.se\/pl\/wp-json\/wp\/v2\/types\/page"}],"author":[{"embeddable":true,"href":"https:\/\/hallelux.se\/pl\/wp-json\/wp\/v2\/users\/1"}],"replies":[{"embeddable":true,"href":"https:\/\/hallelux.se\/pl\/wp-json\/wp\/v2\/comments?post=921"}],"version-history":[{"count":0,"href":"https:\/\/hallelux.se\/pl\/wp-json\/wp\/v2\/pages\/921\/revisions"}],"wp:attachment":[{"href":"https:\/\/hallelux.se\/pl\/wp-json\/wp\/v2\/media?parent=921"}],"curies":[{"name":"wp","href":"https:\/\/api.w.org\/{rel}","templated":true}]}}