{"id":919,"date":"2020-03-24T18:17:10","date_gmt":"2020-03-24T17:17:10","guid":{"rendered":"https:\/\/hallelux.se\/informacje-na-temat-firmy-halle\/"},"modified":"2021-11-19T09:56:43","modified_gmt":"2021-11-19T08:56:43","slug":"informacje-na-temat-firmy-halle","status":"publish","type":"page","link":"https:\/\/hallelux.se\/pl\/informacje-na-temat-firmy-halle\/","title":{"rendered":"Informacje na temat firmy Halle"},"content":{"rendered":"\n<div class=\"slider-wrapper relative\" id=\"slider-1014293458\" >\n    <div class=\"slider slider-nav-circle slider-nav-large slider-nav-light slider-style-normal\"\n        data-flickity-options='{\n            \"cellAlign\": \"center\",\n            \"imagesLoaded\": true,\n            \"lazyLoad\": 1,\n            \"freeScroll\": false,\n            \"wrapAround\": true,\n            \"autoPlay\": 6000,\n            \"pauseAutoPlayOnHover\" : true,\n            \"prevNextButtons\": true,\n            \"contain\" : true,\n            \"adaptiveHeight\" : true,\n            \"dragThreshold\" : 10,\n            \"percentPosition\": true,\n            \"pageDots\": true,\n            \"rightToLeft\": false,\n            \"draggable\": true,\n            \"selectedAttraction\": 0.1,\n            \"parallax\" : 0,\n            \"friction\": 0.6        }'\n        >\n        \n\n\n  <div class=\"banner has-hover\" id=\"banner-2043438782\">\n          <div class=\"banner-inner fill\">\n        <div class=\"banner-bg fill\" >\n            <img loading=\"lazy\" decoding=\"async\" width=\"1020\" height=\"536\" src=\"https:\/\/hallelux.se\/wp-content\/uploads\/2019\/12\/Fasadskylt-Halle-1024x538.jpg\" class=\"bg attachment-large size-large\" alt=\"\" \/>                        <div class=\"overlay\"><\/div>            \n                    <\/div>\n\t\t\n        <div class=\"banner-layers container\">\n            <div class=\"fill banner-link\"><\/div>            \n\n   <div id=\"text-box-1495850972\" class=\"text-box banner-layer x50 md-x50 lg-x50 y50 md-y50 lg-y50 res-text\">\n                     <div data-animate=\"flipInY\">           <div class=\"text-box-content text dark\">\n              \n              <div class=\"text-inner text-center\">\n                  \n\n<div class=\"is-divider divider clearfix\" style=\"margin-top:3px;margin-bottom:3px;\"><\/div>\n\n<h2>Lux oznacza \u015bwiat\u0142o!<\/h2>\n<p>Ju\u017c od ko\u0144ca lat 60-tych, firma Halle produkuje na\u015bwietla i powierzchnie otwarte na \u015bwiat\u0142o dzienne<\/p>\n<div class=\"is-divider divider clearfix\" ><\/div>\n\n\n              <\/div>\n           <\/div>\n       <\/div>                     \n<style>\n#text-box-1495850972 {\n  width: 100%;\n}\n#text-box-1495850972 .text-box-content {\n  font-size: 100%;\n}\n@media (min-width:550px) {\n  #text-box-1495850972 {\n    width: 70%;\n  }\n}\n<\/style>\n    <\/div>\n \n\n        <\/div>\n      <\/div>\n\n            \n<style>\n#banner-2043438782 {\n  padding-top: 600px;\n}\n#banner-2043438782 .overlay {\n  background-color: rgba(0, 0, 0, 0.02);\n}\n#banner-2043438782 .banner-bg img {\n  object-position: 31% 51%;\n}\n<\/style>\n  <\/div>\n\n\n\n     <\/div>\n\n     <div class=\"loading-spin dark large centered\"><\/div>\n\n\t<\/div>\n\n\n<div class=\"row\"  id=\"row-88959965\">\n\n\n\t<div id=\"col-692491506\" class=\"col medium-4 small-12 large-4\"  >\n\t\t\t\t<div class=\"col-inner\"  >\n\t\t\t\n\t\t\t\n\n<h2>HALLELUX<\/h2>\n<p>Mamy du\u017ce do\u015bwiadczenie w zakresie na\u015bwietli oraz powierzchni otwartych na \u015bwiat\u0142o dzienne, zar\u00f3wno w zakresie rozwi\u0105za\u0144 prostych, jak i najbardziej nawet z\u0142o\u017conych. Realizujemy zar\u00f3wno ma\u0142e, jak i du\u017ce projekty budowlane z elewacjami sklep\u00f3w i budynk\u00f3w, centr\u00f3w logistycznych, hal przemys\u0142owych, budynk\u00f3w rolniczych, hal produkcyjnych, stajni je\u017adzieckich, szklarni itp. w\u0142\u0105cznie. Systemy na\u015bwietli oraz powierzchni otwartych na \u015bwiat\u0142o dzienne produkujemy i sprzedajemy ju\u017c od lat 60-tych.<\/p>\n<p>Nasza fabryka oraz biura mieszcz\u0105 si\u0119 w Laholm. Mog\u0105c postawi\u0107 piecz\u0119\u0107 Made in Sweden na naszych produktach, odczuwamy z tego powodu zar\u00f3wno rado\u015b\u0107, jak i dum\u0119.<\/p>\n<p>Nasze produkty sprzedawane s\u0105 na terenie ca\u0142ej Szwecji oraz eksportowane do wielu kraj\u00f3w \u015bwiata, gdzie ciesz\u0105 si\u0119 niezmiennie du\u017cym popytem.&nbsp;&nbsp;<\/p>\n<p>&nbsp;<\/p>\n\n\t\t<\/div>\n\t\t\t\t\t<\/div>\n\n\t\n\n\t<div id=\"col-1717662542\" class=\"col medium-8 small-12 large-8\"  >\n\t\t\t\t<div class=\"col-inner\"  >\n\t\t\t\n\t\t\t\n\n<p><iframe loading=\"lazy\" src=\"https:\/\/www.google.com\/maps\/embed?pb=!1m18!1m12!1m3!1d1885771.653160211!2d14.74801135165895!3d57.77304932605423!2m3!1f0!2f0!3f0!3m2!1i1024!2i768!4f13.1!3m3!1m2!1s0x46517603bf674ab9%3A0x4e1859de4e0f602a!2sHalle%20System%20AB!5e0!3m2!1ssv!2sse!4v1578575298510!5m2!1ssv!2sse\" width=\"100%\" height=\"450\" frameborder=\"0\" style=\"border:0;\" allowfullscreen=\"\"><\/iframe><\/p>\n\n\t\t<\/div>\n\t\t\t\t\t<\/div>\n\n\t\n\n<\/div>\n<div class=\"row\"  id=\"row-373665816\">\n\n\n\t<div id=\"col-375453750\" class=\"col medium-4 small-12 large-4\"  >\n\t\t\t\t<div class=\"col-inner\"  >\n\t\t\t\n\t\t\t\n\n\n<div class=\"wpcf7 no-js\" id=\"wpcf7-f6-o1\" lang=\"sv-SE\" dir=\"ltr\" data-wpcf7-id=\"6\">\n<div class=\"screen-reader-response\"><p role=\"status\" aria-live=\"polite\" aria-atomic=\"true\"><\/p> <ul><\/ul><\/div>\n<form action=\"\/pl\/wp-json\/wp\/v2\/pages\/919#wpcf7-f6-o1\" method=\"post\" class=\"wpcf7-form init\" aria-label=\"Kontaktformul\u00e4r\" novalidate=\"novalidate\" data-status=\"init\">\n<fieldset class=\"hidden-fields-container\"><input type=\"hidden\" name=\"_wpcf7\" value=\"6\" \/><input type=\"hidden\" name=\"_wpcf7_version\" value=\"6.1.5\" \/><input type=\"hidden\" name=\"_wpcf7_locale\" value=\"sv_SE\" \/><input type=\"hidden\" name=\"_wpcf7_unit_tag\" value=\"wpcf7-f6-o1\" \/><input type=\"hidden\" name=\"_wpcf7_container_post\" value=\"0\" \/><input type=\"hidden\" name=\"_wpcf7_posted_data_hash\" value=\"\" \/><input type=\"hidden\" name=\"_wpcf7_recaptcha_response\" value=\"\" \/>\n<\/fieldset>\n<p><label> Your Name<br \/>\n<span class=\"wpcf7-form-control-wrap\" data-name=\"your-name\"><input size=\"40\" maxlength=\"400\" class=\"wpcf7-form-control wpcf7-text wpcf7-validates-as-required\" aria-required=\"true\" aria-invalid=\"false\" value=\"\" type=\"text\" name=\"your-name\" \/><\/span> <\/label>\n<\/p>\n<p><label> Your Email Address<br \/>\n<span class=\"wpcf7-form-control-wrap\" data-name=\"your-email\"><input size=\"40\" maxlength=\"400\" class=\"wpcf7-form-control wpcf7-email wpcf7-validates-as-required wpcf7-text wpcf7-validates-as-email\" aria-required=\"true\" aria-invalid=\"false\" value=\"\" type=\"email\" name=\"your-email\" \/><\/span> <\/label>\n<\/p>\n<p><label> Your Message<br \/>\n<span class=\"wpcf7-form-control-wrap\" data-name=\"your-message\"><textarea cols=\"40\" rows=\"10\" maxlength=\"2000\" class=\"wpcf7-form-control wpcf7-textarea wpcf7-validates-as-required\" aria-required=\"true\" aria-invalid=\"false\" name=\"your-message\"><\/textarea><\/span> <\/label>\n<\/p>\n<p><input class=\"wpcf7-form-control wpcf7-submit has-spinner\" type=\"submit\" value=\"Send message\" \/>\n<\/p><div class=\"wpcf7-response-output\" aria-hidden=\"true\"><\/div>\n<\/form>\n<\/div>\n\n\n\n\t\t<\/div>\n\t\t\t\t\t<\/div>\n\n\t\n\n\t<div id=\"col-642947053\" class=\"col medium-4 small-12 large-4\"  >\n\t\t\t\t<div class=\"col-inner\"  >\n\t\t\t\n\t\t\t\n\n\t<div class=\"box has-hover   has-hover box-text-bottom\" >\n\n\t\t<div class=\"box-image\" >\n\t\t\t\t\t\t<div class=\"\" >\n\t\t\t\t<img loading=\"lazy\" decoding=\"async\" width=\"260\" height=\"176\" src=\"https:\/\/hallelux.se\/wp-content\/uploads\/2020\/01\/henrik.bennarp.jpg\" class=\"attachment- size-\" alt=\"\" \/>\t\t\t\t\t\t\t\t\t\t\t<\/div>\n\t\t\t\t\t<\/div>\n\n\t\t<div class=\"box-text text-center\" >\n\t\t\t<div class=\"box-text-inner\">\n\t\t\t\t\n\n<p>\u00a0<\/p>\n<h4>Henrik Bennarp<\/h4>\n<p>Prezes Zarz\u0105du \u2013 Dyrektor Generalny<\/p>\n<p><a href=\"mailto:henrik.bennarp@halle.se\">henrik.bennarp@halle.se<\/a><\/p>\n<p>+46 (0)430-122 76<\/p>\n\n\t\t\t<\/div>\n\t\t<\/div>\n\t<\/div>\n\t\n\n\t\t<\/div>\n\t\t\t\t\t<\/div>\n\n\t\n\n<\/div>\n\n","protected":false},"excerpt":{"rendered":"","protected":false},"author":1,"featured_media":0,"parent":0,"menu_order":0,"comment_status":"closed","ping_status":"closed","template":"page-blank.php","meta":{"footnotes":""},"class_list":["post-919","page","type-page","status-publish","hentry"],"_links":{"self":[{"href":"https:\/\/hallelux.se\/pl\/wp-json\/wp\/v2\/pages\/919","targetHints":{"allow":["GET"]}}],"collection":[{"href":"https:\/\/hallelux.se\/pl\/wp-json\/wp\/v2\/pages"}],"about":[{"href":"https:\/\/hallelux.se\/pl\/wp-json\/wp\/v2\/types\/page"}],"author":[{"embeddable":true,"href":"https:\/\/hallelux.se\/pl\/wp-json\/wp\/v2\/users\/1"}],"replies":[{"embeddable":true,"href":"https:\/\/hallelux.se\/pl\/wp-json\/wp\/v2\/comments?post=919"}],"version-history":[{"count":0,"href":"https:\/\/hallelux.se\/pl\/wp-json\/wp\/v2\/pages\/919\/revisions"}],"wp:attachment":[{"href":"https:\/\/hallelux.se\/pl\/wp-json\/wp\/v2\/media?parent=919"}],"curies":[{"name":"wp","href":"https:\/\/api.w.org\/{rel}","templated":true}]}}