{"id":907,"date":"2020-03-24T18:16:49","date_gmt":"2020-03-24T17:16:49","guid":{"rendered":"https:\/\/hallelux.se\/hallelux-tata-steel\/"},"modified":"2022-01-03T10:27:31","modified_gmt":"2022-01-03T09:27:31","slug":"hallelux-tata-steel","status":"publish","type":"page","link":"https:\/\/hallelux.se\/de\/hallelux-tata-steel\/","title":{"rendered":"HalleLux &#8211; Tata Steel"},"content":{"rendered":"\n\n\t<section class=\"section\" id=\"section_698013810\">\n\t\t<div class=\"section-bg fill\" >\n\t\t\t\t\t\t\t\t\t<div class=\"section-bg-overlay absolute fill\"><\/div>\n\t\t\t\n\n\t\t<\/div>\n\n\t\t\n\n\t\t<div class=\"section-content relative\">\n\t\t\t\n\n<div class=\"row row-large\"  id=\"row-1244509687\">\n\n\n\t<div id=\"col-820468845\" class=\"col medium-6 small-12 large-6\"  >\n\t\t\t\t<div class=\"col-inner\"  >\n\t\t\t\n\t\t\t\n\n\t<div class=\"img has-hover x md-x lg-x y md-y lg-y\" id=\"image_860615239\">\n\t\t\t\t\t\t\t\t<div class=\"img-inner dark\" >\n\t\t\t<img loading=\"lazy\" decoding=\"async\" width=\"1020\" height=\"1020\" src=\"https:\/\/hallelux.se\/wp-content\/uploads\/2020\/01\/tata-steel_high-1024x1024.jpg\" class=\"attachment-large size-large\" alt=\"\" srcset=\"https:\/\/hallelux.se\/wp-content\/uploads\/2020\/01\/tata-steel_high-1024x1024.jpg 1024w, https:\/\/hallelux.se\/wp-content\/uploads\/2020\/01\/tata-steel_high-300x300.jpg 300w, https:\/\/hallelux.se\/wp-content\/uploads\/2020\/01\/tata-steel_high-150x150.jpg 150w, https:\/\/hallelux.se\/wp-content\/uploads\/2020\/01\/tata-steel_high-768x768.jpg 768w, https:\/\/hallelux.se\/wp-content\/uploads\/2020\/01\/tata-steel_high-1536x1536.jpg 1536w, https:\/\/hallelux.se\/wp-content\/uploads\/2020\/01\/tata-steel_high.jpg 1800w\" sizes=\"auto, (max-width: 1020px) 100vw, 1020px\" \/>\t\t\t\t\t\t\n\t\t\t\t\t<\/div>\n\t\t\t\t\t\t\t\t\n<style>\n#image_860615239 {\n  width: 100%;\n}\n<\/style>\n\t<\/div>\n\t\n\n\n\t\t<\/div>\n\t\t\t\t\t<\/div>\n\n\t\n\n\t<div id=\"col-1016431882\" class=\"col medium-6 small-12 large-6\"  >\n\t\t\t\t<div class=\"col-inner text-left\"  >\n\t\t\t\n\t\t\t\n\n<h1>Tata Steel &#8211; Lichtplatten<\/h1>\n\n<p>Halle arbeitet seit vielen Jahren mit Tata Steel zusammen. Seit den 60er-Jahren liefern wir Lichtplatten zu dessen Anlagen in Europa.<\/p>\n\n<p>Wenn Sie Ihr Profil nicht in der unten stehenden Tabelle finden, bitten wir Sie um R\u00fcckmeldung, damit wir pr\u00fcfen k\u00f6nnen, ob wir es bereits haben oder ob wir ein neues Profiltool entwickeln sollen.<\/p>\n\n<p>Die Profile sind wie folgt erh\u00e4ltlich<\/p>\n\n<ul>\n<li >Armierung\/qm 375 g \/ 450 g \/ 900 g \/ 1200 Gramm<\/li>\n<li>Eingef\u00e4rbt in frei w\u00e4hlbarer RAL-Farbe<\/li>\n<li>Kondensationsschutz<\/li>\n<\/ul>\n\n\t\t<\/div>\n\t\t\t\t\t<\/div>\n\n\t\n\n<\/div>\n\n\t\t<\/div>\n\n\t\t\n<style>\n#section_698013810 {\n  padding-top: 60px;\n  padding-bottom: 60px;\n  background-color: rgb(193, 193, 193);\n}\n#section_698013810 .section-bg-overlay {\n  background-color: rgba(255, 255, 255, 0.85);\n}\n<\/style>\n\t<\/section>\n\t\n<div class=\"accordion\">\n\n\t<div id=\"accordion-1918382444\" class=\"accordion-item\">\n\t\t<a id=\"accordion-1918382444-label\" class=\"accordion-title plain\" href=\"#accordion-item-sinus-18\/990-art.-nr.-wc\" aria-expanded=\"false\" aria-controls=\"accordion-1918382444-content\">\n\t\t\t<button class=\"toggle\" aria-label=\"Umschalten\"><i class=\"icon-angle-down\" aria-hidden=\"true\"><\/i><\/button>\n\t\t\t<span>Sinus 18\/990 Art.-Nr. WC<\/span>\n\t\t<\/a>\n\t\t<div id=\"accordion-1918382444-content\" class=\"accordion-inner\" aria-labelledby=\"accordion-1918382444-label\">\n\t\t\t\n\n\t<div class=\"img has-hover x md-x lg-x y md-y lg-y\" id=\"image_1396046578\">\n\t\t\t\t\t\t\t\t<div class=\"img-inner dark\" >\n\t\t\t<img loading=\"lazy\" decoding=\"async\" width=\"1020\" height=\"714\" src=\"https:\/\/hallelux.se\/wp-content\/uploads\/2020\/01\/WC-2-1024x717.png\" class=\"attachment-large size-large\" alt=\"\" srcset=\"https:\/\/hallelux.se\/wp-content\/uploads\/2020\/01\/WC-2-1024x717.png 1024w, https:\/\/hallelux.se\/wp-content\/uploads\/2020\/01\/WC-2-300x210.png 300w, https:\/\/hallelux.se\/wp-content\/uploads\/2020\/01\/WC-2-768x538.png 768w, https:\/\/hallelux.se\/wp-content\/uploads\/2020\/01\/WC-2.png 1266w\" sizes=\"auto, (max-width: 1020px) 100vw, 1020px\" \/>\t\t\t\t\t\t\n\t\t\t\t\t<\/div>\n\t\t\t\t\t\t\t\t\n<style>\n#image_1396046578 {\n  width: 100%;\n}\n<\/style>\n\t<\/div>\n\t\n\n\n\t\t<\/div>\n\t<\/div>\n\t\n\t<div id=\"accordion-2718358162\" class=\"accordion-item\">\n\t\t<a id=\"accordion-2718358162-label\" class=\"accordion-title plain\" href=\"#accordion-item-sinus-27\/1000-art.-nr.-tu\" aria-expanded=\"false\" aria-controls=\"accordion-2718358162-content\">\n\t\t\t<button class=\"toggle\" aria-label=\"Umschalten\"><i class=\"icon-angle-down\" aria-hidden=\"true\"><\/i><\/button>\n\t\t\t<span>Sinus 27\/1000 Art.-Nr. TU<\/span>\n\t\t<\/a>\n\t\t<div id=\"accordion-2718358162-content\" class=\"accordion-inner\" aria-labelledby=\"accordion-2718358162-label\">\n\t\t\t\n\n\t<div class=\"img has-hover x md-x lg-x y md-y lg-y\" id=\"image_482776783\">\n\t\t\t\t\t\t\t\t<div class=\"img-inner dark\" >\n\t\t\t<img loading=\"lazy\" decoding=\"async\" width=\"1020\" height=\"725\" src=\"https:\/\/hallelux.se\/wp-content\/uploads\/2020\/01\/TU-1024x728.png\" class=\"attachment-large size-large\" alt=\"\" srcset=\"https:\/\/hallelux.se\/wp-content\/uploads\/2020\/01\/TU-1024x728.png 1024w, https:\/\/hallelux.se\/wp-content\/uploads\/2020\/01\/TU-300x213.png 300w, https:\/\/hallelux.se\/wp-content\/uploads\/2020\/01\/TU-768x546.png 768w, https:\/\/hallelux.se\/wp-content\/uploads\/2020\/01\/TU.png 1278w\" sizes=\"auto, (max-width: 1020px) 100vw, 1020px\" \/>\t\t\t\t\t\t\n\t\t\t\t\t<\/div>\n\t\t\t\t\t\t\t\t\n<style>\n#image_482776783 {\n  width: 100%;\n}\n<\/style>\n\t<\/div>\n\t\n\n\n\t\t<\/div>\n\t<\/div>\n\t\n\t<div id=\"accordion-3782060001\" class=\"accordion-item\">\n\t\t<a id=\"accordion-3782060001-label\" class=\"accordion-title plain\" href=\"#accordion-item-sinus-45\/900-art.-nr.-ol\" aria-expanded=\"false\" aria-controls=\"accordion-3782060001-content\">\n\t\t\t<button class=\"toggle\" aria-label=\"Umschalten\"><i class=\"icon-angle-down\" aria-hidden=\"true\"><\/i><\/button>\n\t\t\t<span>Sinus 45\/900 Art.-Nr. OL<\/span>\n\t\t<\/a>\n\t\t<div id=\"accordion-3782060001-content\" class=\"accordion-inner\" aria-labelledby=\"accordion-3782060001-label\">\n\t\t\t\n\n\t<div class=\"img has-hover x md-x lg-x y md-y lg-y\" id=\"image_1961075007\">\n\t\t\t\t\t\t\t\t<div class=\"img-inner dark\" >\n\t\t\t<img loading=\"lazy\" decoding=\"async\" width=\"1020\" height=\"713\" src=\"https:\/\/hallelux.se\/wp-content\/uploads\/2020\/01\/OL-2-1024x716.png\" class=\"attachment-large size-large\" alt=\"\" srcset=\"https:\/\/hallelux.se\/wp-content\/uploads\/2020\/01\/OL-2-1024x716.png 1024w, https:\/\/hallelux.se\/wp-content\/uploads\/2020\/01\/OL-2-300x210.png 300w, https:\/\/hallelux.se\/wp-content\/uploads\/2020\/01\/OL-2-768x537.png 768w, https:\/\/hallelux.se\/wp-content\/uploads\/2020\/01\/OL-2.png 1270w\" sizes=\"auto, (max-width: 1020px) 100vw, 1020px\" \/>\t\t\t\t\t\t\n\t\t\t\t\t<\/div>\n\t\t\t\t\t\t\t\t\n<style>\n#image_1961075007 {\n  width: 100%;\n}\n<\/style>\n\t<\/div>\n\t\n\n\n\t\t<\/div>\n\t<\/div>\n\t\n\t<div id=\"accordion-1359303379\" class=\"accordion-item\">\n\t\t<a id=\"accordion-1359303379-label\" class=\"accordion-title plain\" href=\"#accordion-item-op-18-art.-nr.-oe\" aria-expanded=\"false\" aria-controls=\"accordion-1359303379-content\">\n\t\t\t<button class=\"toggle\" aria-label=\"Umschalten\"><i class=\"icon-angle-down\" aria-hidden=\"true\"><\/i><\/button>\n\t\t\t<span>OP 18 Art.-Nr. OE<\/span>\n\t\t<\/a>\n\t\t<div id=\"accordion-1359303379-content\" class=\"accordion-inner\" aria-labelledby=\"accordion-1359303379-label\">\n\t\t\t\n\n\t<div class=\"img has-hover x md-x lg-x y md-y lg-y\" id=\"image_2097166324\">\n\t\t\t\t\t\t\t\t<div class=\"img-inner dark\" >\n\t\t\t<img loading=\"lazy\" decoding=\"async\" width=\"1020\" height=\"718\" src=\"https:\/\/hallelux.se\/wp-content\/uploads\/2020\/01\/OE-1024x721.png\" class=\"attachment-large size-large\" alt=\"\" srcset=\"https:\/\/hallelux.se\/wp-content\/uploads\/2020\/01\/OE-1024x721.png 1024w, https:\/\/hallelux.se\/wp-content\/uploads\/2020\/01\/OE-300x211.png 300w, https:\/\/hallelux.se\/wp-content\/uploads\/2020\/01\/OE-768x540.png 768w, https:\/\/hallelux.se\/wp-content\/uploads\/2020\/01\/OE.png 1252w\" sizes=\"auto, (max-width: 1020px) 100vw, 1020px\" \/>\t\t\t\t\t\t\n\t\t\t\t\t<\/div>\n\t\t\t\t\t\t\t\t\n<style>\n#image_2097166324 {\n  width: 100%;\n}\n<\/style>\n\t<\/div>\n\t\n\n\n\t\t<\/div>\n\t<\/div>\n\t\n\t<div id=\"accordion-3027652270\" class=\"accordion-item\">\n\t\t<a id=\"accordion-3027652270-label\" class=\"accordion-title plain\" href=\"#accordion-item-op-20-art.-nr.-ok\" aria-expanded=\"false\" aria-controls=\"accordion-3027652270-content\">\n\t\t\t<button class=\"toggle\" aria-label=\"Umschalten\"><i class=\"icon-angle-down\" aria-hidden=\"true\"><\/i><\/button>\n\t\t\t<span>OP 20 Art.-Nr. OK<\/span>\n\t\t<\/a>\n\t\t<div id=\"accordion-3027652270-content\" class=\"accordion-inner\" aria-labelledby=\"accordion-3027652270-label\">\n\t\t\t\n\n\t<div class=\"img has-hover x md-x lg-x y md-y lg-y\" id=\"image_1226866262\">\n\t\t\t\t\t\t\t\t<div class=\"img-inner dark\" >\n\t\t\t<img loading=\"lazy\" decoding=\"async\" width=\"1020\" height=\"713\" src=\"https:\/\/hallelux.se\/wp-content\/uploads\/2020\/01\/OK-1024x716.png\" class=\"attachment-large size-large\" alt=\"\" srcset=\"https:\/\/hallelux.se\/wp-content\/uploads\/2020\/01\/OK-1024x716.png 1024w, https:\/\/hallelux.se\/wp-content\/uploads\/2020\/01\/OK-300x210.png 300w, https:\/\/hallelux.se\/wp-content\/uploads\/2020\/01\/OK-768x537.png 768w, https:\/\/hallelux.se\/wp-content\/uploads\/2020\/01\/OK.png 1252w\" sizes=\"auto, (max-width: 1020px) 100vw, 1020px\" \/>\t\t\t\t\t\t\n\t\t\t\t\t<\/div>\n\t\t\t\t\t\t\t\t\n<style>\n#image_1226866262 {\n  width: 100%;\n}\n<\/style>\n\t<\/div>\n\t\n\n\n\t\t<\/div>\n\t<\/div>\n\t\n\t<div id=\"accordion-3869117833\" class=\"accordion-item\">\n\t\t<a id=\"accordion-3869117833-label\" class=\"accordion-title plain\" href=\"#accordion-item-op-30-art.-nr.-of\" aria-expanded=\"false\" aria-controls=\"accordion-3869117833-content\">\n\t\t\t<button class=\"toggle\" aria-label=\"Umschalten\"><i class=\"icon-angle-down\" aria-hidden=\"true\"><\/i><\/button>\n\t\t\t<span>OP 30 Art.-Nr. OF<\/span>\n\t\t<\/a>\n\t\t<div id=\"accordion-3869117833-content\" class=\"accordion-inner\" aria-labelledby=\"accordion-3869117833-label\">\n\t\t\t\n\n\t<div class=\"img has-hover x md-x lg-x y md-y lg-y\" id=\"image_488794474\">\n\t\t\t\t\t\t\t\t<div class=\"img-inner dark\" >\n\t\t\t<img loading=\"lazy\" decoding=\"async\" width=\"1020\" height=\"714\" src=\"https:\/\/hallelux.se\/wp-content\/uploads\/2020\/01\/OF-1024x717.png\" class=\"attachment-large size-large\" alt=\"\" srcset=\"https:\/\/hallelux.se\/wp-content\/uploads\/2020\/01\/OF-1024x717.png 1024w, https:\/\/hallelux.se\/wp-content\/uploads\/2020\/01\/OF-300x210.png 300w, https:\/\/hallelux.se\/wp-content\/uploads\/2020\/01\/OF-768x538.png 768w, https:\/\/hallelux.se\/wp-content\/uploads\/2020\/01\/OF.png 1249w\" sizes=\"auto, (max-width: 1020px) 100vw, 1020px\" \/>\t\t\t\t\t\t\n\t\t\t\t\t<\/div>\n\t\t\t\t\t\t\t\t\n<style>\n#image_488794474 {\n  width: 100%;\n}\n<\/style>\n\t<\/div>\n\t\n\n\n\t\t<\/div>\n\t<\/div>\n\t\n\t<div id=\"accordion-3022292246\" class=\"accordion-item\">\n\t\t<a id=\"accordion-3022292246-label\" class=\"accordion-title plain\" href=\"#accordion-item-op-45-art.-nr.-og\" aria-expanded=\"false\" aria-controls=\"accordion-3022292246-content\">\n\t\t\t<button class=\"toggle\" aria-label=\"Umschalten\"><i class=\"icon-angle-down\" aria-hidden=\"true\"><\/i><\/button>\n\t\t\t<span>OP 45 Art.-Nr. OG<\/span>\n\t\t<\/a>\n\t\t<div id=\"accordion-3022292246-content\" class=\"accordion-inner\" aria-labelledby=\"accordion-3022292246-label\">\n\t\t\t\n\n\t<div class=\"img has-hover x md-x lg-x y md-y lg-y\" id=\"image_543274623\">\n\t\t\t\t\t\t\t\t<div class=\"img-inner dark\" >\n\t\t\t<img loading=\"lazy\" decoding=\"async\" width=\"1020\" height=\"716\" src=\"https:\/\/hallelux.se\/wp-content\/uploads\/2020\/01\/OG-1024x719.png\" class=\"attachment-large size-large\" alt=\"\" srcset=\"https:\/\/hallelux.se\/wp-content\/uploads\/2020\/01\/OG-1024x719.png 1024w, https:\/\/hallelux.se\/wp-content\/uploads\/2020\/01\/OG-300x211.png 300w, https:\/\/hallelux.se\/wp-content\/uploads\/2020\/01\/OG-768x539.png 768w, https:\/\/hallelux.se\/wp-content\/uploads\/2020\/01\/OG.png 1250w\" sizes=\"auto, (max-width: 1020px) 100vw, 1020px\" \/>\t\t\t\t\t\t\n\t\t\t\t\t<\/div>\n\t\t\t\t\t\t\t\t\n<style>\n#image_543274623 {\n  width: 100%;\n}\n<\/style>\n\t<\/div>\n\t\n\n\n\t\t<\/div>\n\t<\/div>\n\t\n\t<div id=\"accordion-3328257525\" class=\"accordion-item\">\n\t\t<a id=\"accordion-3328257525-label\" class=\"accordion-title plain\" href=\"#accordion-item-ovp-45-sinus-art.-nr.-ol\" aria-expanded=\"false\" aria-controls=\"accordion-3328257525-content\">\n\t\t\t<button class=\"toggle\" aria-label=\"Umschalten\"><i class=\"icon-angle-down\" aria-hidden=\"true\"><\/i><\/button>\n\t\t\t<span>OVP 45 Sinus Art.-Nr. OL<\/span>\n\t\t<\/a>\n\t\t<div id=\"accordion-3328257525-content\" class=\"accordion-inner\" aria-labelledby=\"accordion-3328257525-label\">\n\t\t\t\n\n\t<div class=\"img has-hover x md-x lg-x y md-y lg-y\" id=\"image_1148488533\">\n\t\t\t\t\t\t\t\t<div class=\"img-inner dark\" >\n\t\t\t<img loading=\"lazy\" decoding=\"async\" width=\"1020\" height=\"713\" src=\"https:\/\/hallelux.se\/wp-content\/uploads\/2020\/01\/OL-3-1024x716.png\" class=\"attachment-large size-large\" alt=\"\" srcset=\"https:\/\/hallelux.se\/wp-content\/uploads\/2020\/01\/OL-3-1024x716.png 1024w, https:\/\/hallelux.se\/wp-content\/uploads\/2020\/01\/OL-3-300x210.png 300w, https:\/\/hallelux.se\/wp-content\/uploads\/2020\/01\/OL-3-768x537.png 768w, https:\/\/hallelux.se\/wp-content\/uploads\/2020\/01\/OL-3.png 1270w\" sizes=\"auto, (max-width: 1020px) 100vw, 1020px\" \/>\t\t\t\t\t\t\n\t\t\t\t\t<\/div>\n\t\t\t\t\t\t\t\t\n<style>\n#image_1148488533 {\n  width: 100%;\n}\n<\/style>\n\t<\/div>\n\t\n\n\n\t\t<\/div>\n\t<\/div>\n\t\n\t<div id=\"accordion-3514595769\" class=\"accordion-item\">\n\t\t<a id=\"accordion-3514595769-label\" class=\"accordion-title plain\" href=\"#accordion-item-trapes-19-(t-19)-art.-nr.-ti\" aria-expanded=\"false\" aria-controls=\"accordion-3514595769-content\">\n\t\t\t<button class=\"toggle\" aria-label=\"Umschalten\"><i class=\"icon-angle-down\" aria-hidden=\"true\"><\/i><\/button>\n\t\t\t<span>Trapes 19 (T 19) Art.-Nr. TI<\/span>\n\t\t<\/a>\n\t\t<div id=\"accordion-3514595769-content\" class=\"accordion-inner\" aria-labelledby=\"accordion-3514595769-label\">\n\t\t\t\n\n\t<div class=\"img has-hover x md-x lg-x y md-y lg-y\" id=\"image_710493895\">\n\t\t\t\t\t\t\t\t<div class=\"img-inner dark\" >\n\t\t\t<img loading=\"lazy\" decoding=\"async\" width=\"1020\" height=\"715\" src=\"https:\/\/hallelux.se\/wp-content\/uploads\/2020\/01\/TI-1024x718.png\" class=\"attachment-large size-large\" alt=\"\" srcset=\"https:\/\/hallelux.se\/wp-content\/uploads\/2020\/01\/TI-1024x718.png 1024w, https:\/\/hallelux.se\/wp-content\/uploads\/2020\/01\/TI-300x210.png 300w, https:\/\/hallelux.se\/wp-content\/uploads\/2020\/01\/TI-768x538.png 768w, https:\/\/hallelux.se\/wp-content\/uploads\/2020\/01\/TI.png 1247w\" sizes=\"auto, (max-width: 1020px) 100vw, 1020px\" \/>\t\t\t\t\t\t\n\t\t\t\t\t<\/div>\n\t\t\t\t\t\t\t\t\n<style>\n#image_710493895 {\n  width: 100%;\n}\n<\/style>\n\t<\/div>\n\t\n\n\n\t\t<\/div>\n\t<\/div>\n\t\n\t<div id=\"accordion-3084481951\" class=\"accordion-item\">\n\t\t<a id=\"accordion-3084481951-label\" class=\"accordion-title plain\" href=\"#accordion-item-trapes-30-(t-30)-art.nr.-tl\" aria-expanded=\"false\" aria-controls=\"accordion-3084481951-content\">\n\t\t\t<button class=\"toggle\" aria-label=\"Umschalten\"><i class=\"icon-angle-down\" aria-hidden=\"true\"><\/i><\/button>\n\t\t\t<span>Trapes 30 (T 30) Art.Nr. TL<\/span>\n\t\t<\/a>\n\t\t<div id=\"accordion-3084481951-content\" class=\"accordion-inner\" aria-labelledby=\"accordion-3084481951-label\">\n\t\t\t\n\n\t<div class=\"img has-hover x md-x lg-x y md-y lg-y\" id=\"image_1751001363\">\n\t\t\t\t\t\t\t\t<div class=\"img-inner dark\" >\n\t\t\t<img loading=\"lazy\" decoding=\"async\" width=\"1020\" height=\"715\" src=\"https:\/\/hallelux.se\/wp-content\/uploads\/2020\/01\/TL-1024x718.png\" class=\"attachment-large size-large\" alt=\"\" srcset=\"https:\/\/hallelux.se\/wp-content\/uploads\/2020\/01\/TL-1024x718.png 1024w, https:\/\/hallelux.se\/wp-content\/uploads\/2020\/01\/TL-300x210.png 300w, https:\/\/hallelux.se\/wp-content\/uploads\/2020\/01\/TL-768x539.png 768w, https:\/\/hallelux.se\/wp-content\/uploads\/2020\/01\/TL.png 1252w\" sizes=\"auto, (max-width: 1020px) 100vw, 1020px\" \/>\t\t\t\t\t\t\n\t\t\t\t\t<\/div>\n\t\t\t\t\t\t\t\t\n<style>\n#image_1751001363 {\n  width: 100%;\n}\n<\/style>\n\t<\/div>\n\t\n\n\n\t\t<\/div>\n\t<\/div>\n\t\n\t<div id=\"accordion-4231428222\" class=\"accordion-item\">\n\t\t<a id=\"accordion-4231428222-label\" class=\"accordion-title plain\" href=\"#accordion-item-trapes-45-(t-45)-art.nr.-ts\" aria-expanded=\"false\" aria-controls=\"accordion-4231428222-content\">\n\t\t\t<button class=\"toggle\" aria-label=\"Umschalten\"><i class=\"icon-angle-down\" aria-hidden=\"true\"><\/i><\/button>\n\t\t\t<span>Trapes 45 (T 45) Art.Nr. TS<\/span>\n\t\t<\/a>\n\t\t<div id=\"accordion-4231428222-content\" class=\"accordion-inner\" aria-labelledby=\"accordion-4231428222-label\">\n\t\t\t\n\n\t<div class=\"img has-hover x md-x lg-x y md-y lg-y\" id=\"image_1018728759\">\n\t\t\t\t\t\t\t\t<div class=\"img-inner dark\" >\n\t\t\t<img loading=\"lazy\" decoding=\"async\" width=\"1020\" height=\"715\" src=\"https:\/\/hallelux.se\/wp-content\/uploads\/2020\/01\/TS-1024x718.png\" class=\"attachment-large size-large\" alt=\"\" srcset=\"https:\/\/hallelux.se\/wp-content\/uploads\/2020\/01\/TS-1024x718.png 1024w, https:\/\/hallelux.se\/wp-content\/uploads\/2020\/01\/TS-300x210.png 300w, https:\/\/hallelux.se\/wp-content\/uploads\/2020\/01\/TS-768x538.png 768w, https:\/\/hallelux.se\/wp-content\/uploads\/2020\/01\/TS.png 1248w\" sizes=\"auto, (max-width: 1020px) 100vw, 1020px\" \/>\t\t\t\t\t\t\n\t\t\t\t\t<\/div>\n\t\t\t\t\t\t\t\t\n<style>\n#image_1018728759 {\n  width: 100%;\n}\n<\/style>\n\t<\/div>\n\t\n\n\n\t\t<\/div>\n\t<\/div>\n\t\n\t<div id=\"accordion-1992738254\" class=\"accordion-item\">\n\t\t<a id=\"accordion-1992738254-label\" class=\"accordion-title plain\" href=\"#accordion-item-sab-45\/900-art.nr.-ot\" aria-expanded=\"false\" aria-controls=\"accordion-1992738254-content\">\n\t\t\t<button class=\"toggle\" aria-label=\"Umschalten\"><i class=\"icon-angle-down\" aria-hidden=\"true\"><\/i><\/button>\n\t\t\t<span>SAB 45\/900 Art.Nr. OT<\/span>\n\t\t<\/a>\n\t\t<div id=\"accordion-1992738254-content\" class=\"accordion-inner\" aria-labelledby=\"accordion-1992738254-label\">\n\t\t\t\n\n\t<div class=\"img has-hover x md-x lg-x y md-y lg-y\" id=\"image_758512980\">\n\t\t\t\t\t\t\t\t<div class=\"img-inner dark\" >\n\t\t\t<img loading=\"lazy\" decoding=\"async\" width=\"1020\" height=\"713\" src=\"https:\/\/hallelux.se\/wp-content\/uploads\/2020\/01\/OT-1024x716.png\" class=\"attachment-large size-large\" alt=\"\" srcset=\"https:\/\/hallelux.se\/wp-content\/uploads\/2020\/01\/OT-1024x716.png 1024w, https:\/\/hallelux.se\/wp-content\/uploads\/2020\/01\/OT-300x210.png 300w, https:\/\/hallelux.se\/wp-content\/uploads\/2020\/01\/OT-768x537.png 768w, https:\/\/hallelux.se\/wp-content\/uploads\/2020\/01\/OT.png 1251w\" sizes=\"auto, (max-width: 1020px) 100vw, 1020px\" \/>\t\t\t\t\t\t\n\t\t\t\t\t<\/div>\n\t\t\t\t\t\t\t\t\n<style>\n#image_758512980 {\n  width: 100%;\n}\n<\/style>\n\t<\/div>\n\t\n\n\n\t\t<\/div>\n\t<\/div>\n\t\n\t<div id=\"accordion-327487447\" class=\"accordion-item\">\n\t\t<a id=\"accordion-327487447-label\" class=\"accordion-title plain\" href=\"#accordion-item-sab-70r\/800-art.nr.-os\" aria-expanded=\"false\" aria-controls=\"accordion-327487447-content\">\n\t\t\t<button class=\"toggle\" aria-label=\"Umschalten\"><i class=\"icon-angle-down\" aria-hidden=\"true\"><\/i><\/button>\n\t\t\t<span>SAB 70R\/800 Art.Nr. OS<\/span>\n\t\t<\/a>\n\t\t<div id=\"accordion-327487447-content\" class=\"accordion-inner\" aria-labelledby=\"accordion-327487447-label\">\n\t\t\t\n\n\t<div class=\"img has-hover x md-x lg-x y md-y lg-y\" id=\"image_734527617\">\n\t\t\t\t\t\t\t\t<div class=\"img-inner dark\" >\n\t\t\t<img loading=\"lazy\" decoding=\"async\" width=\"1020\" height=\"717\" src=\"https:\/\/hallelux.se\/wp-content\/uploads\/2020\/01\/OS-1024x720.png\" class=\"attachment-large size-large\" alt=\"\" srcset=\"https:\/\/hallelux.se\/wp-content\/uploads\/2020\/01\/OS-1024x720.png 1024w, https:\/\/hallelux.se\/wp-content\/uploads\/2020\/01\/OS-300x211.png 300w, https:\/\/hallelux.se\/wp-content\/uploads\/2020\/01\/OS-768x540.png 768w, https:\/\/hallelux.se\/wp-content\/uploads\/2020\/01\/OS.png 1251w\" sizes=\"auto, (max-width: 1020px) 100vw, 1020px\" \/>\t\t\t\t\t\t\n\t\t\t\t\t<\/div>\n\t\t\t\t\t\t\t\t\n<style>\n#image_734527617 {\n  width: 100%;\n}\n<\/style>\n\t<\/div>\n\t\n\n\n\t\t<\/div>\n\t<\/div>\n\t\n\t<div id=\"accordion-1384796939\" class=\"accordion-item\">\n\t\t<a id=\"accordion-1384796939-label\" class=\"accordion-title plain\" href=\"#accordion-item-polysol-polycarbonat-transparent-\/-opal-\/-rauch\" aria-expanded=\"false\" aria-controls=\"accordion-1384796939-content\">\n\t\t\t<button class=\"toggle\" aria-label=\"Umschalten\"><i class=\"icon-angle-down\" aria-hidden=\"true\"><\/i><\/button>\n\t\t\t<span>Polysol Polycarbonat TRANSPARENT \/ OPAL \/ RAUCH<\/span>\n\t\t<\/a>\n\t\t<div id=\"accordion-1384796939-content\" class=\"accordion-inner\" aria-labelledby=\"accordion-1384796939-label\">\n\t\t\t\n\n\t<div class=\"img has-hover x md-x lg-x y md-y lg-y\" id=\"image_1403356629\">\n\t\t\t\t\t\t\t\t<div class=\"img-inner dark\" >\n\t\t\t<img loading=\"lazy\" decoding=\"async\" width=\"927\" height=\"674\" src=\"https:\/\/hallelux.se\/wp-content\/uploads\/2020\/01\/Polysol.png\" class=\"attachment-large size-large\" alt=\"\" srcset=\"https:\/\/hallelux.se\/wp-content\/uploads\/2020\/01\/Polysol.png 927w, https:\/\/hallelux.se\/wp-content\/uploads\/2020\/01\/Polysol-300x218.png 300w, https:\/\/hallelux.se\/wp-content\/uploads\/2020\/01\/Polysol-768x558.png 768w\" sizes=\"auto, (max-width: 927px) 100vw, 927px\" \/>\t\t\t\t\t\t\n\t\t\t\t\t<\/div>\n\t\t\t\t\t\t\t\t\n<style>\n#image_1403356629 {\n  width: 100%;\n}\n<\/style>\n\t<\/div>\n\t\n\n\n\t\t<\/div>\n\t<\/div>\n\t\n\n<\/div>\n<div class=\"is-divider divider clearfix\" style=\"height:30px;background-color:rgba(0, 0, 0, 0);\"><\/div>\n\n\n<div class=\"wpcf7 no-js\" id=\"wpcf7-f6-o1\" lang=\"sv-SE\" dir=\"ltr\" data-wpcf7-id=\"6\">\n<div class=\"screen-reader-response\"><p role=\"status\" aria-live=\"polite\" aria-atomic=\"true\"><\/p> <ul><\/ul><\/div>\n<form action=\"\/de\/wp-json\/wp\/v2\/pages\/907#wpcf7-f6-o1\" method=\"post\" class=\"wpcf7-form init\" aria-label=\"Kontaktformul\u00e4r\" novalidate=\"novalidate\" data-status=\"init\">\n<fieldset class=\"hidden-fields-container\"><input type=\"hidden\" name=\"_wpcf7\" value=\"6\" \/><input type=\"hidden\" name=\"_wpcf7_version\" value=\"6.1.5\" \/><input type=\"hidden\" name=\"_wpcf7_locale\" value=\"sv_SE\" \/><input type=\"hidden\" name=\"_wpcf7_unit_tag\" value=\"wpcf7-f6-o1\" \/><input type=\"hidden\" name=\"_wpcf7_container_post\" value=\"0\" \/><input type=\"hidden\" name=\"_wpcf7_posted_data_hash\" value=\"\" \/><input type=\"hidden\" name=\"_wpcf7_recaptcha_response\" value=\"\" \/>\n<\/fieldset>\n<p><label> Your Name<br \/>\n<span class=\"wpcf7-form-control-wrap\" data-name=\"your-name\"><input size=\"40\" maxlength=\"400\" class=\"wpcf7-form-control wpcf7-text wpcf7-validates-as-required\" aria-required=\"true\" aria-invalid=\"false\" value=\"\" type=\"text\" name=\"your-name\" \/><\/span> <\/label>\n<\/p>\n<p><label> Your Email Address<br \/>\n<span class=\"wpcf7-form-control-wrap\" data-name=\"your-email\"><input size=\"40\" maxlength=\"400\" class=\"wpcf7-form-control wpcf7-email wpcf7-validates-as-required wpcf7-text wpcf7-validates-as-email\" aria-required=\"true\" aria-invalid=\"false\" value=\"\" type=\"email\" name=\"your-email\" \/><\/span> <\/label>\n<\/p>\n<p><label> Your Message<br \/>\n<span class=\"wpcf7-form-control-wrap\" data-name=\"your-message\"><textarea cols=\"40\" rows=\"10\" maxlength=\"2000\" class=\"wpcf7-form-control wpcf7-textarea wpcf7-validates-as-required\" aria-required=\"true\" aria-invalid=\"false\" name=\"your-message\"><\/textarea><\/span> <\/label>\n<\/p>\n<p><input class=\"wpcf7-form-control wpcf7-submit has-spinner\" type=\"submit\" value=\"Send message\" \/>\n<\/p><div class=\"wpcf7-response-output\" aria-hidden=\"true\"><\/div>\n<\/form>\n<\/div>\n\n\n\n","protected":false},"excerpt":{"rendered":"","protected":false},"author":1,"featured_media":0,"parent":0,"menu_order":0,"comment_status":"closed","ping_status":"closed","template":"","meta":{"footnotes":""},"class_list":["post-907","page","type-page","status-publish","hentry"],"_links":{"self":[{"href":"https:\/\/hallelux.se\/de\/wp-json\/wp\/v2\/pages\/907","targetHints":{"allow":["GET"]}}],"collection":[{"href":"https:\/\/hallelux.se\/de\/wp-json\/wp\/v2\/pages"}],"about":[{"href":"https:\/\/hallelux.se\/de\/wp-json\/wp\/v2\/types\/page"}],"author":[{"embeddable":true,"href":"https:\/\/hallelux.se\/de\/wp-json\/wp\/v2\/users\/1"}],"replies":[{"embeddable":true,"href":"https:\/\/hallelux.se\/de\/wp-json\/wp\/v2\/comments?post=907"}],"version-history":[{"count":0,"href":"https:\/\/hallelux.se\/de\/wp-json\/wp\/v2\/pages\/907\/revisions"}],"wp:attachment":[{"href":"https:\/\/hallelux.se\/de\/wp-json\/wp\/v2\/media?parent=907"}],"curies":[{"name":"wp","href":"https:\/\/api.w.org\/{rel}","templated":true}]}}