{"id":899,"date":"2020-03-24T18:16:47","date_gmt":"2020-03-24T17:16:47","guid":{"rendered":"https:\/\/hallelux.se\/hallelux-borga\/"},"modified":"2022-01-03T10:05:41","modified_gmt":"2022-01-03T09:05:41","slug":"hallelux-borga","status":"publish","type":"page","link":"https:\/\/hallelux.se\/de\/hallelux-borga\/","title":{"rendered":"Hallelux &#8211; Borga"},"content":{"rendered":"\n\n\t<section class=\"section\" id=\"section_66671126\">\n\t\t<div class=\"section-bg fill\" >\n\t\t\t\t\t\t\t\t\t<div class=\"section-bg-overlay absolute fill\"><\/div>\n\t\t\t\n\n\t\t<\/div>\n\n\t\t\n\n\t\t<div class=\"section-content relative\">\n\t\t\t\n\n<div class=\"row row-large\"  id=\"row-100321456\">\n\n\n\t<div id=\"col-1720299314\" class=\"col medium-6 small-12 large-6\"  >\n\t\t\t\t<div class=\"col-inner\"  >\n\t\t\t\n\t\t\t\n\n\t<div class=\"img has-hover x md-x lg-x y md-y lg-y\" id=\"image_434802102\">\n\t\t\t\t\t\t\t\t<div class=\"img-inner dark\" >\n\t\t\t<img loading=\"lazy\" decoding=\"async\" width=\"1020\" height=\"1020\" src=\"https:\/\/hallelux.se\/wp-content\/uploads\/2020\/01\/borga-pl_t_high-1024x1024.jpg\" class=\"attachment-large size-large\" alt=\"\" srcset=\"https:\/\/hallelux.se\/wp-content\/uploads\/2020\/01\/borga-pl_t_high-1024x1024.jpg 1024w, https:\/\/hallelux.se\/wp-content\/uploads\/2020\/01\/borga-pl_t_high-300x300.jpg 300w, https:\/\/hallelux.se\/wp-content\/uploads\/2020\/01\/borga-pl_t_high-150x150.jpg 150w, https:\/\/hallelux.se\/wp-content\/uploads\/2020\/01\/borga-pl_t_high-768x768.jpg 768w, https:\/\/hallelux.se\/wp-content\/uploads\/2020\/01\/borga-pl_t_high-1536x1536.jpg 1536w, https:\/\/hallelux.se\/wp-content\/uploads\/2020\/01\/borga-pl_t_high.jpg 1800w\" sizes=\"auto, (max-width: 1020px) 100vw, 1020px\" \/>\t\t\t\t\t\t\n\t\t\t\t\t<\/div>\n\t\t\t\t\t\t\t\t\n<style>\n#image_434802102 {\n  width: 100%;\n}\n<\/style>\n\t<\/div>\n\t\n\n\n\t\t<\/div>\n\t\t\t\t\t<\/div>\n\n\t\n\n\t<div id=\"col-785148983\" class=\"col medium-6 small-12 large-6\"  >\n\t\t\t\t<div class=\"col-inner text-left\"  >\n\t\t\t\n\t\t\t\n\n<h1>Borga &#8211; Lichtplatten<\/h1>\n\n<p>Halle arbeitet seit vielen Jahren mit Borga zusammen. Seit den 60er-Jahren liefern wir Lichtplatten zu dessen Anlagen in Europa.<\/p>\n\n<p>Wenn Sie Ihr Profil nicht in der unten stehenden Tabelle finden, bitten wir Sie um R\u00fcckmeldung, damit wir pr\u00fcfen k\u00f6nnen, ob wir es bereits haben oder ob wir ein neues Profiltool entwickeln sollen.<\/p>\n\n<p>Die Profile sind wie folgt erh\u00e4ltlich<\/p>\n\n<ul>\n<li >Armierung\/qm 375 g \/ 450 g \/ 900 g \/ 1200 Gramm<\/li>\n<li>Eingef\u00e4rbt in frei w\u00e4hlbarer RAL-Farbe<\/li>\n<li>Kondensationsschutz<\/li>\n<\/ul>\n\n\t\t<\/div>\n\t\t\t\t\t<\/div>\n\n\t\n\n<\/div>\n\n\t\t<\/div>\n\n\t\t\n<style>\n#section_66671126 {\n  padding-top: 60px;\n  padding-bottom: 60px;\n  background-color: rgb(193, 193, 193);\n}\n#section_66671126 .section-bg-overlay {\n  background-color: rgba(255, 255, 255, 0.85);\n}\n<\/style>\n\t<\/section>\n\t\n<div class=\"accordion\">\n\n\t<div id=\"accordion-1465612181\" class=\"accordion-item\">\n\t\t<a id=\"accordion-1465612181-label\" class=\"accordion-title plain\" href=\"#accordion-item-borga-bpd-18-art.-nr.-bi\" aria-expanded=\"false\" aria-controls=\"accordion-1465612181-content\">\n\t\t\t<button class=\"toggle\" aria-label=\"Umschalten\"><i class=\"icon-angle-down\" aria-hidden=\"true\"><\/i><\/button>\n\t\t\t<span>Borga Bpd 18 Art.-Nr. BI<\/span>\n\t\t<\/a>\n\t\t<div id=\"accordion-1465612181-content\" class=\"accordion-inner\" aria-labelledby=\"accordion-1465612181-label\">\n\t\t\t\n\n\t<div class=\"img has-hover x md-x lg-x y md-y lg-y\" id=\"image_1499638641\">\n\t\t\t\t\t\t\t\t<div class=\"img-inner dark\" >\n\t\t\t<img loading=\"lazy\" decoding=\"async\" width=\"1020\" height=\"713\" src=\"https:\/\/hallelux.se\/wp-content\/uploads\/2020\/01\/BI-1024x716.png\" class=\"attachment-large size-large\" alt=\"\" srcset=\"https:\/\/hallelux.se\/wp-content\/uploads\/2020\/01\/BI-1024x716.png 1024w, https:\/\/hallelux.se\/wp-content\/uploads\/2020\/01\/BI-300x210.png 300w, https:\/\/hallelux.se\/wp-content\/uploads\/2020\/01\/BI-768x537.png 768w, https:\/\/hallelux.se\/wp-content\/uploads\/2020\/01\/BI.png 1269w\" sizes=\"auto, (max-width: 1020px) 100vw, 1020px\" \/>\t\t\t\t\t\t\n\t\t\t\t\t<\/div>\n\t\t\t\t\t\t\t\t\n<style>\n#image_1499638641 {\n  width: 100%;\n}\n<\/style>\n\t<\/div>\n\t\n\n\n\t\t<\/div>\n\t<\/div>\n\t\n\t<div id=\"accordion-3048769111\" class=\"accordion-item\">\n\t\t<a id=\"accordion-3048769111-label\" class=\"accordion-title plain\" href=\"#accordion-item-borga-bpe-18-art.-nr--bm\" aria-expanded=\"false\" aria-controls=\"accordion-3048769111-content\">\n\t\t\t<button class=\"toggle\" aria-label=\"Umschalten\"><i class=\"icon-angle-down\" aria-hidden=\"true\"><\/i><\/button>\n\t\t\t<span>Borga BPE 18 Art.-Nr- BM<\/span>\n\t\t<\/a>\n\t\t<div id=\"accordion-3048769111-content\" class=\"accordion-inner\" aria-labelledby=\"accordion-3048769111-label\">\n\t\t\t\n\n\t<div class=\"img has-hover x md-x lg-x y md-y lg-y\" id=\"image_1509115597\">\n\t\t\t\t\t\t\t\t<div class=\"img-inner dark\" >\n\t\t\t<img loading=\"lazy\" decoding=\"async\" width=\"1020\" height=\"720\" src=\"https:\/\/hallelux.se\/wp-content\/uploads\/2020\/01\/BM-1024x723.png\" class=\"attachment-large size-large\" alt=\"\" srcset=\"https:\/\/hallelux.se\/wp-content\/uploads\/2020\/01\/BM-1024x723.png 1024w, https:\/\/hallelux.se\/wp-content\/uploads\/2020\/01\/BM-300x212.png 300w, https:\/\/hallelux.se\/wp-content\/uploads\/2020\/01\/BM-768x543.png 768w, https:\/\/hallelux.se\/wp-content\/uploads\/2020\/01\/BM.png 1264w\" sizes=\"auto, (max-width: 1020px) 100vw, 1020px\" \/>\t\t\t\t\t\t\n\t\t\t\t\t<\/div>\n\t\t\t\t\t\t\t\t\n<style>\n#image_1509115597 {\n  width: 100%;\n}\n<\/style>\n\t<\/div>\n\t\n\n\n\t\t<\/div>\n\t<\/div>\n\t\n\t<div id=\"accordion-329387487\" class=\"accordion-item\">\n\t\t<a id=\"accordion-329387487-label\" class=\"accordion-title plain\" href=\"#accordion-item-borga-ekonomi-r-art.-nr.-bn\" aria-expanded=\"false\" aria-controls=\"accordion-329387487-content\">\n\t\t\t<button class=\"toggle\" aria-label=\"Umschalten\"><i class=\"icon-angle-down\" aria-hidden=\"true\"><\/i><\/button>\n\t\t\t<span>Borga Ekonomi R Art.-Nr. BN<\/span>\n\t\t<\/a>\n\t\t<div id=\"accordion-329387487-content\" class=\"accordion-inner\" aria-labelledby=\"accordion-329387487-label\">\n\t\t\t\n\n\t<div class=\"img has-hover x md-x lg-x y md-y lg-y\" id=\"image_50957261\">\n\t\t\t\t\t\t\t\t<div class=\"img-inner dark\" >\n\t\t\t<img loading=\"lazy\" decoding=\"async\" width=\"1020\" height=\"715\" src=\"https:\/\/hallelux.se\/wp-content\/uploads\/2020\/01\/BN-1024x718.png\" class=\"attachment-large size-large\" alt=\"\" srcset=\"https:\/\/hallelux.se\/wp-content\/uploads\/2020\/01\/BN-1024x718.png 1024w, https:\/\/hallelux.se\/wp-content\/uploads\/2020\/01\/BN-300x210.png 300w, https:\/\/hallelux.se\/wp-content\/uploads\/2020\/01\/BN-768x539.png 768w, https:\/\/hallelux.se\/wp-content\/uploads\/2020\/01\/BN.png 1265w\" sizes=\"auto, (max-width: 1020px) 100vw, 1020px\" \/>\t\t\t\t\t\t\n\t\t\t\t\t<\/div>\n\t\t\t\t\t\t\t\t\n<style>\n#image_50957261 {\n  width: 100%;\n}\n<\/style>\n\t<\/div>\n\t\n\n\n\t\t<\/div>\n\t<\/div>\n\t\n\t<div id=\"accordion-326611919\" class=\"accordion-item\">\n\t\t<a id=\"accordion-326611919-label\" class=\"accordion-title plain\" href=\"#accordion-item-borga-super-40-art.nr.-bp\" aria-expanded=\"false\" aria-controls=\"accordion-326611919-content\">\n\t\t\t<button class=\"toggle\" aria-label=\"Umschalten\"><i class=\"icon-angle-down\" aria-hidden=\"true\"><\/i><\/button>\n\t\t\t<span>Borga Super 40 Art.Nr. BP<\/span>\n\t\t<\/a>\n\t\t<div id=\"accordion-326611919-content\" class=\"accordion-inner\" aria-labelledby=\"accordion-326611919-label\">\n\t\t\t\n\n\t<div class=\"img has-hover x md-x lg-x y md-y lg-y\" id=\"image_771039220\">\n\t\t\t\t\t\t\t\t<div class=\"img-inner dark\" >\n\t\t\t<img loading=\"lazy\" decoding=\"async\" width=\"1020\" height=\"710\" src=\"https:\/\/hallelux.se\/wp-content\/uploads\/2020\/01\/BP-1024x713.png\" class=\"attachment-large size-large\" alt=\"\" srcset=\"https:\/\/hallelux.se\/wp-content\/uploads\/2020\/01\/BP-1024x713.png 1024w, https:\/\/hallelux.se\/wp-content\/uploads\/2020\/01\/BP-300x209.png 300w, https:\/\/hallelux.se\/wp-content\/uploads\/2020\/01\/BP-768x535.png 768w, https:\/\/hallelux.se\/wp-content\/uploads\/2020\/01\/BP.png 1267w\" sizes=\"auto, (max-width: 1020px) 100vw, 1020px\" \/>\t\t\t\t\t\t\n\t\t\t\t\t<\/div>\n\t\t\t\t\t\t\t\t\n<style>\n#image_771039220 {\n  width: 100%;\n}\n<\/style>\n\t<\/div>\n\t\n\n\n\t\t<\/div>\n\t<\/div>\n\t\n\t<div id=\"accordion-2830087752\" class=\"accordion-item\">\n\t\t<a id=\"accordion-2830087752-label\" class=\"accordion-title plain\" href=\"#accordion-item-borga-tr-45-art.nr.-bt\" aria-expanded=\"false\" aria-controls=\"accordion-2830087752-content\">\n\t\t\t<button class=\"toggle\" aria-label=\"Umschalten\"><i class=\"icon-angle-down\" aria-hidden=\"true\"><\/i><\/button>\n\t\t\t<span>Borga TR 45 Art.Nr. BT<\/span>\n\t\t<\/a>\n\t\t<div id=\"accordion-2830087752-content\" class=\"accordion-inner\" aria-labelledby=\"accordion-2830087752-label\">\n\t\t\t\n\n\t<div class=\"img has-hover x md-x lg-x y md-y lg-y\" id=\"image_1356194325\">\n\t\t\t\t\t\t\t\t<div class=\"img-inner dark\" >\n\t\t\t<img loading=\"lazy\" decoding=\"async\" width=\"1020\" height=\"706\" src=\"https:\/\/hallelux.se\/wp-content\/uploads\/2020\/01\/BT-1024x709.png\" class=\"attachment-large size-large\" alt=\"\" srcset=\"https:\/\/hallelux.se\/wp-content\/uploads\/2020\/01\/BT-1024x709.png 1024w, https:\/\/hallelux.se\/wp-content\/uploads\/2020\/01\/BT-300x208.png 300w, https:\/\/hallelux.se\/wp-content\/uploads\/2020\/01\/BT-768x532.png 768w, https:\/\/hallelux.se\/wp-content\/uploads\/2020\/01\/BT.png 1274w\" sizes=\"auto, (max-width: 1020px) 100vw, 1020px\" \/>\t\t\t\t\t\t\n\t\t\t\t\t<\/div>\n\t\t\t\t\t\t\t\t\n<style>\n#image_1356194325 {\n  width: 100%;\n}\n<\/style>\n\t<\/div>\n\t\n\n\n\t\t<\/div>\n\t<\/div>\n\t\n\t<div id=\"accordion-886143304\" class=\"accordion-item\">\n\t\t<a id=\"accordion-886143304-label\" class=\"accordion-title plain\" href=\"#accordion-item-borga-vp-45-art.-nr.-bs\" aria-expanded=\"false\" aria-controls=\"accordion-886143304-content\">\n\t\t\t<button class=\"toggle\" aria-label=\"Umschalten\"><i class=\"icon-angle-down\" aria-hidden=\"true\"><\/i><\/button>\n\t\t\t<span>Borga VP 45 Art.-Nr. BS<\/span>\n\t\t<\/a>\n\t\t<div id=\"accordion-886143304-content\" class=\"accordion-inner\" aria-labelledby=\"accordion-886143304-label\">\n\t\t\t\n\n\t<div class=\"img has-hover x md-x lg-x y md-y lg-y\" id=\"image_1496028086\">\n\t\t\t\t\t\t\t\t<div class=\"img-inner dark\" >\n\t\t\t<img loading=\"lazy\" decoding=\"async\" width=\"1020\" height=\"712\" src=\"https:\/\/hallelux.se\/wp-content\/uploads\/2020\/01\/BS-1024x715.png\" class=\"attachment-large size-large\" alt=\"\" srcset=\"https:\/\/hallelux.se\/wp-content\/uploads\/2020\/01\/BS-1024x715.png 1024w, https:\/\/hallelux.se\/wp-content\/uploads\/2020\/01\/BS-300x209.png 300w, https:\/\/hallelux.se\/wp-content\/uploads\/2020\/01\/BS-768x536.png 768w, https:\/\/hallelux.se\/wp-content\/uploads\/2020\/01\/BS.png 1268w\" sizes=\"auto, (max-width: 1020px) 100vw, 1020px\" \/>\t\t\t\t\t\t\n\t\t\t\t\t<\/div>\n\t\t\t\t\t\t\t\t\n<style>\n#image_1496028086 {\n  width: 100%;\n}\n<\/style>\n\t<\/div>\n\t\n\n\n\t\t<\/div>\n\t<\/div>\n\t\n\t<div id=\"accordion-3993994610\" class=\"accordion-item\">\n\t\t<a id=\"accordion-3993994610-label\" class=\"accordion-title plain\" href=\"#accordion-item-polysol-pc-transparent\/rauch\/opal\" aria-expanded=\"false\" aria-controls=\"accordion-3993994610-content\">\n\t\t\t<button class=\"toggle\" aria-label=\"Umschalten\"><i class=\"icon-angle-down\" aria-hidden=\"true\"><\/i><\/button>\n\t\t\t<span>Polysol PC Transparent\/Rauch\/Opal<\/span>\n\t\t<\/a>\n\t\t<div id=\"accordion-3993994610-content\" class=\"accordion-inner\" aria-labelledby=\"accordion-3993994610-label\">\n\t\t\t\n\n\t<div class=\"img has-hover x md-x lg-x y md-y lg-y\" id=\"image_2141734638\">\n\t\t\t\t\t\t\t\t<div class=\"img-inner dark\" >\n\t\t\t<img loading=\"lazy\" decoding=\"async\" width=\"927\" height=\"674\" src=\"https:\/\/hallelux.se\/wp-content\/uploads\/2020\/01\/Polysol.png\" class=\"attachment-large size-large\" alt=\"\" srcset=\"https:\/\/hallelux.se\/wp-content\/uploads\/2020\/01\/Polysol.png 927w, https:\/\/hallelux.se\/wp-content\/uploads\/2020\/01\/Polysol-300x218.png 300w, https:\/\/hallelux.se\/wp-content\/uploads\/2020\/01\/Polysol-768x558.png 768w\" sizes=\"auto, (max-width: 927px) 100vw, 927px\" \/>\t\t\t\t\t\t\n\t\t\t\t\t<\/div>\n\t\t\t\t\t\t\t\t\n<style>\n#image_2141734638 {\n  width: 100%;\n}\n<\/style>\n\t<\/div>\n\t\n\n\n\t\t<\/div>\n\t<\/div>\n\t\n\n<\/div>\n<div class=\"is-divider divider clearfix\" style=\"height:30px;background-color:rgba(0, 0, 0, 0);\"><\/div>\n\n\n<div class=\"wpcf7 no-js\" id=\"wpcf7-f6-o1\" lang=\"sv-SE\" dir=\"ltr\" data-wpcf7-id=\"6\">\n<div class=\"screen-reader-response\"><p role=\"status\" aria-live=\"polite\" aria-atomic=\"true\"><\/p> <ul><\/ul><\/div>\n<form action=\"\/de\/wp-json\/wp\/v2\/pages\/899#wpcf7-f6-o1\" method=\"post\" class=\"wpcf7-form init\" aria-label=\"Kontaktformul\u00e4r\" novalidate=\"novalidate\" data-status=\"init\">\n<fieldset class=\"hidden-fields-container\"><input type=\"hidden\" name=\"_wpcf7\" value=\"6\" \/><input type=\"hidden\" name=\"_wpcf7_version\" value=\"6.1.5\" \/><input type=\"hidden\" name=\"_wpcf7_locale\" value=\"sv_SE\" \/><input type=\"hidden\" name=\"_wpcf7_unit_tag\" value=\"wpcf7-f6-o1\" \/><input type=\"hidden\" name=\"_wpcf7_container_post\" value=\"0\" \/><input type=\"hidden\" name=\"_wpcf7_posted_data_hash\" value=\"\" \/><input type=\"hidden\" name=\"_wpcf7_recaptcha_response\" value=\"\" \/>\n<\/fieldset>\n<p><label> Your Name<br \/>\n<span class=\"wpcf7-form-control-wrap\" data-name=\"your-name\"><input size=\"40\" maxlength=\"400\" class=\"wpcf7-form-control wpcf7-text wpcf7-validates-as-required\" aria-required=\"true\" aria-invalid=\"false\" value=\"\" type=\"text\" name=\"your-name\" \/><\/span> <\/label>\n<\/p>\n<p><label> Your Email Address<br \/>\n<span class=\"wpcf7-form-control-wrap\" data-name=\"your-email\"><input size=\"40\" maxlength=\"400\" class=\"wpcf7-form-control wpcf7-email wpcf7-validates-as-required wpcf7-text wpcf7-validates-as-email\" aria-required=\"true\" aria-invalid=\"false\" value=\"\" type=\"email\" name=\"your-email\" \/><\/span> <\/label>\n<\/p>\n<p><label> Your Message<br \/>\n<span class=\"wpcf7-form-control-wrap\" data-name=\"your-message\"><textarea cols=\"40\" rows=\"10\" maxlength=\"2000\" class=\"wpcf7-form-control wpcf7-textarea wpcf7-validates-as-required\" aria-required=\"true\" aria-invalid=\"false\" name=\"your-message\"><\/textarea><\/span> <\/label>\n<\/p>\n<p><input class=\"wpcf7-form-control wpcf7-submit has-spinner\" type=\"submit\" value=\"Send message\" \/>\n<\/p><div class=\"wpcf7-response-output\" aria-hidden=\"true\"><\/div>\n<\/form>\n<\/div>\n\n\n\n","protected":false},"excerpt":{"rendered":"","protected":false},"author":1,"featured_media":0,"parent":0,"menu_order":0,"comment_status":"closed","ping_status":"closed","template":"","meta":{"footnotes":""},"class_list":["post-899","page","type-page","status-publish","hentry"],"_links":{"self":[{"href":"https:\/\/hallelux.se\/de\/wp-json\/wp\/v2\/pages\/899","targetHints":{"allow":["GET"]}}],"collection":[{"href":"https:\/\/hallelux.se\/de\/wp-json\/wp\/v2\/pages"}],"about":[{"href":"https:\/\/hallelux.se\/de\/wp-json\/wp\/v2\/types\/page"}],"author":[{"embeddable":true,"href":"https:\/\/hallelux.se\/de\/wp-json\/wp\/v2\/users\/1"}],"replies":[{"embeddable":true,"href":"https:\/\/hallelux.se\/de\/wp-json\/wp\/v2\/comments?post=899"}],"version-history":[{"count":0,"href":"https:\/\/hallelux.se\/de\/wp-json\/wp\/v2\/pages\/899\/revisions"}],"wp:attachment":[{"href":"https:\/\/hallelux.se\/de\/wp-json\/wp\/v2\/media?parent=899"}],"curies":[{"name":"wp","href":"https:\/\/api.w.org\/{rel}","templated":true}]}}