{"id":893,"date":"2020-03-24T18:16:45","date_gmt":"2020-03-24T17:16:45","guid":{"rendered":"https:\/\/hallelux.se\/hallelux-areco\/"},"modified":"2022-01-03T09:05:37","modified_gmt":"2022-01-03T08:05:37","slug":"hallelux-areco","status":"publish","type":"page","link":"https:\/\/hallelux.se\/de\/hallelux-areco\/","title":{"rendered":"Hallelux &#8211; Areco"},"content":{"rendered":"\n\n\t<section class=\"section\" id=\"section_1216785045\">\n\t\t<div class=\"section-bg fill\" >\n\t\t\t\t\t\t\t\t\t<div class=\"section-bg-overlay absolute fill\"><\/div>\n\t\t\t\n\n\t\t<\/div>\n\n\t\t\n\n\t\t<div class=\"section-content relative\">\n\t\t\t\n\n<div class=\"row row-large\"  id=\"row-238223426\">\n\n\n\t<div id=\"col-1925506873\" class=\"col medium-6 small-12 large-6\"  >\n\t\t\t\t<div class=\"col-inner\"  >\n\t\t\t\n\t\t\t\n\n\t<div class=\"img has-hover x md-x lg-x y md-y lg-y\" id=\"image_1597525359\">\n\t\t\t\t\t\t\t\t<div class=\"img-inner dark\" >\n\t\t\t<img loading=\"lazy\" decoding=\"async\" width=\"1020\" height=\"1020\" src=\"https:\/\/hallelux.se\/wp-content\/uploads\/2020\/01\/areco_bild_halle_high-1024x1024.jpg\" class=\"attachment-large size-large\" alt=\"\" srcset=\"https:\/\/hallelux.se\/wp-content\/uploads\/2020\/01\/areco_bild_halle_high-1024x1024.jpg 1024w, https:\/\/hallelux.se\/wp-content\/uploads\/2020\/01\/areco_bild_halle_high-300x300.jpg 300w, https:\/\/hallelux.se\/wp-content\/uploads\/2020\/01\/areco_bild_halle_high-150x150.jpg 150w, https:\/\/hallelux.se\/wp-content\/uploads\/2020\/01\/areco_bild_halle_high-768x768.jpg 768w, https:\/\/hallelux.se\/wp-content\/uploads\/2020\/01\/areco_bild_halle_high-1536x1536.jpg 1536w, https:\/\/hallelux.se\/wp-content\/uploads\/2020\/01\/areco_bild_halle_high.jpg 1800w\" sizes=\"auto, (max-width: 1020px) 100vw, 1020px\" \/>\t\t\t\t\t\t\n\t\t\t\t\t<\/div>\n\t\t\t\t\t\t\t\t\n<style>\n#image_1597525359 {\n  width: 100%;\n}\n<\/style>\n\t<\/div>\n\t\n\n\n\t\t<\/div>\n\t\t\t\t\t<\/div>\n\n\t\n\n\t<div id=\"col-1030490282\" class=\"col medium-6 small-12 large-6\"  >\n\t\t\t\t<div class=\"col-inner text-left\"  >\n\t\t\t\n\t\t\t\n\n<h1>Areco &#8211; Lichtplatten<\/h1>\n\n<p>Halle arbeitet seit vielen Jahren mit Areco zusammen. Seit den 60er-Jahren liefern wir Lichtplatten zu dessen Anlagen in Europa.<\/p>\n\n<p>Wenn Sie Ihr Profil nicht in der unten stehenden Tabelle finden, bitten wir Sie um R\u00fcckmeldung, damit wir pr\u00fcfen k\u00f6nnen, ob wir es bereits haben oder ob wir ein neues Profiltool entwickeln sollen.<\/p>\n\n<p>Die Profile sind wie folgt erh\u00e4ltlich<\/p>\n\n<ul>\n<li >Armierung\/qm 375 g \/ 450 g \/ 900 g \/ 1200 Gramm<\/li>\n<li>Eingef\u00e4rbt in frei w\u00e4hlbarer RAL-Farbe<\/li>\n<li>Kondensationsschutz<\/li>\n<\/ul>\n\n\t\t<\/div>\n\t\t\t\t\t<\/div>\n\n\t\n\n<\/div>\n\n\t\t<\/div>\n\n\t\t\n<style>\n#section_1216785045 {\n  padding-top: 60px;\n  padding-bottom: 60px;\n  background-color: rgb(193, 193, 193);\n}\n#section_1216785045 .section-bg-overlay {\n  background-color: rgba(255, 255, 255, 0.85);\n}\n<\/style>\n\t<\/section>\n\t\n<div class=\"accordion\">\n\n\t<div id=\"accordion-3808606452\" class=\"accordion-item\">\n\t\t<a id=\"accordion-3808606452-label\" class=\"accordion-title plain\" href=\"#accordion-item-areco-sinus-18-dach-halles-art.-nr.-sb\" aria-expanded=\"false\" aria-controls=\"accordion-3808606452-content\">\n\t\t\t<button class=\"toggle\" aria-label=\"Umschalten\"><i class=\"icon-angle-down\" aria-hidden=\"true\"><\/i><\/button>\n\t\t\t<span>Areco Sinus 18 Dach Halles Art.-Nr. SB<\/span>\n\t\t<\/a>\n\t\t<div id=\"accordion-3808606452-content\" class=\"accordion-inner\" aria-labelledby=\"accordion-3808606452-label\">\n\t\t\t\n\n\t<div class=\"img has-hover x md-x lg-x y md-y lg-y\" id=\"image_65007019\">\n\t\t\t\t\t\t\t\t<div class=\"img-inner dark\" >\n\t\t\t<img loading=\"lazy\" decoding=\"async\" width=\"1020\" height=\"721\" src=\"https:\/\/hallelux.se\/wp-content\/uploads\/2020\/01\/SB-2-1024x724.png\" class=\"attachment-large size-large\" alt=\"\" srcset=\"https:\/\/hallelux.se\/wp-content\/uploads\/2020\/01\/SB-2-1024x724.png 1024w, https:\/\/hallelux.se\/wp-content\/uploads\/2020\/01\/SB-2-300x212.png 300w, https:\/\/hallelux.se\/wp-content\/uploads\/2020\/01\/SB-2-768x543.png 768w, https:\/\/hallelux.se\/wp-content\/uploads\/2020\/01\/SB-2.png 1260w\" sizes=\"auto, (max-width: 1020px) 100vw, 1020px\" \/>\t\t\t\t\t\t\n\t\t\t\t\t<\/div>\n\t\t\t\t\t\t\t\t\n<style>\n#image_65007019 {\n  width: 100%;\n}\n<\/style>\n\t<\/div>\n\t\n\n\t<div class=\"img has-hover x md-x lg-x y md-y lg-y\" id=\"image_1947558473\">\n\t\t\t\t\t\t\t\t<div class=\"img-inner dark\" >\n\t\t\t\t\t\t\t\t\t\n\t\t\t\t\t<\/div>\n\t\t\t\t\t\t\t\t\n<style>\n#image_1947558473 {\n  width: 100%;\n}\n<\/style>\n\t<\/div>\n\t\n\n\n\t\t<\/div>\n\t<\/div>\n\t\n\t<div id=\"accordion-2423813569\" class=\"accordion-item\">\n\t\t<a id=\"accordion-2423813569-label\" class=\"accordion-title plain\" href=\"#accordion-item-areco-sinus-18-wand-art.nr.-wc\" aria-expanded=\"false\" aria-controls=\"accordion-2423813569-content\">\n\t\t\t<button class=\"toggle\" aria-label=\"Umschalten\"><i class=\"icon-angle-down\" aria-hidden=\"true\"><\/i><\/button>\n\t\t\t<span>Areco Sinus 18 Wand Art.Nr. WC<\/span>\n\t\t<\/a>\n\t\t<div id=\"accordion-2423813569-content\" class=\"accordion-inner\" aria-labelledby=\"accordion-2423813569-label\">\n\t\t\t\n\n\t<div class=\"img has-hover x md-x lg-x y md-y lg-y\" id=\"image_1752499927\">\n\t\t\t\t\t\t\t\t<div class=\"img-inner dark\" >\n\t\t\t<img loading=\"lazy\" decoding=\"async\" width=\"1020\" height=\"714\" src=\"https:\/\/hallelux.se\/wp-content\/uploads\/2020\/01\/WC-1024x717.png\" class=\"attachment-large size-large\" alt=\"\" srcset=\"https:\/\/hallelux.se\/wp-content\/uploads\/2020\/01\/WC-1024x717.png 1024w, https:\/\/hallelux.se\/wp-content\/uploads\/2020\/01\/WC-300x210.png 300w, https:\/\/hallelux.se\/wp-content\/uploads\/2020\/01\/WC-768x538.png 768w, https:\/\/hallelux.se\/wp-content\/uploads\/2020\/01\/WC.png 1266w\" sizes=\"auto, (max-width: 1020px) 100vw, 1020px\" \/>\t\t\t\t\t\t\n\t\t\t\t\t<\/div>\n\t\t\t\t\t\t\t\t\n<style>\n#image_1752499927 {\n  width: 100%;\n}\n<\/style>\n\t<\/div>\n\t\n\n\t<div class=\"img has-hover x md-x lg-x y md-y lg-y\" id=\"image_1689829021\">\n\t\t\t\t\t\t\t\t<div class=\"img-inner dark\" >\n\t\t\t\t\t\t\t\t\t\n\t\t\t\t\t<\/div>\n\t\t\t\t\t\t\t\t\n<style>\n#image_1689829021 {\n  width: 100%;\n}\n<\/style>\n\t<\/div>\n\t\n\n\n\t\t<\/div>\n\t<\/div>\n\t\n\t<div id=\"accordion-2372907966\" class=\"accordion-item\">\n\t\t<a id=\"accordion-2372907966-label\" class=\"accordion-title plain\" href=\"#accordion-item-areco-tp-18-%20art.-nr.-kx\" aria-expanded=\"false\" aria-controls=\"accordion-2372907966-content\">\n\t\t\t<button class=\"toggle\" aria-label=\"Umschalten\"><i class=\"icon-angle-down\" aria-hidden=\"true\"><\/i><\/button>\n\t\t\t<span>Areco TP 18  Art.-Nr. KX<\/span>\n\t\t<\/a>\n\t\t<div id=\"accordion-2372907966-content\" class=\"accordion-inner\" aria-labelledby=\"accordion-2372907966-label\">\n\t\t\t\n\n\t<div class=\"img has-hover x md-x lg-x y md-y lg-y\" id=\"image_898782887\">\n\t\t\t\t\t\t\t\t<div class=\"img-inner dark\" >\n\t\t\t<img loading=\"lazy\" decoding=\"async\" width=\"1020\" height=\"716\" src=\"https:\/\/hallelux.se\/wp-content\/uploads\/2020\/01\/KX-1024x719.png\" class=\"attachment-large size-large\" alt=\"\" srcset=\"https:\/\/hallelux.se\/wp-content\/uploads\/2020\/01\/KX-1024x719.png 1024w, https:\/\/hallelux.se\/wp-content\/uploads\/2020\/01\/KX-300x211.png 300w, https:\/\/hallelux.se\/wp-content\/uploads\/2020\/01\/KX-768x540.png 768w, https:\/\/hallelux.se\/wp-content\/uploads\/2020\/01\/KX.png 1271w\" sizes=\"auto, (max-width: 1020px) 100vw, 1020px\" \/>\t\t\t\t\t\t\n\t\t\t\t\t<\/div>\n\t\t\t\t\t\t\t\t\n<style>\n#image_898782887 {\n  width: 100%;\n}\n<\/style>\n\t<\/div>\n\t\n\n\t<div class=\"img has-hover x md-x lg-x y md-y lg-y\" id=\"image_1034565737\">\n\t\t\t\t\t\t\t\t<div class=\"img-inner dark\" >\n\t\t\t\t\t\t\t\t\t\n\t\t\t\t\t<\/div>\n\t\t\t\t\t\t\t\t\n<style>\n#image_1034565737 {\n  width: 100%;\n}\n<\/style>\n\t<\/div>\n\t\n\n\n\t\t<\/div>\n\t<\/div>\n\t\n\t<div id=\"accordion-777496239\" class=\"accordion-item\">\n\t\t<a id=\"accordion-777496239-label\" class=\"accordion-title plain\" href=\"#accordion-item-areco-vp-18-art.-nr.-??\" aria-expanded=\"false\" aria-controls=\"accordion-777496239-content\">\n\t\t\t<button class=\"toggle\" aria-label=\"Umschalten\"><i class=\"icon-angle-down\" aria-hidden=\"true\"><\/i><\/button>\n\t\t\t<span>Areco VP 18 Art.-Nr. ??<\/span>\n\t\t<\/a>\n\t\t<div id=\"accordion-777496239-content\" class=\"accordion-inner\" aria-labelledby=\"accordion-777496239-label\">\n\t\t\t\n\n\n\t\t<\/div>\n\t<\/div>\n\t\n\t<div id=\"accordion-3233447473\" class=\"accordion-item\">\n\t\t<a id=\"accordion-3233447473-label\" class=\"accordion-title plain\" href=\"#accordion-item-areco-tp-20-art.-nr.-cc\" aria-expanded=\"false\" aria-controls=\"accordion-3233447473-content\">\n\t\t\t<button class=\"toggle\" aria-label=\"Umschalten\"><i class=\"icon-angle-down\" aria-hidden=\"true\"><\/i><\/button>\n\t\t\t<span>Areco TP 20 Art.-Nr. CC<\/span>\n\t\t<\/a>\n\t\t<div id=\"accordion-3233447473-content\" class=\"accordion-inner\" aria-labelledby=\"accordion-3233447473-label\">\n\t\t\t\n\n\t<div class=\"img has-hover x md-x lg-x y md-y lg-y\" id=\"image_1618346363\">\n\t\t\t\t\t\t\t\t<div class=\"img-inner dark\" >\n\t\t\t<img loading=\"lazy\" decoding=\"async\" width=\"1020\" height=\"706\" src=\"https:\/\/hallelux.se\/wp-content\/uploads\/2020\/01\/CC-1024x709.png\" class=\"attachment-large size-large\" alt=\"\" srcset=\"https:\/\/hallelux.se\/wp-content\/uploads\/2020\/01\/CC-1024x709.png 1024w, https:\/\/hallelux.se\/wp-content\/uploads\/2020\/01\/CC-300x208.png 300w, https:\/\/hallelux.se\/wp-content\/uploads\/2020\/01\/CC-768x532.png 768w, https:\/\/hallelux.se\/wp-content\/uploads\/2020\/01\/CC.png 1273w\" sizes=\"auto, (max-width: 1020px) 100vw, 1020px\" \/>\t\t\t\t\t\t\n\t\t\t\t\t<\/div>\n\t\t\t\t\t\t\t\t\n<style>\n#image_1618346363 {\n  width: 100%;\n}\n<\/style>\n\t<\/div>\n\t\n\n\n\t\t<\/div>\n\t<\/div>\n\t\n\t<div id=\"accordion-1011477932\" class=\"accordion-item\">\n\t\t<a id=\"accordion-1011477932-label\" class=\"accordion-title plain\" href=\"#accordion-item-areco-vp-20-art.-nr.-cc\" aria-expanded=\"false\" aria-controls=\"accordion-1011477932-content\">\n\t\t\t<button class=\"toggle\" aria-label=\"Umschalten\"><i class=\"icon-angle-down\" aria-hidden=\"true\"><\/i><\/button>\n\t\t\t<span>Areco VP 20 Art.-Nr. CC<\/span>\n\t\t<\/a>\n\t\t<div id=\"accordion-1011477932-content\" class=\"accordion-inner\" aria-labelledby=\"accordion-1011477932-label\">\n\t\t\t\n\n\t<div class=\"img has-hover x md-x lg-x y md-y lg-y\" id=\"image_755692093\">\n\t\t\t\t\t\t\t\t<div class=\"img-inner dark\" >\n\t\t\t<img loading=\"lazy\" decoding=\"async\" width=\"1020\" height=\"706\" src=\"https:\/\/hallelux.se\/wp-content\/uploads\/2020\/01\/CC-1024x709.png\" class=\"attachment-large size-large\" alt=\"\" srcset=\"https:\/\/hallelux.se\/wp-content\/uploads\/2020\/01\/CC-1024x709.png 1024w, https:\/\/hallelux.se\/wp-content\/uploads\/2020\/01\/CC-300x208.png 300w, https:\/\/hallelux.se\/wp-content\/uploads\/2020\/01\/CC-768x532.png 768w, https:\/\/hallelux.se\/wp-content\/uploads\/2020\/01\/CC.png 1273w\" sizes=\"auto, (max-width: 1020px) 100vw, 1020px\" \/>\t\t\t\t\t\t\n\t\t\t\t\t<\/div>\n\t\t\t\t\t\t\t\t\n<style>\n#image_755692093 {\n  width: 100%;\n}\n<\/style>\n\t<\/div>\n\t\n\n\n\t\t<\/div>\n\t<\/div>\n\t\n\t<div id=\"accordion-3635583497\" class=\"accordion-item\">\n\t\t<a id=\"accordion-3635583497-label\" class=\"accordion-title plain\" href=\"#accordion-item-areco-35-207-art.-nr.-ky\" aria-expanded=\"false\" aria-controls=\"accordion-3635583497-content\">\n\t\t\t<button class=\"toggle\" aria-label=\"Umschalten\"><i class=\"icon-angle-down\" aria-hidden=\"true\"><\/i><\/button>\n\t\t\t<span>Areco 35-207 Art.-Nr. KY<\/span>\n\t\t<\/a>\n\t\t<div id=\"accordion-3635583497-content\" class=\"accordion-inner\" aria-labelledby=\"accordion-3635583497-label\">\n\t\t\t\n\n\t<div class=\"img has-hover x md-x lg-x y md-y lg-y\" id=\"image_1732714067\">\n\t\t\t\t\t\t\t\t<div class=\"img-inner dark\" >\n\t\t\t<img loading=\"lazy\" decoding=\"async\" width=\"1020\" height=\"708\" src=\"https:\/\/hallelux.se\/wp-content\/uploads\/2020\/01\/KY-1024x711.png\" class=\"attachment-large size-large\" alt=\"\" srcset=\"https:\/\/hallelux.se\/wp-content\/uploads\/2020\/01\/KY-1024x711.png 1024w, https:\/\/hallelux.se\/wp-content\/uploads\/2020\/01\/KY-300x208.png 300w, https:\/\/hallelux.se\/wp-content\/uploads\/2020\/01\/KY-768x533.png 768w, https:\/\/hallelux.se\/wp-content\/uploads\/2020\/01\/KY.png 1288w\" sizes=\"auto, (max-width: 1020px) 100vw, 1020px\" \/>\t\t\t\t\t\t\n\t\t\t\t\t<\/div>\n\t\t\t\t\t\t\t\t\n<style>\n#image_1732714067 {\n  width: 100%;\n}\n<\/style>\n\t<\/div>\n\t\n\n\n\t\t<\/div>\n\t<\/div>\n\t\n\t<div id=\"accordion-3367169902\" class=\"accordion-item\">\n\t\t<a id=\"accordion-3367169902-label\" class=\"accordion-title plain\" href=\"#accordion-item-areco-tp-35-art.-nr.-kw\" aria-expanded=\"false\" aria-controls=\"accordion-3367169902-content\">\n\t\t\t<button class=\"toggle\" aria-label=\"Umschalten\"><i class=\"icon-angle-down\" aria-hidden=\"true\"><\/i><\/button>\n\t\t\t<span>Areco TP 35 Art.-Nr. KW<\/span>\n\t\t<\/a>\n\t\t<div id=\"accordion-3367169902-content\" class=\"accordion-inner\" aria-labelledby=\"accordion-3367169902-label\">\n\t\t\t\n\n\t<div class=\"img has-hover x md-x lg-x y md-y lg-y\" id=\"image_842792640\">\n\t\t\t\t\t\t\t\t<div class=\"img-inner dark\" >\n\t\t\t<img loading=\"lazy\" decoding=\"async\" width=\"1020\" height=\"715\" src=\"https:\/\/hallelux.se\/wp-content\/uploads\/2020\/01\/KW-1024x718.png\" class=\"attachment-large size-large\" alt=\"\" srcset=\"https:\/\/hallelux.se\/wp-content\/uploads\/2020\/01\/KW-1024x718.png 1024w, https:\/\/hallelux.se\/wp-content\/uploads\/2020\/01\/KW-300x210.png 300w, https:\/\/hallelux.se\/wp-content\/uploads\/2020\/01\/KW-768x538.png 768w, https:\/\/hallelux.se\/wp-content\/uploads\/2020\/01\/KW.png 1264w\" sizes=\"auto, (max-width: 1020px) 100vw, 1020px\" \/>\t\t\t\t\t\t\n\t\t\t\t\t<\/div>\n\t\t\t\t\t\t\t\t\n<style>\n#image_842792640 {\n  width: 100%;\n}\n<\/style>\n\t<\/div>\n\t\n\n\n\t\t<\/div>\n\t<\/div>\n\t\n\t<div id=\"accordion-458369442\" class=\"accordion-item\">\n\t\t<a id=\"accordion-458369442-label\" class=\"accordion-title plain\" href=\"#accordion-item-areco-vp-35-art.-nr.-kv\" aria-expanded=\"false\" aria-controls=\"accordion-458369442-content\">\n\t\t\t<button class=\"toggle\" aria-label=\"Umschalten\"><i class=\"icon-angle-down\" aria-hidden=\"true\"><\/i><\/button>\n\t\t\t<span>Areco VP 35 Art.-Nr. KV<\/span>\n\t\t<\/a>\n\t\t<div id=\"accordion-458369442-content\" class=\"accordion-inner\" aria-labelledby=\"accordion-458369442-label\">\n\t\t\t\n\n\t<div class=\"img has-hover x md-x lg-x y md-y lg-y\" id=\"image_273053189\">\n\t\t\t\t\t\t\t\t<div class=\"img-inner dark\" >\n\t\t\t<img loading=\"lazy\" decoding=\"async\" width=\"1020\" height=\"720\" src=\"https:\/\/hallelux.se\/wp-content\/uploads\/2020\/01\/KV-1024x723.png\" class=\"attachment-large size-large\" alt=\"\" srcset=\"https:\/\/hallelux.se\/wp-content\/uploads\/2020\/01\/KV-1024x723.png 1024w, https:\/\/hallelux.se\/wp-content\/uploads\/2020\/01\/KV-300x212.png 300w, https:\/\/hallelux.se\/wp-content\/uploads\/2020\/01\/KV-768x542.png 768w, https:\/\/hallelux.se\/wp-content\/uploads\/2020\/01\/KV.png 1258w\" sizes=\"auto, (max-width: 1020px) 100vw, 1020px\" \/>\t\t\t\t\t\t\n\t\t\t\t\t<\/div>\n\t\t\t\t\t\t\t\t\n<style>\n#image_273053189 {\n  width: 100%;\n}\n<\/style>\n\t<\/div>\n\t\n\n\n\t\t<\/div>\n\t<\/div>\n\t\n\t<div id=\"accordion-3165049628\" class=\"accordion-item\">\n\t\t<a id=\"accordion-3165049628-label\" class=\"accordion-title plain\" href=\"#accordion-item-areco-sinus-45-art.-nr.-ol\" aria-expanded=\"false\" aria-controls=\"accordion-3165049628-content\">\n\t\t\t<button class=\"toggle\" aria-label=\"Umschalten\"><i class=\"icon-angle-down\" aria-hidden=\"true\"><\/i><\/button>\n\t\t\t<span>Areco Sinus 45 Art.-Nr. OL<\/span>\n\t\t<\/a>\n\t\t<div id=\"accordion-3165049628-content\" class=\"accordion-inner\" aria-labelledby=\"accordion-3165049628-label\">\n\t\t\t\n\n\t<div class=\"img has-hover x md-x lg-x y md-y lg-y\" id=\"image_1653352025\">\n\t\t\t\t\t\t\t\t<div class=\"img-inner dark\" >\n\t\t\t<img loading=\"lazy\" decoding=\"async\" width=\"1020\" height=\"713\" src=\"https:\/\/hallelux.se\/wp-content\/uploads\/2020\/01\/OL-1024x716.png\" class=\"attachment-large size-large\" alt=\"\" srcset=\"https:\/\/hallelux.se\/wp-content\/uploads\/2020\/01\/OL-1024x716.png 1024w, https:\/\/hallelux.se\/wp-content\/uploads\/2020\/01\/OL-300x210.png 300w, https:\/\/hallelux.se\/wp-content\/uploads\/2020\/01\/OL-768x537.png 768w, https:\/\/hallelux.se\/wp-content\/uploads\/2020\/01\/OL.png 1270w\" sizes=\"auto, (max-width: 1020px) 100vw, 1020px\" \/>\t\t\t\t\t\t\n\t\t\t\t\t<\/div>\n\t\t\t\t\t\t\t\t\n<style>\n#image_1653352025 {\n  width: 100%;\n}\n<\/style>\n\t<\/div>\n\t\n\n\n\t\t<\/div>\n\t<\/div>\n\t\n\t<div id=\"accordion-677400958\" class=\"accordion-item\">\n\t\t<a id=\"accordion-677400958-label\" class=\"accordion-title plain\" href=\"#accordion-item-areco-tp-45-art.-nr.-rn\" aria-expanded=\"false\" aria-controls=\"accordion-677400958-content\">\n\t\t\t<button class=\"toggle\" aria-label=\"Umschalten\"><i class=\"icon-angle-down\" aria-hidden=\"true\"><\/i><\/button>\n\t\t\t<span>Areco TP 45 Art.-Nr. RN<\/span>\n\t\t<\/a>\n\t\t<div id=\"accordion-677400958-content\" class=\"accordion-inner\" aria-labelledby=\"accordion-677400958-label\">\n\t\t\t\n\n\t<div class=\"img has-hover x md-x lg-x y md-y lg-y\" id=\"image_894976001\">\n\t\t\t\t\t\t\t\t<div class=\"img-inner dark\" >\n\t\t\t<img loading=\"lazy\" decoding=\"async\" width=\"1020\" height=\"716\" src=\"https:\/\/hallelux.se\/wp-content\/uploads\/2020\/01\/RN-1024x719.png\" class=\"attachment-large size-large\" alt=\"\" srcset=\"https:\/\/hallelux.se\/wp-content\/uploads\/2020\/01\/RN-1024x719.png 1024w, https:\/\/hallelux.se\/wp-content\/uploads\/2020\/01\/RN-300x211.png 300w, https:\/\/hallelux.se\/wp-content\/uploads\/2020\/01\/RN-768x539.png 768w, https:\/\/hallelux.se\/wp-content\/uploads\/2020\/01\/RN.png 1268w\" sizes=\"auto, (max-width: 1020px) 100vw, 1020px\" \/>\t\t\t\t\t\t\n\t\t\t\t\t<\/div>\n\t\t\t\t\t\t\t\t\n<style>\n#image_894976001 {\n  width: 100%;\n}\n<\/style>\n\t<\/div>\n\t\n\n\n\t\t<\/div>\n\t<\/div>\n\t\n\t<div id=\"accordion-3646795623\" class=\"accordion-item\">\n\t\t<a id=\"accordion-3646795623-label\" class=\"accordion-title plain\" href=\"#accordion-item-areco-vp-45-art.-nr.-ks\" aria-expanded=\"false\" aria-controls=\"accordion-3646795623-content\">\n\t\t\t<button class=\"toggle\" aria-label=\"Umschalten\"><i class=\"icon-angle-down\" aria-hidden=\"true\"><\/i><\/button>\n\t\t\t<span>Areco VP 45 Art.-Nr. KS<\/span>\n\t\t<\/a>\n\t\t<div id=\"accordion-3646795623-content\" class=\"accordion-inner\" aria-labelledby=\"accordion-3646795623-label\">\n\t\t\t\n\n\t<div class=\"img has-hover x md-x lg-x y md-y lg-y\" id=\"image_13958262\">\n\t\t\t\t\t\t\t\t<div class=\"img-inner dark\" >\n\t\t\t<img loading=\"lazy\" decoding=\"async\" width=\"1020\" height=\"713\" src=\"https:\/\/hallelux.se\/wp-content\/uploads\/2020\/01\/KS-1024x716.png\" class=\"attachment-large size-large\" alt=\"\" srcset=\"https:\/\/hallelux.se\/wp-content\/uploads\/2020\/01\/KS-1024x716.png 1024w, https:\/\/hallelux.se\/wp-content\/uploads\/2020\/01\/KS-300x210.png 300w, https:\/\/hallelux.se\/wp-content\/uploads\/2020\/01\/KS-768x537.png 768w, https:\/\/hallelux.se\/wp-content\/uploads\/2020\/01\/KS.png 1273w\" sizes=\"auto, (max-width: 1020px) 100vw, 1020px\" \/>\t\t\t\t\t\t\n\t\t\t\t\t<\/div>\n\t\t\t\t\t\t\t\t\n<style>\n#image_13958262 {\n  width: 100%;\n}\n<\/style>\n\t<\/div>\n\t\n\n\n\t\t<\/div>\n\t<\/div>\n\t\n\t<div id=\"accordion-3128260937\" class=\"accordion-item\">\n\t\t<a id=\"accordion-3128260937-label\" class=\"accordion-title plain\" href=\"#accordion-item-polysol-transparent-\/-rauch-\/-opal\" aria-expanded=\"false\" aria-controls=\"accordion-3128260937-content\">\n\t\t\t<button class=\"toggle\" aria-label=\"Umschalten\"><i class=\"icon-angle-down\" aria-hidden=\"true\"><\/i><\/button>\n\t\t\t<span>Polysol TRANSPARENT \/ RAUCH \/ OPAL<\/span>\n\t\t<\/a>\n\t\t<div id=\"accordion-3128260937-content\" class=\"accordion-inner\" aria-labelledby=\"accordion-3128260937-label\">\n\t\t\t\n\n\t<div class=\"img has-hover x md-x lg-x y md-y lg-y\" id=\"image_167966158\">\n\t\t\t\t\t\t\t\t<div class=\"img-inner dark\" >\n\t\t\t<img loading=\"lazy\" decoding=\"async\" width=\"927\" height=\"674\" src=\"https:\/\/hallelux.se\/wp-content\/uploads\/2020\/01\/Polysol.png\" class=\"attachment-large size-large\" alt=\"\" srcset=\"https:\/\/hallelux.se\/wp-content\/uploads\/2020\/01\/Polysol.png 927w, https:\/\/hallelux.se\/wp-content\/uploads\/2020\/01\/Polysol-300x218.png 300w, https:\/\/hallelux.se\/wp-content\/uploads\/2020\/01\/Polysol-768x558.png 768w\" sizes=\"auto, (max-width: 927px) 100vw, 927px\" \/>\t\t\t\t\t\t\n\t\t\t\t\t<\/div>\n\t\t\t\t\t\t\t\t\n<style>\n#image_167966158 {\n  width: 100%;\n}\n<\/style>\n\t<\/div>\n\t\n\n\n\t\t<\/div>\n\t<\/div>\n\t\n\n<\/div>\n<div class=\"is-divider divider clearfix\" style=\"height:30px;background-color:rgba(0, 0, 0, 0);\"><\/div>\n\n\n<div class=\"wpcf7 no-js\" id=\"wpcf7-f6-o1\" lang=\"sv-SE\" dir=\"ltr\" data-wpcf7-id=\"6\">\n<div class=\"screen-reader-response\"><p role=\"status\" aria-live=\"polite\" aria-atomic=\"true\"><\/p> <ul><\/ul><\/div>\n<form action=\"\/de\/wp-json\/wp\/v2\/pages\/893#wpcf7-f6-o1\" method=\"post\" class=\"wpcf7-form init\" aria-label=\"Kontaktformul\u00e4r\" novalidate=\"novalidate\" data-status=\"init\">\n<fieldset class=\"hidden-fields-container\"><input type=\"hidden\" name=\"_wpcf7\" value=\"6\" \/><input type=\"hidden\" name=\"_wpcf7_version\" value=\"6.1.5\" \/><input type=\"hidden\" name=\"_wpcf7_locale\" value=\"sv_SE\" \/><input type=\"hidden\" name=\"_wpcf7_unit_tag\" value=\"wpcf7-f6-o1\" \/><input type=\"hidden\" name=\"_wpcf7_container_post\" value=\"0\" \/><input type=\"hidden\" name=\"_wpcf7_posted_data_hash\" value=\"\" \/><input type=\"hidden\" name=\"_wpcf7_recaptcha_response\" value=\"\" \/>\n<\/fieldset>\n<p><label> Your Name<br \/>\n<span class=\"wpcf7-form-control-wrap\" data-name=\"your-name\"><input size=\"40\" maxlength=\"400\" class=\"wpcf7-form-control wpcf7-text wpcf7-validates-as-required\" aria-required=\"true\" aria-invalid=\"false\" value=\"\" type=\"text\" name=\"your-name\" \/><\/span> <\/label>\n<\/p>\n<p><label> Your Email Address<br \/>\n<span class=\"wpcf7-form-control-wrap\" data-name=\"your-email\"><input size=\"40\" maxlength=\"400\" class=\"wpcf7-form-control wpcf7-email wpcf7-validates-as-required wpcf7-text wpcf7-validates-as-email\" aria-required=\"true\" aria-invalid=\"false\" value=\"\" type=\"email\" name=\"your-email\" \/><\/span> <\/label>\n<\/p>\n<p><label> Your Message<br \/>\n<span class=\"wpcf7-form-control-wrap\" data-name=\"your-message\"><textarea cols=\"40\" rows=\"10\" maxlength=\"2000\" class=\"wpcf7-form-control wpcf7-textarea wpcf7-validates-as-required\" aria-required=\"true\" aria-invalid=\"false\" name=\"your-message\"><\/textarea><\/span> <\/label>\n<\/p>\n<p><input class=\"wpcf7-form-control wpcf7-submit has-spinner\" type=\"submit\" value=\"Send message\" \/>\n<\/p><div class=\"wpcf7-response-output\" aria-hidden=\"true\"><\/div>\n<\/form>\n<\/div>\n\n\n\n","protected":false},"excerpt":{"rendered":"","protected":false},"author":1,"featured_media":0,"parent":0,"menu_order":0,"comment_status":"closed","ping_status":"closed","template":"","meta":{"footnotes":""},"class_list":["post-893","page","type-page","status-publish","hentry"],"_links":{"self":[{"href":"https:\/\/hallelux.se\/de\/wp-json\/wp\/v2\/pages\/893","targetHints":{"allow":["GET"]}}],"collection":[{"href":"https:\/\/hallelux.se\/de\/wp-json\/wp\/v2\/pages"}],"about":[{"href":"https:\/\/hallelux.se\/de\/wp-json\/wp\/v2\/types\/page"}],"author":[{"embeddable":true,"href":"https:\/\/hallelux.se\/de\/wp-json\/wp\/v2\/users\/1"}],"replies":[{"embeddable":true,"href":"https:\/\/hallelux.se\/de\/wp-json\/wp\/v2\/comments?post=893"}],"version-history":[{"count":0,"href":"https:\/\/hallelux.se\/de\/wp-json\/wp\/v2\/pages\/893\/revisions"}],"wp:attachment":[{"href":"https:\/\/hallelux.se\/de\/wp-json\/wp\/v2\/media?parent=893"}],"curies":[{"name":"wp","href":"https:\/\/api.w.org\/{rel}","templated":true}]}}