{"id":891,"date":"2020-03-24T18:16:45","date_gmt":"2020-03-24T17:16:45","guid":{"rendered":"https:\/\/hallelux.se\/hallelux-arcelormittal\/"},"modified":"2021-12-22T10:12:13","modified_gmt":"2021-12-22T09:12:13","slug":"hallelux-arcelormittal","status":"publish","type":"page","link":"https:\/\/hallelux.se\/de\/hallelux-arcelormittal\/","title":{"rendered":"Hallelux &#8211; ArcelorMittal"},"content":{"rendered":"\n\n\t<section class=\"section\" id=\"section_2104284945\">\n\t\t<div class=\"section-bg fill\" >\n\t\t\t\t\t\t\t\t\t<div class=\"section-bg-overlay absolute fill\"><\/div>\n\t\t\t\n\n\t\t<\/div>\n\n\t\t\n\n\t\t<div class=\"section-content relative\">\n\t\t\t\n\n<div class=\"row row-large\"  id=\"row-1721358792\">\n\n\n\t<div id=\"col-756942287\" class=\"col medium-6 small-12 large-6\"  >\n\t\t\t\t<div class=\"col-inner\"  >\n\t\t\t\n\t\t\t\n\n\t<div class=\"img has-hover x md-x lg-x y md-y lg-y\" id=\"image_491800340\">\n\t\t\t\t\t\t\t\t<div class=\"img-inner dark\" >\n\t\t\t<img loading=\"lazy\" decoding=\"async\" width=\"1020\" height=\"1020\" src=\"https:\/\/hallelux.se\/wp-content\/uploads\/2020\/01\/arcelor_bild_halle_high-1024x1024.jpg\" class=\"attachment-large size-large\" alt=\"\" srcset=\"https:\/\/hallelux.se\/wp-content\/uploads\/2020\/01\/arcelor_bild_halle_high-1024x1024.jpg 1024w, https:\/\/hallelux.se\/wp-content\/uploads\/2020\/01\/arcelor_bild_halle_high-300x300.jpg 300w, https:\/\/hallelux.se\/wp-content\/uploads\/2020\/01\/arcelor_bild_halle_high-150x150.jpg 150w, https:\/\/hallelux.se\/wp-content\/uploads\/2020\/01\/arcelor_bild_halle_high-768x768.jpg 768w, https:\/\/hallelux.se\/wp-content\/uploads\/2020\/01\/arcelor_bild_halle_high-1536x1536.jpg 1536w, https:\/\/hallelux.se\/wp-content\/uploads\/2020\/01\/arcelor_bild_halle_high.jpg 1800w\" sizes=\"auto, (max-width: 1020px) 100vw, 1020px\" \/>\t\t\t\t\t\t\n\t\t\t\t\t<\/div>\n\t\t\t\t\t\t\t\t\n<style>\n#image_491800340 {\n  width: 100%;\n}\n<\/style>\n\t<\/div>\n\t\n\n\n\t\t<\/div>\n\t\t\t\t\t<\/div>\n\n\t\n\n\t<div id=\"col-943885500\" class=\"col medium-6 small-12 large-6\"  >\n\t\t\t\t<div class=\"col-inner text-left\"  >\n\t\t\t\n\t\t\t\n\n<h1>ArcelorMittal &#8211; Lichtplatten<\/h1>\n\n<p>Halle arbeitet seit vielen Jahren mit ArcelorMittal zusammen. Seit den 60er-Jahren liefern wir Lichtplatten zu dessen Anlagen in Europa.<\/p>\n\n<p>Wenn Sie Ihr Profil nicht in der unten stehenden Tabelle finden, bitten wir Sie um R\u00fcckmeldung, damit wir pr\u00fcfen k\u00f6nnen, ob wir es bereits haben oder ob wir ein neues Profiltool entwickeln sollen.<\/p>\n\n<p>Die Profile sind wie folgt erh\u00e4ltlich<\/p>\n\n<ul>\n<li >Armierung\/qm 375 g \/ 450 g \/ 900 g \/ 1200 Gramm<\/li>\n<li>Eingef\u00e4rbt in frei w\u00e4hlbarer RAL-Farbe<\/li>\n<li>Kondensationsschutz<\/li>\n<\/ul>\n\n\t\t<\/div>\n\t\t\t\t\t<\/div>\n\n\t\n\n<\/div>\n\n\t\t<\/div>\n\n\t\t\n<style>\n#section_2104284945 {\n  padding-top: 60px;\n  padding-bottom: 60px;\n  background-color: rgb(193, 193, 193);\n}\n#section_2104284945 .section-bg-overlay {\n  background-color: rgba(255, 255, 255, 0.85);\n}\n<\/style>\n\t<\/section>\n\t\n<div class=\"accordion\">\n\n\t<div id=\"accordion-318338132\" class=\"accordion-item\">\n\t\t<a id=\"accordion-318338132-label\" class=\"accordion-title plain\" href=\"#accordion-item-arcelor-sinus-18-art.-nr.-sb\" aria-expanded=\"false\" aria-controls=\"accordion-318338132-content\">\n\t\t\t<button class=\"toggle\" aria-label=\"Umschalten\"><i class=\"icon-angle-down\" aria-hidden=\"true\"><\/i><\/button>\n\t\t\t<span>Arcelor Sinus 18 Art.-Nr. SB<\/span>\n\t\t<\/a>\n\t\t<div id=\"accordion-318338132-content\" class=\"accordion-inner\" aria-labelledby=\"accordion-318338132-label\">\n\t\t\t\n\n\t<div class=\"img has-hover x md-x lg-x y md-y lg-y\" id=\"image_2058017512\">\n\t\t\t\t\t\t\t\t<div class=\"img-inner dark\" >\n\t\t\t<img loading=\"lazy\" decoding=\"async\" width=\"1020\" height=\"721\" src=\"https:\/\/hallelux.se\/wp-content\/uploads\/2019\/12\/SB-1-pdf-1024x724.jpg\" class=\"attachment-large size-large\" alt=\"\" \/>\t\t\t\t\t\t\n\t\t\t\t\t<\/div>\n\t\t\t\t\t\t\t\t\n<style>\n#image_2058017512 {\n  width: 100%;\n}\n<\/style>\n\t<\/div>\n\t\n\n\n\t\t<\/div>\n\t<\/div>\n\t\n\t<div id=\"accordion-205503389\" class=\"accordion-item\">\n\t\t<a id=\"accordion-205503389-label\" class=\"accordion-title plain\" href=\"#accordion-item-arcelor-sinus-27-t-art.-nr.-tu\" aria-expanded=\"false\" aria-controls=\"accordion-205503389-content\">\n\t\t\t<button class=\"toggle\" aria-label=\"Umschalten\"><i class=\"icon-angle-down\" aria-hidden=\"true\"><\/i><\/button>\n\t\t\t<span>Arcelor Sinus 27 T Art.-Nr. TU<\/span>\n\t\t<\/a>\n\t\t<div id=\"accordion-205503389-content\" class=\"accordion-inner\" aria-labelledby=\"accordion-205503389-label\">\n\t\t\t\n\n\t<div class=\"img has-hover x md-x lg-x y md-y lg-y\" id=\"image_1210582845\">\n\t\t\t\t\t\t\t\t<div class=\"img-inner dark\" >\n\t\t\t<img loading=\"lazy\" decoding=\"async\" width=\"1020\" height=\"721\" src=\"https:\/\/hallelux.se\/wp-content\/uploads\/2019\/12\/TU-Sinus-27-1000-1-pdf-1024x724.jpg\" class=\"attachment-large size-large\" alt=\"\" \/>\t\t\t\t\t\t\n\t\t\t\t\t<\/div>\n\t\t\t\t\t\t\t\t\n<style>\n#image_1210582845 {\n  width: 100%;\n}\n<\/style>\n\t<\/div>\n\t\n\n\n\t\t<\/div>\n\t<\/div>\n\t\n\t<div id=\"accordion-3114234926\" class=\"accordion-item\">\n\t\t<a id=\"accordion-3114234926-label\" class=\"accordion-title plain\" href=\"#accordion-item-arcelor-sinus-27-v-art.-nr.-tu\" aria-expanded=\"false\" aria-controls=\"accordion-3114234926-content\">\n\t\t\t<button class=\"toggle\" aria-label=\"Umschalten\"><i class=\"icon-angle-down\" aria-hidden=\"true\"><\/i><\/button>\n\t\t\t<span>Arcelor Sinus 27 V Art.-Nr. TU<\/span>\n\t\t<\/a>\n\t\t<div id=\"accordion-3114234926-content\" class=\"accordion-inner\" aria-labelledby=\"accordion-3114234926-label\">\n\t\t\t\n\n\t<div class=\"img has-hover x md-x lg-x y md-y lg-y\" id=\"image_299728524\">\n\t\t\t\t\t\t\t\t<div class=\"img-inner dark\" >\n\t\t\t<img loading=\"lazy\" decoding=\"async\" width=\"1020\" height=\"721\" src=\"https:\/\/hallelux.se\/wp-content\/uploads\/2019\/12\/TU-Sinus-27-1000-2-pdf-1024x724.jpg\" class=\"attachment-large size-large\" alt=\"\" \/>\t\t\t\t\t\t\n\t\t\t\t\t<\/div>\n\t\t\t\t\t\t\t\t\n<style>\n#image_299728524 {\n  width: 100%;\n}\n<\/style>\n\t<\/div>\n\t\n\n\n\t\t<\/div>\n\t<\/div>\n\t\n\t<div id=\"accordion-3809885831\" class=\"accordion-item\">\n\t\t<a id=\"accordion-3809885831-label\" class=\"accordion-title plain\" href=\"#accordion-item-arcelor-tp-16-art.-nr.-no\" aria-expanded=\"false\" aria-controls=\"accordion-3809885831-content\">\n\t\t\t<button class=\"toggle\" aria-label=\"Umschalten\"><i class=\"icon-angle-down\" aria-hidden=\"true\"><\/i><\/button>\n\t\t\t<span>Arcelor TP 16 Art.-Nr. NO<\/span>\n\t\t<\/a>\n\t\t<div id=\"accordion-3809885831-content\" class=\"accordion-inner\" aria-labelledby=\"accordion-3809885831-label\">\n\t\t\t\n\n\t<div class=\"img has-hover x md-x lg-x y md-y lg-y\" id=\"image_1254568454\">\n\t\t\t\t\t\t\t\t<div class=\"img-inner dark\" >\n\t\t\t<img loading=\"lazy\" decoding=\"async\" width=\"1020\" height=\"721\" src=\"https:\/\/hallelux.se\/wp-content\/uploads\/2019\/12\/NO-pdf-1024x724.jpg\" class=\"attachment-large size-large\" alt=\"\" \/>\t\t\t\t\t\t\n\t\t\t\t\t<\/div>\n\t\t\t\t\t\t\t\t\n<style>\n#image_1254568454 {\n  width: 100%;\n}\n<\/style>\n\t<\/div>\n\t\n\n\n\t\t<\/div>\n\t<\/div>\n\t\n\t<div id=\"accordion-3399474194\" class=\"accordion-item\">\n\t\t<a id=\"accordion-3399474194-label\" class=\"accordion-title plain\" href=\"#accordion-item-arcelor-tp-18-art.-nr.-eb\" aria-expanded=\"false\" aria-controls=\"accordion-3399474194-content\">\n\t\t\t<button class=\"toggle\" aria-label=\"Umschalten\"><i class=\"icon-angle-down\" aria-hidden=\"true\"><\/i><\/button>\n\t\t\t<span>Arcelor TP 18 Art.-Nr. EB<\/span>\n\t\t<\/a>\n\t\t<div id=\"accordion-3399474194-content\" class=\"accordion-inner\" aria-labelledby=\"accordion-3399474194-label\">\n\t\t\t\n\n\t<div class=\"img has-hover x md-x lg-x y md-y lg-y\" id=\"image_98959491\">\n\t\t\t\t\t\t\t\t<div class=\"img-inner dark\" >\n\t\t\t<img loading=\"lazy\" decoding=\"async\" width=\"1020\" height=\"721\" src=\"https:\/\/hallelux.se\/wp-content\/uploads\/2019\/12\/EB-pdf-1024x724.jpg\" class=\"attachment-large size-large\" alt=\"\" \/>\t\t\t\t\t\t\n\t\t\t\t\t<\/div>\n\t\t\t\t\t\t\t\t\n<style>\n#image_98959491 {\n  width: 100%;\n}\n<\/style>\n\t<\/div>\n\t\n\n\n\t\t<\/div>\n\t<\/div>\n\t\n\t<div id=\"accordion-2843333465\" class=\"accordion-item\">\n\t\t<a id=\"accordion-2843333465-label\" class=\"accordion-title plain\" href=\"#accordion-item-arcelor-tp-20-%20-%20-%20-%20-%20art.-nr.-an\" aria-expanded=\"false\" aria-controls=\"accordion-2843333465-content\">\n\t\t\t<button class=\"toggle\" aria-label=\"Umschalten\"><i class=\"icon-angle-down\" aria-hidden=\"true\"><\/i><\/button>\n\t\t\t<span>Arcelor TP 20          Art.-Nr. AN<\/span>\n\t\t<\/a>\n\t\t<div id=\"accordion-2843333465-content\" class=\"accordion-inner\" aria-labelledby=\"accordion-2843333465-label\">\n\t\t\t\n\n\t<div class=\"img has-hover x md-x lg-x y md-y lg-y\" id=\"image_1919143492\">\n\t\t\t\t\t\t\t\t<div class=\"img-inner dark\" >\n\t\t\t<img loading=\"lazy\" decoding=\"async\" width=\"1020\" height=\"721\" src=\"https:\/\/hallelux.se\/wp-content\/uploads\/2019\/12\/AN-pdf-1024x724.jpg\" class=\"attachment-large size-large\" alt=\"\" \/>\t\t\t\t\t\t\n\t\t\t\t\t<\/div>\n\t\t\t\t\t\t\t\t\n<style>\n#image_1919143492 {\n  width: 100%;\n}\n<\/style>\n\t<\/div>\n\t\n\n\n\t\t<\/div>\n\t<\/div>\n\t\n\t<div id=\"accordion-3133890308\" class=\"accordion-item\">\n\t\t<a id=\"accordion-3133890308-label\" class=\"accordion-title plain\" href=\"#accordion-item-arcelor-tp-20-ls-art.-nr.-cc\" aria-expanded=\"false\" aria-controls=\"accordion-3133890308-content\">\n\t\t\t<button class=\"toggle\" aria-label=\"Umschalten\"><i class=\"icon-angle-down\" aria-hidden=\"true\"><\/i><\/button>\n\t\t\t<span>Arcelor TP 20 LS Art.-Nr. CC<\/span>\n\t\t<\/a>\n\t\t<div id=\"accordion-3133890308-content\" class=\"accordion-inner\" aria-labelledby=\"accordion-3133890308-label\">\n\t\t\t\n\n\t<div class=\"img has-hover x md-x lg-x y md-y lg-y\" id=\"image_1467534755\">\n\t\t\t\t\t\t\t\t<div class=\"img-inner dark\" >\n\t\t\t<img loading=\"lazy\" decoding=\"async\" width=\"1020\" height=\"721\" src=\"https:\/\/hallelux.se\/wp-content\/uploads\/2019\/12\/CC-pdf-1024x724.jpg\" class=\"attachment-large size-large\" alt=\"\" \/>\t\t\t\t\t\t\n\t\t\t\t\t<\/div>\n\t\t\t\t\t\t\t\t\n<style>\n#image_1467534755 {\n  width: 100%;\n}\n<\/style>\n\t<\/div>\n\t\n\n\n\t\t<\/div>\n\t<\/div>\n\t\n\t<div id=\"accordion-76986854\" class=\"accordion-item\">\n\t\t<a id=\"accordion-76986854-label\" class=\"accordion-title plain\" href=\"#accordion-item-arcelor-tp-20-ol-art.-nr.-dk\" aria-expanded=\"false\" aria-controls=\"accordion-76986854-content\">\n\t\t\t<button class=\"toggle\" aria-label=\"Umschalten\"><i class=\"icon-angle-down\" aria-hidden=\"true\"><\/i><\/button>\n\t\t\t<span>Arcelor TP 20 OL Art.-Nr. DK<\/span>\n\t\t<\/a>\n\t\t<div id=\"accordion-76986854-content\" class=\"accordion-inner\" aria-labelledby=\"accordion-76986854-label\">\n\t\t\t\n\n\t<div class=\"img has-hover x md-x lg-x y md-y lg-y\" id=\"image_1813935591\">\n\t\t\t\t\t\t\t\t<div class=\"img-inner dark\" >\n\t\t\t<img loading=\"lazy\" decoding=\"async\" width=\"1020\" height=\"721\" src=\"https:\/\/hallelux.se\/wp-content\/uploads\/2019\/12\/DK-pdf-1024x724.jpg\" class=\"attachment-large size-large\" alt=\"\" \/>\t\t\t\t\t\t\n\t\t\t\t\t<\/div>\n\t\t\t\t\t\t\t\t\n<style>\n#image_1813935591 {\n  width: 100%;\n}\n<\/style>\n\t<\/div>\n\t\n\n\n\t\t<\/div>\n\t<\/div>\n\t\n\t<div id=\"accordion-181916404\" class=\"accordion-item\">\n\t\t<a id=\"accordion-181916404-label\" class=\"accordion-title plain\" href=\"#accordion-item-arcelor-tp-45-art.-nr.-ef\" aria-expanded=\"false\" aria-controls=\"accordion-181916404-content\">\n\t\t\t<button class=\"toggle\" aria-label=\"Umschalten\"><i class=\"icon-angle-down\" aria-hidden=\"true\"><\/i><\/button>\n\t\t\t<span>Arcelor TP 45 Art.-Nr. EF<\/span>\n\t\t<\/a>\n\t\t<div id=\"accordion-181916404-content\" class=\"accordion-inner\" aria-labelledby=\"accordion-181916404-label\">\n\t\t\t\n\n\t<div class=\"img has-hover x md-x lg-x y md-y lg-y\" id=\"image_669798004\">\n\t\t\t\t\t\t\t\t<div class=\"img-inner dark\" >\n\t\t\t<img loading=\"lazy\" decoding=\"async\" width=\"1020\" height=\"721\" src=\"https:\/\/hallelux.se\/wp-content\/uploads\/2019\/12\/EF-pdf-1024x724.jpg\" class=\"attachment-large size-large\" alt=\"\" \/>\t\t\t\t\t\t\n\t\t\t\t\t<\/div>\n\t\t\t\t\t\t\t\t\n<style>\n#image_669798004 {\n  width: 100%;\n}\n<\/style>\n\t<\/div>\n\t\n\n\n\t\t<\/div>\n\t<\/div>\n\t\n\t<div id=\"accordion-2145617644\" class=\"accordion-item\">\n\t\t<a id=\"accordion-2145617644-label\" class=\"accordion-title plain\" href=\"#accordion-item-arcelor-vp-30-art.-nr.-ed\" aria-expanded=\"false\" aria-controls=\"accordion-2145617644-content\">\n\t\t\t<button class=\"toggle\" aria-label=\"Umschalten\"><i class=\"icon-angle-down\" aria-hidden=\"true\"><\/i><\/button>\n\t\t\t<span>Arcelor VP 30 Art.-Nr. ED<\/span>\n\t\t<\/a>\n\t\t<div id=\"accordion-2145617644-content\" class=\"accordion-inner\" aria-labelledby=\"accordion-2145617644-label\">\n\t\t\t\n\n\t<div class=\"img has-hover x md-x lg-x y md-y lg-y\" id=\"image_932199554\">\n\t\t\t\t\t\t\t\t<div class=\"img-inner dark\" >\n\t\t\t<img loading=\"lazy\" decoding=\"async\" width=\"1020\" height=\"721\" src=\"https:\/\/hallelux.se\/wp-content\/uploads\/2019\/12\/ED-pdf-1024x724.jpg\" class=\"attachment-large size-large\" alt=\"\" \/>\t\t\t\t\t\t\n\t\t\t\t\t<\/div>\n\t\t\t\t\t\t\t\t\n<style>\n#image_932199554 {\n  width: 100%;\n}\n<\/style>\n\t<\/div>\n\t\n\n\n\t\t<\/div>\n\t<\/div>\n\t\n\t<div id=\"accordion-3363159866\" class=\"accordion-item\">\n\t\t<a id=\"accordion-3363159866-label\" class=\"accordion-title plain\" href=\"#accordion-item-arcelor-vp-32-b-art.-nr.-am\" aria-expanded=\"false\" aria-controls=\"accordion-3363159866-content\">\n\t\t\t<button class=\"toggle\" aria-label=\"Umschalten\"><i class=\"icon-angle-down\" aria-hidden=\"true\"><\/i><\/button>\n\t\t\t<span>Arcelor VP 32 B Art.-Nr. AM<\/span>\n\t\t<\/a>\n\t\t<div id=\"accordion-3363159866-content\" class=\"accordion-inner\" aria-labelledby=\"accordion-3363159866-label\">\n\t\t\t\n\n\t<div class=\"img has-hover x md-x lg-x y md-y lg-y\" id=\"image_220212693\">\n\t\t\t\t\t\t\t\t<div class=\"img-inner dark\" >\n\t\t\t<img loading=\"lazy\" decoding=\"async\" width=\"1020\" height=\"721\" src=\"https:\/\/hallelux.se\/wp-content\/uploads\/2019\/12\/AM-pdf-1024x724.jpg\" class=\"attachment-large size-large\" alt=\"\" \/>\t\t\t\t\t\t\n\t\t\t\t\t<\/div>\n\t\t\t\t\t\t\t\t\n<style>\n#image_220212693 {\n  width: 100%;\n}\n<\/style>\n\t<\/div>\n\t\n\n\n\t\t<\/div>\n\t<\/div>\n\t\n\n<\/div>\n<div class=\"is-divider divider clearfix\" ><\/div>\n\n<div class=\"accordion\">\n\n\t<div id=\"accordion-3184484507\" class=\"accordion-item\">\n\t\t<a id=\"accordion-3184484507-label\" class=\"accordion-title plain\" href=\"#accordion-item-polysol-polycarbonat-transparent-\/-opal-\/-rauch\" aria-expanded=\"false\" aria-controls=\"accordion-3184484507-content\">\n\t\t\t<button class=\"toggle\" aria-label=\"Umschalten\"><i class=\"icon-angle-down\" aria-hidden=\"true\"><\/i><\/button>\n\t\t\t<span>Polysol Polycarbonat TRANSPARENT \/ OPAL \/ RAUCH<\/span>\n\t\t<\/a>\n\t\t<div id=\"accordion-3184484507-content\" class=\"accordion-inner\" aria-labelledby=\"accordion-3184484507-label\">\n\t\t\t\n\n\t<div class=\"img has-hover x md-x lg-x y md-y lg-y\" id=\"image_251354002\">\n\t\t\t\t\t\t\t\t<div class=\"img-inner dark\" >\n\t\t\t<img loading=\"lazy\" decoding=\"async\" width=\"1020\" height=\"721\" src=\"https:\/\/hallelux.se\/wp-content\/uploads\/2019\/12\/Halle-Polysol-profil-pdf-1024x724.jpg\" class=\"attachment-large size-large\" alt=\"\" \/>\t\t\t\t\t\t\n\t\t\t\t\t<\/div>\n\t\t\t\t\t\t\t\t\n<style>\n#image_251354002 {\n  width: 100%;\n}\n<\/style>\n\t<\/div>\n\t\n\n\n\t\t<\/div>\n\t<\/div>\n\t\n\n<\/div>\n<div class=\"is-divider divider clearfix\" style=\"height:30px;background-color:rgba(0, 0, 0, 0);\"><\/div>\n\n\n<div class=\"wpcf7 no-js\" id=\"wpcf7-f6-o1\" lang=\"sv-SE\" dir=\"ltr\" data-wpcf7-id=\"6\">\n<div class=\"screen-reader-response\"><p role=\"status\" aria-live=\"polite\" aria-atomic=\"true\"><\/p> <ul><\/ul><\/div>\n<form action=\"\/de\/wp-json\/wp\/v2\/pages\/891#wpcf7-f6-o1\" method=\"post\" class=\"wpcf7-form init\" aria-label=\"Kontaktformul\u00e4r\" novalidate=\"novalidate\" data-status=\"init\">\n<fieldset class=\"hidden-fields-container\"><input type=\"hidden\" name=\"_wpcf7\" value=\"6\" \/><input type=\"hidden\" name=\"_wpcf7_version\" value=\"6.1.5\" \/><input type=\"hidden\" name=\"_wpcf7_locale\" value=\"sv_SE\" \/><input type=\"hidden\" name=\"_wpcf7_unit_tag\" value=\"wpcf7-f6-o1\" \/><input type=\"hidden\" name=\"_wpcf7_container_post\" value=\"0\" \/><input type=\"hidden\" name=\"_wpcf7_posted_data_hash\" value=\"\" \/><input type=\"hidden\" name=\"_wpcf7_recaptcha_response\" value=\"\" \/>\n<\/fieldset>\n<p><label> Your Name<br \/>\n<span class=\"wpcf7-form-control-wrap\" data-name=\"your-name\"><input size=\"40\" maxlength=\"400\" class=\"wpcf7-form-control wpcf7-text wpcf7-validates-as-required\" aria-required=\"true\" aria-invalid=\"false\" value=\"\" type=\"text\" name=\"your-name\" \/><\/span> <\/label>\n<\/p>\n<p><label> Your Email Address<br \/>\n<span class=\"wpcf7-form-control-wrap\" data-name=\"your-email\"><input size=\"40\" maxlength=\"400\" class=\"wpcf7-form-control wpcf7-email wpcf7-validates-as-required wpcf7-text wpcf7-validates-as-email\" aria-required=\"true\" aria-invalid=\"false\" value=\"\" type=\"email\" name=\"your-email\" \/><\/span> <\/label>\n<\/p>\n<p><label> Your Message<br \/>\n<span class=\"wpcf7-form-control-wrap\" data-name=\"your-message\"><textarea cols=\"40\" rows=\"10\" maxlength=\"2000\" class=\"wpcf7-form-control wpcf7-textarea wpcf7-validates-as-required\" aria-required=\"true\" aria-invalid=\"false\" name=\"your-message\"><\/textarea><\/span> <\/label>\n<\/p>\n<p><input class=\"wpcf7-form-control wpcf7-submit has-spinner\" type=\"submit\" value=\"Send message\" \/>\n<\/p><div class=\"wpcf7-response-output\" aria-hidden=\"true\"><\/div>\n<\/form>\n<\/div>\n\n\n\n","protected":false},"excerpt":{"rendered":"","protected":false},"author":1,"featured_media":0,"parent":0,"menu_order":0,"comment_status":"closed","ping_status":"closed","template":"","meta":{"footnotes":""},"class_list":["post-891","page","type-page","status-publish","hentry"],"_links":{"self":[{"href":"https:\/\/hallelux.se\/de\/wp-json\/wp\/v2\/pages\/891","targetHints":{"allow":["GET"]}}],"collection":[{"href":"https:\/\/hallelux.se\/de\/wp-json\/wp\/v2\/pages"}],"about":[{"href":"https:\/\/hallelux.se\/de\/wp-json\/wp\/v2\/types\/page"}],"author":[{"embeddable":true,"href":"https:\/\/hallelux.se\/de\/wp-json\/wp\/v2\/users\/1"}],"replies":[{"embeddable":true,"href":"https:\/\/hallelux.se\/de\/wp-json\/wp\/v2\/comments?post=891"}],"version-history":[{"count":0,"href":"https:\/\/hallelux.se\/de\/wp-json\/wp\/v2\/pages\/891\/revisions"}],"wp:attachment":[{"href":"https:\/\/hallelux.se\/de\/wp-json\/wp\/v2\/media?parent=891"}],"curies":[{"name":"wp","href":"https:\/\/api.w.org\/{rel}","templated":true}]}}