{"id":885,"date":"2020-03-24T18:16:44","date_gmt":"2020-03-24T17:16:44","guid":{"rendered":"https:\/\/hallelux.se\/halleisolux-click-fix\/"},"modified":"2020-03-24T18:16:59","modified_gmt":"2020-03-24T17:16:59","slug":"halleisolux-click-fix","status":"publish","type":"page","link":"https:\/\/hallelux.se\/de\/halleisolux-click-fix\/","title":{"rendered":"HalleIsolux &#8211; Click-Fix"},"content":{"rendered":"\n\n  <div class=\"banner has-hover has-parallax\" id=\"banner-335484693\">\n          <div class=\"banner-inner fill\">\n        <div class=\"banner-bg fill\" data-parallax=\"-3\" data-parallax-container=\".banner\" data-parallax-background>\n            <img loading=\"lazy\" decoding=\"async\" width=\"1000\" height=\"1000\" src=\"https:\/\/hallelux.se\/wp-content\/uploads\/2019\/10\/halle-lux-kanalplast-v\u00e4stberga-1.jpg\" class=\"bg attachment-original size-original\" alt=\"\" \/>                                    \n                    <\/div>\n\t\t\n        <div class=\"banner-layers container\">\n            <div class=\"fill banner-link\"><\/div>            \n\n   <div id=\"text-box-1269077976\" class=\"text-box banner-layer x50 md-x5 lg-x5 y50 md-y35 lg-y35 res-text\">\n                     <div data-animate=\"fadeInLeft\">           <div class=\"text-box-content text dark\">\n              \n              <div class=\"text-inner text-center\">\n                  \n\n<h2>Halle Isolux<\/h2>\n<p>Gespundete Hohlkammerplatten, Click-Fix<\/p>\n\n              <\/div>\n           <\/div>\n       <\/div>                     \n<style>\n#text-box-1269077976 {\n  width: 80%;\n}\n#text-box-1269077976 .text-box-content {\n  font-size: 100%;\n}\n@media (min-width:550px) {\n  #text-box-1269077976 {\n    width: 41%;\n  }\n}\n<\/style>\n    <\/div>\n \n\n        <\/div>\n      <\/div>\n\n            \n<style>\n#banner-335484693 {\n  padding-top: 540px;\n}\n#banner-335484693 .overlay {\n  background-color: rgba(0, 0, 0, 0.3);\n}\n#banner-335484693 .banner-bg img {\n  object-position: 52% 33%;\n}\n<\/style>\n  <\/div>\n\n\n<div class=\"row\"  id=\"row-85685120\">\n\n\n\t<div id=\"col-319373648\" class=\"col medium-4 small-12 large-4\"  >\n\t\t\t\t<div class=\"col-inner\"  >\n\t\t\t\n\t\t\t\n\n<p>Die Halle Isolux-Platten werden aus transparentem Polycarbonat hergestellt. Dadurch sind die Platten hervorragend f\u00fcr lichtdurchl\u00e4ssige W\u00e4nde bzw. Giebel geeignet.<\/p>\n<p>Polycarbonat zeichnet sich durch eine extrem gute Schlagz\u00e4higkeit im Vergleich zu anderen unbewehrten Kunststoffen wie PVC und Acryl aus.<\/p>\n<p>Die gute Schlagz\u00e4higkeit bedeutet, dass das Material sto\u00dffest ist und dass bei Temperaturbewegungen und bei durchgehenden Verbindungsmitteln keine Risse entstehen.<\/p>\n<p>Isolux Hohlkammerl\u00f6sungen werden f\u00fcr W\u00e4nde und Giebel von Reith\u00e4usern, Logistikzentren, Industrie- und Sporthallen usw. verwendet. Durch das geringe Gewicht in Verbindung mit einem extrem starken und schlagfesten Kunststoffrohstoff haben die Platten die Eigenschaften, schweren Belastungen und gro\u00dfen Spannweiten standzuhalten. Dank des feinen Designs der Scheiben sind sie f\u00fcr einen gro\u00dffl\u00e4chigen Lichteinfall sehr gut geeignet und interessant.<\/p>\n<p>Dar\u00fcber hinaus erm\u00f6glicht die Schlagz\u00e4higkeit ein einfaches Bohren und Schneiden der Platten mit herk\u00f6mmlichen Tischlerwerkzeugen.<\/p>\n\n\t\t<\/div>\n\t\t\t\t\t<\/div>\n\n\t\n\n\t<div id=\"col-980194139\" class=\"col medium-8 small-12 large-8\"  >\n\t\t\t\t<div class=\"col-inner\"  >\n\t\t\t\n\t\t\t\n\n<div class=\"row\"  id=\"row-284405539\">\n\n\n\t<div id=\"col-160028405\" class=\"col small-12 large-12\"  >\n\t\t\t\t<div class=\"col-inner\"  >\n\t\t\t\n\t\t\t\n\n\t<div class=\"img has-hover x md-x lg-x y md-y lg-y\" id=\"image_385174892\">\n\t\t\t\t\t\t\t\t<div class=\"img-inner image-cover dark\" style=\"padding-top:95%;\">\n\t\t\t<img loading=\"lazy\" decoding=\"async\" width=\"1000\" height=\"1000\" src=\"https:\/\/hallelux.se\/wp-content\/uploads\/2019\/10\/halle-lux-kanalplast-bromma-1.jpg\" class=\"attachment-large size-large\" alt=\"\" srcset=\"https:\/\/hallelux.se\/wp-content\/uploads\/2019\/10\/halle-lux-kanalplast-bromma-1.jpg 1000w, https:\/\/hallelux.se\/wp-content\/uploads\/2019\/10\/halle-lux-kanalplast-bromma-1-150x150.jpg 150w, https:\/\/hallelux.se\/wp-content\/uploads\/2019\/10\/halle-lux-kanalplast-bromma-1-300x300.jpg 300w, https:\/\/hallelux.se\/wp-content\/uploads\/2019\/10\/halle-lux-kanalplast-bromma-1-768x768.jpg 768w\" sizes=\"auto, (max-width: 1000px) 100vw, 1000px\" \/>\t\t\t\t\t\t\n\t\t\t\t\t<\/div>\n\t\t\t\t\t\t\t\t\n<style>\n#image_385174892 {\n  width: 100%;\n}\n<\/style>\n\t<\/div>\n\t\n\n\n\t\t<\/div>\n\t\t\t\t\t<\/div>\n\n\t\n\n<\/div>\n\n\t\t<\/div>\n\t\t\t\t\t<\/div>\n\n\t\n\n<\/div>\n<div class=\"row\"  id=\"row-1294248233\">\n\n\n\t<div id=\"col-1964645529\" class=\"col medium-8 small-12 large-8\"  >\n\t\t\t\t<div class=\"col-inner\"  >\n\t\t\t\n\t\t\t\n\n\t<div class=\"img has-hover x md-x lg-x y md-y lg-y\" id=\"image_420958263\">\n\t\t\t\t\t\t\t\t<div class=\"img-inner dark\" >\n\t\t\t<img loading=\"lazy\" decoding=\"async\" width=\"1000\" height=\"1000\" src=\"https:\/\/hallelux.se\/wp-content\/uploads\/2019\/10\/halle-lux-kanalplast-padelhall-2.jpg\" class=\"attachment-large size-large\" alt=\"\" srcset=\"https:\/\/hallelux.se\/wp-content\/uploads\/2019\/10\/halle-lux-kanalplast-padelhall-2.jpg 1000w, https:\/\/hallelux.se\/wp-content\/uploads\/2019\/10\/halle-lux-kanalplast-padelhall-2-150x150.jpg 150w, https:\/\/hallelux.se\/wp-content\/uploads\/2019\/10\/halle-lux-kanalplast-padelhall-2-300x300.jpg 300w, https:\/\/hallelux.se\/wp-content\/uploads\/2019\/10\/halle-lux-kanalplast-padelhall-2-768x768.jpg 768w\" sizes=\"auto, (max-width: 1000px) 100vw, 1000px\" \/>\t\t\t\t\t\t\n\t\t\t\t\t<\/div>\n\t\t\t\t\t\t\t\t\n<style>\n#image_420958263 {\n  width: 100%;\n}\n<\/style>\n\t<\/div>\n\t\n\n\n\t\t<\/div>\n\t\t\t\t\t<\/div>\n\n\t\n\n\t<div id=\"col-2061668755\" class=\"col medium-4 small-12 large-4\"  >\n\t\t\t\t<div class=\"col-inner\"  >\n\t\t\t\n\t\t\t\n\n<p>M\u00f6chten Sie mehr \u00fcber Click-Fix erfahren? Schicken Sie uns einfach eine E-Mail, in der Sie Ihr Projekt kurz beschreiben und wir werden Sie kontaktieren!\u00a0<\/p>\n\n<div class=\"wpcf7 no-js\" id=\"wpcf7-f6-o1\" lang=\"sv-SE\" dir=\"ltr\" data-wpcf7-id=\"6\">\n<div class=\"screen-reader-response\"><p role=\"status\" aria-live=\"polite\" aria-atomic=\"true\"><\/p> <ul><\/ul><\/div>\n<form action=\"\/de\/wp-json\/wp\/v2\/pages\/885#wpcf7-f6-o1\" method=\"post\" class=\"wpcf7-form init\" aria-label=\"Kontaktformul\u00e4r\" novalidate=\"novalidate\" data-status=\"init\">\n<fieldset class=\"hidden-fields-container\"><input type=\"hidden\" name=\"_wpcf7\" value=\"6\" \/><input type=\"hidden\" name=\"_wpcf7_version\" value=\"6.1.5\" \/><input type=\"hidden\" name=\"_wpcf7_locale\" value=\"sv_SE\" \/><input type=\"hidden\" name=\"_wpcf7_unit_tag\" value=\"wpcf7-f6-o1\" \/><input type=\"hidden\" name=\"_wpcf7_container_post\" value=\"0\" \/><input type=\"hidden\" name=\"_wpcf7_posted_data_hash\" value=\"\" \/><input type=\"hidden\" name=\"_wpcf7_recaptcha_response\" value=\"\" \/>\n<\/fieldset>\n<p><label> Your Name<br \/>\n<span class=\"wpcf7-form-control-wrap\" data-name=\"your-name\"><input size=\"40\" maxlength=\"400\" class=\"wpcf7-form-control wpcf7-text wpcf7-validates-as-required\" aria-required=\"true\" aria-invalid=\"false\" value=\"\" type=\"text\" name=\"your-name\" \/><\/span> <\/label>\n<\/p>\n<p><label> Your Email Address<br \/>\n<span class=\"wpcf7-form-control-wrap\" data-name=\"your-email\"><input size=\"40\" maxlength=\"400\" class=\"wpcf7-form-control wpcf7-email wpcf7-validates-as-required wpcf7-text wpcf7-validates-as-email\" aria-required=\"true\" aria-invalid=\"false\" value=\"\" type=\"email\" name=\"your-email\" \/><\/span> <\/label>\n<\/p>\n<p><label> Your Message<br \/>\n<span class=\"wpcf7-form-control-wrap\" data-name=\"your-message\"><textarea cols=\"40\" rows=\"10\" maxlength=\"2000\" class=\"wpcf7-form-control wpcf7-textarea wpcf7-validates-as-required\" aria-required=\"true\" aria-invalid=\"false\" name=\"your-message\"><\/textarea><\/span> <\/label>\n<\/p>\n<p><input class=\"wpcf7-form-control wpcf7-submit has-spinner\" type=\"submit\" value=\"Send message\" \/>\n<\/p><div class=\"wpcf7-response-output\" aria-hidden=\"true\"><\/div>\n<\/form>\n<\/div>\n\n\n\n\t\t<\/div>\n\t\t\t\t\t<\/div>\n\n\t\n\n<\/div>\n\n","protected":false},"excerpt":{"rendered":"","protected":false},"author":1,"featured_media":0,"parent":0,"menu_order":0,"comment_status":"closed","ping_status":"closed","template":"page-blank.php","meta":{"footnotes":""},"class_list":["post-885","page","type-page","status-publish","hentry"],"_links":{"self":[{"href":"https:\/\/hallelux.se\/de\/wp-json\/wp\/v2\/pages\/885","targetHints":{"allow":["GET"]}}],"collection":[{"href":"https:\/\/hallelux.se\/de\/wp-json\/wp\/v2\/pages"}],"about":[{"href":"https:\/\/hallelux.se\/de\/wp-json\/wp\/v2\/types\/page"}],"author":[{"embeddable":true,"href":"https:\/\/hallelux.se\/de\/wp-json\/wp\/v2\/users\/1"}],"replies":[{"embeddable":true,"href":"https:\/\/hallelux.se\/de\/wp-json\/wp\/v2\/comments?post=885"}],"version-history":[{"count":0,"href":"https:\/\/hallelux.se\/de\/wp-json\/wp\/v2\/pages\/885\/revisions"}],"wp:attachment":[{"href":"https:\/\/hallelux.se\/de\/wp-json\/wp\/v2\/media?parent=885"}],"curies":[{"name":"wp","href":"https:\/\/api.w.org\/{rel}","templated":true}]}}