{"id":1329,"date":"2021-08-30T11:43:46","date_gmt":"2021-08-30T09:43:46","guid":{"rendered":"https:\/\/hallelux.se\/hallelux\/"},"modified":"2024-01-25T09:21:25","modified_gmt":"2024-01-25T08:21:25","slug":"hallelux-produkt-de","status":"publish","type":"page","link":"https:\/\/hallelux.se\/de\/hallelux-produkt-de\/","title":{"rendered":"HalleLux Produkt (DE)"},"content":{"rendered":"\n<div class=\"row\"  id=\"row-923660371\">\n\n\n\t<div id=\"col-1322743997\" class=\"col medium-3 small-6 large-3\"  >\n\t\t\t\t<div class=\"col-inner\"  >\n\t\t\t\n\t\t\t\n\n\t<div class=\"img has-hover x md-x lg-x y md-y lg-y\" id=\"image_1607175645\">\n\t\t\t\t\t\t\t\t<div class=\"img-inner dark\" >\n\t\t\t<img loading=\"lazy\" decoding=\"async\" width=\"1020\" height=\"765\" src=\"https:\/\/hallelux.se\/wp-content\/uploads\/2019\/12\/Blocket-024-1-1024x768.jpg\" class=\"attachment-large size-large\" alt=\"\" srcset=\"https:\/\/hallelux.se\/wp-content\/uploads\/2019\/12\/Blocket-024-1-1024x768.jpg 1024w, https:\/\/hallelux.se\/wp-content\/uploads\/2019\/12\/Blocket-024-1-300x225.jpg 300w, https:\/\/hallelux.se\/wp-content\/uploads\/2019\/12\/Blocket-024-1-768x576.jpg 768w, https:\/\/hallelux.se\/wp-content\/uploads\/2019\/12\/Blocket-024-1-1536x1152.jpg 1536w, https:\/\/hallelux.se\/wp-content\/uploads\/2019\/12\/Blocket-024-1-2048x1536.jpg 2048w\" sizes=\"auto, (max-width: 1020px) 100vw, 1020px\" \/>\t\t\t\t\t\t\n\t\t\t\t\t<\/div>\n\t\t\t\t\t\t\t\t\n<style>\n#image_1607175645 {\n  width: 100%;\n}\n<\/style>\n\t<\/div>\n\t\n\n\n\t\t<\/div>\n\t\t\t\t\t<\/div>\n\n\t\n\n\t<div id=\"col-1691517137\" class=\"col medium-3 small-6 large-3\"  >\n\t\t\t\t<div class=\"col-inner\"  >\n\t\t\t\n\t\t\t\n\n\t<div class=\"img has-hover x md-x lg-x y md-y lg-y\" id=\"image_472180034\">\n\t\t\t\t\t\t\t\t<div class=\"img-inner dark\" >\n\t\t\t<img loading=\"lazy\" decoding=\"async\" width=\"140\" height=\"105\" src=\"https:\/\/hallelux.se\/wp-content\/uploads\/2019\/12\/New-Sheets.jpg\" class=\"attachment-large size-large\" alt=\"\" \/>\t\t\t\t\t\t\n\t\t\t\t\t<\/div>\n\t\t\t\t\t\t\t\t\n<style>\n#image_472180034 {\n  width: 100%;\n}\n<\/style>\n\t<\/div>\n\t\n\n\n\t\t<\/div>\n\t\t\t\t\t<\/div>\n\n\t\n\n\t<div id=\"col-30292296\" class=\"col medium-3 small-6 large-3\"  >\n\t\t\t\t<div class=\"col-inner\"  >\n\t\t\t\n\t\t\t\n\n\t<div class=\"img has-hover x md-x lg-x y md-y lg-y\" id=\"image_1746416632\">\n\t\t\t\t\t\t\t\t<div class=\"img-inner dark\" >\n\t\t\t<img loading=\"lazy\" decoding=\"async\" width=\"140\" height=\"105\" src=\"https:\/\/hallelux.se\/wp-content\/uploads\/2019\/12\/Halle-Objekt-001.jpg\" class=\"attachment-large size-large\" alt=\"\" \/>\t\t\t\t\t\t\n\t\t\t\t\t<\/div>\n\t\t\t\t\t\t\t\t\n<style>\n#image_1746416632 {\n  width: 100%;\n}\n<\/style>\n\t<\/div>\n\t\n\n\n\t\t<\/div>\n\t\t\t\t\t<\/div>\n\n\t\n\n\t<div id=\"col-1396396471\" class=\"col medium-3 small-6 large-3\"  >\n\t\t\t\t<div class=\"col-inner\"  >\n\t\t\t\n\t\t\t\n\n\t<div class=\"img has-hover x md-x lg-x y md-y lg-y\" id=\"image_1111699743\">\n\t\t\t\t\t\t\t\t<div class=\"img-inner dark\" >\n\t\t\t<img loading=\"lazy\" decoding=\"async\" width=\"1020\" height=\"754\" src=\"https:\/\/hallelux.se\/wp-content\/uploads\/2019\/12\/PICT0350-1024x757.jpg\" class=\"attachment-large size-large\" alt=\"\" srcset=\"https:\/\/hallelux.se\/wp-content\/uploads\/2019\/12\/PICT0350-1024x757.jpg 1024w, https:\/\/hallelux.se\/wp-content\/uploads\/2019\/12\/PICT0350-300x222.jpg 300w, https:\/\/hallelux.se\/wp-content\/uploads\/2019\/12\/PICT0350-768x568.jpg 768w, https:\/\/hallelux.se\/wp-content\/uploads\/2019\/12\/PICT0350-1536x1136.jpg 1536w, https:\/\/hallelux.se\/wp-content\/uploads\/2019\/12\/PICT0350-2048x1515.jpg 2048w\" sizes=\"auto, (max-width: 1020px) 100vw, 1020px\" \/>\t\t\t\t\t\t\n\t\t\t\t\t<\/div>\n\t\t\t\t\t\t\t\t\n<style>\n#image_1111699743 {\n  width: 100%;\n}\n<\/style>\n\t<\/div>\n\t\n\n\n\t\t<\/div>\n\t\t\t\t\t<\/div>\n\n\t\n\n<\/div>\n<p><strong>LICHTPLATTEN | GFK-PLATTEN | WELLPLATTEN<\/strong><\/p>\n<p>Die nachstehend angef\u00fchrten Firmen sind seit vielen Jahren unsere Kunden. Wir haben Lichteinl\u00e4sse, die zu den meisten ihrer Profile passen. Klicken Sie auf jedes Logo, dann werden deren Profile und Zeichnungen unserer entsprechenden Lichteing\u00e4nge angezeigt. Die Artikelnummer von Halle steht rechts neben dem Profilnamen. Sollte kein Profil vorhanden sein, kontaktieren Sie uns und wir k\u00fcmmern uns darum!<\/p>\n<div class=\"row\"  id=\"row-1638361593\">\n\n\n\t<div id=\"col-1437601565\" class=\"col medium-4 small-12 large-4\"  >\n\t\t\t\t<div class=\"col-inner\"  >\n\t\t\t\n\t\t\t\n\n<div class=\"row\"  id=\"row-421610878\">\n\n\n\t<div id=\"col-1774669646\" class=\"col medium-6 small-12 large-6\"  >\n\t\t\t\t<div class=\"col-inner\"  >\n\t\t\t\n\t\t\t\n\n\t<div class=\"img has-hover x md-x lg-x y md-y lg-y\" id=\"image_587763478\">\n\t\t<a class=\"\" href=\"http:\/\/hallelux-ljusinslapp-arcelormittal\" >\t\t\t\t\t\t<div class=\"img-inner dark\" >\n\t\t\t<img loading=\"lazy\" decoding=\"async\" width=\"210\" height=\"210\" src=\"https:\/\/hallelux.se\/wp-content\/uploads\/2019\/12\/arcelor_bild_halle.jpg\" class=\"attachment-large size-large\" alt=\"\" srcset=\"https:\/\/hallelux.se\/wp-content\/uploads\/2019\/12\/arcelor_bild_halle.jpg 210w, https:\/\/hallelux.se\/wp-content\/uploads\/2019\/12\/arcelor_bild_halle-150x150.jpg 150w\" sizes=\"auto, (max-width: 210px) 100vw, 210px\" \/>\t\t\t\t\t\t\n\t\t\t\t\t<\/div>\n\t\t\t\t\t\t<\/a>\t\t\n<style>\n#image_587763478 {\n  width: 100%;\n}\n<\/style>\n\t<\/div>\n\t\n\n\n\t\t<\/div>\n\t\t\t\t\t<\/div>\n\n\t\n\n\t<div id=\"col-1418715643\" class=\"col medium-6 small-12 large-6\"  >\n\t\t\t\t<div class=\"col-inner\"  >\n\t\t\t\n\t\t\t\n\n\t<div class=\"img has-hover x md-x lg-x y md-y lg-y\" id=\"image_371392218\">\n\t\t<a class=\"\" href=\"https:\/\/hallelux.se\/de\/hallelux-areco\/\" >\t\t\t\t\t\t<div class=\"img-inner dark\" >\n\t\t\t<img loading=\"lazy\" decoding=\"async\" width=\"210\" height=\"210\" src=\"https:\/\/hallelux.se\/wp-content\/uploads\/2019\/12\/areco_bild_halle.jpg\" class=\"attachment-large size-large\" alt=\"\" srcset=\"https:\/\/hallelux.se\/wp-content\/uploads\/2019\/12\/areco_bild_halle.jpg 210w, https:\/\/hallelux.se\/wp-content\/uploads\/2019\/12\/areco_bild_halle-150x150.jpg 150w\" sizes=\"auto, (max-width: 210px) 100vw, 210px\" \/>\t\t\t\t\t\t\n\t\t\t\t\t<\/div>\n\t\t\t\t\t\t<\/a>\t\t\n<style>\n#image_371392218 {\n  width: 100%;\n}\n<\/style>\n\t<\/div>\n\t\n\n\n\t\t<\/div>\n\t\t\t\t\t<\/div>\n\n\t\n\n<\/div>\n<div class=\"row\"  id=\"row-1340509093\">\n\n\n\t<div id=\"col-2108924080\" class=\"col medium-6 small-12 large-6\"  >\n\t\t\t\t<div class=\"col-inner\"  >\n\t\t\t\n\t\t\t\n\n\t<div class=\"img has-hover x md-x lg-x y md-y lg-y\" id=\"image_538141710\">\n\t\t<a class=\"\" href=\"https:\/\/hallelux.se\/de\/hallelux-borga\/\" >\t\t\t\t\t\t<div class=\"img-inner dark\" >\n\t\t\t<img loading=\"lazy\" decoding=\"async\" width=\"210\" height=\"210\" src=\"https:\/\/hallelux.se\/wp-content\/uploads\/2019\/12\/borga-pl_t.jpg\" class=\"attachment-large size-large\" alt=\"\" srcset=\"https:\/\/hallelux.se\/wp-content\/uploads\/2019\/12\/borga-pl_t.jpg 210w, https:\/\/hallelux.se\/wp-content\/uploads\/2019\/12\/borga-pl_t-150x150.jpg 150w\" sizes=\"auto, (max-width: 210px) 100vw, 210px\" \/>\t\t\t\t\t\t\n\t\t\t\t\t<\/div>\n\t\t\t\t\t\t<\/a>\t\t\n<style>\n#image_538141710 {\n  width: 100%;\n}\n<\/style>\n\t<\/div>\n\t\n\n\n\t\t<\/div>\n\t\t\t\t\t<\/div>\n\n\t\n\n\t<div id=\"col-1919554276\" class=\"col medium-6 small-12 large-6\"  >\n\t\t\t\t<div class=\"col-inner\"  >\n\t\t\t\n\t\t\t\n\n\t<div class=\"img has-hover x md-x lg-x y md-y lg-y\" id=\"image_291866921\">\n\t\t<a class=\"\" href=\"https:\/\/hallelux.se\/de\/hallelux-lindab\/\" >\t\t\t\t\t\t<div class=\"img-inner dark\" >\n\t\t\t<img loading=\"lazy\" decoding=\"async\" width=\"210\" height=\"210\" src=\"https:\/\/hallelux.se\/wp-content\/uploads\/2019\/12\/lindab_bild_halle_1-1.jpg\" class=\"attachment-large size-large\" alt=\"\" srcset=\"https:\/\/hallelux.se\/wp-content\/uploads\/2019\/12\/lindab_bild_halle_1-1.jpg 210w, https:\/\/hallelux.se\/wp-content\/uploads\/2019\/12\/lindab_bild_halle_1-1-150x150.jpg 150w\" sizes=\"auto, (max-width: 210px) 100vw, 210px\" \/>\t\t\t\t\t\t\n\t\t\t\t\t<\/div>\n\t\t\t\t\t\t<\/a>\t\t\n<style>\n#image_291866921 {\n  width: 100%;\n}\n<\/style>\n\t<\/div>\n\t\n\n\n\t\t<\/div>\n\t\t\t\t\t<\/div>\n\n\t\n\n<\/div>\n<div class=\"row\"  id=\"row-405288684\">\n\n\n\t<div id=\"col-1628218679\" class=\"col medium-6 small-12 large-6\"  >\n\t\t\t\t<div class=\"col-inner\"  >\n\t\t\t\n\t\t\t\n\n\t<div class=\"img has-hover x md-x lg-x y md-y lg-y\" id=\"image_1753994829\">\n\t\t<a class=\"\" href=\"https:\/\/hallelux.se\/de\/hallelux-rukki\/\" >\t\t\t\t\t\t<div class=\"img-inner dark\" >\n\t\t\t<img loading=\"lazy\" decoding=\"async\" width=\"210\" height=\"210\" src=\"https:\/\/hallelux.se\/wp-content\/uploads\/2019\/12\/ruukki_bild_halle.jpg\" class=\"attachment-large size-large\" alt=\"\" srcset=\"https:\/\/hallelux.se\/wp-content\/uploads\/2019\/12\/ruukki_bild_halle.jpg 210w, https:\/\/hallelux.se\/wp-content\/uploads\/2019\/12\/ruukki_bild_halle-150x150.jpg 150w\" sizes=\"auto, (max-width: 210px) 100vw, 210px\" \/>\t\t\t\t\t\t\n\t\t\t\t\t<\/div>\n\t\t\t\t\t\t<\/a>\t\t\n<style>\n#image_1753994829 {\n  width: 100%;\n}\n<\/style>\n\t<\/div>\n\t\n\n\n\t\t<\/div>\n\t\t\t\t\t<\/div>\n\n\t\n\n\t<div id=\"col-1262704959\" class=\"col medium-6 small-12 large-6\"  >\n\t\t\t\t<div class=\"col-inner\"  >\n\t\t\t\n\t\t\t\n\n\t<div class=\"img has-hover x md-x lg-x y md-y lg-y\" id=\"image_1979691526\">\n\t\t<a class=\"\" href=\"https:\/\/hallelux.se\/de\/hallelux-tata-steel\/\" >\t\t\t\t\t\t<div class=\"img-inner dark\" >\n\t\t\t<img loading=\"lazy\" decoding=\"async\" width=\"210\" height=\"210\" src=\"https:\/\/hallelux.se\/wp-content\/uploads\/2019\/12\/tata-steel.jpg\" class=\"attachment-large size-large\" alt=\"\" srcset=\"https:\/\/hallelux.se\/wp-content\/uploads\/2019\/12\/tata-steel.jpg 210w, https:\/\/hallelux.se\/wp-content\/uploads\/2019\/12\/tata-steel-150x150.jpg 150w\" sizes=\"auto, (max-width: 210px) 100vw, 210px\" \/>\t\t\t\t\t\t\n\t\t\t\t\t<\/div>\n\t\t\t\t\t\t<\/a>\t\t\n<style>\n#image_1979691526 {\n  width: 100%;\n}\n<\/style>\n\t<\/div>\n\t\n\n\n\t\t<\/div>\n\t\t\t\t\t<\/div>\n\n\t\n\n<\/div>\n<div class=\"is-divider divider clearfix\" style=\"height:20px;background-color:rgba(0, 0, 0, 0);\"><\/div>\n\n\n\t\t<\/div>\n\t\t\t\t\t<\/div>\n\n\t\n\n\t<div id=\"col-858749523\" class=\"col medium-4 small-12 large-4\"  >\n\t\t\t\t<div class=\"col-inner\"  >\n\t\t\t\n\t\t\t\n\n<div class=\"row\"  id=\"row-1819405666\">\n\n\n\t<div id=\"col-1249073371\" class=\"col medium-6 small-12 large-6\"  >\n\t\t\t\t<div class=\"col-inner\"  >\n\t\t\t\n\t\t\t\n\n\t<div class=\"img has-hover x md-x lg-x y md-y lg-y\" id=\"image_1032827140\">\n\t\t<a class=\"\" href=\"http:\/\/hallelux-ljusinslapp-balexmetal\" >\t\t\t\t\t\t<div class=\"img-inner dark\" >\n\t\t\t<img loading=\"lazy\" decoding=\"async\" width=\"210\" height=\"210\" src=\"https:\/\/hallelux.se\/wp-content\/uploads\/2019\/12\/balex_bild_halle.jpg\" class=\"attachment-large size-large\" alt=\"\" srcset=\"https:\/\/hallelux.se\/wp-content\/uploads\/2019\/12\/balex_bild_halle.jpg 210w, https:\/\/hallelux.se\/wp-content\/uploads\/2019\/12\/balex_bild_halle-150x150.jpg 150w\" sizes=\"auto, (max-width: 210px) 100vw, 210px\" \/>\t\t\t\t\t\t\n\t\t\t\t\t<\/div>\n\t\t\t\t\t\t<\/a>\t\t\n<style>\n#image_1032827140 {\n  width: 100%;\n}\n<\/style>\n\t<\/div>\n\t\n\n\n\t\t<\/div>\n\t\t\t\t\t<\/div>\n\n\t\n\n\t<div id=\"col-1956639696\" class=\"col medium-6 small-12 large-6\"  >\n\t\t\t\t<div class=\"col-inner\"  >\n\t\t\t\n\t\t\t\n\n\t<div class=\"img has-hover x md-x lg-x y md-y lg-y\" id=\"image_1320180601\">\n\t\t<a class=\"\" href=\"https:\/\/hallelux.se\/de\/hallelux-byggprofiler\/\" >\t\t\t\t\t\t<div class=\"img-inner dark\" >\n\t\t\t<img loading=\"lazy\" decoding=\"async\" width=\"1020\" height=\"1020\" src=\"https:\/\/hallelux.se\/wp-content\/uploads\/2020\/01\/byggprofiler_profil_logo_halle-1024x1024.jpg\" class=\"attachment-large size-large\" alt=\"\" srcset=\"https:\/\/hallelux.se\/wp-content\/uploads\/2020\/01\/byggprofiler_profil_logo_halle-1024x1024.jpg 1024w, https:\/\/hallelux.se\/wp-content\/uploads\/2020\/01\/byggprofiler_profil_logo_halle-300x300.jpg 300w, https:\/\/hallelux.se\/wp-content\/uploads\/2020\/01\/byggprofiler_profil_logo_halle-150x150.jpg 150w, https:\/\/hallelux.se\/wp-content\/uploads\/2020\/01\/byggprofiler_profil_logo_halle-768x768.jpg 768w, https:\/\/hallelux.se\/wp-content\/uploads\/2020\/01\/byggprofiler_profil_logo_halle-1536x1536.jpg 1536w, https:\/\/hallelux.se\/wp-content\/uploads\/2020\/01\/byggprofiler_profil_logo_halle.jpg 1800w\" sizes=\"auto, (max-width: 1020px) 100vw, 1020px\" \/>\t\t\t\t\t\t\n\t\t\t\t\t<\/div>\n\t\t\t\t\t\t<\/a>\t\t\n<style>\n#image_1320180601 {\n  width: 100%;\n}\n<\/style>\n\t<\/div>\n\t\n\n\n\t\t<\/div>\n\t\t\t\t\t<\/div>\n\n\t\n\n<\/div>\n<div class=\"row\"  id=\"row-1287007275\">\n\n\n\t<div id=\"col-1779023378\" class=\"col medium-6 small-12 large-6\"  >\n\t\t\t\t<div class=\"col-inner\"  >\n\t\t\t\n\t\t\t\n\n\t<div class=\"img has-hover x md-x lg-x y md-y lg-y\" id=\"image_1203260114\">\n\t\t<a class=\"\" href=\"https:\/\/hallelux.se\/de\/hallelux-meratak\/\" >\t\t\t\t\t\t<div class=\"img-inner dark\" >\n\t\t\t<img loading=\"lazy\" decoding=\"async\" width=\"210\" height=\"210\" src=\"https:\/\/hallelux.se\/wp-content\/uploads\/2019\/12\/meratak.jpg\" class=\"attachment-large size-large\" alt=\"\" srcset=\"https:\/\/hallelux.se\/wp-content\/uploads\/2019\/12\/meratak.jpg 210w, https:\/\/hallelux.se\/wp-content\/uploads\/2019\/12\/meratak-150x150.jpg 150w\" sizes=\"auto, (max-width: 210px) 100vw, 210px\" \/>\t\t\t\t\t\t\n\t\t\t\t\t<\/div>\n\t\t\t\t\t\t<\/a>\t\t\n<style>\n#image_1203260114 {\n  width: 100%;\n}\n<\/style>\n\t<\/div>\n\t\n\n\n\t\t<\/div>\n\t\t\t\t\t<\/div>\n\n\t\n\n\t<div id=\"col-658519141\" class=\"col medium-6 small-12 large-6\"  >\n\t\t\t\t<div class=\"col-inner\"  >\n\t\t\t\n\t\t\t\n\n\t<div class=\"img has-hover x md-x lg-x y md-y lg-y\" id=\"image_1899088455\">\n\t\t<a class=\"\" href=\"https:\/\/hallelux.se\/de\/hallelux-plannja\/\" >\t\t\t\t\t\t<div class=\"img-inner dark\" >\n\t\t\t<img loading=\"lazy\" decoding=\"async\" width=\"210\" height=\"210\" src=\"https:\/\/hallelux.se\/wp-content\/uploads\/2019\/12\/plannja_bild_halle.jpg\" class=\"attachment-large size-large\" alt=\"\" srcset=\"https:\/\/hallelux.se\/wp-content\/uploads\/2019\/12\/plannja_bild_halle.jpg 210w, https:\/\/hallelux.se\/wp-content\/uploads\/2019\/12\/plannja_bild_halle-150x150.jpg 150w\" sizes=\"auto, (max-width: 210px) 100vw, 210px\" \/>\t\t\t\t\t\t\n\t\t\t\t\t<\/div>\n\t\t\t\t\t\t<\/a>\t\t\n<style>\n#image_1899088455 {\n  width: 100%;\n}\n<\/style>\n\t<\/div>\n\t\n\n\n\t\t<\/div>\n\t\t\t\t\t<\/div>\n\n\t\n\n<\/div>\n<div class=\"row\"  id=\"row-707036890\">\n\n\n\t<div id=\"col-717141576\" class=\"col medium-6 small-12 large-6\"  >\n\t\t\t\t<div class=\"col-inner\"  >\n\t\t\t\n\t\t\t\n\n\t<div class=\"img has-hover x md-x lg-x y md-y lg-y\" id=\"image_466102652\">\n\t\t<a class=\"\" href=\"https:\/\/hallelux.se\/de\/hallelux-weckman\/\" >\t\t\t\t\t\t<div class=\"img-inner dark\" >\n\t\t\t<img loading=\"lazy\" decoding=\"async\" width=\"210\" height=\"210\" src=\"https:\/\/hallelux.se\/wp-content\/uploads\/2019\/12\/weckman.jpg\" class=\"attachment-large size-large\" alt=\"\" srcset=\"https:\/\/hallelux.se\/wp-content\/uploads\/2019\/12\/weckman.jpg 210w, https:\/\/hallelux.se\/wp-content\/uploads\/2019\/12\/weckman-150x150.jpg 150w\" sizes=\"auto, (max-width: 210px) 100vw, 210px\" \/>\t\t\t\t\t\t\n\t\t\t\t\t<\/div>\n\t\t\t\t\t\t<\/a>\t\t\n<style>\n#image_466102652 {\n  width: 100%;\n}\n<\/style>\n\t<\/div>\n\t\n\n\n\t\t<\/div>\n\t\t\t\t\t<\/div>\n\n\t\n\n\t<div id=\"col-418696960\" class=\"col medium-6 small-12 large-6\"  >\n\t\t\t\t<div class=\"col-inner\"  >\n\t\t\t\n\t\t\t\n\n\t<div class=\"img has-hover x md-x lg-x y md-y lg-y\" id=\"image_1392926424\">\n\t\t\t\t\t\t\t\t<div class=\"img-inner dark\" >\n\t\t\t<img loading=\"lazy\" decoding=\"async\" width=\"1020\" height=\"1020\" src=\"https:\/\/hallelux.se\/wp-content\/uploads\/2020\/01\/alsv\u00e5g-logo-profilform-1024x1024.jpg\" class=\"attachment-large size-large\" alt=\"\" srcset=\"https:\/\/hallelux.se\/wp-content\/uploads\/2020\/01\/alsv\u00e5g-logo-profilform-1024x1024.jpg 1024w, https:\/\/hallelux.se\/wp-content\/uploads\/2020\/01\/alsv\u00e5g-logo-profilform-300x300.jpg 300w, https:\/\/hallelux.se\/wp-content\/uploads\/2020\/01\/alsv\u00e5g-logo-profilform-150x150.jpg 150w, https:\/\/hallelux.se\/wp-content\/uploads\/2020\/01\/alsv\u00e5g-logo-profilform-768x768.jpg 768w, https:\/\/hallelux.se\/wp-content\/uploads\/2020\/01\/alsv\u00e5g-logo-profilform-1536x1536.jpg 1536w, https:\/\/hallelux.se\/wp-content\/uploads\/2020\/01\/alsv\u00e5g-logo-profilform.jpg 1800w\" sizes=\"auto, (max-width: 1020px) 100vw, 1020px\" \/>\t\t\t\t\t\t\n\t\t\t\t\t<\/div>\n\t\t\t\t\t\t\t\t\n<style>\n#image_1392926424 {\n  width: 100%;\n}\n<\/style>\n\t<\/div>\n\t\n\n\n\t\t<\/div>\n\t\t\t\t\t<\/div>\n\n\t\n\n<\/div>\n<div class=\"is-divider divider clearfix\" style=\"height:20px;background-color:rgba(0, 0, 0, 0);\"><\/div>\n\n\n\t\t<\/div>\n\t\t\t\t\t<\/div>\n\n\t\n\n\t<div id=\"col-621850926\" class=\"col medium-4 small-12 large-4\"  >\n\t\t\t\t<div class=\"col-inner\"  >\n\t\t\t\n\t\t\t\n\n<p>Seit Ende der 1960er Jahre fertigt und vertreibt Halle System AB profilierte Lichteinl\u00e4sse f\u00fcr Industriehallen, landwirtschaftliche Geb\u00e4ude, Lagerr\u00e4ume, Sonnenkollektoren, Gew\u00e4chsh\u00e4user und Winterg\u00e4rten \/ Carports. Halle Lux-Platten bestehen aus glasfaserverst\u00e4rktem Polyester. Unsere Produkte werden unter dem Markennamen Halle Lux vertrieben. Aktuell k\u00f6nnen wir \u00fcber 300 verschiedene Profilformen wie Sinus-, Trapez- und Flachplatten in unterschiedlichen Gr\u00f6\u00dfen herstellen.Vier verschiedene Faktoren sind entscheidend: Oberfl\u00e4chenqualit\u00e4t, Polyesterqualit\u00e4t, Verst\u00e4rkung und Profiltyp.<strong>Oberfl\u00e4chenqualit\u00e4t<\/strong>: Sie verleiht den Scheiben langfristig wichtige Eigenschaften wie Lichtdurchl\u00e4ssigkeit, Farbver\u00e4nderung oder \u00c4sthetik. Zu geringe Qualit\u00e4t f\u00fchrt auf Dauer zu schlechterer Kundenzufriedenheit. Wir haben eine Melinex-Folie 301, die den Platten einen starken UV-Schutz und eine glatte, feine Oberfl\u00e4che verleiht.<strong>Polyesterqualit\u00e4t<\/strong> &#8211; bestimmt die Eigenschaften des Endprodukts im Brandfall, Haltbarkeit und Temperatur. Standardm\u00e4\u00dfig bieten wir ein feuerhemmendes Polyester an. Wir bieten auch farbige Platten in jeder Farbe und Polyester mit Spitzeneigenschaften an.<strong>Bewehrung<\/strong>: Beeinflusst die Tragf\u00e4higkeit und Steifigkeit der Platten. Die St\u00e4rke der Platte ergibt sich aus der von uns verwendeten Verst\u00e4rkungsmatte. 375 gr<\/p>\n<div class=\"row\"  id=\"row-1910909542\">\n\n\n\t<div id=\"col-1263926884\" class=\"col small-12 large-12\"  >\n\t\t\t\t<div class=\"col-inner\"  >\n\t\t\t\n\t\t\t\n\n<p>M\u00f6chten Sie mehr hierzu erfahren? Kontaktieren Sie unsKlicken Sie auf die Schaltfl\u00e4che f\u00fcr technische Informationen:<\/p>\n\n\t\t<\/div>\n\t\t\t\t\t<\/div>\n\n\t\n\n<\/div>\n<a href=\"https:\/\/dokument.halle.se\/halle-technical-info-hallelux\" class=\"button primary is-large lowercase expand\" style=\"border-radius:10px;\">\n\t\t<span>Technisches dokument<\/span>\n\t<\/a>\n\n\n<a href=\"https:\/\/dokument.halle.se\/halle-technical-info-hallelux\" class=\"button primary is-large lowercase expand\" style=\"border-radius:10px;\">\n\t\t<span>Technisches dokument<\/span>\n\t<\/a>\n\n\n\n\t\t<\/div>\n\t\t\t\t\t<\/div>\n\n\t\n\n<\/div>\n<div class=\"row\"  id=\"row-2009509984\">\n\n\n\t<div id=\"col-1278947868\" class=\"col medium-6 small-12 large-6\"  >\n\t\t\t\t<div class=\"col-inner\"  >\n\t\t\t\n\t\t\t\n\n<p>Sie m\u00f6chten mehr \u00fcber HalleLux erfahren? Schreiben Sie uns gerne eine E-Mail.<\/p>\n\n<div class=\"wpcf7 no-js\" id=\"wpcf7-f6-o1\" lang=\"sv-SE\" dir=\"ltr\" data-wpcf7-id=\"6\">\n<div class=\"screen-reader-response\"><p role=\"status\" aria-live=\"polite\" aria-atomic=\"true\"><\/p> <ul><\/ul><\/div>\n<form action=\"\/de\/wp-json\/wp\/v2\/pages\/1329#wpcf7-f6-o1\" method=\"post\" class=\"wpcf7-form init\" aria-label=\"Kontaktformul\u00e4r\" novalidate=\"novalidate\" data-status=\"init\">\n<fieldset class=\"hidden-fields-container\"><input type=\"hidden\" name=\"_wpcf7\" value=\"6\" \/><input type=\"hidden\" name=\"_wpcf7_version\" value=\"6.1.5\" \/><input type=\"hidden\" name=\"_wpcf7_locale\" value=\"sv_SE\" \/><input type=\"hidden\" name=\"_wpcf7_unit_tag\" value=\"wpcf7-f6-o1\" \/><input type=\"hidden\" name=\"_wpcf7_container_post\" value=\"0\" \/><input type=\"hidden\" name=\"_wpcf7_posted_data_hash\" value=\"\" \/><input type=\"hidden\" name=\"_wpcf7_recaptcha_response\" value=\"\" \/>\n<\/fieldset>\n<p><label> Your Name<br \/>\n<span class=\"wpcf7-form-control-wrap\" data-name=\"your-name\"><input size=\"40\" maxlength=\"400\" class=\"wpcf7-form-control wpcf7-text wpcf7-validates-as-required\" aria-required=\"true\" aria-invalid=\"false\" value=\"\" type=\"text\" name=\"your-name\" \/><\/span> <\/label>\n<\/p>\n<p><label> Your Email Address<br \/>\n<span class=\"wpcf7-form-control-wrap\" data-name=\"your-email\"><input size=\"40\" maxlength=\"400\" class=\"wpcf7-form-control wpcf7-email wpcf7-validates-as-required wpcf7-text wpcf7-validates-as-email\" aria-required=\"true\" aria-invalid=\"false\" value=\"\" type=\"email\" name=\"your-email\" \/><\/span> <\/label>\n<\/p>\n<p><label> Your Message<br \/>\n<span class=\"wpcf7-form-control-wrap\" data-name=\"your-message\"><textarea cols=\"40\" rows=\"10\" maxlength=\"2000\" class=\"wpcf7-form-control wpcf7-textarea wpcf7-validates-as-required\" aria-required=\"true\" aria-invalid=\"false\" name=\"your-message\"><\/textarea><\/span> <\/label>\n<\/p>\n<p><input class=\"wpcf7-form-control wpcf7-submit has-spinner\" type=\"submit\" value=\"Send message\" \/>\n<\/p><div class=\"wpcf7-response-output\" aria-hidden=\"true\"><\/div>\n<\/form>\n<\/div>\n\n\n\n\t\t<\/div>\n\t\t\t\t\t<\/div>\n\n\t\n\n\t<div id=\"col-1637416449\" class=\"col medium-6 small-12 large-6\"  >\n\t\t\t\t<div class=\"col-inner\"  >\n\t\t\t\n\t\t\t\n\n\t<div class=\"img has-hover x md-x lg-x y md-y lg-y\" id=\"image_1779875817\">\n\t\t\t\t\t\t\t\t<div class=\"img-inner dark\" >\n\t\t\t<img loading=\"lazy\" decoding=\"async\" width=\"1020\" height=\"765\" src=\"https:\/\/hallelux.se\/wp-content\/uploads\/2019\/12\/Blocket-024-1024x768.jpg\" class=\"attachment-large size-large\" alt=\"\" srcset=\"https:\/\/hallelux.se\/wp-content\/uploads\/2019\/12\/Blocket-024-1024x768.jpg 1024w, https:\/\/hallelux.se\/wp-content\/uploads\/2019\/12\/Blocket-024-300x225.jpg 300w, https:\/\/hallelux.se\/wp-content\/uploads\/2019\/12\/Blocket-024-768x576.jpg 768w, https:\/\/hallelux.se\/wp-content\/uploads\/2019\/12\/Blocket-024-1536x1152.jpg 1536w, https:\/\/hallelux.se\/wp-content\/uploads\/2019\/12\/Blocket-024-2048x1536.jpg 2048w\" sizes=\"auto, (max-width: 1020px) 100vw, 1020px\" \/>\t\t\t\t\t\t\n\t\t\t\t\t<\/div>\n\t\t\t\t\t\t\t\t\n<style>\n#image_1779875817 {\n  width: 100%;\n}\n<\/style>\n\t<\/div>\n\t\n\n\n\t\t<\/div>\n\t\t\t\t\t<\/div>\n\n\t\n\n<\/div>\n\n","protected":false},"excerpt":{"rendered":"","protected":false},"author":1,"featured_media":0,"parent":0,"menu_order":0,"comment_status":"closed","ping_status":"closed","template":"","meta":{"footnotes":""},"class_list":["post-1329","page","type-page","status-publish","hentry"],"_links":{"self":[{"href":"https:\/\/hallelux.se\/de\/wp-json\/wp\/v2\/pages\/1329","targetHints":{"allow":["GET"]}}],"collection":[{"href":"https:\/\/hallelux.se\/de\/wp-json\/wp\/v2\/pages"}],"about":[{"href":"https:\/\/hallelux.se\/de\/wp-json\/wp\/v2\/types\/page"}],"author":[{"embeddable":true,"href":"https:\/\/hallelux.se\/de\/wp-json\/wp\/v2\/users\/1"}],"replies":[{"embeddable":true,"href":"https:\/\/hallelux.se\/de\/wp-json\/wp\/v2\/comments?post=1329"}],"version-history":[{"count":0,"href":"https:\/\/hallelux.se\/de\/wp-json\/wp\/v2\/pages\/1329\/revisions"}],"wp:attachment":[{"href":"https:\/\/hallelux.se\/de\/wp-json\/wp\/v2\/media?parent=1329"}],"curies":[{"name":"wp","href":"https:\/\/api.w.org\/{rel}","templated":true}]}}